{"id":109,"date":"2015-04-23T16:15:35","date_gmt":"2015-04-23T16:15:35","guid":{"rendered":"http:\/\/newsite.matthewlee.org\/?page_id=109"},"modified":"2016-08-30T18:30:21","modified_gmt":"2016-08-30T18:30:21","slug":"metodos","status":"publish","type":"page","link":"https:\/\/meiochile.matthewlee.org\/?page_id=109","title":{"rendered":"M\u00e9todos"},"content":{"rendered":"<p style=\"text-align: justify;\">M\u00e9todos para el muestreo, extracci\u00f3n, procesamiento, e identificaci\u00f3n de meiofauna. M\u00e1s informaci\u00f3n sobre el uso de meiofauna en investigaciones aplicadas, como evaluaciones de impacto ambiental<\/p>\n<p style=\"text-align: justify;\"><strong>Muestreo<\/strong><\/p>\n<p style=\"text-align: justify;\">Sampling can take two forms either Quantitative or Qualitative. Typically meiofauna are heterogeneously distributed so a larger number of small samples are generally better than few large samples. Before you start sampling be sure to establish a sampling regime appropriate to answering your hypothesis. Also be sure that your replicates are replicates and not pseudoreplicates. Also consider whether you require live or fixed specimens, the identification of some groups, Turbellaria for example, is easier with live specimens. Meiofauna will survive for a reasonable length of time in the sample container, however be sure to remove large macrofauna before transport or they will consume all the oxygen in the sample. Most researchers use formalin (5-10%) for fixing samples.<\/p>\n<p style=\"text-align: justify;\"><em>Quantitative<\/em><\/p>\n<p style=\"text-align: justify;\"><a href=\"http:\/\/meiochile.matthewlee.org\/?page_id=125\">Muestreo cuantitativo de playas de arena expuestas<\/a><\/p>\n<p style=\"text-align: justify;\">Muestreo cuantitativo de planicies marinas<\/p>\n<p style=\"text-align: justify;\">Muestreo cuantitativo de playas rocosas<\/p>\n<p style=\"text-align: justify;\"><a href=\"http:\/\/meiochile.matthewlee.org\/?page_id=140\">Sustratos artificiales<\/a><\/p>\n<p style=\"text-align: justify;\"><em>Qualitative<\/em><\/p>\n<p style=\"text-align: justify;\">Muestreo cualitativo de ambientes sedimentales<\/p>\n<p style=\"text-align: justify;\">Muestreo cualitativo de playas rocosas<\/p>\n<p style=\"text-align: justify;\"><strong>Extracci\u00f3n<\/strong><\/p>\n<p style=\"text-align: justify;\">The methods for extracting meiofauna from the sampled habitat depends on whether the meiofauna are alive or dead. Many meiofaunal groups have mechanisms, such as the duo-gland system, for position maintenance. When the sample contains live fauna the extraction methodology needs a stage which either negates their position maintenance strategy (osmotic shock or anesthetisation) or forces them to move out of the habitat (Uhlig\u2019s method). With fixed samples most extraction methodologies rely on the different settling rates of the meiofauna and the substrate.<\/p>\n<p style=\"text-align: justify;\"><a href=\"http:\/\/meiochile.matthewlee.org\/?page_id=166\">Extracci\u00f3n de meiofauna usando decantaci\u00f3n simple<\/a><\/p>\n<p style=\"text-align: justify;\"><a href=\"http:\/\/meiochile.matthewlee.org\/?page_id=174\">Extracci\u00f3n de meiofauna usando la t\u00e9cnica flotaci\u00f3n con Ludox<\/a><\/p>\n<p style=\"text-align: justify;\">M\u00e9todo de Uhlig con hielo de agua de mar<\/p>\n<p style=\"text-align: justify;\"><a href=\"http:\/\/meiochile.matthewlee.org\/?page_id=180\">Anestesia con cloruro de magnesio isotonico<\/a><\/p>\n<p style=\"text-align: justify;\"><a href=\"http:\/\/meiochile.matthewlee.org\/?page_id=186\">M\u00e9todo de choque\u00a0osm\u00f3tica con agua dulce<\/a><\/p>\n<p style=\"text-align: justify;\"><strong>Procesamiento<\/strong><\/p>\n<p style=\"text-align: justify;\">Fijaci\u00f3n con formalina<\/p>\n<p style=\"text-align: justify;\">Fijaci\u00f3n con formalina Fluido de Bouin<\/p>\n<p style=\"text-align: justify;\"><a href=\"http:\/\/meiochile.matthewlee.org\/?page_id=254\">Fijaci\u00f3n con DESS<\/a><\/p>\n<p style=\"text-align: justify;\"><strong>Identificaci\u00f3n<\/strong><\/p>\n<p style=\"text-align: justify;\"><a href=\"http:\/\/meiochile.matthewlee.org\/?page_id=192\">Morfometricos de Nematodos<\/a><\/p>\n<p style=\"text-align: justify;\">An\u00e1lisis gen\u00e9tica<\/p>\n<p style=\"text-align: justify;\"><strong>Investigaciones Aplicadas<\/strong><\/p>\n<p style=\"text-align: justify;\">Evaluaciones de impacto ambientales<\/p>\n<p style=\"text-align: justify;\">Ecotoxicolog\u00eda<\/p>\n","protected":false},"excerpt":{"rendered":"<p>M\u00e9todos para el muestreo, extracci\u00f3n, procesamiento, e identificaci\u00f3n de meiofauna. M\u00e1s informaci\u00f3n sobre el uso de meiofauna en investigaciones aplicadas, como evaluaciones de impacto ambiental Muestreo Sampling can take two forms either Quantitative or Qualitative. Typically meiofauna are heterogeneously distributed so a larger number of small samples are generally better than few large samples. Before [&hellip;]<\/p>\n","protected":false},"author":1,"featured_media":0,"parent":0,"menu_order":0,"comment_status":"closed","ping_status":"closed","template":"","meta":{"footnotes":""},"class_list":["post-109","page","type-page","status-publish","czr-hentry"],"_links":{"self":[{"href":"https:\/\/meiochile.matthewlee.org\/index.php?rest_route=\/wp\/v2\/pages\/109","targetHints":{"allow":["GET"]}}],"collection":[{"href":"https:\/\/meiochile.matthewlee.org\/index.php?rest_route=\/wp\/v2\/pages"}],"about":[{"href":"https:\/\/meiochile.matthewlee.org\/index.php?rest_route=\/wp\/v2\/types\/page"}],"author":[{"embeddable":true,"href":"https:\/\/meiochile.matthewlee.org\/index.php?rest_route=\/wp\/v2\/users\/1"}],"replies":[{"embeddable":true,"href":"https:\/\/meiochile.matthewlee.org\/index.php?rest_route=%2Fwp%2Fv2%2Fcomments&post=109"}],"version-history":[{"count":11,"href":"https:\/\/meiochile.matthewlee.org\/index.php?rest_route=\/wp\/v2\/pages\/109\/revisions"}],"predecessor-version":[{"id":382,"href":"https:\/\/meiochile.matthewlee.org\/index.php?rest_route=\/wp\/v2\/pages\/109\/revisions\/382"}],"wp:attachment":[{"href":"https:\/\/meiochile.matthewlee.org\/index.php?rest_route=%2Fwp%2Fv2%2Fmedia&parent=109"}],"curies":[{"name":"wp","href":"https:\/\/api.w.org\/{rel}","templated":true}]}}