{"id":1106,"date":"2018-05-05T18:09:57","date_gmt":"2018-05-05T18:09:57","guid":{"rendered":"http:\/\/meiochile.matthewlee.org\/?page_id=1106"},"modified":"2018-05-05T18:09:57","modified_gmt":"2018-05-05T18:09:57","slug":"tardigrada","status":"publish","type":"page","link":"https:\/\/meiochile.matthewlee.org\/?page_id=1106","title":{"rendered":"Tardigrada"},"content":{"rendered":"<h2><strong>Introducci\u00f3n<\/strong><\/h2>\n<p style=\"text-align: justify;\">Los tard\u00edgrados marinos son poco conocidos en Chile, una revisi\u00f3n en 2008 (<a href=\"#lee2008\">Lee et al., 2008<\/a>) inform\u00f3 que no se registraron especies marinas tard\u00edgradas en Chile, y que yo sepa, eso no ha cambiado en los 10 a\u00f1os transcurridos desde la publicaci\u00f3n de dicha revisi\u00f3n. Sin embargo, los tard\u00edgrados marinos est\u00e1n presentes en Chile, he visto una gran diversidad de especies en mis muestras y en algunas muestras pueden ser muy abundantes (100 por 50 ml de sedimento). Para abordar esta falta de conocimiento, he comenzado a investigar los tard\u00edgrados aqu\u00ed en Chile, con la ayuda del Dr. Nigel Marley en la Universidad de Plymouth. Como punto de partida, he revisado la diversidad y distribuciones de las especies de tard\u00edgrados que se encuentran en las muestras que he analizado durante los \u00faltimos 10 a\u00f1os, comenzando con las recolectadas durante el <a href=\"http:\/\/meiochile.matthewlee.org\/?page_id=275\">proyecto de macroecolog\u00eda<\/a>, que incluye muestras desde Arica en el norte hasta Puerto. Williams en el sur. Tambi\u00e9n he incluido muestras de la Isla de Pascua y las series de tiempo a largo plazo que comenc\u00e9 en tres sitios en el Seno Reloncav\u00ed aqu\u00ed en Puerto Montt.&nbsp;Voy a presentar esta evaluaci\u00f3n inicial en el <a href=\"https:\/\/www.tardigrada2018.org\/\">14 Simposio Internacional sobre Tardigrada<\/a> que tendr\u00e1 lugar en Copenhague, Dinamarca a finales de julio principios de agosto de este a\u00f1o.<\/p>\n<p style=\"text-align: justify;\">El an\u00e1lisis de las muestras cuantitativas indic\u00f3 la presencia de 11 g\u00e9neros tard\u00edgrados: <em>Angursa<\/em> (Coihuin), <em>Archechiniscus<\/em> (Chigualoco), <em>Batillipes<\/em> (9 sitios: Desembocadora del R\u00edo Loa, Caleta Totoral, Coihu\u00edn, Puerto Espora, San Gregorio, Puerto Percy, Punta Arenas ), <em>Chrysoarctus<\/em> (4 sitios: Punta Paquica, Tal Tal, Los Molles), <em>Dipodarctus<\/em> (Isla de Pascua), <em>Echiniscoides<\/em> (Desembocadora del R\u00edo Loa), <em>Mesostygarctus<\/em> (Punta Paquica), <em>Orzeliscus<\/em> (3 sitios: Isla de Pascua, Los Molles, Coihuin) , <em>Ramajendas<\/em> (\u00daltima Esperanza), <em>Stygarctus<\/em> (3 sitios: Caleta Lenguado, Curanipe, Coihuin) y <em>Tanarctus<\/em> (Coihuin). De los 109 sitios muestreados, los tard\u00edgrados estaban presentes en 25 de ellos. El g\u00e9nero m\u00e1s ampliamente distribuido fue <em>Batillipes<\/em>, que se encontr\u00f3 en varios sitios tanto en el norte como en el sur de Chile, en las costas expuestas y protegidas, ojal\u00e1 esto indique que hay m\u00e1s de una especie. Las muestras cualitativas recogidas en los sitios tambi\u00e9n indican que el muestreo cuantitativo superficial no ha captado el verdadero alcance de la diversidad y distribuciones de los tard\u00edgrados. Por ejemplo, muestras cualitativas tomadas a 50 cm de profundidad en los sedimentos de Punta Choros revelaron la presencia abundante de <em>Stygarctus<\/em>, pero las muestras cuantitativas tomadas de la superficie del sedimento de esta playa no conten\u00edan un solo tard\u00edgrado. Adem\u00e1s, la variabilidad temporal en los tama\u00f1os de poblaci\u00f3n tambi\u00e9n enmascara la diversidad de tard\u00edgrados. Por ejemplo, el muestreo mensual en Coihuin en el sur de Chile ha revelado una variaci\u00f3n temporal considerable en la poblaci\u00f3n de <em>Batillipes<\/em>, en marzo de 2014 la abundancia promedio fue de 1,9 individuos por 50 ml de sedimento mientras que en septiembre de 2014 la abundancia promedio fue de 347.4 individuos por 50 ml de sedimento. Por lo tanto, las muestras tomadas en septiembre tendr\u00edan m\u00e1s probabilidades de capturar la presencia de tard\u00edgrados que las muestras tomadas en marzo. Aunque la especie <em>Echiniscoides<\/em>, que creo que es <em>Echiniscoides sigismundi mediterranicus<\/em> basada en el conteo de garras, se encontr\u00f3 en una sola muestra de sedimento cuantitativo, s\u00e9 por observaci\u00f3n personal que <em>Echiniscoides<\/em> es com\u00fan y abundante sobre los pico rocos de intermareal alta que encontraron a lo largo del Costa chilena.<\/p>\n<h2><strong>Morfolog\u00eda<\/strong><\/h2>\n<p style=\"text-align: justify;\">La revisi\u00f3n exhaustiva m\u00e1s reciente de heterotard\u00edgrados marinos, que incluye una clave dicot\u00f3mica, fue publicada recientemente por <a href=\"#fontoura2017\">Fontoura et al. (2017)<\/a>. Hay eutardigrades marinos, pero son menos frecuentes y se encuentran t\u00edpicamente en aguas salobres y entornos intermareales. Dado que existen caracter\u00edsticas anat\u00f3micas espec\u00edficas que distinguen a los heterotard\u00edgrados de los eutardigrades, en general los heterotard\u00edgrados tienen una &#8220;morfolog\u00eda&#8221; corporal m\u00e1s diversa y desarrollada con la presencia de ap\u00e9ndices cef\u00e1licos, de tronco y pierna bien desarrollados, y en muchas especies extensiones cuticulares en la forma de flecos, espinas y l\u00f3bulos. Adem\u00e1s de estos ap\u00e9ndices y extensiones, los caracteres m\u00e1s \u00fatiles para identificar heterotard\u00edgrados son la estructura del pie y las garras que adoptan una amplia variedad de formas, desde la multitud de garras encontradas en <em>Echiniscoides<\/em> hasta los dedos redondeados de <em>Batillipes<\/em> y las almohadillas largas de <em>Orzeliscus<\/em>.<\/p>\n<h2><strong>Reproducci\u00f3n<\/strong><\/h2>\n<h2><strong>Alimentaci\u00f3n<\/strong><\/h2>\n<h2><strong>Habitat<\/strong><\/h2>\n<h2><strong>Variaci\u00f3n espacial<\/strong><\/h2>\n<h2><strong>Variaci\u00f3n temporal<\/strong><\/h2>\n<h2><strong>Taxonom\u00eda<\/strong><\/h2>\n<h2><strong>Lista de Especies Chileanas<\/strong><\/h2>\n<h2><span style=\"font-size: 17.9999px;\">Literatura<\/span><\/h2>\n<p align=\"left\"><a id=\"fontoura2017\"><\/a>Fontoura, P., Bartels, P.J., J\u00f8rgensen, A., Kristensen, R.M. &amp; Hansen, J.G. (2017) A dichotomous key to the genera of the Marine Heterotardigrades (Tardigrada). <em>Zootaxa<\/em>&nbsp;<strong>4294<\/strong>:1-45.[<a href=\"https:\/\/doi.org\/10.11646\/zootaxa.4294.1.1\">doi.org\/10.11646\/zootaxa.4294.1.1<\/a>]<span style=\"font-family: sans-serif;\"><br \/>\n<\/span><\/p>\n<p style=\"text-align: justify;\" align=\"left\"><a title=\"lee2008\" name=\"lee2008\"><\/a>Lee, M.R., Clarke, M., Fernandez, M.E., Gonzalez, C., Rozbaczylo, N., Valdovinos, C., Hermosilla, C., Prado, L. and Castilla, J.C. (2008) Diversity of free-living benthic marine invertebrates in Chile. <em>Revista Chilena Historia Natural<\/em> <strong>81<\/strong>: 51-67.<\/p>\n","protected":false},"excerpt":{"rendered":"<p>Introducci\u00f3n Los tard\u00edgrados marinos son poco conocidos en Chile, una revisi\u00f3n en 2008 (Lee et al., 2008) inform\u00f3 que no se registraron especies marinas tard\u00edgradas en Chile, y que yo sepa, eso no ha cambiado en los 10 a\u00f1os transcurridos desde la publicaci\u00f3n de dicha revisi\u00f3n. Sin embargo, los tard\u00edgrados marinos est\u00e1n presentes en Chile, [&hellip;]<\/p>\n","protected":false},"author":1,"featured_media":0,"parent":91,"menu_order":0,"comment_status":"closed","ping_status":"closed","template":"","meta":{"footnotes":""},"class_list":["post-1106","page","type-page","status-publish","czr-hentry"],"_links":{"self":[{"href":"https:\/\/meiochile.matthewlee.org\/index.php?rest_route=\/wp\/v2\/pages\/1106","targetHints":{"allow":["GET"]}}],"collection":[{"href":"https:\/\/meiochile.matthewlee.org\/index.php?rest_route=\/wp\/v2\/pages"}],"about":[{"href":"https:\/\/meiochile.matthewlee.org\/index.php?rest_route=\/wp\/v2\/types\/page"}],"author":[{"embeddable":true,"href":"https:\/\/meiochile.matthewlee.org\/index.php?rest_route=\/wp\/v2\/users\/1"}],"replies":[{"embeddable":true,"href":"https:\/\/meiochile.matthewlee.org\/index.php?rest_route=%2Fwp%2Fv2%2Fcomments&post=1106"}],"version-history":[{"count":6,"href":"https:\/\/meiochile.matthewlee.org\/index.php?rest_route=\/wp\/v2\/pages\/1106\/revisions"}],"predecessor-version":[{"id":1112,"href":"https:\/\/meiochile.matthewlee.org\/index.php?rest_route=\/wp\/v2\/pages\/1106\/revisions\/1112"}],"up":[{"embeddable":true,"href":"https:\/\/meiochile.matthewlee.org\/index.php?rest_route=\/wp\/v2\/pages\/91"}],"wp:attachment":[{"href":"https:\/\/meiochile.matthewlee.org\/index.php?rest_route=%2Fwp%2Fv2%2Fmedia&parent=1106"}],"curies":[{"name":"wp","href":"https:\/\/api.w.org\/{rel}","templated":true}]}}