{"id":140,"date":"2015-05-04T23:37:55","date_gmt":"2015-05-04T23:37:55","guid":{"rendered":"http:\/\/newsite.matthewlee.org\/?page_id=140"},"modified":"2021-02-11T22:10:27","modified_gmt":"2021-02-11T22:10:27","slug":"sustratos-artificiales","status":"publish","type":"page","link":"https:\/\/meiochile.matthewlee.org\/?page_id=140","title":{"rendered":"Sustratos Artificiales"},"content":{"rendered":"<p align=\"justify\">Sustratos artificiales son \u00fatiles en un n\u00famero de situaciones, sin embargo su uso esta t\u00edpicamente restringida a sustratos duros, por que fijando un sustrato artificial en fondos blandos sin causando una alteraci\u00f3n siginificativa al habitat nativo es muy dificil. Se puede usar para investigaciones de la tasa de imigraci\u00f3n o reclutamiento, variaci\u00f3n temporal en ensambleas usando un habitat estandard, o la evaluaci\u00f3n de la diversidad en areas donde el muestreo destructivo no esta permitido.<\/p>\n<p align=\"justify\">El clasico sustrato artificial es la \u201ctuffy\u201d una lavadora de ollas plastica (ellos fabricados por investigadores en Chile estan conocidos como un \u201cChuffy\u201d). Las Tuffys son apliamente usados para el estudio del reclutamiento de invertebrados en la playa rocoso. Tambien pueden ser usado para el estudio de colonizaci\u00f3n (no reclutamiento) de meiofauna en nabitats de la playa rocosa. En mi experiencia la meiofauna, especialmente los copepodos harpacticoideos colonizaran las tuffys muy rapidos y son muy \u00fatiles para la determinaci\u00f3n de la biodiviersidad de un sitio sin muestreo destructivo.<\/p>\n<p align=\"justify\"><a href=\"http:\/\/meiochile.matthewlee.org\/wp-content\/uploads\/2021\/02\/tuffy-1.jpg\"><img loading=\"lazy\" decoding=\"async\" class=\"aligncenter size-full wp-image-2179\" src=\"http:\/\/meiochile.matthewlee.org\/wp-content\/uploads\/2021\/02\/tuffy-1.jpg\" alt=\"\" width=\"399\" height=\"272\" srcset=\"https:\/\/meiochile.matthewlee.org\/wp-content\/uploads\/2021\/02\/tuffy-1.jpg 399w, https:\/\/meiochile.matthewlee.org\/wp-content\/uploads\/2021\/02\/tuffy-1-300x205.jpg 300w\" sizes=\"auto, (max-width: 399px) 100vw, 399px\" \/><\/a><\/p>\n<p align=\"center\">\n<p align=\"center\"><strong>Una Tuffy \u201cen acci\u00f3n\u201d en ECIM, Las Cruces (Regi\u00f3n de Valparaiso)<\/strong><\/p>\n<p align=\"justify\">Otros sustratos artificiales he usado incluyen alfombras plasticas &#8220;Nomad&#8221;, astroturf y velcro. La idea es seleccionara un habitat artificial que esta similar al micro-habitat que quieres estudiar. La alfombra plastica se imita las algas complejas que forman un c\u00e9sped bajo, igual a astroturf que es similar a la alga\u00a0<em>Gellidium<\/em>. He usado laminas de velcro que imita la alga <em>Glossophora<\/em>.<\/p>\n<p align=\"justify\"><a href=\"http:\/\/meiochile.matthewlee.org\/wp-content\/uploads\/2021\/02\/nomad-1.jpg\"><img loading=\"lazy\" decoding=\"async\" class=\"aligncenter size-full wp-image-2180\" src=\"http:\/\/meiochile.matthewlee.org\/wp-content\/uploads\/2021\/02\/nomad-1.jpg\" alt=\"\" width=\"399\" height=\"307\" srcset=\"https:\/\/meiochile.matthewlee.org\/wp-content\/uploads\/2021\/02\/nomad-1.jpg 399w, https:\/\/meiochile.matthewlee.org\/wp-content\/uploads\/2021\/02\/nomad-1-300x231.jpg 300w\" sizes=\"auto, (max-width: 399px) 100vw, 399px\" \/><\/a><a href=\"http:\/\/meiochile.matthewlee.org\/wp-content\/uploads\/2021\/02\/astroturf-1.jpg\"><img loading=\"lazy\" decoding=\"async\" class=\"aligncenter size-full wp-image-2181\" src=\"http:\/\/meiochile.matthewlee.org\/wp-content\/uploads\/2021\/02\/astroturf-1.jpg\" alt=\"\" width=\"400\" height=\"300\" srcset=\"https:\/\/meiochile.matthewlee.org\/wp-content\/uploads\/2021\/02\/astroturf-1.jpg 400w, https:\/\/meiochile.matthewlee.org\/wp-content\/uploads\/2021\/02\/astroturf-1-300x225.jpg 300w\" sizes=\"auto, (max-width: 400px) 100vw, 400px\" \/><\/a><\/p>\n<p align=\"center\">\n<p align=\"center\"><strong>La alfombra plastica (arriba) y astroturf (abajo) en la playa rocosa en ECIM, Las Cruces (Regi\u00f3n de Valparaiso)<\/strong><\/p>\n<p align=\"justify\">Un otro habitat semi-artificial que he usado son las &#8220;matos de choros artificiales vivos&#8221;. Estos fueron usados para determinar las diferencias entre la biodiviersidad de meiofauna entre y fuera de la reserva marina en ECIM, Las Cruces (Regi\u00f3n de Valparaiso). EStos consisten de choros vivos (en este caso <em>Perumytilus purpuratus<\/em>) posicionados sobre una placa plastica y fijado con una malla plastica.<\/p>\n<p><a href=\"http:\/\/meiochile.matthewlee.org\/wp-content\/uploads\/2021\/02\/artificial-bed_1-1.jpg\"><img loading=\"lazy\" decoding=\"async\" class=\"aligncenter wp-image-2183 size-full\" src=\"http:\/\/meiochile.matthewlee.org\/wp-content\/uploads\/2021\/02\/artificial-bed_1-1.jpg\" alt=\"\" width=\"400\" height=\"299\" srcset=\"https:\/\/meiochile.matthewlee.org\/wp-content\/uploads\/2021\/02\/artificial-bed_1-1.jpg 400w, https:\/\/meiochile.matthewlee.org\/wp-content\/uploads\/2021\/02\/artificial-bed_1-1-300x224.jpg 300w\" sizes=\"auto, (max-width: 400px) 100vw, 400px\" \/><\/a><a href=\"http:\/\/meiochile.matthewlee.org\/wp-content\/uploads\/2021\/02\/artificial-bed_2-1.jpg\"><img loading=\"lazy\" decoding=\"async\" class=\"aligncenter size-full wp-image-2184\" src=\"http:\/\/meiochile.matthewlee.org\/wp-content\/uploads\/2021\/02\/artificial-bed_2-1.jpg\" alt=\"\" width=\"400\" height=\"300\" srcset=\"https:\/\/meiochile.matthewlee.org\/wp-content\/uploads\/2021\/02\/artificial-bed_2-1.jpg 400w, https:\/\/meiochile.matthewlee.org\/wp-content\/uploads\/2021\/02\/artificial-bed_2-1-300x225.jpg 300w\" sizes=\"auto, (max-width: 400px) 100vw, 400px\" \/><\/a><\/p>\n<p align=\"center\">\n<p align=\"center\"><strong>El montaje de mantos de choros artificiales vivos, desde la derecha hacia la izquierda, con choros, la malla que fijar el manto. Los mantos de choros artificiales vivos en terreno, con jaulas para evitar la consumpci\u00f3n de los choros por sus depredadores naturales como el loco (<em>Concholepas concholepas<\/em>)<\/strong><\/p>\n","protected":false},"excerpt":{"rendered":"<p>Sustratos artificiales son \u00fatiles en un n\u00famero de situaciones, sin embargo su uso esta t\u00edpicamente restringida a sustratos duros, por que fijando un sustrato artificial en fondos blandos sin causando una alteraci\u00f3n siginificativa al habitat nativo es muy dificil. Se puede usar para investigaciones de la tasa de imigraci\u00f3n o reclutamiento, variaci\u00f3n temporal en ensambleas [&hellip;]<\/p>\n","protected":false},"author":1,"featured_media":0,"parent":109,"menu_order":0,"comment_status":"closed","ping_status":"closed","template":"","meta":{"footnotes":""},"class_list":["post-140","page","type-page","status-publish","czr-hentry"],"_links":{"self":[{"href":"https:\/\/meiochile.matthewlee.org\/index.php?rest_route=\/wp\/v2\/pages\/140","targetHints":{"allow":["GET"]}}],"collection":[{"href":"https:\/\/meiochile.matthewlee.org\/index.php?rest_route=\/wp\/v2\/pages"}],"about":[{"href":"https:\/\/meiochile.matthewlee.org\/index.php?rest_route=\/wp\/v2\/types\/page"}],"author":[{"embeddable":true,"href":"https:\/\/meiochile.matthewlee.org\/index.php?rest_route=\/wp\/v2\/users\/1"}],"replies":[{"embeddable":true,"href":"https:\/\/meiochile.matthewlee.org\/index.php?rest_route=%2Fwp%2Fv2%2Fcomments&post=140"}],"version-history":[{"count":9,"href":"https:\/\/meiochile.matthewlee.org\/index.php?rest_route=\/wp\/v2\/pages\/140\/revisions"}],"predecessor-version":[{"id":2185,"href":"https:\/\/meiochile.matthewlee.org\/index.php?rest_route=\/wp\/v2\/pages\/140\/revisions\/2185"}],"up":[{"embeddable":true,"href":"https:\/\/meiochile.matthewlee.org\/index.php?rest_route=\/wp\/v2\/pages\/109"}],"wp:attachment":[{"href":"https:\/\/meiochile.matthewlee.org\/index.php?rest_route=%2Fwp%2Fv2%2Fmedia&parent=140"}],"curies":[{"name":"wp","href":"https:\/\/api.w.org\/{rel}","templated":true}]}}