{"id":166,"date":"2016-03-01T16:42:12","date_gmt":"2016-03-01T16:42:12","guid":{"rendered":"http:\/\/newsite.matthewlee.org\/?page_id=166"},"modified":"2016-03-01T16:42:12","modified_gmt":"2016-03-01T16:42:12","slug":"extraccion-de-meiofauna-usando-decantacion-simple","status":"publish","type":"page","link":"https:\/\/meiochile.matthewlee.org\/?page_id=166","title":{"rendered":"Extracci\u00f3n de meiofauna usando decantaci\u00f3n simple"},"content":{"rendered":"<p style=\"text-align: justify;\">El m\u00e9todo m\u00e1s simple para separando meiofauna desde el sustrato en muestras fijados a decantaci\u00f3n. Pone la muestra en un frasco grande (el tama\u00f1o del frasco claramente depende del tama\u00f1o de la muestra, pero 10-20 veces el volumen de la muestra es un buen gu\u00eda). Llena el frasco con agua (si esta usando agua de la llave o agua de mar tiene que filtra la agua primero para prevenir la contaminaci\u00f3n de la muestra con plancton o nematodos que viven el la fuente de agua). Tapa el frasco y agitarse energeticamente para 15-20 segundos, espera algunos segundos por el sustrato asentarse y despu\u00e9s vierte el sobrante liquido por una tamiza de 45 \u03bcm. Repite el proceso por lo menos 5 veces para asegurar que lo mayor\u00eda de la fauna han sido sacado. El contenido de la tamiza esta lavado a un placa petri para revisi\u00f3n bajo una lupa. Al inicio de una nueva investigaci\u00f3n esta buena practica probar la eficiencia de su proceso de extracci\u00f3n. El tama\u00f1o de la tamiza usado varia de un grupo de investigaci\u00f3n a otra, yo uso una de 45 \u03bcm. Poco frecuente uso una tamiza mas grande sobre la tamiza de 45 \u03bcm. En playas arenosas expuestas, aqu\u00ed en Chile por lo menos, lariqueza de especies de macrofauna esta muy pobre y son f\u00e1cilmente sacados de la placa petri. La eficiencia de decantaci\u00f3n disminuya con disminuciones en el tama\u00f1o de los granos de arena, por que la diferencia entre la densidad de la fauna y el sedimento disminuya. Cuando empiezas a tener mucho sedimento en la tamiza es tiempo para considerar otros metodolog\u00edas como Ludox. Si esta separando fauna desde alga compleja tiene que revisar la alga bajo la lupa para detectar fauna pegada a las frondas y tambi\u00e9n utilizar una tamiza sobre la tamiza de 45 \u03bcm para evitar la obstrucci\u00f3n de la tamiza con fragmentos de alga.<\/p>\n","protected":false},"excerpt":{"rendered":"<p>El m\u00e9todo m\u00e1s simple para separando meiofauna desde el sustrato en muestras fijados a decantaci\u00f3n. Pone la muestra en un frasco grande (el tama\u00f1o del frasco claramente depende del tama\u00f1o de la muestra, pero 10-20 veces el volumen de la muestra es un buen gu\u00eda). Llena el frasco con agua (si esta usando agua de [&hellip;]<\/p>\n","protected":false},"author":1,"featured_media":0,"parent":109,"menu_order":0,"comment_status":"closed","ping_status":"closed","template":"","meta":{"footnotes":""},"class_list":["post-166","page","type-page","status-publish","czr-hentry"],"_links":{"self":[{"href":"https:\/\/meiochile.matthewlee.org\/index.php?rest_route=\/wp\/v2\/pages\/166","targetHints":{"allow":["GET"]}}],"collection":[{"href":"https:\/\/meiochile.matthewlee.org\/index.php?rest_route=\/wp\/v2\/pages"}],"about":[{"href":"https:\/\/meiochile.matthewlee.org\/index.php?rest_route=\/wp\/v2\/types\/page"}],"author":[{"embeddable":true,"href":"https:\/\/meiochile.matthewlee.org\/index.php?rest_route=\/wp\/v2\/users\/1"}],"replies":[{"embeddable":true,"href":"https:\/\/meiochile.matthewlee.org\/index.php?rest_route=%2Fwp%2Fv2%2Fcomments&post=166"}],"version-history":[{"count":1,"href":"https:\/\/meiochile.matthewlee.org\/index.php?rest_route=\/wp\/v2\/pages\/166\/revisions"}],"predecessor-version":[{"id":167,"href":"https:\/\/meiochile.matthewlee.org\/index.php?rest_route=\/wp\/v2\/pages\/166\/revisions\/167"}],"up":[{"embeddable":true,"href":"https:\/\/meiochile.matthewlee.org\/index.php?rest_route=\/wp\/v2\/pages\/109"}],"wp:attachment":[{"href":"https:\/\/meiochile.matthewlee.org\/index.php?rest_route=%2Fwp%2Fv2%2Fmedia&parent=166"}],"curies":[{"name":"wp","href":"https:\/\/api.w.org\/{rel}","templated":true}]}}