{"id":180,"date":"2016-03-09T14:21:22","date_gmt":"2016-03-09T14:21:22","guid":{"rendered":"http:\/\/newsite.matthewlee.org\/?page_id=180"},"modified":"2016-06-01T13:24:26","modified_gmt":"2016-06-01T13:24:26","slug":"anestesia-con-cloruro-de-magnesio-isotonico","status":"publish","type":"page","link":"https:\/\/meiochile.matthewlee.org\/?page_id=180","title":{"rendered":"Anestesia con cloruro de magnesio isotonico"},"content":{"rendered":"<p style=\"text-align: justify;\">Muchos organismos meiofuanales utilizan metodos para mantainer sus posiciones en los sedimentos o sobre las algas, por ende son dificil a sacar del sustrato. Los metodos simples de decantacion usados con muestras fijadas solo proporcionaron una peque\u00f1a sub-conjunto de la fauna presente. \u00a1La clave es conseguir que dejar ir! \u00a0Una metodologia es enguajar la muestra en anestesia. La metodologia mas ampliamente usada es cloro de magnesio isotonico\u00a0(75g\u00a0MgCl<sub>2<\/sub>L<sup>-1<\/sup>) en agua dulce\u00a0(preferentemente destilada). La muestra esta mezclada con la anestesia y dejado para un periodo de mas o menos 15 minutos. Despues se aplicara la metodologia de decantaci\u00f3n para sacar la fuan del sustrato. La anestesia deben ser reciclada, pero sobre tiempo se diluira y por ende sera menos eficaz. Una vez extra\u00eddo se puede devolver la fauna a agua de mar, donde tipicamente se recuperaron, y pueden ser utilizados para observaciones en vivo. Tambien se puede usar la anestesia para reducir la velocidad organismos r\u00e1pidas, como algunos especes de turbellarios, facilitando las observaciones en vivio. Adem\u00e1s se puede usar la anestesia para relajar organismos antes de fijaci\u00f3n.<\/p>\n<p style=\"text-align: justify;\">[Traducci\u00f3n sin correcci\u00f3n]<\/p>\n","protected":false},"excerpt":{"rendered":"<p>Muchos organismos meiofuanales utilizan metodos para mantainer sus posiciones en los sedimentos o sobre las algas, por ende son dificil a sacar del sustrato. Los metodos simples de decantacion usados con muestras fijadas solo proporcionaron una peque\u00f1a sub-conjunto de la fauna presente. \u00a1La clave es conseguir que dejar ir! \u00a0Una metodologia es enguajar la muestra [&hellip;]<\/p>\n","protected":false},"author":1,"featured_media":0,"parent":109,"menu_order":0,"comment_status":"closed","ping_status":"closed","template":"","meta":{"footnotes":""},"class_list":["post-180","page","type-page","status-publish","czr-hentry"],"_links":{"self":[{"href":"https:\/\/meiochile.matthewlee.org\/index.php?rest_route=\/wp\/v2\/pages\/180","targetHints":{"allow":["GET"]}}],"collection":[{"href":"https:\/\/meiochile.matthewlee.org\/index.php?rest_route=\/wp\/v2\/pages"}],"about":[{"href":"https:\/\/meiochile.matthewlee.org\/index.php?rest_route=\/wp\/v2\/types\/page"}],"author":[{"embeddable":true,"href":"https:\/\/meiochile.matthewlee.org\/index.php?rest_route=\/wp\/v2\/users\/1"}],"replies":[{"embeddable":true,"href":"https:\/\/meiochile.matthewlee.org\/index.php?rest_route=%2Fwp%2Fv2%2Fcomments&post=180"}],"version-history":[{"count":1,"href":"https:\/\/meiochile.matthewlee.org\/index.php?rest_route=\/wp\/v2\/pages\/180\/revisions"}],"predecessor-version":[{"id":181,"href":"https:\/\/meiochile.matthewlee.org\/index.php?rest_route=\/wp\/v2\/pages\/180\/revisions\/181"}],"up":[{"embeddable":true,"href":"https:\/\/meiochile.matthewlee.org\/index.php?rest_route=\/wp\/v2\/pages\/109"}],"wp:attachment":[{"href":"https:\/\/meiochile.matthewlee.org\/index.php?rest_route=%2Fwp%2Fv2%2Fmedia&parent=180"}],"curies":[{"name":"wp","href":"https:\/\/api.w.org\/{rel}","templated":true}]}}