{"id":186,"date":"2016-03-09T14:36:02","date_gmt":"2016-03-09T14:36:02","guid":{"rendered":"http:\/\/newsite.matthewlee.org\/?page_id=186"},"modified":"2016-06-01T13:27:10","modified_gmt":"2016-06-01T13:27:10","slug":"metodo-de-choque-osmotica-con-agua-dulce","status":"publish","type":"page","link":"https:\/\/meiochile.matthewlee.org\/?page_id=186","title":{"rendered":"M\u00e9todo de choque osm\u00f3tica con agua dulce"},"content":{"rendered":"<p style=\"text-align: justify;\">La mayor\u00eda de los grupos meiofauna utilizar alg\u00fan m\u00e9todo o de otro tipo para mantener su posici\u00f3n en el sustrato. Esto marca la extracci\u00f3n de la fauna en vivo desde el sustrato dif\u00edcil. Uno de los m\u00e9todos para la extracci\u00f3n de la fauna en vivo es un choque osm\u00f3tico. La muestra se sumerge durante un breve per\u00edodo en el agua dulce, la fauna es extra\u00eddo\u00a0mediante decantaci\u00f3n, y luego devueltos, de inmediato, al agua de mar, donde la mayor\u00eda se recuperar\u00e1 r\u00e1pidamente.<\/p>\n","protected":false},"excerpt":{"rendered":"<p>La mayor\u00eda de los grupos meiofauna utilizar alg\u00fan m\u00e9todo o de otro tipo para mantener su posici\u00f3n en el sustrato. Esto marca la extracci\u00f3n de la fauna en vivo desde el sustrato dif\u00edcil. Uno de los m\u00e9todos para la extracci\u00f3n de la fauna en vivo es un choque osm\u00f3tico. La muestra se sumerge durante un [&hellip;]<\/p>\n","protected":false},"author":1,"featured_media":0,"parent":109,"menu_order":0,"comment_status":"closed","ping_status":"closed","template":"","meta":{"footnotes":""},"class_list":["post-186","page","type-page","status-publish","czr-hentry"],"_links":{"self":[{"href":"https:\/\/meiochile.matthewlee.org\/index.php?rest_route=\/wp\/v2\/pages\/186","targetHints":{"allow":["GET"]}}],"collection":[{"href":"https:\/\/meiochile.matthewlee.org\/index.php?rest_route=\/wp\/v2\/pages"}],"about":[{"href":"https:\/\/meiochile.matthewlee.org\/index.php?rest_route=\/wp\/v2\/types\/page"}],"author":[{"embeddable":true,"href":"https:\/\/meiochile.matthewlee.org\/index.php?rest_route=\/wp\/v2\/users\/1"}],"replies":[{"embeddable":true,"href":"https:\/\/meiochile.matthewlee.org\/index.php?rest_route=%2Fwp%2Fv2%2Fcomments&post=186"}],"version-history":[{"count":1,"href":"https:\/\/meiochile.matthewlee.org\/index.php?rest_route=\/wp\/v2\/pages\/186\/revisions"}],"predecessor-version":[{"id":187,"href":"https:\/\/meiochile.matthewlee.org\/index.php?rest_route=\/wp\/v2\/pages\/186\/revisions\/187"}],"up":[{"embeddable":true,"href":"https:\/\/meiochile.matthewlee.org\/index.php?rest_route=\/wp\/v2\/pages\/109"}],"wp:attachment":[{"href":"https:\/\/meiochile.matthewlee.org\/index.php?rest_route=%2Fwp%2Fv2%2Fmedia&parent=186"}],"curies":[{"name":"wp","href":"https:\/\/api.w.org\/{rel}","templated":true}]}}