{"id":192,"date":"2016-03-09T15:34:22","date_gmt":"2016-03-09T15:34:22","guid":{"rendered":"http:\/\/newsite.matthewlee.org\/?page_id=192"},"modified":"2016-06-01T13:27:46","modified_gmt":"2016-06-01T13:27:46","slug":"morfometricos-de-nematodos","status":"publish","type":"page","link":"https:\/\/meiochile.matthewlee.org\/?page_id=192","title":{"rendered":"Morfometricos de Nematodos"},"content":{"rendered":"<p style=\"text-align: justify;\">N\u00d3TESE BIEN. Estos m\u00e9todos se han desarrollado para su uso con muestras cuantitativas montados pre-existentes y el estudio de la variaci\u00f3n latitudinal en el tama\u00f1o corporal.<\/p>\n<p style=\"text-align: justify;\"><strong>Selecci\u00f3n de especies para el an\u00e1lisis:<\/strong><\/p>\n<ol style=\"text-align: justify;\">\n<li>Las especies deben tener una amplia distribuci\u00f3n latitudinal, al menos 10 grados de latitud.<\/li>\n<li>Las especies deben ser lo suficientemente abundante en al menos tres sitios a trav\u00e9s de su gama.<\/li>\n<li>Suficientemente abundantes se define como m\u00ednimo de 10 individuos adultos. Sin embargo, lo ideal deber\u00eda ser de 20 individuos adultos de 10 machos y 10 hembras permitiendo que las diferencias entre los sexos a ser examinado.<\/li>\n<\/ol>\n<p style=\"text-align: justify;\">Posibles problemas pr\u00e1cticos al revisar las muestras cuantitativas que pueden impedir que se obtuvieron medidas eficientes:<\/p>\n<ol>\n<li style=\"text-align: justify;\">La mayor\u00eda de los individuos presentes son juveniles. Tanto los machos como las hembras normalmente se pueden distinguir por la presencia de estructuras copulatorios desarrollados, esp\u00edculas en los machos, la vulva en las hembras, y la presencia de g\u00f3nadas.<\/li>\n<li style=\"text-align: justify;\">Los individuos est\u00e1n demasiado distorsionados por la formalina para realizar mediciones pr\u00e1cticas. Algunas especies bobina fuertemente en respuesta a la formalina, esto hace que sea dif\u00edcil conocer la v\u00eda del cuerpo y para determinar las posiciones de las estructuras de copulaci\u00f3n, el ano, y el es\u00f3fago.<\/li>\n<li style=\"text-align: justify;\">Mala orientaci\u00f3n. De vez en cuando el cuerpo del nematodo es en parte orientada verticalmente y mediciones precisas son imposible.<\/li>\n<li style=\"text-align: justify;\">Parte del cuerpo est\u00e1 oscurecido. En cumplimiento con la ley de Murphy, parte del cuerpo del individuo es oscurecida por otro organismo, material org\u00e1nico o un grano de arena.<\/li>\n<\/ol>\n<p style=\"text-align: justify;\">Los problemas descritos anteriormente indican que en muchos casos, a pesar de ser una especie abundante, con una amplia distribuci\u00f3n, resulta dif\u00edcil de adquirir suficientes mediciones para an\u00e1lisis estad\u00edsticos v\u00e1lidos.<\/p>\n<p><strong style=\"line-height: 1.71429; font-size: 1rem;\">M\u00e9todos de medici\u00f3n:<\/strong><\/p>\n<p style=\"text-align: justify;\">Las mediciones pueden ser obtenidas usando un tubo dibujo adjunto a un microscopio compuesto. Estos dibujos deben realizarse con el m\u00e1ximo aumento posible en que la muestra completa se queda en\u00a0el campo de visi\u00f3n. En casos extremos, donde el nematodo es muy larga y delgada, tendr\u00e1 que ser hecha con un aumento superior a la utilizada para medir la longitud de las mediciones del ancho. Los dibujos son preferibles a las fotograf\u00edas debido a la poca profundidad del campo de la imagen. El enfoque se puede ajustar de forma continua durante el proceso de dibujo y asegurar representaci\u00f3n exacta de la muestra. Los nuevos desarrollos en la manipulaci\u00f3n de im\u00e1genes significan que podr\u00eda ser posible obtener el mismo efecto mediante la combinaci\u00f3n de varias fotos, efectivamente m\u00faltiples transectos trav\u00e9s de la muestra, pero esto es claramente mucho m\u00e1s tiempo y no tengo idea de si ser\u00eda eficaz.<\/p>\n<ol>\n<li style=\"text-align: justify;\">La longitud del cuerpo del\u00a0individuo\u00a0seleccionada se traza con la ayuda de un tubo de dibujo.<\/li>\n<li style=\"text-align: justify;\">El ancho m\u00e1ximo del cuerpo est\u00e1 trazado.<\/li>\n<li style=\"text-align: justify;\">La posici\u00f3n del ano est\u00e1 marcado.<\/li>\n<li style=\"text-align: justify;\">La posici\u00f3n del extremo posterior del es\u00f3fago est\u00e1 marcado.<\/li>\n<li style=\"text-align: justify;\">La posici\u00f3n de la spicula en los machos est\u00e1 marcada (misma ubicaci\u00f3n que el ano).<\/li>\n<li style=\"text-align: justify;\">La posici\u00f3n de la vulva en las hembras est\u00e1 marcada.<\/li>\n<li style=\"text-align: justify;\">El dibujo se le da un n\u00famero de identificaci\u00f3n y se indica el sexo.<\/li>\n<li style=\"text-align: justify;\">Las mediciones pueden ser hechas, con referencia a una escala calibrada, utilizando un medidor de mapas o mediante el escaneo de los dibujos y el uso de software.<\/li>\n<li style=\"text-align: justify;\"><a href=\"http:\/\/meiochile.matthewlee.org\/?page_id=203\">Ratios de De Man<\/a> se calculan junto con V%.<\/li>\n<\/ol>\n<p><span class=\"hps\" tabindex=\"-1\" contenteditable=\"false\">An\u00e1lisis<\/span><strong> <span class=\"hps\">utilizando<\/span> <span class=\"hps\"><a href=\"https:\/\/inkscape.org\/es\/\">Inkscape<\/a><\/span> <span class=\"hps atn\">(<\/span>Open Source &#8211; <span class=\"hps\">Linux<\/span> <span class=\"hps\">\/ Windows<\/span> <span class=\"hps\">\/<\/span> <span class=\"hps\">Mac<\/span>):<\/strong><\/p>\n<ol>\n<li style=\"text-align: justify;\">Abra el dibujo escaneado en Inkscape.<\/li>\n<li style=\"text-align: justify;\">Zoom para alrededor de 100% o m\u00e1s, dependiendo del tama\u00f1o del nematodo.<\/li>\n<li style=\"text-align: justify;\">Seleccione &#8220;Dibujar l\u00edneas a mano alzada&#8221; (F6) de la caja de herramientas de la parte izquierda.<\/li>\n<li style=\"text-align: justify;\">Establecer Smoothing al 50% (superior izquierda).<\/li>\n<li style=\"text-align: justify;\">Seleccione la extensi\u00f3n Medida de Camino\u00a0(Extensiones&gt; Visualizar Ruta&gt; Medir el camino).<\/li>\n<li style=\"text-align: justify;\">Utilice los siguientes par\u00e1metros: el tipo de medici\u00f3n = longitud, tama\u00f1o de fuente = 8, Offset = -7.0, Precisi\u00f3n = 2, factor de escala = 1, unidad de longitud = px.<\/li>\n<li style=\"text-align: justify;\">Estos valores son los que utilizo como &#8216;defecto&#8217; pero se pueden ajustar seg\u00fan sea necesario, por ejemplo, hacer que el tama\u00f1o de letra m\u00e1s peque\u00f1o de l\u00edneas cortas de modo que la visualizaci\u00f3n de la medida no se corta.<\/li>\n<li style=\"text-align: justify;\">Trazar sobre las l\u00edneas utilizando el cursor. Esto se puede hacer con un rat\u00f3n, pero es m\u00e1s f\u00e1cil con una tableta gr\u00e1fica. \u00a1Si la l\u00ednea trazada se aleja demasiado del original hacerlo de nuevo!<\/li>\n<li style=\"text-align: justify;\">Pulse el bot\u00f3n &#8220;Aplicar&#8221; en el di\u00e1logo Medida Camino, y la medida en px (p\u00edxeles) ser\u00e1 colocado adyacente a la l\u00ednea.<\/li>\n<li style=\"text-align: justify;\">Antes de pasar a la siguiente medici\u00f3n asegurar que sea legible, las cifras se asignan a la curva de la l\u00ednea, si las cifras se comprimen en el interior de una curva tratar trazando la l\u00ednea desde el extremo opuesto por lo que las cifras est\u00e1n en el exterior de la curva. Cambiar el tama\u00f1o de la fuente tambi\u00e9n puede ayudar. Configuraci\u00f3n de suavizado al 50% tambi\u00e9n ayuda a asegurar que los datos sean legibles.<\/li>\n<li style=\"text-align: justify;\">La calibraci\u00f3n se puede conseguir usando dibujos de un micr\u00f3metro de la platina en las mismas aumentos.<\/li>\n<li style=\"text-align: justify;\">Guarde el archivo como un SVG para su posterior an\u00e1lisis.<\/li>\n<\/ol>\n<p><a class=\"cboxElement\" href=\"http:\/\/meiochile.matthewlee.org\/wp-content\/uploads\/2011\/05\/inkscape.png\"><img loading=\"lazy\" decoding=\"async\" class=\"aligncenter size-full wp-image-448 colorbox-446\" title=\"inkscape\" src=\"http:\/\/meiochile.matthewlee.org\/wp-content\/uploads\/2011\/05\/inkscape.png\" sizes=\"auto, (max-width: 800px) 100vw, 800px\" srcset=\"http:\/\/meiochile.matthewlee.org\/wp-content\/uploads\/2011\/05\/inkscape-300x187.png 300w, http:\/\/meiochile.matthewlee.org\/wp-content\/uploads\/2011\/05\/inkscape.png 800w\" alt=\"\" width=\"800\" height=\"500\" \/><\/a><\/p>\n<p>[Traducci\u00f3n sin correciones]<\/p>\n","protected":false},"excerpt":{"rendered":"<p>N\u00d3TESE BIEN. Estos m\u00e9todos se han desarrollado para su uso con muestras cuantitativas montados pre-existentes y el estudio de la variaci\u00f3n latitudinal en el tama\u00f1o corporal. Selecci\u00f3n de especies para el an\u00e1lisis: Las especies deben tener una amplia distribuci\u00f3n latitudinal, al menos 10 grados de latitud. Las especies deben ser lo suficientemente abundante en al [&hellip;]<\/p>\n","protected":false},"author":1,"featured_media":0,"parent":109,"menu_order":0,"comment_status":"closed","ping_status":"closed","template":"","meta":{"footnotes":""},"class_list":["post-192","page","type-page","status-publish","czr-hentry"],"_links":{"self":[{"href":"https:\/\/meiochile.matthewlee.org\/index.php?rest_route=\/wp\/v2\/pages\/192","targetHints":{"allow":["GET"]}}],"collection":[{"href":"https:\/\/meiochile.matthewlee.org\/index.php?rest_route=\/wp\/v2\/pages"}],"about":[{"href":"https:\/\/meiochile.matthewlee.org\/index.php?rest_route=\/wp\/v2\/types\/page"}],"author":[{"embeddable":true,"href":"https:\/\/meiochile.matthewlee.org\/index.php?rest_route=\/wp\/v2\/users\/1"}],"replies":[{"embeddable":true,"href":"https:\/\/meiochile.matthewlee.org\/index.php?rest_route=%2Fwp%2Fv2%2Fcomments&post=192"}],"version-history":[{"count":8,"href":"https:\/\/meiochile.matthewlee.org\/index.php?rest_route=\/wp\/v2\/pages\/192\/revisions"}],"predecessor-version":[{"id":208,"href":"https:\/\/meiochile.matthewlee.org\/index.php?rest_route=\/wp\/v2\/pages\/192\/revisions\/208"}],"up":[{"embeddable":true,"href":"https:\/\/meiochile.matthewlee.org\/index.php?rest_route=\/wp\/v2\/pages\/109"}],"wp:attachment":[{"href":"https:\/\/meiochile.matthewlee.org\/index.php?rest_route=%2Fwp%2Fv2%2Fmedia&parent=192"}],"curies":[{"name":"wp","href":"https:\/\/api.w.org\/{rel}","templated":true}]}}