{"id":2067,"date":"2019-06-09T14:41:32","date_gmt":"2019-06-09T14:41:32","guid":{"rendered":"http:\/\/meiochile.matthewlee.org\/?page_id=2067"},"modified":"2019-06-09T14:41:32","modified_gmt":"2019-06-09T14:41:32","slug":"publications-matthew-r-lee","status":"publish","type":"page","link":"https:\/\/meiochile.matthewlee.org\/?page_id=2067","title":{"rendered":"Publications &#8211; Matthew R. Lee"},"content":{"rendered":"<p class=\"western\" lang=\"es-CL\" align=\"justify\"><span style=\"font-family: 'Liberation Serif', serif; color: #000000;\"><span style=\"font-size: small;\">Schmidt-Rhaesa, A., <b>Lee, <\/b><b>M.R.<\/b>, Scherf, M., Figueroa, T., Sellanes, J. &amp; Ca\u00f1ete, J.I. (2019) First report of marine Gastrotricha from Chilean beaches. <em>Latin American Journal of Aquatic Research.<\/em> (in press).<\/span><\/span><\/p>\n<p class=\"western\" lang=\"es-ES\" align=\"justify\"><span style=\"color: #000000;\"><span style=\"font-family: Liberation Serif, serif;\"><span style=\"font-size: small;\"><span lang=\"es-CL\">Gusmao, J.B., <\/span><\/span><\/span><span style=\"font-family: Liberation Serif, serif;\"><span style=\"font-size: small;\"><span lang=\"es-CL\"><b>Lee, M.R.<\/b><\/span><\/span><\/span><span style=\"font-family: Liberation Serif, serif;\"><span style=\"font-size: small;\"><span lang=\"es-CL\">, MacDonald, I., Orya, N.C., Sellanes, J., Watling, L. &amp; Thiel, M. <\/span><\/span><\/span><span style=\"font-family: Liberation Serif, serif;\"><span style=\"font-size: small;\"><span lang=\"es-CL\">(2018) <\/span><\/span><\/span><span style=\"font-family: Liberation Serif, serif;\"><span style=\"font-size: small;\"><span lang=\"es-CL\">No reef-associated gradient in the infaunal communities of Rapa Nui <\/span><\/span><\/span><span style=\"font-family: Liberation Serif, serif;\"><span style=\"font-size: small;\"><span lang=\"es-CL\">(Easter Island)<\/span><\/span><\/span><span style=\"font-family: Liberation Serif, serif;\"><span style=\"font-size: small;\"><span lang=\"es-CL\"> \u2013 <\/span><\/span><\/span><span style=\"font-family: Liberation Serif, serif;\"><span style=\"font-size: small;\"><span lang=\"es-CL\">A<\/span><\/span><\/span><span style=\"font-family: Liberation Serif, serif;\"><span style=\"font-size: small;\"><span lang=\"es-CL\">re oceanic waves more important than reef predators? <\/span><\/span><\/span><em><span style=\"font-family: Liberation Serif, serif;\"><span style=\"font-size: small;\"><span lang=\"es-CL\">Estuarine, Coastal and Shelf Science. <\/span><\/span><\/span><\/em><span style=\"font-family: Liberation Serif, serif;\"><span style=\"font-size: small;\"><span lang=\"es-CL\"><b>210:<\/b><\/span><\/span><\/span><span style=\"font-family: Liberation Serif, serif;\"><span style=\"font-size: small;\"><span lang=\"es-CL\">123-131. <\/span><\/span><\/span><span style=\"font-family: Liberation Serif, serif;\"><span style=\"font-size: small;\"><span lang=\"es-CL\">(doi: 10.1016\/j.ecss.2018.06.019)<\/span><\/span><\/span><\/span><\/p>\n<p class=\"western\" lang=\"es-ES\" align=\"justify\"><span style=\"color: #000000;\"><span style=\"font-family: Liberation Serif, serif;\"><span style=\"font-size: small;\"><span lang=\"es-CL\">Miranda, C.D., Godoy. F.<\/span><\/span><\/span><span style=\"font-family: Liberation Serif, serif;\"><span style=\"font-size: small;\"><span lang=\"es-CL\">A.<\/span><\/span><\/span><span style=\"font-family: Liberation Serif, serif;\"><span style=\"font-size: small;\"><span lang=\"es-CL\"> &amp; <\/span><\/span><\/span><span style=\"font-family: Liberation Serif, serif;\"><span style=\"font-size: small;\"><span lang=\"es-CL\"><b>Lee, M.R.<\/b><\/span><\/span><\/span> <span style=\"font-family: Liberation Serif, serif;\"><span style=\"font-size: small;\"><span lang=\"es-CL\">(2018) <\/span><\/span><\/span><span style=\"font-family: Liberation Serif, serif;\"><span style=\"font-size: small;\"><span lang=\"es-CL\">Use of antimicrobial agents in the Chilean Salmon farming industry and current status of knowledge of associated antimicrobial resistance. <\/span><\/span><\/span><em><span style=\"font-family: Liberation Serif, serif;\"><span style=\"font-size: small;\"><span lang=\"es-CL\">Frontiers in Microbiology. <\/span><\/span><\/span><\/em><span style=\"font-family: Liberation Serif, serif;\"><span style=\"font-size: small;\"><span lang=\"es-CL\"><b>9:<\/b><\/span><\/span><\/span><span style=\"font-family: Liberation Serif, serif;\"><span style=\"font-size: small;\"><span lang=\"es-CL\">1284<\/span><\/span><\/span> <span style=\"font-family: Liberation Serif, serif;\"><span style=\"font-size: small;\"><span lang=\"es-CL\">(doi: 10.3389\/fmicb.2018.01284<\/span><\/span><\/span><span style=\"font-family: Liberation Serif, serif;\"><span style=\"font-size: small;\"><span lang=\"es-CL\">)<\/span><\/span><\/span><\/span><\/p>\n<p class=\"western\" lang=\"es-CL\" align=\"justify\"><span style=\"font-family: 'Liberation Serif', serif; color: #000000;\"><span style=\"font-size: small;\"><b>Lee, M.R.<\/b>, Torres, R. &amp; Manr\u00edquez P.H. (2017) <span lang=\"en-GB\">Combined effects of ocean warming and acidification on shallow-water meiofaunal communities. <\/span><em><span lang=\"en-GB\">Marine <\/span><span lang=\"en-GB\">Environmental Research.<\/span><\/em> <span lang=\"en-GB\"><b>131:<\/b><\/span><span lang=\"en-GB\">1-9.<\/span> <span lang=\"en-GB\">(doi: 10.1016\/j.marenvres.2017.09.002)<\/span><\/span><\/span><\/p>\n<p class=\"western\" lang=\"es-CL\" align=\"justify\"><span style=\"font-family: 'Liberation Serif', serif; color: #000000;\"><span style=\"font-size: small;\"><b>Lee, M.R.<\/b>; Canales-Aguirre, C.; Nu\u00f1ez, D.; Perez, K.; Hern\u00e1ndez, C.E. &amp; Brante, A. (2017) <span lang=\"en-GB\">The identification of sympatric cryptic free-living nematode species in the Antarctic intertidal<\/span><span lang=\"en-GB\">. <\/span><em><span lang=\"en-US\">PloS ONE. <\/span><\/em><span lang=\"en-US\"><b>12:<\/b><\/span><span lang=\"en-US\">e0186140 (doi: 10.1371\/journal.pone.0186140)<\/span><\/span><\/span><\/p>\n<p class=\"western\" lang=\"es-CL\" align=\"justify\"><span style=\"font-family: 'Liberation Serif', serif; color: #000000;\"><span style=\"font-size: small;\"><span lang=\"en-GB\">Manr\u00edquez, P.H., Torres, R., Matson, P.G.,<\/span> <span lang=\"en-GB\"><b>Lee, M.R.<\/b><\/span><span lang=\"en-GB\">, Seguel, M.E., Alarc\u00f3n, E., Sep\u00falveda, F. &amp; Pereira, L. <\/span><span lang=\"en-GB\">(2017) <\/span><span lang=\"en-GB\">Ocean warming and acidification affects the early benthic ontogeny of an ecologically and economically important echinoderm. <\/span><em><span lang=\"en-GB\">Marine Ecology Progress Series<\/span><\/em><span lang=\"en-GB\">. <\/span><span lang=\"en-GB\"><b>563:<\/b><\/span><span lang=\"en-GB\"> 169-184. (doi: 10.3354\/meps11973)<\/span><\/span><\/span><\/p>\n<p class=\"western\" lang=\"es-CL\" align=\"justify\"><span style=\"font-family: 'Liberation Serif', serif; color: #000000;\"><span style=\"font-size: small;\"><span lang=\"en-US\"><b>Lee, M.R. <\/b><\/span><span lang=\"en-US\">&amp; Mayorga, J. <\/span><span lang=\"en-US\">(2016) <\/span><span lang=\"en-GB\">The impact of feeding by Chilean Flamingos (<\/span><span lang=\"en-GB\">Phoenicopterus chilensis<\/span><span lang=\"en-GB\">) on the <\/span><span lang=\"en-GB\">meiofaunal<\/span><span lang=\"en-GB\"> assemblage of a tidal flat. <\/span><em><span lang=\"en-GB\">Marine Biology Research.<\/span> <\/em><span lang=\"en-US\"><b>12:<\/b><\/span><span lang=\"en-US\">1039-1052 <\/span><span lang=\"en-US\">(doi: 10.1080\/17451000.2016.1228975)<\/span><\/span><\/span><\/p>\n<p class=\"western\" lang=\"es-CL\" align=\"justify\"><span style=\"font-family: 'Liberation Serif', serif; color: #000000;\"><span style=\"font-size: small;\"><span lang=\"en-US\">Manr\u00edquez, P.H., Torres, R., Jara, M.E., Alarcon, E., Seguel, M. &amp; <\/span><span lang=\"en-US\"><b>Lee, M.R.<\/b><\/span> <span lang=\"en-US\">(2016) <\/span><span lang=\"en-US\">Ocean acidification and increased temperature have both positive and negative effects on early ontogenetic traits of a rocky shore keystone predator species.<\/span> <em><span lang=\"en-US\">PloS ONE.<\/span><\/em><span lang=\"en-US\"><strong> 11<\/strong>:e0151920. (doi:10.1371\/journal.pone.0151920)<\/span><\/span><\/span><\/p>\n<p class=\"western\" lang=\"es-CL\" align=\"justify\"><span style=\"font-family: 'Liberation Serif', serif; color: #000000;\"><span style=\"font-size: small;\">Valderrama-Aravena N., P\u00e9rez-Araneda K., Avaria-Llautureo J., Hern\u00e1ndez C.E., <b>Lee M.R.<\/b> &amp; Brante A. (2014) C\u00f3digo de Barra de ADN: una herramienta para la identificaci\u00f3n de nem\u00e1todos marinos Continentales y Ant\u00e1rticos. <em>Revista Biolog\u00eda Marina y Oceanograf\u00eda.<\/em> <b>49:<\/b>147-155.<\/span><\/span><\/p>\n<p class=\"western\" lang=\"es-CL\" align=\"justify\"><span style=\"font-family: 'Liberation Serif', serif; color: #000000;\"><span style=\"font-size: small;\"><b>Lee, M.R.<\/b> &amp; Riveros, M. (2014) Geographic distribution <em>Ctenocheilocaris galvarini<\/em> (Crustacea: Mystacocarida) along the coast of Chile. <em>Journal of the Marine Biological Association of the United Kingdom.<\/em>\u00a0<b>9<\/b><b>4<\/b><b>:<\/b>975-979. (doi:10.1017\/S0025315414000435) <\/span><\/span><\/p>\n<p class=\"western\" lang=\"es-CL\" align=\"justify\"><span style=\"font-family: 'Liberation Serif', serif; color: #000000;\"><span style=\"font-size: small;\"><b>Lee, M.R.<\/b> &amp; Castilla, J.C. (2012) Does the absence of extensive mussel beds within a marine reserve reduce the species richness of small mobile macrofauna and meiofauna? <em>Journal of the Marine Biological Association of the United Kingdom.<\/em>\u00a0<b>92:<\/b>1283-1288.<\/span><\/span><\/p>\n<p class=\"western\" lang=\"es-CL\" align=\"justify\"><span style=\"font-family: 'Liberation Serif', serif; color: #000000;\"><span style=\"font-size: small;\"><b>Lee, M.R.<\/b> &amp; Riveros, M. (2012) Latitudinal trends in the species richness of free-living marine nematode assemblages from exposed sandy beaches along the coast of Chile (18\u201342\u00b0S). <em>Marine Ecology.<\/em>\u00a0<b>33:<\/b>317-325.<\/span><\/span><\/p>\n<p class=\"western\" lang=\"es-CL\" align=\"justify\"><span style=\"font-family: 'Liberation Serif', serif; color: #000000;\"><span style=\"font-size: small;\"><b>Lee, M.R.<\/b>, Clarke, M., Fernandez, M.E., Gonzalez, C., Rozbaczylo, N., Valdovinos, C., Hermosilla, C., Prado, L. &amp; Castilla, J.C., (2008) Diversity of free-living benthic marine invertebrates in Chile. <em>Revista Chilena Historia Natural<\/em>. <b>81: <\/b>51-67.<\/span><\/span><\/p>\n<p class=\"western\" lang=\"es-CL\" align=\"justify\"><span style=\"font-family: 'Liberation Serif', serif; color: #000000;\"><span style=\"font-size: small;\"><b>Lee, M.R.<\/b> &amp; Correa, J.A. (2007) An assessment of the impact of copper mine tailings disposal on meiofaunal assemblages using microcosm bioassays. <em>Marine Environmental Research<\/em>. <b>64<\/b><b>: <\/b>1-20.<\/span><\/span><\/p>\n<p class=\"western\" lang=\"es-CL\" align=\"justify\"><span style=\"font-family: 'Liberation Serif', serif; color: #000000;\"><span style=\"font-size: small;\"><b>Lee, M.R.<\/b>, Correa, J.A. &amp; Seed, R. (2006) A sediment quality triad analysis of the impact of copper mine tailings disposal on the littoral sedimentary environment of the Atacama region of northern Chile. <em>Marine Pollution Bulletin.<\/em> <b>52<\/b>: 1389-1395.<\/span><\/span><\/p>\n<p class=\"western\" lang=\"es-CL\" align=\"justify\"><span style=\"font-family: 'Liberation Serif', serif; color: #000000;\"><span style=\"font-size: small;\"><b>Lee, M.R.<\/b> &amp; Correa, J.A. (2005) The effects of copper mine tailings on the littoral meiofaunal assemblages of the Atacama region of northern Chile. <em>Marine Environmental Research.<\/em> <b>59<\/b>: 1-18.<\/span><\/span><\/p>\n<p class=\"western\" lang=\"es-CL\" align=\"justify\"><span style=\"font-family: 'Liberation Serif', serif; color: #000000;\"><span style=\"font-size: small;\"><b>Lee, M.R.<\/b> &amp; Correa, J.A. (2004) Copper mine tailings disposal: Consequences for the interstitial polychaete <em>Saccocirrus sonomacus<\/em>. (Canalipalpata, Protodrilida). <em>Journal of the Marine Biological Association of the United Kingdom.<\/em> <b>84<\/b>: 603-606.<\/span><\/span><\/p>\n<p class=\"western\" lang=\"es-CL\" align=\"justify\"><span style=\"font-family: 'Liberation Serif', serif; color: #000000;\"><span style=\"font-size: small;\"><b>Lee, M.R.<\/b>, Correa, J.A. &amp; Zhang, H. (2002) Effective metal concentrations in porewater and seawater labile metal concentrations associated with copper mine tailings disposal into the coastal waters of the Atacama region of northern Chile. <em>Marine Pollution Bulletin.<\/em> <b>44<\/b>: 956-961.<\/span><\/span><\/p>\n<p class=\"western\" lang=\"es-CL\" align=\"justify\"><span style=\"font-family: 'Liberation Serif', serif; color: #000000;\"><span style=\"font-size: small;\"><b>Lee, M.R.<\/b>, Correa, J.A. &amp; Castilla, J.C. (2001) An assessment of the potential use of the nematode to copepod ratio in the monitoring of metals pollution. The Cha\u00f1aral case. <em>Marine Pollution Bulletin<\/em>. <b>42<\/b>: 696-701.<\/span><\/span><\/p>\n","protected":false},"excerpt":{"rendered":"<p>Schmidt-Rhaesa, A., Lee, M.R., Scherf, M., Figueroa, T., Sellanes, J. &amp; Ca\u00f1ete, J.I. (2019) First report of marine Gastrotricha from Chilean beaches. Latin American Journal of Aquatic Research. (in press). Gusmao, J.B., Lee, M.R., MacDonald, I., Orya, N.C., Sellanes, J., Watling, L. &amp; Thiel, M. (2018) No reef-associated gradient in the infaunal communities of Rapa [&hellip;]<\/p>\n","protected":false},"author":1,"featured_media":0,"parent":234,"menu_order":0,"comment_status":"closed","ping_status":"closed","template":"","meta":{"footnotes":""},"class_list":["post-2067","page","type-page","status-publish","czr-hentry"],"_links":{"self":[{"href":"https:\/\/meiochile.matthewlee.org\/index.php?rest_route=\/wp\/v2\/pages\/2067","targetHints":{"allow":["GET"]}}],"collection":[{"href":"https:\/\/meiochile.matthewlee.org\/index.php?rest_route=\/wp\/v2\/pages"}],"about":[{"href":"https:\/\/meiochile.matthewlee.org\/index.php?rest_route=\/wp\/v2\/types\/page"}],"author":[{"embeddable":true,"href":"https:\/\/meiochile.matthewlee.org\/index.php?rest_route=\/wp\/v2\/users\/1"}],"replies":[{"embeddable":true,"href":"https:\/\/meiochile.matthewlee.org\/index.php?rest_route=%2Fwp%2Fv2%2Fcomments&post=2067"}],"version-history":[{"count":1,"href":"https:\/\/meiochile.matthewlee.org\/index.php?rest_route=\/wp\/v2\/pages\/2067\/revisions"}],"predecessor-version":[{"id":2068,"href":"https:\/\/meiochile.matthewlee.org\/index.php?rest_route=\/wp\/v2\/pages\/2067\/revisions\/2068"}],"up":[{"embeddable":true,"href":"https:\/\/meiochile.matthewlee.org\/index.php?rest_route=\/wp\/v2\/pages\/234"}],"wp:attachment":[{"href":"https:\/\/meiochile.matthewlee.org\/index.php?rest_route=%2Fwp%2Fv2%2Fmedia&parent=2067"}],"curies":[{"name":"wp","href":"https:\/\/api.w.org\/{rel}","templated":true}]}}