{"id":2070,"date":"2019-06-09T14:45:22","date_gmt":"2019-06-09T14:45:22","guid":{"rendered":"http:\/\/meiochile.matthewlee.org\/?page_id=2070"},"modified":"2019-06-09T14:45:22","modified_gmt":"2019-06-09T14:45:22","slug":"conference-presentations-matthew-r-lee","status":"publish","type":"page","link":"https:\/\/meiochile.matthewlee.org\/?page_id=2070","title":{"rendered":"Conference Presentations &#8211; Matthew R. Lee"},"content":{"rendered":"<p class=\"western\" lang=\"es-CL\" align=\"left\"><span style=\"font-family: 'Liberation Serif', serif; color: #000000;\"><span style=\"font-size: small;\"><b>Lee, M.R.<\/b>; Rodr\u00edguez, C.; Baldrich, A.; D\u00edaz, P. Influencia del pH y Redox en los ensambles de meiofauna de fiordos y canales del norte de la Patagonia de Chile. <i>XXXIX Congreso de Ciencias del Mar, Mayo 2019, Universidad Aturo Prat, Iquique, Chile (<\/i><i>Oral<\/i><i>).<\/i><\/span><\/span><\/p>\n<p class=\"western\" lang=\"es-CL\" align=\"left\"><span style=\"font-family: 'Liberation Serif', serif; color: #000000;\"><span style=\"font-size: small;\"><b>Lee, M.R. <\/b>Tard\u00edgrados marinos intermareales a lo largo de la costa chilena (18\u00baS \u2013 54\u00baS). <i>XXXIX Congreso de Ciencias del Mar, Mayo 2019, Universidad Aturo Prat, Iquique, Chile (Poster).<\/i><\/span><\/span><\/p>\n<p class=\"western\" lang=\"es-CL\" align=\"left\"><span style=\"font-family: 'Liberation Serif', serif; color: #000000;\"><span style=\"font-size: small;\"><b>L<\/b><b>ee, M.R.<\/b> Marine intertidal tardigrades along the length of the Chilean coast. <i>14<\/i><sup><i>th<\/i><\/sup><i> International Symposium on Tardigrada, Julio\/Agosto 2018, University of Copenhagen, Copenhagen, Denmark (Oral).<\/i><\/span><\/span><\/p>\n<p class=\"western\" lang=\"es-CL\" align=\"left\"><span style=\"font-family: 'Liberation Serif', serif; color: #000000;\"><span style=\"font-size: small;\">Figueroa, T.; <b>Lee, M.R<\/b>.; Schmidt-Rhaesa, A.; Ca\u00f1ete, J.I. &amp; Sellanes, J. Biodiversidad de Gastrotrichia en sedimentos intermareales de Chile. <i>XXXV<\/i><i>III<\/i><i> Congreso de Ciencias del Mar, Mayo 201<\/i><i>8<\/i><i>, Universidad <\/i><i>Austral de Chile<\/i><i>, <\/i><i>Valdivia<\/i><i>, Chile <\/i><i>(Oral).<\/i><\/span><\/span><\/p>\n<p class=\"western\" lang=\"es-CL\" align=\"left\"><span style=\"font-family: 'Liberation Serif', serif; color: #000000;\"><span style=\"font-size: small;\">Gusmao, J.B.; <b>Lee, M.R.<\/b>; MacDonald, I.; Ory, N.C.; Sellanes, J.; Watling, L. &amp; Thiel, M. Efectos de la depredaci\u00f3n sobre las comunidades infaunales adyacentes a los arrecifes en Rapa Nui. <i>XXXV<\/i><i>III<\/i><i> Congreso de Ciencias del Mar, Mayo 201<\/i><i>8<\/i><i>, Universidad <\/i><i>Austral de Chile<\/i><i>, <\/i><i>Valdivia<\/i><i>, Chile.<\/i><\/span><\/span><\/p>\n<p class=\"western\" lang=\"es-CL\" align=\"left\"><span style=\"font-family: 'Liberation Serif', serif; color: #000000;\"><span style=\"font-size: small;\">Ca\u00f1ete, J.I.; <b>Lee, M.R.<\/b>; Schmidt-Rhaesa, A.; Sellanes, J. &amp; Figueroa, T. Biodiversidad de polychaetofauna meiofaunica en sedimentos intermareales de Chile. <i>XXXV<\/i><i>III<\/i><i> Congreso de Ciencias del Mar, Mayo 201<\/i><i>8<\/i><i>, Universidad <\/i><i>Austral de Chile<\/i><i>, <\/i><i>Valdivia<\/i><i>, Chile <\/i><i>(Oral)<\/i><i>.<\/i><\/span><\/span><\/p>\n<p class=\"western\" lang=\"es-CL\" align=\"left\"><span style=\"font-family: 'Liberation Serif', serif; color: #000000;\"><span style=\"font-size: small;\"><b>L<\/b><b>ee, M.R.<\/b>; Torres, R. &amp; Manr\u00edquez, P.H. <span lang=\"en-GB\">Shallow-water surf-zone meiofaunal community responses to ocean warming and acidification. <\/span><span lang=\"en-GB\"><i>ISIMCO 16<\/i><\/span><sup><span lang=\"en-GB\"><i>th<\/i><\/span><\/sup><span lang=\"en-GB\"><i> International Meiofauna Conference, Julio 2016, Heraklion, <\/i><\/span><span lang=\"en-GB\"><i>Grecia<\/i><\/span><span lang=\"en-GB\"><i> (Oral)<\/i><\/span><\/span><\/span><\/p>\n<p class=\"western\" lang=\"es-CL\" align=\"left\"><span style=\"font-family: 'Liberation Serif', serif; color: #000000;\"><span style=\"font-size: small;\">Marley, N. &amp; <b>Lee, M.R.<\/b> Preliminary results for a meiofauna survey of the South Shetland Islands, Antarctica. <i>13th International Symposium on Tardigrada, <\/i><i>Junio 2015, Modena, Ital<\/i><i>ia<\/i><i>. (Oral)<\/i><\/span><\/span><\/p>\n<p class=\"western\" lang=\"es-CL\" align=\"left\"><span style=\"font-family: 'Liberation Serif', serif; color: #000000;\"><span style=\"font-size: small;\">Mayorga, J. &amp; <b>Lee, M.R.<\/b> Bioperturbaci\u00f3n del flamenco chileno sobre el ensamble meiobentonico de una planicie marina del sur de Chile. <i>XXXIV Congreso de Ciencias del Mar, Mayo 2014, Universidad de Los Lagos, Osorno, Chile (Poster)<\/i><\/span><\/span><\/p>\n<p class=\"western\" lang=\"es-CL\" align=\"left\"><span style=\"font-family: 'Liberation Serif', serif; color: #000000;\"><span style=\"font-size: small;\">Guti\u00e9rrez, D., H\u00fcne, M. &amp; <b>Lee, M.R.<\/b> Especializaci\u00f3n tr\u00f3fica como posible indicador de vulnerabilidad en el pez nototeno\u00eddeo <i>Harpagifer antarcticus<\/i>, isla Rey Jorge, Ant\u00e1rtica. <i>XXXIV Congreso de Ciencias del Mar, Mayo 2014, Universidad de Los Lagos, Osorno, Chile (Oral)<\/i><\/span><\/span><\/p>\n<p class=\"western\" lang=\"es-CL\" align=\"left\"><span style=\"font-family: 'Liberation Serif', serif; color: #000000;\"><span style=\"font-size: small;\"><b>Lee, M.R.<\/b> Macroecology of free-living intertidal nematodes along the coast of Chile and the Antarctica Peninsula. <i>6th International Conference on Nematology, 4-9 May 2014, Cape Town, South Africa (Oral)<\/i><\/span><\/span><\/p>\n<p class=\"western\" lang=\"es-CL\" align=\"left\"><span style=\"font-family: 'Liberation Serif', serif; color: #000000;\"><span style=\"font-size: small;\">Olivares, B. &amp; <b>Lee. M.R.<\/b> Variaci\u00f3n en la Distribuci\u00f3n de Meiofauna Intermareal, una Comparaci\u00f3n entre la Ant\u00e1rtica y la Regi\u00f3n de Magallanes.<b> <\/b><i>VII Congreso Latinoamericano de Ciencia Ant\u00e1rtica, 4-6 de Septiembre 2013, La Serena, Chile (Poster)<\/i><\/span><\/span><\/p>\n<p class=\"western\" lang=\"es-CL\" align=\"left\"><span style=\"font-family: 'Liberation Serif', serif; color: #000000;\"><span style=\"font-size: small;\"><b>Lee, M.R.<\/b>, Brante, A., Hernandez, C.E. &amp; Olivares, B.<i> <\/i>Los Ensambles Meiobentonicos Intermareales de las Islas Shetland del Sur, Costa Danco y Bah\u00eda Margarita. <i>VII Congreso Latinoamericano de Ciencia Ant\u00e1rtica, 4-6 de Septiembre 2013, La Serena, Chile (Oral)<\/i><\/span><\/span><\/p>\n<p class=\"western\" lang=\"es-CL\" align=\"justify\"><span style=\"font-family: 'Liberation Serif', serif; color: #000000;\"><span style=\"font-size: small;\">Thiel, M., Sellanes, J., Guzman, G., Iba\u00f1ez, C., <b>Lee, M.R.<\/b> &amp; Soto, E. Investigaciones en las profundidades del mar de Chile \u2013 el pasado, presente y futuro. <i>XXXIII Congreso de Ciencias del Mar, Mayo 2013, Universidad de Antofagasta, Antofagasta, Chile (Oral)<\/i><\/span><\/span><\/p>\n<p class=\"western\" lang=\"es-CL\" align=\"justify\"><span style=\"font-family: 'Liberation Serif', serif; color: #000000;\"><span style=\"font-size: small;\">P\u00e9rez-Araneda K., Valderrama-Aravena N., Avaria-Llautureo J., Hern\u00e1ndez C.E., <b>Lee M.R.<\/b> &amp; Brante A. Aspectos Filogen\u00e9ticos y Filogeogr\u00e1ficos de Nem\u00e1todos Marinos Continentales y Ant\u00e1rticos. <i>XXXII Congreso de Ciencias del Mar, 22-25 de Octubre 2012, Universidad de Magallanes, Punta Arenas, Chile (Oral)<\/i><\/span><\/span><\/p>\n<p class=\"western\" lang=\"es-CL\" align=\"justify\"><span style=\"font-family: 'Liberation Serif', serif; color: #000000;\"><span style=\"font-size: small;\"><b>Lee, M.R.<\/b> &amp; Brante, A. Los Ensambles Meiobentonicos Intermareales de las Islas Rey Jorge y Decepci\u00f3n, Ant\u00e1rtica. <i>XXXII Congreso de Ciencias del Mar, 22-25 de Octubre 2012, Universidad de Magallanes, Punta Arenas, Chile (Oral)<\/i><\/span><\/span><\/p>\n<p class=\"western\" lang=\"es-CL\" align=\"justify\"><span style=\"font-family: 'Liberation Serif', serif; color: #000000;\"><span style=\"font-size: small;\">P\u00e9rez-Araneda, K., Valderrama-Aravena, N., Avaria-Llautureo, J., Hern\u00e1ndez , C.E., <b>Lee, M.R.<\/b> &amp; Brante, A. C\u00f3digo de Barra de ADN: una herramienta para la identificaci\u00f3n de nem\u00e1todos marinos Continentales y Ant\u00e1rticos. <i>VI Reuni\u00f3n de la Sociedad Chileana de Evoluci\u00f3n, 6-9 Octubre 2012, Concepci\u00f3n, Chile (Poster)<\/i><\/span><\/span><\/p>\n<p class=\"western\" lang=\"es-CL\"><span style=\"font-family: 'Liberation Serif', serif; color: #000000;\"><span style=\"font-size: small;\"><b>Lee, M.R.<\/b> &amp; Riveros, M.P. Clinas de tama\u00f1o de Bergmann para nematodos a lo largo de la costa expuesta de Chile<i>. XIX Reuni\u00f3n de la Sociedad de Ecolog\u00eda, 6-9 Octubre 2012, Concepci\u00f3n, Chile (Oral)<\/i><\/span><\/span><\/p>\n<p class=\"western\" lang=\"es-CL\" align=\"justify\"><span style=\"font-family: 'Liberation Serif', serif; color: #000000;\"><span style=\"font-size: small;\"><b>Lee. M.R.<\/b> &amp; Riveros, M.P. Gremios tr\u00f3ficos de nematodos de playas expuestas presentes a lo largo de la costa de Chile entre 18 \u00baS y 42 \u00baS. <i>XXXI Congreso de Ciencias del Mar, 16-19 Augusto 2011, Vi\u00f1a del Mar, Chile (Oral).<\/i><\/span><\/span><\/p>\n<p class=\"western\" lang=\"es-CL\" align=\"justify\"><span style=\"font-family: 'Liberation Serif', serif; color: #000000;\"><span style=\"font-size: small;\"><b>Lee, M.R.<\/b> Latitudinal variation in the species richness of free-living littoral marine nematodes along the coast of Chile. <\/span><\/span><span style=\"font-family: 'Liberation Serif', serif; color: #000000;\"><span style=\"font-size: small;\"><i>FourtIMCo, <\/i><i>14th International Meiofauna Conference, 11-16 July 2010, Ghent University, Ghent, Belgium. (Oral).<\/i><\/span><\/span><\/p>\n<p class=\"western\" lang=\"es-CL\" align=\"justify\"><span style=\"font-family: 'Liberation Serif', serif; color: #000000;\"><span style=\"font-size: small;\"><b>Lee, M.R.<\/b> Variaci\u00f3n latitudinal en la riqueza de especies de nematodos litorales marinos de vida-libre a lo largo de la costa de Chile.<i> XVI Reuni\u00f3n Anual de la Sociedad de Ecolog\u00eda de Chile, 8-10 de Octubre 2009, Universidad Austral de Chile, Valdivia, Chile. (Oral).<\/i><\/span><\/span><\/p>\n<p class=\"western\" lang=\"es-CL\" align=\"justify\"><span style=\"font-family: 'Liberation Serif', serif; color: #000000;\"><span style=\"font-size: small;\"><b>Lee, M.R.<\/b> Copper mine tailings disposal: Consequences for the interstitial polychaete <i>Saccocirrus<\/i> sp. (Saccocirridae).<i> Polychaetes as Biological and Ecological Models. From taxonomy to applied research. 9th-22nd September 2002,Universit\u00e0 di Lecce, Lecce, Italy. (Oral).<\/i><\/span><\/span><\/p>\n<p class=\"western\" lang=\"es-CL\" align=\"justify\"><span style=\"font-family: 'Liberation Serif', serif; color: #000000;\"><span style=\"font-size: small;\"><b>Lee, M.R.<\/b> &amp; Correa, J.A. MeioChile: una sitio para fomentar la investigaci\u00f3n de meiofauna en Chile<i>. XXVII Congreso de Ciencias del Mar, 28th-31st May 2002, Valdivia, Chile. (Poster).<\/i><\/span><\/span><\/p>\n<p class=\"western\" lang=\"es-CL\" align=\"justify\"><span style=\"font-family: 'Liberation Serif', serif; color: #000000;\"><span style=\"font-size: small;\"><b>Lee, M.R.<\/b> &amp; Correa, J.A. Evaluaci\u00f3n del impacto del relaves de las minas de cobre sobre los ensambles litorales de meiofauna en la III regi\u00f3n: una aproximaci\u00f3n desde la t\u00e9cnica \u2018sediment quality triad (SQT)\u2019.<i> XXVII Congreso de Ciencias del Mar, 28th-31st May 2002, Valdivia, Chile. (Oral).<\/i><\/span><\/span><\/p>\n<p class=\"western\" lang=\"es-CL\" align=\"justify\"><span style=\"font-family: 'Liberation Serif', serif; color: #000000;\"><span style=\"font-size: small;\"><b>Lee, M.R.<\/b>, Correa, J.A., Castilla, J.C. &amp; Zhang, H. A sediment quality triad assessment of the effects of copper mine tailings dumping in northern Chile.<i> SETAC (Society of Environmental Toxicology and Chemistry) 20th Annual Meeting, 12th-16th November 2000, Nashville, TN, U.S.A. (Poster).<\/i><\/span><\/span><\/p>\n<p class=\"western\" lang=\"es-CL\" align=\"justify\"><span style=\"font-family: 'Liberation Serif', serif; color: #000000;\"><span style=\"font-size: small;\"><b>Lee, M.R.<\/b>, Correa, J.A. &amp; Castilla, J.C. Meiofaunal community microcosm bioassay of sediments impacted by copper mine tailings dumping in northern Chile.<i> SETAC (Society of Environmental Toxicology and Chemistry) 20th Annual Meeting, 12th-16th November 2000, Nashville, TN, U.S.A. (Oral).<\/i><\/span><\/span><\/p>\n<p class=\"western\" lang=\"es-CL\" align=\"justify\"><span style=\"font-family: 'Liberation Serif', serif; color: #000000;\"><span style=\"font-size: small;\"><b>Lee, M.R.<\/b>, Correa, J.A. &amp; Castilla, J.C. Meiofaunal bioindicators of metals impact in the littoral sedimentary environment of northern Chile.<i> SETAC (Society of Environmental Toxicology and Chemistry) 20th Annual Meeting, 12th-16th November 2000, Nashville, TN, U.S.A. (Poster).<\/i><\/span><\/span><\/p>\n<p class=\"western\" lang=\"es-CL\" align=\"justify\"><span style=\"font-family: 'Liberation Serif', serif; color: #000000;\"><span style=\"font-size: small;\"><b>Lee, M.R.<\/b>, Correa, J.A. &amp; Castilla, J.C. Assessing the extent of copper mine tailings dumping using meiofaunal communities in northern Chile. <i>10th International Conference on Meiofauna (XIMCO). 26th-31st July 1998. University of Plymouth, Plymouth, U.K<\/i>. (Oral).<\/span><\/span><\/p>\n<p class=\"western\" lang=\"es-CL\" align=\"justify\"><span style=\"font-family: 'Liberation Serif', serif; color: #000000;\"><span style=\"font-size: small;\"><b>Lee, M.R.<\/b>, Correa, J.A. &amp; Castilla, J.C. The Impact of Copper Mine Tailings Dumping on Intertidal Meiofaunal Communities in Northern Chile. <i>SETAC (Society of Environmental Toxicology and Chemistry) 18th Annual Meeting, 16th -20th November 1997, San Francisco, CA, U.S.A<\/i>. (Poster).<\/span><\/span><\/p>\n<p class=\"western\" lang=\"es-CL\" align=\"justify\"><span style=\"font-family: 'Liberation Serif', serif; color: #000000;\"><span style=\"font-size: small;\"><b>Lee, M.R.<\/b> Cambios en Comunidades Meiobenticas Asociadas a Relaves de Cobre en el Norte de Chile. <i>XVII Congreso, Ciencias del Mar, 13th -16th May 1997, Santiago, Chile<\/i>. (Oral).<\/span><\/span><\/p>\n","protected":false},"excerpt":{"rendered":"<p>Lee, M.R.; Rodr\u00edguez, C.; Baldrich, A.; D\u00edaz, P. Influencia del pH y Redox en los ensambles de meiofauna de fiordos y canales del norte de la Patagonia de Chile. XXXIX Congreso de Ciencias del Mar, Mayo 2019, Universidad Aturo Prat, Iquique, Chile (Oral). Lee, M.R. Tard\u00edgrados marinos intermareales a lo largo de la costa chilena [&hellip;]<\/p>\n","protected":false},"author":1,"featured_media":0,"parent":234,"menu_order":0,"comment_status":"closed","ping_status":"closed","template":"","meta":{"footnotes":""},"class_list":["post-2070","page","type-page","status-publish","czr-hentry"],"_links":{"self":[{"href":"https:\/\/meiochile.matthewlee.org\/index.php?rest_route=\/wp\/v2\/pages\/2070","targetHints":{"allow":["GET"]}}],"collection":[{"href":"https:\/\/meiochile.matthewlee.org\/index.php?rest_route=\/wp\/v2\/pages"}],"about":[{"href":"https:\/\/meiochile.matthewlee.org\/index.php?rest_route=\/wp\/v2\/types\/page"}],"author":[{"embeddable":true,"href":"https:\/\/meiochile.matthewlee.org\/index.php?rest_route=\/wp\/v2\/users\/1"}],"replies":[{"embeddable":true,"href":"https:\/\/meiochile.matthewlee.org\/index.php?rest_route=%2Fwp%2Fv2%2Fcomments&post=2070"}],"version-history":[{"count":1,"href":"https:\/\/meiochile.matthewlee.org\/index.php?rest_route=\/wp\/v2\/pages\/2070\/revisions"}],"predecessor-version":[{"id":2071,"href":"https:\/\/meiochile.matthewlee.org\/index.php?rest_route=\/wp\/v2\/pages\/2070\/revisions\/2071"}],"up":[{"embeddable":true,"href":"https:\/\/meiochile.matthewlee.org\/index.php?rest_route=\/wp\/v2\/pages\/234"}],"wp:attachment":[{"href":"https:\/\/meiochile.matthewlee.org\/index.php?rest_route=%2Fwp%2Fv2%2Fmedia&parent=2070"}],"curies":[{"name":"wp","href":"https:\/\/api.w.org\/{rel}","templated":true}]}}