{"id":214,"date":"2016-03-09T22:29:33","date_gmt":"2016-03-09T22:29:33","guid":{"rendered":"http:\/\/newsite.matthewlee.org\/?page_id=214"},"modified":"2018-11-21T13:23:31","modified_gmt":"2018-11-21T13:23:31","slug":"mystacocarida-2","status":"publish","type":"page","link":"https:\/\/meiochile.matthewlee.org\/?page_id=214","title":{"rendered":"Mystacocarida"},"content":{"rendered":"<p style=\"text-align: justify;\"><strong>Introducci\u00f3n<\/strong><\/p>\n<p style=\"text-align: justify;\" align=\"LEFT\">La Mystacocarida son un peque\u00f1o grupo distinto de los crust\u00e1ceos intersticiales de la Subclase Maxillapoda, que incluye los cop\u00e9podos harpactico\u00eddeos, el \u00fanico otro grupo de crust\u00e1ceos intersticiales similares a los mystacocarids. La primera especie mystacocarid <em>Derocheilocaris typicus<\/em> fue descrito por Pennak y Zinn en 1943 de la fauna intersticial de playas de arena en la costa noreste de los Estados Unidos. World wide 12 especies han sido descritas, dividida entre dos g\u00e9neros, <em>Derocheilocaris<\/em> y <em>Ctenocheilocaris<\/em> (Hessler 1988). En Chile, <em>Derocheilocaris galvarini<\/em> fue descrito por Dahl (1952) utilizando material recogido durante la expedici\u00f3n de la Universidad de Lund a Chile (Brattstr\u00f6m y Dahl, 1951). La ubicaci\u00f3n de tipo era arena gruesa de una profundidad de 25 m en un fondeadero cerca de Punta Weather en el lado oeste al norte de Isla Guafo (43.55 \u00b0 S, 74.82 \u00b0 W) (Figura 1). La especie fue nombrada en honor del buque Galvarino de la armada chilena. El \u00fanico otro papel que discute la&nbsp;Mystacocarida de Chile es por Noodt (1961) en el que describe <em>D. galvarini<\/em> de las arenas intermareales medianas en Las Cruces, en la costa del litoral central. En 1976 Renaud-Mornant asignado <em>D. galvarini<\/em> al g\u00e9nero <em>Ctenocheilocaris<\/em>.<em> C. galvarini <\/em>se encuentra principalmente en el sur de Chile, al sur de 32 \u00b0, en el intermareal de las playas intermedias, m\u00e1s probable es distribuido entre el nivel de la mesa&nbsp;de agua y la superficie, pero evitando la arena seca.<\/p>\n<p style=\"text-align: justify;\" align=\"LEFT\"><strong>Figura 1.<\/strong>&nbsp;Ubicaci\u00f3n tipo para C. galvarini cerca de Punta Weather&nbsp;en el lado oeste al norte de Isla Guafo.<\/p>\n<p style=\"text-align: justify;\" align=\"LEFT\">[Google_Maps_WD id=1 map=1]<\/p>\n<p style=\"text-align: justify;\"><strong>Morfolog\u00eda<\/strong><\/p>\n<p style=\"text-align: justify;\">Mystacocarids son peque\u00f1os crust\u00e1ceos, t\u00edpicamente menos de 0,5 mm de longitud. Tienen un cuerpo vermiforme flexibles con 11 segmentos de cuerpo libre. El extremo anterior tiene antenas largas y una mand\u00edbula primitiva ramificada. El extremo posterior est\u00e1 equipado con conspicua Rami caudal de garra (Giere, 2009).<\/p>\n<p style=\"text-align: justify;\"><strong>Figura 2.<\/strong> Fotograf\u00eda de un ejemplar de <em>Ctenocheilocaris galvarini<\/em> de Ritoque.<\/p>\n<div id=\"attachment_979\" class=\"wp-caption aligncenter\" style=\"text-align: justify;\">\n<p>&nbsp;<\/p>\n<p class=\"wp-caption-text\"><a href=\"http:\/\/meiochile.matthewlee.org\/wp-content\/uploads\/2016\/03\/Mystacocarida-scale250um-1.jpeg\"><img loading=\"lazy\" decoding=\"async\" class=\"aligncenter size-large wp-image-378\" src=\"http:\/\/meiochile.matthewlee.org\/wp-content\/uploads\/2016\/03\/Mystacocarida-scale250um-1-852x1024.jpeg\" alt=\"Mystacocarida scale250um\" width=\"625\" height=\"751\" srcset=\"https:\/\/meiochile.matthewlee.org\/wp-content\/uploads\/2016\/03\/Mystacocarida-scale250um-1-852x1024.jpeg 852w, https:\/\/meiochile.matthewlee.org\/wp-content\/uploads\/2016\/03\/Mystacocarida-scale250um-1-250x300.jpeg 250w, https:\/\/meiochile.matthewlee.org\/wp-content\/uploads\/2016\/03\/Mystacocarida-scale250um-1-768x923.jpeg 768w, https:\/\/meiochile.matthewlee.org\/wp-content\/uploads\/2016\/03\/Mystacocarida-scale250um-1-624x750.jpeg 624w, https:\/\/meiochile.matthewlee.org\/wp-content\/uploads\/2016\/03\/Mystacocarida-scale250um-1.jpeg 924w\" sizes=\"auto, (max-width: 625px) 100vw, 625px\" \/><\/a>Ctenocheilocaris galvarini (Barra de Escala = 250 \u00b5m)<\/p>\n<\/div>\n<p style=\"text-align: justify;\">Lombardi y Ruppert (1982) realizaron un estudio detallado de los movimientos de los mystacocaridos. La locomoci\u00f3n en Mystacocarida depende totalmente sobre el medio ambiente intersticial. Con los largos exopodites de la antena y de la mand\u00edbula empujando dorsalmente y la endopodite de los mismos ap\u00e9ndices empujando ventralmente, el organismo mueve a trav\u00e9s de los espacios intersticiales.<\/p>\n<p style=\"text-align: justify;\"><strong>Reproducci\u00f3n<\/strong><\/p>\n<p style=\"text-align: justify;\">El ciclo reproductivo de los mystacocaridos no ha sido bien documentada. Sin embargo, el ciclo es conservadora, es decir los mystacocaridos son reclutadores bent\u00f3nicos directos. Ontog\u00e9nesis se abrevia con la omission de la etapa de los nauplios.<\/p>\n<p style=\"text-align: justify;\"><strong>Alimentaci\u00f3n<\/strong><\/p>\n<p style=\"text-align: justify;\">Se supone que son&nbsp;herb\u00edvoros de la biopel\u00edcula en la superficie de los granos de arena.<\/p>\n<p style=\"text-align: justify;\"><strong>H\u00e1bitat<\/strong><\/p>\n<p style=\"text-align: justify;\" align=\"LEFT\">Las muestras recogidas recientemente (durante la toma de muestras para el proyecto Fondecyt 108033) permitir que el h\u00e1bitat de <em>C. galvarini<\/em> que se describir\u00e1n con m\u00e1s certeza. El h\u00e1bitat tipo original era arena gruesa de&nbsp;una profundidad de 25 m. El r\u00e9gimen de muestreo actual se limita a los h\u00e1bitats intermareales as\u00ed que por el momento se desconoce si <em>C. galvarini<\/em> es com\u00fan en el submareal o s\u00f3lo ocasional, Dahl (1952) se refiere a &#8220;numerosos ejemplares&#8221; pero no da una cifra abundancia. Sin embargo, en ninguna de los \u00faltimos muestreos fue <em>C. galvarini<\/em> encuentrado asociado con sedimentos gruesos. Noodt (1961) describe <em>C. galvarini<\/em> a partir de sedimentos intermareales de grano medio, desde una profundidad de 20 cm y con una abundancia de un adulto y dos juveniles, el&nbsp;no indica el volumen de muestra.&nbsp; Las muestras de Noodt (1961) era de Las Cruces, a pesar de que no especifica qu\u00e9 playa o dar coordenadas precisas, sin embargo, sobre la base de la descripci\u00f3n del sitio es probable que se est\u00e1 refiriendo a la gran playa intermedia Playa Grande que se extiende desde el lado sur de Las Cruces hacia&nbsp;Cartagena, donde <em>C. galvarini<\/em> se ha observado m\u00e1s recientemente.&nbsp;Los datos de abundancia que se presentan aqu\u00ed son todos de muestras cuantitativos recogidos en la zona de retenci\u00f3n entre la profundidad de 0 a 10 cm. <em>C. galvarini<\/em>&nbsp;tambi\u00e9n se registr\u00f3 en muestras cualitativas de las zonas de retenci\u00f3n (Tir\u00faa), el resurgimiento (Tir\u00faa, Chaihuin) y marginales sub-litoral (Tir\u00faa), as\u00ed como de los sedimentos en una laguna de adras de la playa&nbsp;(Tir\u00faa) y en muestras de la profundidad de la mesa de agua&nbsp;(Calbuco y Cucao, profundidad de aproximadamente 30 cm en ambos sitios). Todas las muestras, tanto cuantitativas como cualitativas, que contienen <em>C. galvarini<\/em> vinieron de playas con una morfolog\u00eda intermedia (Short y Wright 1983) y arena media (escala de Wentworth, equivale a un tama\u00f1o de grano del sedimento media de 500 \u00b5m o 1 en la escala \u03c6&nbsp;). Sobre la base de estas observaciones, el h\u00e1bitat intermareal t\u00edpicos de <em>C. galvarini<\/em> puede ser descrito como playas intermedias, la mayor\u00eda de los cuales tienen arena media. La profundidad en el sedimento es probablemente por debajo de la superficie hasta la interfaz con la mesa de agua. Es probable que las abundancias bajas observadas en la mayor\u00eda de las muestras cuantitativas se debi\u00f3 a <em>C. galvarini<\/em> estar presente m\u00e1s profundo en el sedimento que la profundidad de muestreo de la corer. Es de destacar que las mayores abundancias se encontraron un Llico donde la mesa de agua&nbsp;era poco profunda, en alrededor de 20 cm de profundidad, por lo que es m\u00e1s probable que <em>C. galvarini<\/em> ser\u00eda muestreada por la metodolog\u00eda cuantitativa.&nbsp;La conclusi\u00f3n del Noodt (1961) era que<em> C. galvarini<\/em> se distribuy\u00f3 en la sub-mareal y s\u00f3lo se encuentra ocasionalmente en el intermareal. La informaci\u00f3n disponible actualmente, sin embargo, sugiere a la inversa, que C. galvarini es una especie intermareales que se encuentra ocasionalmente en el submareal, aunque se requiere m\u00e1s claramente de muestreo sub-mareal.<\/p>\n<p style=\"text-align: justify;\"><strong>Variaci\u00f3n espacial<\/strong><\/p>\n<p style=\"text-align: justify;\" align=\"LEFT\"><em>C. galvarini<\/em> fue encontrado en s\u00f3lo nueve de los 66 sitios muestreados, durante el proyecto Fondecyt 1080033, a lo largo de la costa expuesta de Chile entre 18 \u00b0 S y 42 \u00b0 S. Los espec\u00edmenes fueron encontrados en; muestras cuantitativas de Matanzas, Bucalemu, Iloca, Llico, Calbuco y Chaihuin; y las muestras cualitativas de Tirua, Calbuco, Chaihuin, Tril Tril, y Cucao (Figura 3). C. galvarini tambi\u00e9n se han observado en las muestras de Las Cruces y Ritoque, pero no durante el muestreo antes mencionado.<\/p>\n<p style=\"text-align: justify;\" align=\"LEFT\"><strong>Figura 3.<\/strong> Los ubicaciones conocidas actuales de <em>C. galvarini<\/em> a lo largo de la costa chilena.<\/p>\n<div class=\"cgmp-centering-container-handle\" style=\"text-align: justify;\" align=\"center\">[Google_Maps_WD id=2 map=2]<\/div>\n<div class=\"cgmp-centering-container-handle\" style=\"text-align: justify;\" align=\"center\">&nbsp;<\/div>\n<div class=\"cgmp-centering-container-handle\" style=\"text-align: justify;\" align=\"center\">&nbsp;<\/div>\n<div class=\"cgmp-centering-container-handle\" style=\"text-align: justify;\" align=\"center\">\n<p style=\"text-align: justify;\" align=\"LEFT\">La Mystacocarida son, al igual que la mayor\u00eda de la meiofauna, reclutadores bent\u00f3nicos directos, o sea&nbsp;falta una fase larval pel\u00e1gica. Teniendo en cuenta la distribuci\u00f3n desigual de <em>C. galvarini<\/em> una pregunta interesante para la investigaci\u00f3n futura es \u00bfc\u00f3mo se dispersan? La suposici\u00f3n es que el transporte de individuos entre las playas es el resultado de eventos aleatorios, como el rafting o bien la dispersi\u00f3n a largo plazo a trav\u00e9s de parches interconectados, sub-mareales de h\u00e1bitat adecuado. Teniendo en cuenta tambi\u00e9n, el conservadurismo morfol\u00f3gica extrema (Hessler, 1988) de la mystacocarida estas preguntas deber\u00eda idealmente ser examinado con la ayuda de t\u00e9cnicas moleculares.<\/p>\n<p style=\"text-align: justify;\"><strong>Variaci\u00f3n temporal<\/strong><\/p>\n<p style=\"text-align: justify;\">Actualmente no hay estudios que investigan la variaci\u00f3n temporal de la Mystacocarida en playas chilenas.<\/p>\n<p style=\"text-align: justify;\"><strong>Taxonom\u00eda<\/strong><\/p>\n<p style=\"text-align: justify;\">Filo: Arthropoda<\/p>\n<p style=\"text-align: justify;\">SubFilo: Crustacea<\/p>\n<p style=\"text-align: justify;\">Clase: Maxillopoda<\/p>\n<p style=\"text-align: justify;\">SubClase: Mystacocarida<\/p>\n<p style=\"text-align: justify;\">Orden: Mystacocaridida<\/p>\n<p style=\"text-align: justify;\">Familia: Derocheilocarididae<\/p>\n<p style=\"text-align: justify;\">Genera:&nbsp;<em>Ctenocheilocaris; Derocheilocaris<\/em><\/p>\n<p style=\"text-align: justify;\"><strong>Lista de Especies de Chile<\/strong><\/p>\n<p style=\"text-align: justify;\">S\u00f3lo una especie registrado:<\/p>\n<p style=\"text-align: justify;\"><em>Ctenocheilocaris<\/em><em>&nbsp;galvarini,&nbsp;<\/em>Dahl 1952<\/p>\n<p style=\"text-align: justify;\"><strong>Referenc\u00edas<\/strong><\/p>\n<p style=\"text-align: justify;\">Brattstr\u00f6m, H. and&nbsp;Dahl E. (1951) General account, lists of stations, hydrography. <em>Reports of the Lund University Chile Expedition 1948-1949<\/em>. <strong>1<\/strong>.&nbsp;&nbsp;C.W.K. Gleerup, Lund, Sweden.<\/p>\n<p style=\"text-align: justify;\">Dahl, E. (1952) Mystacocarida. <em>Reports of the Lund University Chile Expedition 1948-49<\/em>.<strong>7<\/strong>. C.W.K. Gleerup, Lund, Sweden.<\/p>\n<p style=\"text-align: justify;\">Giere, O. (2009) <em>Meiobenthology<\/em>. Springer-Verlag, Berlin. 527pp.<\/p>\n<p style=\"text-align: justify;\">Hessler, R.R. (1988) Mystacocarida. In: Higgins RP and Thiel H (eds). 134-160.<em>Introduction to the study of meiofauna<\/em>. Smithsonian Institution Press, Washington DC.<\/p>\n<p style=\"text-align: justify;\">Lombardi, J. and Ruppert, E.E. (1982) Functional morphology of locomotion in<em>Derocheilocaris typica<\/em> (Crustacea, Mystacocarida). <em>Zoomorphology<\/em> <strong>100<\/strong>:1-10.<\/p>\n<p style=\"text-align: justify;\">Noodt, W. (1961) Estudios sobre crustaceos chilenos en aguas subterreneas. IV. Nuevo hallazgo de <em>Derocheilocaris galvarini<\/em> Dahl en Chile Central (Crustacea, Mystacocarida).<em>Investigaciones de Zoologia Chileana<\/em> <strong>7<\/strong>: 97-99.<\/p>\n<p style=\"text-align: justify;\">Pennak, R.W. and Zinn, D.J. (1943) Mystacocarida, a new order of Crustacea from intertidal beaches in Massachussetts and Connecticut. <em>Smithsonian Miscelaneous Collections<\/em> <strong>103<\/strong>: 1-11.<\/p>\n<\/div>\n","protected":false},"excerpt":{"rendered":"<p>Introducci\u00f3n La Mystacocarida son un peque\u00f1o grupo distinto de los crust\u00e1ceos intersticiales de la Subclase Maxillapoda, que incluye los cop\u00e9podos harpactico\u00eddeos, el \u00fanico otro grupo de crust\u00e1ceos intersticiales similares a los mystacocarids. La primera especie mystacocarid Derocheilocaris typicus fue descrito por Pennak y Zinn en 1943 de la fauna intersticial de playas de arena en [&hellip;]<\/p>\n","protected":false},"author":1,"featured_media":0,"parent":91,"menu_order":0,"comment_status":"closed","ping_status":"closed","template":"","meta":{"footnotes":""},"class_list":["post-214","page","type-page","status-publish","czr-hentry"],"_links":{"self":[{"href":"https:\/\/meiochile.matthewlee.org\/index.php?rest_route=\/wp\/v2\/pages\/214","targetHints":{"allow":["GET"]}}],"collection":[{"href":"https:\/\/meiochile.matthewlee.org\/index.php?rest_route=\/wp\/v2\/pages"}],"about":[{"href":"https:\/\/meiochile.matthewlee.org\/index.php?rest_route=\/wp\/v2\/types\/page"}],"author":[{"embeddable":true,"href":"https:\/\/meiochile.matthewlee.org\/index.php?rest_route=\/wp\/v2\/users\/1"}],"replies":[{"embeddable":true,"href":"https:\/\/meiochile.matthewlee.org\/index.php?rest_route=%2Fwp%2Fv2%2Fcomments&post=214"}],"version-history":[{"count":8,"href":"https:\/\/meiochile.matthewlee.org\/index.php?rest_route=\/wp\/v2\/pages\/214\/revisions"}],"predecessor-version":[{"id":1738,"href":"https:\/\/meiochile.matthewlee.org\/index.php?rest_route=\/wp\/v2\/pages\/214\/revisions\/1738"}],"up":[{"embeddable":true,"href":"https:\/\/meiochile.matthewlee.org\/index.php?rest_route=\/wp\/v2\/pages\/91"}],"wp:attachment":[{"href":"https:\/\/meiochile.matthewlee.org\/index.php?rest_route=%2Fwp%2Fv2%2Fmedia&parent=214"}],"curies":[{"name":"wp","href":"https:\/\/api.w.org\/{rel}","templated":true}]}}