{"id":234,"date":"2016-06-01T13:18:00","date_gmt":"2016-06-01T13:18:00","guid":{"rendered":"http:\/\/newsite.matthewlee.org\/?page_id=234"},"modified":"2021-05-12T15:27:53","modified_gmt":"2021-05-12T15:27:53","slug":"collaborators","status":"publish","type":"page","link":"https:\/\/meiochile.matthewlee.org\/?page_id=234","title":{"rendered":"People"},"content":{"rendered":"<p><strong>Dr. Matthew R. Lee<\/strong><\/p>\n<p><a href=\"http:\/\/meiochile.matthewlee.org\/wp-content\/uploads\/2016\/06\/Matt_web.jpg\"><img loading=\"lazy\" decoding=\"async\" class=\"aligncenter size-full wp-image-980\" src=\"http:\/\/meiochile.matthewlee.org\/wp-content\/uploads\/2016\/06\/Matt_web.jpg\" alt=\"matt_web\" width=\"600\" height=\"340\" srcset=\"https:\/\/meiochile.matthewlee.org\/wp-content\/uploads\/2016\/06\/Matt_web.jpg 600w, https:\/\/meiochile.matthewlee.org\/wp-content\/uploads\/2016\/06\/Matt_web-300x170.jpg 300w\" sizes=\"auto, (max-width: 600px) 100vw, 600px\" \/><\/a><\/p>\n<p>Institution: Centro i~mar, Universidad de Los Lagos, Puerto Montt, CHILE<\/p>\n<p>email: matt(at)matthewlee.org<\/p>\n<p><a href=\"http:\/\/meiochile.matthewlee.org\/?page_id=2067\">Publications<\/a>, <a href=\"http:\/\/meiochile.matthewlee.org\/?page_id=2070\">Conference Presentations<\/a><\/p>\n<p>Links: <a href=\"http:\/\/www.i-mar.cl\/\">Centro i~mar<\/a>, <a href=\"http:\/\/www.ulagos.cl\/\">Universidad de Los Lagos<\/a>, <a href=\"https:\/\/www.researchgate.net\/profile\/Matthew_Lee6\">Research gate<\/a><\/p>\n<h2>Collaborators<\/h2>\n<p><strong>Dr. Antonio Brante<\/strong><\/p>\n<p>Institution: Departamento de Ecolog\u00eda, Universidad Cat\u00f3lica de la Santisima Concepci\u00f3n, Concepci\u00f3n, CHILE<\/p>\n<p>email: abrante(at)ucsc.cl<\/p>\n<p>Links:\u00a0<a href=\"http:\/\/ciencias.ucsc.cl\/depto\/departamento-de-ecologia\/\">Departamento de Ecolog\u00eda<\/a>,\u00a0<a href=\"http:\/\/www.ucsc.cl\/\">Universidad Cat\u00f3lica de la Santisima Concepci\u00f3n<\/a>,<\/p>\n<p>Projects: <a href=\"http:\/\/meiochile.matthewlee.org\/?page_id=321\">Antarctica<\/a><\/p>\n<p><strong>Dr. Cristian Canales<\/strong><\/p>\n<p>Institution: Centro i~mar, Universidad de Los Lagos, Puerto Montt, CHILE<\/p>\n<p>email: cristian.canales(at)ulagos.cl<\/p>\n<p>Links:\u00a0<a href=\"http:\/\/www.i-mar.cl\/\">Centro i~mar<\/a>, <a href=\"http:\/\/www.ulagos.cl\/\">Universidad de Los Lagos<\/a>,\u00a0<a href=\"https:\/\/www.researchgate.net\/profile\/Cristian_Canales-Aguirre\">Research gate<\/a><\/p>\n<p>Projects: <a href=\"http:\/\/meiochile.matthewlee.org\/?page_id=321\">Antarctica<\/a><\/p>\n<p><strong>Dr. Juan Carlos Castilla<\/strong><\/p>\n<p>Institution: Deptartamento de Ecolog\u00eda, Pontificia Universidad Cat\u00f3lica de Chile, Santiago, CHILE<\/p>\n<p>email: jcastilla(at)bio.puc.cl<\/p>\n<p>Links: <a href=\"http:\/\/www.uc.cl\/\">Pontificia Universidad Cat\u00f3lica de Chile<\/a>,\u00a0<a href=\"http:\/\/biologia.uc.cl\/es\/departamentos\/departamento-ecologia\">Departmento Ecolog\u00eda<\/a>,\u00a0<a href=\"http:\/\/www.ecim.cl\/\">ECIM<\/a><\/p>\n<p>Projects:\u00a0<a href=\"http:\/\/meiochile.matthewlee.org\/?page_id=384\">Copper\u00a0Tailings<\/a>,\u00a0<a href=\"http:\/\/meiochile.matthewlee.org\/?page_id=422\">Benthic Diversity<\/a><\/p>\n<p><strong>Dr. Juan Correa<\/strong><\/p>\n<p>Institution: Deptartamento de Ecolog\u00eda, Pontificia Universidad Catolica de Chile, Santiago, CHILE<\/p>\n<p>email: jcorrea(at)bio.puc.cl<\/p>\n<p>Links:\u00a0<a href=\"http:\/\/www.uc.cl\/\">Pontificia Universidad Cat\u00f3lica de Chile<\/a>, <a href=\"http:\/\/biologia.uc.cl\/es\/departamentos\/departamento-ecologia\">Departmento Ecolog\u00eda<\/a>, <a href=\"https:\/\/www.researchgate.net\/profile\/Juan_Correa4\">Research gate<\/a><\/p>\n<p>Projectos:\u00a0<a href=\"http:\/\/meiochile.matthewlee.org\/?page_id=384\">Copper\u00a0Tailings<\/a><\/p>\n<p><strong>Dr. Cristian Hern\u00e1ndez<\/strong><\/p>\n<p>Institution: Departmento de Zoolog\u00eda, Universidad de Concepci\u00f3n, Concepci\u00f3n, CHILE<\/p>\n<p>email: cristianhernad(at)udec.cl<\/p>\n<p>Links: <a href=\"http:\/\/www.udec.cl\/\">Universidad de Concepci\u00f3n<\/a>, <a href=\"http:\/\/www.natura.udec.cl\/departamentos\/zoologia\/\">Departmento Zoolog\u00eda<\/a>,\u00a0<a href=\"https:\/\/www.researchgate.net\/profile\/Cristian_Hernandez2\">Research gate<\/a><\/p>\n<p>Projects: <a href=\"http:\/\/meiochile.matthewlee.org\/?page_id=321\">Antarctica<\/a><\/p>\n<p><strong>Dr. Patricio Manr\u00edquez<\/strong><\/p>\n<p>Institution: Centro de Estudios Avanzados en Zonas Aridas (CEAZA), Coquimbo, CHILE<\/p>\n<p>email: patriciohmanriquez(at)gmail.com<\/p>\n<p>Links: <a href=\"http:\/\/www.ceaza.cl\/\">CEAZA<\/a>, <a href=\"https:\/\/www.researchgate.net\/profile\/Patricio_Manriquez2\">Research gate<\/a><\/p>\n<p>Projects: Acidification<\/p>\n<p><strong>Dr. Nigel Marley<\/strong><\/p>\n<p><a href=\"http:\/\/meiochile.matthewlee.org\/wp-content\/uploads\/2018\/01\/Nigel2.jpg\"><img loading=\"lazy\" decoding=\"async\" class=\"aligncenter size-full wp-image-1098\" src=\"http:\/\/meiochile.matthewlee.org\/wp-content\/uploads\/2018\/01\/Nigel2.jpg\" alt=\"\" width=\"600\" height=\"338\" srcset=\"https:\/\/meiochile.matthewlee.org\/wp-content\/uploads\/2018\/01\/Nigel2.jpg 600w, https:\/\/meiochile.matthewlee.org\/wp-content\/uploads\/2018\/01\/Nigel2-300x169.jpg 300w\" sizes=\"auto, (max-width: 600px) 100vw, 600px\" \/><\/a><\/p>\n<p>Institution: University of Plymouth, Plymouth, UNITED KINGDOM<\/p>\n<p>email: nigel.marley(at)plymouth.ac.uk<\/p>\n<p>Links: <a href=\"https:\/\/www.plymouth.ac.uk\/\">University of Plymouth<\/a>,\u00a0<a href=\"https:\/\/www.researchgate.net\/profile\/Nigel_Marley\">Research gate<\/a><\/p>\n<p>Projects: <a href=\"http:\/\/meiochile.matthewlee.org\/?page_id=321\">Antarctica<\/a>, Tardigrades<\/p>\n<p><strong>Marcela Riveros<\/strong><\/p>\n<p><a href=\"http:\/\/meiochile.matthewlee.org\/wp-content\/uploads\/2016\/06\/Marcela_web.jpg\"><img loading=\"lazy\" decoding=\"async\" class=\"aligncenter size-full wp-image-983\" src=\"http:\/\/meiochile.matthewlee.org\/wp-content\/uploads\/2016\/06\/Marcela_web.jpg\" alt=\"marcela_web\" width=\"600\" height=\"340\" srcset=\"https:\/\/meiochile.matthewlee.org\/wp-content\/uploads\/2016\/06\/Marcela_web.jpg 600w, https:\/\/meiochile.matthewlee.org\/wp-content\/uploads\/2016\/06\/Marcela_web-300x170.jpg 300w\" sizes=\"auto, (max-width: 600px) 100vw, 600px\" \/><\/a><\/p>\n<p>Institution: Instituto de Ciencias Marinas &amp; Limnol\u00f3gicas, Universidad Austral de Chile, Valdivia, CHILE<\/p>\n<p>email: marcelariv(at)yahoo.es<\/p>\n<p>Links: <a href=\"http:\/\/www.icml.uach.cl\/\">Instituto de Ciencias Marinas &amp; Limnol\u00f3gicas<\/a>,\u00a0<a href=\"https:\/\/www.uach.cl\/\">Universidad Austral de Chile<\/a>,\u00a0<a href=\"https:\/\/www.researchgate.net\/profile\/Marcela_Riveros\">Research gate<\/a><\/p>\n<p>Projects: <a href=\"http:\/\/meiochile.matthewlee.org\/?page_id=271\">Macroecology<\/a><\/p>\n<p><strong>Dr. Andreas Schmidt-Rhaesa<\/strong><\/p>\n<p><a href=\"http:\/\/meiochile.matthewlee.org\/wp-content\/uploads\/2016\/06\/Andreas.jpg\"><img loading=\"lazy\" decoding=\"async\" class=\"aligncenter size-full wp-image-994\" src=\"http:\/\/meiochile.matthewlee.org\/wp-content\/uploads\/2016\/06\/Andreas.jpg\" alt=\"\" width=\"600\" height=\"399\" srcset=\"https:\/\/meiochile.matthewlee.org\/wp-content\/uploads\/2016\/06\/Andreas.jpg 600w, https:\/\/meiochile.matthewlee.org\/wp-content\/uploads\/2016\/06\/Andreas-300x200.jpg 300w\" sizes=\"auto, (max-width: 600px) 100vw, 600px\" \/><\/a><\/p>\n<p>Institution: Zoological Museum, University of Hamburg, GERMANY<\/p>\n<p>email:\u00a0Andreas.Schmidt-Rhaesa(at)uni-hamburg.de<\/p>\n<p>Links:<\/p>\n<p>Projects: MEC<\/p>\n<p><strong>Dr. Robert Stead<\/strong><\/p>\n<p>Institution: Universidad de Los Lagos, Puerto Montt, CHILE<\/p>\n<p>email: stead(at)ulagos.cl<\/p>\n<p>Links:\u00a0<a href=\"http:\/\/www.ulagos.cl\/\">Universidad de Los Lagos<\/a>,\u00a0<a href=\"https:\/\/www.researchgate.net\/profile\/Robert_Stead\">Research gate<\/a><\/p>\n<p>Projectos: Fiords<\/p>\n<p><strong>Dr. Martin Thiel<\/strong><\/p>\n<p>Institution: Universidad Cat\u00f3lica del Norte, Coquimbo, CHILE<\/p>\n<p>email: thiel(at)ucn.cl<\/p>\n<p>Links: <a href=\"http:\/\/www.ucn.cl\/\">Universidad Cat\u00f3lica del Norte<\/a>,\u00a0<a href=\"https:\/\/www.researchgate.net\/profile\/Martin_Thiel\">Research gate<\/a><\/p>\n<p>Projects: Easter Island<\/p>\n<h2>Students<\/h2>\n<p><strong>Diego Jaramillo<\/strong><\/p>\n<p>Institution: Universidad de Los Lagos<\/p>\n<p>Course: Marine Biology (Undergraduate)<\/p>\n<p>Thesis: &#8220;Interacci\u00f3n y effecto de macrofauna en poblaciones de meiobentos basados en modelos de microcosmos&#8221;<\/p>\n<p>Project: Reloncav\u00ed<\/p>\n<p>email: diego.jaramillo1997(at)gmail.com<\/p>\n<p>Current address:<\/p>\n<p>&nbsp;<\/p>\n<p><strong>Bianca Olivares<\/strong><\/p>\n<p><a href=\"http:\/\/meiochile.matthewlee.org\/wp-content\/uploads\/2016\/06\/Bianca_web.jpg\"><img loading=\"lazy\" decoding=\"async\" class=\"aligncenter size-full wp-image-978\" src=\"http:\/\/meiochile.matthewlee.org\/wp-content\/uploads\/2016\/06\/Bianca_web.jpg\" alt=\"bianca_web\" width=\"600\" height=\"340\" srcset=\"https:\/\/meiochile.matthewlee.org\/wp-content\/uploads\/2016\/06\/Bianca_web.jpg 600w, https:\/\/meiochile.matthewlee.org\/wp-content\/uploads\/2016\/06\/Bianca_web-300x170.jpg 300w\" sizes=\"auto, (max-width: 600px) 100vw, 600px\" \/><\/a><\/p>\n<p>Institution: Universidad de Los Lagos<\/p>\n<p>Course: Marine Biology (Undergraduate)<\/p>\n<p>Thesis: (2016)\u201cComparaci\u00f3n de Meiofauna entre el Continente Ant\u00e1rtico y el Extremo Sur de Chile\u201d<\/p>\n<p>Project: <a href=\"http:\/\/meiochile.matthewlee.org\/?page_id=321\">Antarctica<\/a><\/p>\n<p>email: bianca.olivares.o(at)gmail.com<\/p>\n<p>Current address:<\/p>\n<p><strong>Jaen Mayorga<\/strong><\/p>\n<p>Institution: Universidad de Los Lagos<\/p>\n<p>Course: Marine Biology (Undergraduate)<\/p>\n<p>Thesis: (2015)\u00a0\u201cBioperturbaci\u00f3n del flamenco chileno (<em>Phoenicopterus chilensis<\/em>, Molina 1782) sobre el meiobentos de una planicie marina del sur de Chile\u201d<\/p>\n<p>Project: <a href=\"http:\/\/meiochile.matthewlee.org\/?page_id=340\">Flamingos<\/a><\/p>\n<p>email: jaen.mayorga.dussarrat(at)gmail.com<\/p>\n<p>Current address:<\/p>\n<p>&nbsp;<\/p>\n","protected":false},"excerpt":{"rendered":"<p>Dr. Matthew R. Lee Institution: Centro i~mar, Universidad de Los Lagos, Puerto Montt, CHILE email: matt(at)matthewlee.org Publications, Conference Presentations Links: Centro i~mar, Universidad de Los Lagos, Research gate Collaborators Dr. Antonio Brante Institution: Departamento de Ecolog\u00eda, Universidad Cat\u00f3lica de la Santisima Concepci\u00f3n, Concepci\u00f3n, CHILE email: abrante(at)ucsc.cl Links:\u00a0Departamento de Ecolog\u00eda,\u00a0Universidad Cat\u00f3lica de la Santisima Concepci\u00f3n, Projects: [&hellip;]<\/p>\n","protected":false},"author":1,"featured_media":0,"parent":0,"menu_order":0,"comment_status":"closed","ping_status":"closed","template":"","meta":{"footnotes":""},"class_list":["post-234","page","type-page","status-publish","czr-hentry"],"_links":{"self":[{"href":"https:\/\/meiochile.matthewlee.org\/index.php?rest_route=\/wp\/v2\/pages\/234","targetHints":{"allow":["GET"]}}],"collection":[{"href":"https:\/\/meiochile.matthewlee.org\/index.php?rest_route=\/wp\/v2\/pages"}],"about":[{"href":"https:\/\/meiochile.matthewlee.org\/index.php?rest_route=\/wp\/v2\/types\/page"}],"author":[{"embeddable":true,"href":"https:\/\/meiochile.matthewlee.org\/index.php?rest_route=\/wp\/v2\/users\/1"}],"replies":[{"embeddable":true,"href":"https:\/\/meiochile.matthewlee.org\/index.php?rest_route=%2Fwp%2Fv2%2Fcomments&post=234"}],"version-history":[{"count":29,"href":"https:\/\/meiochile.matthewlee.org\/index.php?rest_route=\/wp\/v2\/pages\/234\/revisions"}],"predecessor-version":[{"id":2220,"href":"https:\/\/meiochile.matthewlee.org\/index.php?rest_route=\/wp\/v2\/pages\/234\/revisions\/2220"}],"wp:attachment":[{"href":"https:\/\/meiochile.matthewlee.org\/index.php?rest_route=%2Fwp%2Fv2%2Fmedia&parent=234"}],"curies":[{"name":"wp","href":"https:\/\/api.w.org\/{rel}","templated":true}]}}