{"id":275,"date":"2016-06-06T19:58:43","date_gmt":"2016-06-06T19:58:43","guid":{"rendered":"http:\/\/newsite.matthewlee.org\/?page_id=275"},"modified":"2016-09-02T18:29:39","modified_gmt":"2016-09-02T18:29:39","slug":"proyecto-macroecologia","status":"publish","type":"page","link":"https:\/\/meiochile.matthewlee.org\/?page_id=275","title":{"rendered":"Proyecto Macroecolog\u00eda"},"content":{"rendered":"<h1 class=\"entry-title\" style=\"text-align: justify;\">Fondecyt Project 1080033<\/h1>\n<div class=\"entry-content\">\n<h2 style=\"text-align: justify;\">Gradientes latitudinales en la diversidad, tama\u00f1o de rango, y tama\u00f1o corporal de nematodos litorales de la vida libre a lo largo de la costa de Chile.<\/h2>\n<p>Sitios de estudio &#8211; <a href=\"http:\/\/meiochile.matthewlee.org\/?page_id=275#results\">Resultados<\/a> &#8211; <a href=\"http:\/\/meiochile.matthewlee.org\/?page_id=275#papers\">Publicaciones<\/a><\/p>\n<h2 style=\"text-align: justify;\">Resumen del Proyecto<\/h2>\n<p style=\"text-align: justify;\">El objetivo de esta investigaci\u00f3n es describir la diversidad de los nematodos de vida libre de la marina litoral a\u00a0lo largo de la costa de Chile y luego usar la informaci\u00f3n obtenida para examinar una serie de hip\u00f3tesis macroecol\u00f3gicos. Esta ser\u00e1 la primer estudio integral, concertada y sistem\u00e1tica de los nematodos de la vida libre en el\u00a0litoral marino, y otros\u00a0grupos de meiofauna, a lo largo de toda la costa de Chile, que ha tenido lugar desde la Lund Expedici\u00f3n a Chile (1948-49). Los nematodos son miembros abundantes, ubicuos e importantes de comunidades b\u00e9nticas marinas. Basado en una revisi\u00f3n de la literatura\u00a0reciente (Lee et al., 2008), actualmente hay 326 especies de nematodos identificados a partir del medio bent\u00f3nico en Chile, convirti\u00e9ndose en el cuarto filum m\u00e1s abundante despu\u00e9s de crust\u00e1ceos, moluscos y an\u00e9lidos. El n\u00famero de especies dentro de los bentos chilenas sin duda aumentar\u00e1 con la investigaci\u00f3n propuesta como la lista actual representa una cantidad bastante limitada de esfuerzo de muestreo, y que bien podr\u00eda rivalizar con los crust\u00e1ceos en t\u00e9rminos de diversidad. La inspiraci\u00f3n para esta investigaci\u00f3n es un an\u00e1lisis de gradientes latitudinales en las poblaciones de nematodos litoral marinas de vida libre a lo largo de la costa de Chile a partir de la literatura disponible actualmente. Tres principales gradientes latitudinales ser\u00e1n examinados en la investigaci\u00f3n propuesta, aunque otros ser\u00e1n consideradas en funci\u00f3n de la informaci\u00f3n obtenida. T\u00edpicamente diversidad se cree que disminuir con el aumento de la latitud y este gradiente ha sido ampliamente observado en el ambiente terrestre. En el medio marino sin embargo, la situaci\u00f3n es menos clara. A lo largo de la costa de Chile una disminuci\u00f3n de la diversidad de las especies al aumentar la latitud se ha encontrado en algunos invertebrados y otros no. En el caso de los nematodos marinas litorales de vida libre a lo largo de la costa de Chile la tendencia general es un aumento en la diversidad al aumentar la latitud. El segundo gradiente de inter\u00e9s son los cambios latitudinales en el promedio del tama\u00f1o de rango de distribuci\u00f3n de especies. En el medio terrestre el promedio del tama\u00f1o de rango de especies tienden a aumentar al aumentar la latitud, esto es ampliamente conocido como la regla de Rapoport. En el ambiente marino hay muy poca evidencia para apoyar este gradiente. En el caso de los nematodos marinas litorales de vida libre a lo largo de la costa de Chile hay una disminuci\u00f3n gradual en el promedio del tama\u00f1o de\u00a0rango al aumentar la latitud. Por \u00faltimo, existe el gradiente latitudinal en el promedio\u00a0del tama\u00f1o corporal conocido como regla de Bergmann. \u00a0Tama\u00f1os corporales dentro de un determinado tax\u00f3n tienden a aumentar a medida que aumenta la latitud.En el caso de los nematodos marinas litorales de vida libre a lo largo de la costa de Chile hay una disminuci\u00f3n gradual en el tama\u00f1o corporal promedio\u00a0al aumentar la latitud. Con esta investigaci\u00f3n estos gradientes se confirmar\u00e1n mediante un muestreo sistem\u00e1tico de la costa chilena y una serie de hip\u00f3tesis ser\u00e1n probados para examinar las posibles causas de estos gradientes. A priori las hip\u00f3tesis explicativas m\u00e1s probables son aquellas que ver con la diversidad y disponibilidad de h\u00e1bitat. Adem\u00e1s hip\u00f3tesis de especiaci\u00f3n se pondr\u00e1 a prueba mediante el uso de medidas de distinci\u00f3n taxon\u00f3mica entre diferentes latitudes, menor distinci\u00f3n taxon\u00f3mica dentro de un \u00e1rea podr\u00eda indicar eventos m\u00e1s recientes de especiaci\u00f3n. A lo largo de la costa sur de Chile el m\u00e1s probable froma\u00a0de la especiaci\u00f3n es especiaci\u00f3n alop\u00e1trica impulsado por la divisi\u00f3n de rango como resultado de eventos de glaciaci\u00f3n. La toma de muestras para este estudio se llevar\u00e1 a cabo a lo largo de toda la longitud de la costa de Chile con la intenci\u00f3n de visitar, si es posible, al menos tres sitios por grado de latitud. En cada sitio se tomaron muestras tanto cuantitativos como cualitativos de sustratos blandos y duros. Las muestras cuantitativos proporcionar\u00e1n datos abundancia lo que aumentar\u00e1 el n\u00famero de hip\u00f3tesis macroecol\u00f3gicos que se pueden examinar. En el laboratorio de todas las especies de nematodos en la muestra ser\u00e1n identificados y nuevas especies descritas y publicadas. Como el muestreo para los nematodos se muestra todo el conjunto de la meiofauna, esta investigaci\u00f3n va a generar una cantidad considerable de informaci\u00f3n sobre la meiofauna generalmente a lo largo de la costa de Chile y proporcionar un recurso importante para futuras investigaciones dentro de este grupo. En cuanto a los papers, esta investigaci\u00f3n debe generar una serie de publicaciones taxon\u00f3micas, descripciones y listas de especies para la nematofauna regional, y los papers\u00a0que examinaran las hip\u00f3tesis macroecol\u00f3gicos. En el contexto m\u00e1s amplio, la informaci\u00f3n recopilada durante este estudio aumentar\u00e1 considerablemente nuestro conocimiento de la biodiversidad a lo largo de la costa de Chile y proporciona un recurso adicional y \u00fatil para la gesti\u00f3n de los recursos costeros, la conservaci\u00f3n de la evaluaci\u00f3n de la biodiversidad y protecci\u00f3n del medio ambiente.<\/p>\n<\/div>\n<h2 style=\"text-align: justify;\"><a id=\"results\"><\/a>Resultados<\/h2>\n<p class=\"entry-title\"><a href=\"http:\/\/meiochile.matthewlee.org\/?page_id=291\">Riqueza de Especies y Abundancia<\/a><\/p>\n<p class=\"entry-title\"><a href=\"http:\/\/meiochile.matthewlee.org\/?page_id=300\">Tama\u00f1o del Rango de Distribuci\u00f3n<\/a><\/p>\n<p class=\"entry-title\"><a href=\"http:\/\/meiochile.matthewlee.org\/?page_id=310\">Relaci\u00f3n entre los Patrones Macroecologicos Observados y Variables Ambientales<\/a><\/p>\n<p class=\"entry-title\"><a href=\"http:\/\/meiochile.matthewlee.org\/?page_id=317\">Discusi\u00f3n de los Patrones Macroecologicos Observados en un Contexto Regional y Global<\/a><\/p>\n<h2 style=\"text-align: justify;\"><a id=\"papers\"><\/a>Publicaciones<\/h2>\n<p lang=\"es-CL\" align=\"justify\"><strong>Lee, M.R.<\/strong> &amp; Riveros, M. (2012) Latitudinal trends in the species richness of free-living marine nematode assemblages from exposed sandy beaches along the coast of Chile (18\u201342\u00b0S). <em>Marine Ecology<\/em>, <strong>33<\/strong>:317-325.<\/p>\n<p lang=\"es-ES\" align=\"justify\"><strong><span lang=\"es-CL\">Lee, M.R.<\/span><\/strong><span lang=\"es-CL\"> &amp; Riveros, M. (2014) Geographic distribution <\/span><em><span lang=\"es-CL\">Ctenocheilocaris galvarini<\/span><\/em> <span lang=\"es-CL\">(Crustacea: Mystacocarida) along the coast of Chile<\/span><span lang=\"es-CL\">.<\/span> <span lang=\"es-CL\"><em>Journal of the Marine Biological Association of the United Kingdom<\/em>, <\/span><strong><span lang=\"es-CL\">9<\/span><span lang=\"es-CL\">4<\/span><\/strong><span lang=\"es-CL\">:<\/span><span lang=\"es-CL\">975-979.<\/span> <span lang=\"es-CL\">(doi:10.1017\/S0025315414000435)<\/span><\/p>\n","protected":false},"excerpt":{"rendered":"<p>Fondecyt Project 1080033 Gradientes latitudinales en la diversidad, tama\u00f1o de rango, y tama\u00f1o corporal de nematodos litorales de la vida libre a lo largo de la costa de Chile. Sitios de estudio &#8211; Resultados &#8211; Publicaciones Resumen del Proyecto El objetivo de esta investigaci\u00f3n es describir la diversidad de los nematodos de vida libre de [&hellip;]<\/p>\n","protected":false},"author":1,"featured_media":0,"parent":99,"menu_order":0,"comment_status":"closed","ping_status":"closed","template":"","meta":{"footnotes":""},"class_list":["post-275","page","type-page","status-publish","czr-hentry"],"_links":{"self":[{"href":"https:\/\/meiochile.matthewlee.org\/index.php?rest_route=\/wp\/v2\/pages\/275","targetHints":{"allow":["GET"]}}],"collection":[{"href":"https:\/\/meiochile.matthewlee.org\/index.php?rest_route=\/wp\/v2\/pages"}],"about":[{"href":"https:\/\/meiochile.matthewlee.org\/index.php?rest_route=\/wp\/v2\/types\/page"}],"author":[{"embeddable":true,"href":"https:\/\/meiochile.matthewlee.org\/index.php?rest_route=\/wp\/v2\/users\/1"}],"replies":[{"embeddable":true,"href":"https:\/\/meiochile.matthewlee.org\/index.php?rest_route=%2Fwp%2Fv2%2Fcomments&post=275"}],"version-history":[{"count":16,"href":"https:\/\/meiochile.matthewlee.org\/index.php?rest_route=\/wp\/v2\/pages\/275\/revisions"}],"predecessor-version":[{"id":442,"href":"https:\/\/meiochile.matthewlee.org\/index.php?rest_route=\/wp\/v2\/pages\/275\/revisions\/442"}],"up":[{"embeddable":true,"href":"https:\/\/meiochile.matthewlee.org\/index.php?rest_route=\/wp\/v2\/pages\/99"}],"wp:attachment":[{"href":"https:\/\/meiochile.matthewlee.org\/index.php?rest_route=%2Fwp%2Fv2%2Fmedia&parent=275"}],"curies":[{"name":"wp","href":"https:\/\/api.w.org\/{rel}","templated":true}]}}