{"id":324,"date":"2016-06-07T01:38:17","date_gmt":"2016-06-07T01:38:17","guid":{"rendered":"http:\/\/newsite.matthewlee.org\/?page_id=324"},"modified":"2016-08-30T14:41:35","modified_gmt":"2016-08-30T14:41:35","slug":"proyect-antartida","status":"publish","type":"page","link":"https:\/\/meiochile.matthewlee.org\/?page_id=324","title":{"rendered":"Proyecto Ant\u00e1rtida"},"content":{"rendered":"<p style=\"text-align: justify;\"><a href=\"http:\/\/meiochile.matthewlee.org\/?page_id=367\">Sitios de estudio<\/a> &#8211;<\/p>\n<h2 style=\"text-align: justify;\"><strong>Macroecolog\u00eda y Diversidad de la Meiofauna de Altas Latitudes Utilizando una Aproximaci\u00f3n Morfol\u00f3gica y Molecular<\/strong><\/h2>\n<h3 style=\"text-align: justify;\"><em>Proyecto <\/em><em>Instituto Ant\u00e1rtico Chileno (INACh) T_13-10<\/em><\/h3>\n<h4 style=\"text-align: justify;\"><strong>Resumen del proyecto<\/strong><\/h4>\n<p style=\"text-align: justify;\">La meiofauna es un componente extremadamente importante del bentos marino. Sin embargo, son escasos los estudios sobre la meiofauna y la fauna bent\u00f3nica de peque\u00f1os metazoa de la Ant\u00e1rtica (v\u00e9ase Giere, 2009 para una revisi\u00f3n). La poca informaci\u00f3n de los aspectos biol\u00f3gicos y ecol\u00f3gicos b\u00e1sicos, tales como su diversidad y distribuci\u00f3n, han limitado por muchos a\u00f1os el desarrollo del conocimiento en este grupo. El presente proyecto tiene como objetivo estudiar la diversidad de la fauna de metazoos peque\u00f1os en ambientes intermareales de las regiones de Magallanes y Ant\u00e1rtica con un enfoque morfol\u00f3gico y molecular. Con esta informaci\u00f3n, una serie de hip\u00f3tesis macroecol\u00f3gicos y biogeogr\u00e1ficas se pondr\u00e1n a prueba a fin de identificar algunos de los mecanismos que explican los patrones de diversidad en este grupo. Se muestrear\u00e1 cuantitativa y cualitativamente todos los micro-h\u00e1bitats intermareales encontradas durante el trabajo en terreno. Muestras cualitativas se conservar\u00e1n en DESS, una soluci\u00f3n que permite que la fauna sea examinada por los m\u00e9todos tradicionales morfol \u00f3gicos y los nuevos m\u00e9todos moleculares (v\u00e9ase Yoder et al., 2006). Adem\u00e1s, las muestras de sedimentos cuantitativos ser\u00e1n fijadas en formalina al 5% para estimar la abundancia de las diferentes especies componentes de la comunidad meiobent\u00f3nica. El enfoque inicial ser\u00e1 en los phylums Nematoda y Tardigrada. Nematoda es uno de los grupos m\u00e1s diversos y abundantes de todas la fauna marinas, presente en todo los ambientes marinos bent\u00f3nicos (Coomans, 2000; Eyualem-Abebe et al., 2008; Lambshead y Boucher, 2003). Los tard\u00edgrados, aunque menos diversos que los nematodos, tambi\u00e9n est\u00e1n presente en todos los ambientes marinos bent\u00f3nicos. Son particularmente importantes en estudios filogen\u00e9ticos debido a su posici\u00f3n incierta en el \u00e1rbol de la vida (Nelson, 2002). Con los estudios futuros en mente, todo el material recolectado ser\u00e1 preservado lo que proporcionar\u00e1 una enorme fuente de material para estudios de diversidad taxon\u00f3mica de todos los grupos que se encuentran t\u00edpicamente en la meiofauna Ant\u00e1rtica. Los sitios propuestos para el muestreo son Isla Navarino, Isla Rey Jorge, Isla Decepci\u00f3n, Bah\u00eda Para\u00edso, y la Isla de Adelaida (Rothera).<\/p>\n<p style=\"text-align: justify;\">Los pocos estudios realizados sobre la diversidad de la meiofauna en la Ant\u00e1rtica se enfocan principalmente en niveles taxon\u00f3micos altos de clasificaci\u00f3n (por ejemplo, Bright et al., 2003; Gutzmann et al., 2004). Sin embargo, Barnes et al. (2009b) sugieren que con un muestreo m\u00e1s intensivo de la zona intermareal, el n\u00famero de taxones de meiobentos conocidos aumentar\u00e1 significativamente, especialmente los nematodos ya que son generalmente el grupo m\u00e1s diverso y abundante dentro de la meiofauna (Heip et al., 1985). La informaci\u00f3n actual sobre la diversidad de los nematodos en las aguas ant\u00e1rticas proviene principalmente de estudios en aguas profundas (por ejemplo, Gutzmann et al., 2004; Ingels et al., 2006; Vermeeren et al., 2004), basados en muestras recogidas durante el ANDEEP serie de cruceros. Una b\u00fasqueda en el portal SCAR-MarBIN indica que actualmente hay 385 especies de nematodos descrito para la regi\u00f3n ant\u00e1rtica (RAMS, 2010). Adem\u00e1s, aunque la zona intermareal en la Ant\u00e1rtica parece a primera vista desprovista de fauna, en particular en las \u00e1reas con erosi\u00f3n por hielo, un estudio realizado por Waller (2008) indic\u00f3 que existe una considerable diversidad de fauna s\u00e9sil en los h\u00e1bitats intermareales cr\u00edpticos tales como bajo bolones y los intersticios protegidas en la zona. Estos invertebrados s\u00e9siles forman importantes micro-h\u00e1bitats que pueden ser ocupados por la meiofauna. Por tanto, es probable que todav\u00eda exista una cantidad considerable de la diversidad de fauna por descubrir en los h\u00e1bitats bent\u00f3nicos intermareales y sublitorales someros de la Ant\u00e1rtica. Sin duda, la aplicaci\u00f3n de t\u00e9cnicas moleculares ayudar\u00e1 a revelar complejos de especies cr\u00edpticas, como ha sido evidenciado para otros lugares (Bhadury et al., 2008; Derycke et al., 2007, 2010). La informaci\u00f3n que se obtenga al finalizar este proyecto, permitir\u00e1 adem\u00e1s generar c\u00f3digos de barras de ADN para al menos las especies m\u00e1s abundantes de nematodos, proporcionando una herramienta significativamente \u00fatil para aplicar en otros estudios ecol\u00f3gicos y facilitar futuras evaluaciones de impacto ambiental en la zona. Por otro lado, el conocimiento de la fauna ant\u00e1rtica de tard\u00edgrados marinos esta actualmente limitada a tres publicaciones (Bellido &amp; Bertrand, 1981; V\u00edllora-Moreno, 1998; Miller y Kristensen, 1999) y a una recopilaci\u00f3n in\u00e9dita de un crucero para el estudio del meiobentos del Oc\u00e9ano Austral (Petersen, 1990 ). Este proyecto pretende vincular colecciones de tard\u00edgrados marinos de la costa de Am\u00e9rica del Sur y las aguas costeras de la Ant\u00e1rtica siendo la primera de su clase, contribuyendo significativamente al estudio de la biodiversidad marina.<\/p>\n<p style=\"text-align: justify;\">La conectividad entre la fauna del continente Sudamericano y Ant\u00e1rtico y las posibles v\u00edas por la que las especies podr\u00edan dispersarse son discutidas por Clarke et al. (2005) y Clarke (2008). Sin embargo, con respecto a la meiofauna, la situaci\u00f3n actual no permite sacar conclusiones biogeogr\u00e1fica generales debido a la poca informaci\u00f3n que se dispone. Las teor\u00edas macroecol\u00f3gicos est\u00e1ndar predicen que la diversidad de especies disminuye al aumentar la latitud. Sin embargo, a medida que el n\u00famero de grupos taxon\u00f3micos estudiados aumenta la imagen se vuelve menos claro. Por ejemplo, en el caso de los invertebrados marinos, si aumenta o disminuye la diversidad con la latitud parece ser predicho por el ciclo de vida del grupo (Fern\u00e1ndez et al. 2009). En el caso de los nematodos de vida libre del litoral, un an\u00e1lisis de los datos disponibles en literatura indica que existe una correlaci\u00f3n positiva entre diversidad y latitud (Lee, en prep.). La regla de Bergmann predice que el tama\u00f1o corporal de las especies aumentar\u00e1 al aumentar la latitud (Blackburn et al., 1999). Es bien sabido que los invertebrados marinos de la Ant\u00e1rtica son a menudo m\u00e1s grandes que sus parientes m\u00e1s al norte. En el caso de los nematodos, existen pruebas de laboratorio que muestran que individuos cultivados a temperaturas m\u00e1s bajas crecen m\u00e1s lentamente, pero logran un mayor tama\u00f1o corporal (Van Voorhies, 1996). Sin embargo, cuando se consideran todos los nematodos en la costa chilena de Am\u00e9rica del Sur, se observa una disminuci\u00f3n en el tama\u00f1o corporal promedio al aumentar la latitud (Lee, datos no publicados). Por lo tanto, una evaluaci\u00f3n de la diversidad de meiofauna Ant\u00e1rtico intermareal utilizando t\u00e9cnicas moleculares y morfol\u00f3gicas; la comparaci\u00f3n entre las meiofauna de los regiones Magallanes y Ant\u00e1rtica, y una an\u00e1lisis de las diversas hip\u00f3tesis macroecol\u00f3gicos ser\u00e1n las importantes contribuciones de esta investigaci\u00f3n para la ciencia ant\u00e1rtica.<\/p>\n","protected":false},"excerpt":{"rendered":"<p>Sitios de estudio &#8211; Macroecolog\u00eda y Diversidad de la Meiofauna de Altas Latitudes Utilizando una Aproximaci\u00f3n Morfol\u00f3gica y Molecular Proyecto Instituto Ant\u00e1rtico Chileno (INACh) T_13-10 Resumen del proyecto La meiofauna es un componente extremadamente importante del bentos marino. Sin embargo, son escasos los estudios sobre la meiofauna y la fauna bent\u00f3nica de peque\u00f1os metazoa de [&hellip;]<\/p>\n","protected":false},"author":1,"featured_media":0,"parent":99,"menu_order":0,"comment_status":"closed","ping_status":"closed","template":"","meta":{"footnotes":""},"class_list":["post-324","page","type-page","status-publish","czr-hentry"],"_links":{"self":[{"href":"https:\/\/meiochile.matthewlee.org\/index.php?rest_route=\/wp\/v2\/pages\/324","targetHints":{"allow":["GET"]}}],"collection":[{"href":"https:\/\/meiochile.matthewlee.org\/index.php?rest_route=\/wp\/v2\/pages"}],"about":[{"href":"https:\/\/meiochile.matthewlee.org\/index.php?rest_route=\/wp\/v2\/types\/page"}],"author":[{"embeddable":true,"href":"https:\/\/meiochile.matthewlee.org\/index.php?rest_route=\/wp\/v2\/users\/1"}],"replies":[{"embeddable":true,"href":"https:\/\/meiochile.matthewlee.org\/index.php?rest_route=%2Fwp%2Fv2%2Fcomments&post=324"}],"version-history":[{"count":3,"href":"https:\/\/meiochile.matthewlee.org\/index.php?rest_route=\/wp\/v2\/pages\/324\/revisions"}],"predecessor-version":[{"id":372,"href":"https:\/\/meiochile.matthewlee.org\/index.php?rest_route=\/wp\/v2\/pages\/324\/revisions\/372"}],"up":[{"embeddable":true,"href":"https:\/\/meiochile.matthewlee.org\/index.php?rest_route=\/wp\/v2\/pages\/99"}],"wp:attachment":[{"href":"https:\/\/meiochile.matthewlee.org\/index.php?rest_route=%2Fwp%2Fv2%2Fmedia&parent=324"}],"curies":[{"name":"wp","href":"https:\/\/api.w.org\/{rel}","templated":true}]}}