{"id":424,"date":"2016-09-02T18:00:07","date_gmt":"2016-09-02T18:00:07","guid":{"rendered":"http:\/\/meiochile.matthewlee.org\/?page_id=424"},"modified":"2016-09-02T18:00:07","modified_gmt":"2016-09-02T18:00:07","slug":"invertebrados-bentonicos-marinos-de-vida-libre-en-chile","status":"publish","type":"page","link":"https:\/\/meiochile.matthewlee.org\/?page_id=424","title":{"rendered":"Invertebrados bent\u00f3nicos marinos de vida libre en Chile"},"content":{"rendered":"<h2 style=\"text-align: justify;\">Resumen<\/h2>\n<p style=\"text-align: justify;\">Se realiz\u00f3 una revisi\u00f3n exhaustiva de la literatura para determinar la riqueza de especies de todos los taxa de\u00a0invertebrados bent\u00f3nicos de vida libre en Chile. Adem\u00e1s, se analiz\u00f3 el endemismo de invertebrados marinos\u00a0bent\u00f3nicos para las islas chilenas del Pac\u00edfico y el mar profundo y el n\u00famero de especies no ind\u00edgenas; del\u00a0mismo modo que la contribuci\u00f3n de estos invertebrados a la riqueza mundial de invertebrados bent\u00f3nicos\u00a0marinos. Para Chile se acumul\u00f3 un total de 4.553 especies de invertebrados bent\u00f3nicos. Los taxa con m\u00e1s\u00a0especies fueron Crustacea, Mollusca y Polychaeta. En algunos taxa de invertebrados no se encontr\u00f3\u00a0informaci\u00f3n sobre la diversidad de especies presentes en Chile, a pesar de existir evidencia de que \u00e9stos est\u00e1n\u00a0presentes en el bentos marino chileno. Los invertebrados bent\u00f3nicos marinos chilenos contribuyen con el 2,47\u00a0% de la riqueza mundial de dichos invertebrados. Se encontraron 599 especies end\u00e9micas de las islas chilenas\u00a0del Pac\u00edfico y 205 especies end\u00e9micas para el mar profundo. Hasta ahora en Chile se han identificado s\u00f3lo 25\u00a0especies invasoras de invertebrados bent\u00f3nicos marinos. Los invertebrados bent\u00f3nicos marinos chilenos son\u00a0diversos, pero a\u00fan hay especies no descritas, especialmente dentro de los invertebrados bent\u00f3nicos de\u00a0peque\u00f1o tama\u00f1o corporal que se encuentran en h\u00e1bitat poco explorados, como por ejemplo el mar profundo.<\/p>\n<h2 style=\"text-align: justify;\">Publicaci\u00f3n<\/h2>\n<p style=\"text-align: justify;\"><strong>Lee, M.R.<\/strong>, Clarke, M., Fernandez, M.E., Gonzalez, C., Rozbaczylo, N., Valdovinos, C., Hermosilla, C., Prado, L. &amp; Castilla, J.C., (2008) Diversity of free-living benthic marine invertebrates in Chile. <em>Revista Chilena Historia Natural.<\/em> <strong>81<\/strong>: 51-67.<\/p>\n","protected":false},"excerpt":{"rendered":"<p>Resumen Se realiz\u00f3 una revisi\u00f3n exhaustiva de la literatura para determinar la riqueza de especies de todos los taxa de\u00a0invertebrados bent\u00f3nicos de vida libre en Chile. Adem\u00e1s, se analiz\u00f3 el endemismo de invertebrados marinos\u00a0bent\u00f3nicos para las islas chilenas del Pac\u00edfico y el mar profundo y el n\u00famero de especies no ind\u00edgenas; del\u00a0mismo modo que la [&hellip;]<\/p>\n","protected":false},"author":1,"featured_media":0,"parent":99,"menu_order":0,"comment_status":"closed","ping_status":"closed","template":"","meta":{"footnotes":""},"class_list":["post-424","page","type-page","status-publish","czr-hentry"],"_links":{"self":[{"href":"https:\/\/meiochile.matthewlee.org\/index.php?rest_route=\/wp\/v2\/pages\/424","targetHints":{"allow":["GET"]}}],"collection":[{"href":"https:\/\/meiochile.matthewlee.org\/index.php?rest_route=\/wp\/v2\/pages"}],"about":[{"href":"https:\/\/meiochile.matthewlee.org\/index.php?rest_route=\/wp\/v2\/types\/page"}],"author":[{"embeddable":true,"href":"https:\/\/meiochile.matthewlee.org\/index.php?rest_route=\/wp\/v2\/users\/1"}],"replies":[{"embeddable":true,"href":"https:\/\/meiochile.matthewlee.org\/index.php?rest_route=%2Fwp%2Fv2%2Fcomments&post=424"}],"version-history":[{"count":1,"href":"https:\/\/meiochile.matthewlee.org\/index.php?rest_route=\/wp\/v2\/pages\/424\/revisions"}],"predecessor-version":[{"id":425,"href":"https:\/\/meiochile.matthewlee.org\/index.php?rest_route=\/wp\/v2\/pages\/424\/revisions\/425"}],"up":[{"embeddable":true,"href":"https:\/\/meiochile.matthewlee.org\/index.php?rest_route=\/wp\/v2\/pages\/99"}],"wp:attachment":[{"href":"https:\/\/meiochile.matthewlee.org\/index.php?rest_route=%2Fwp%2Fv2%2Fmedia&parent=424"}],"curies":[{"name":"wp","href":"https:\/\/api.w.org\/{rel}","templated":true}]}}