{"id":476,"date":"2016-09-03T18:06:22","date_gmt":"2016-09-03T18:06:22","guid":{"rendered":"http:\/\/meiochile.matthewlee.org\/?page_id=476"},"modified":"2016-09-03T18:06:22","modified_gmt":"2016-09-03T18:06:22","slug":"antipatharia","status":"publish","type":"page","link":"https:\/\/meiochile.matthewlee.org\/?page_id=476","title":{"rendered":"Antipatharia"},"content":{"rendered":"<table cellspacing=\"20\" align=\"center\">\n<tbody>\n<tr>\n<td align=\"center\" valign=\"middle\" width=\"94\" height=\"13\"><b>Family<\/b><\/td>\n<td align=\"center\" valign=\"middle\" width=\"65\" height=\"13\"><b>Genus<\/b><\/td>\n<td align=\"center\" valign=\"middle\" width=\"74\" height=\"13\"><b>Species<\/b><\/td>\n<td align=\"center\" valign=\"middle\" width=\"86\" height=\"13\"><b>Authority<\/b><\/td>\n<td align=\"center\" valign=\"middle\" width=\"101\" height=\"13\"><b>Distribution<\/b><\/td>\n<td align=\"center\" valign=\"middle\" width=\"160\" height=\"13\"><b>References<\/b><\/td>\n<\/tr>\n<tr>\n<td align=\"left\" valign=\"middle\" width=\"94\" height=\"13\">Antipathidae<\/td>\n<td align=\"left\" valign=\"middle\" width=\"65\" height=\"13\"><i>Tylopathes<\/i><\/td>\n<td align=\"left\" valign=\"middle\" width=\"74\" height=\"13\"><i>crispa<\/i><\/td>\n<td align=\"left\" valign=\"middle\" width=\"86\" height=\"13\">Brook\u00a01889<\/td>\n<td align=\"left\" valign=\"middle\" width=\"101\" height=\"13\">Continental<\/td>\n<td align=\"left\" valign=\"middle\" width=\"79\" height=\"13\"><a href=\"#moyano95\">Moyano, 1995<\/a><\/td>\n<\/tr>\n<tr>\n<td align=\"left\" valign=\"middle\" width=\"94\" height=\"13\">Cladopathidae<\/td>\n<td align=\"left\" valign=\"middle\" width=\"65\" height=\"13\"><i>Chrysopathes<\/i><\/td>\n<td align=\"left\" valign=\"middle\" width=\"74\" height=\"13\">sp.<\/td>\n<td align=\"left\" valign=\"middle\" width=\"86\" height=\"13\"><\/td>\n<td align=\"left\" valign=\"middle\" width=\"101\" height=\"13\">Continental<\/td>\n<td align=\"left\" valign=\"middle\" width=\"79\" height=\"13\"><a href=\"#bravo05\">Bravo et al., 2005<\/a><\/td>\n<\/tr>\n<tr>\n<td align=\"left\" valign=\"middle\" width=\"94\" height=\"13\">Cladopathidae<\/td>\n<td align=\"left\" valign=\"middle\" width=\"65\" height=\"13\"><i>Cladopathes<\/i><\/td>\n<td align=\"left\" valign=\"middle\" width=\"74\" height=\"13\"><i>cf.\u00a0plumosa<\/i><\/td>\n<td align=\"left\" valign=\"middle\" width=\"86\" height=\"13\"><\/td>\n<td align=\"left\" valign=\"middle\" width=\"101\" height=\"13\">Continental<\/td>\n<td align=\"left\" valign=\"middle\" width=\"79\" height=\"13\"><a href=\"#bravo05\">Bravo et al., 2005<\/a><\/td>\n<\/tr>\n<tr>\n<td align=\"left\" valign=\"middle\" width=\"94\" height=\"13\">Leiopathidae<\/td>\n<td align=\"left\" valign=\"middle\" width=\"65\" height=\"13\"><i>Leiopathes<\/i><\/td>\n<td align=\"left\" valign=\"middle\" width=\"74\" height=\"13\">sp.<\/td>\n<td align=\"left\" valign=\"middle\" width=\"86\" height=\"13\"><\/td>\n<td align=\"left\" valign=\"middle\" width=\"101\" height=\"13\">Continental<\/td>\n<td align=\"left\" valign=\"middle\" width=\"79\" height=\"13\"><a href=\"#bravo05\">Bravo et al., 2005<\/a><\/td>\n<\/tr>\n<tr>\n<td align=\"left\" valign=\"middle\" width=\"94\" height=\"13\">Myriopathidae<\/td>\n<td align=\"left\" valign=\"middle\" width=\"65\" height=\"13\"><i>Antipathes<\/i><\/td>\n<td align=\"left\" valign=\"middle\" width=\"74\" height=\"13\"><i>assimilis<\/i><\/td>\n<td align=\"left\" valign=\"middle\" width=\"86\" height=\"13\">(Brook\u00a01889)<\/td>\n<td align=\"left\" valign=\"middle\" width=\"101\" height=\"13\">Continental<\/td>\n<td align=\"left\" valign=\"middle\" width=\"79\" height=\"13\"><a href=\"#moyano95\">Moyano, 1995<\/a><\/td>\n<\/tr>\n<tr>\n<td align=\"left\" valign=\"middle\" width=\"94\" height=\"13\">Myriopathidae<\/td>\n<td align=\"left\" valign=\"middle\" width=\"65\" height=\"13\"><i>Antipathes<\/i><\/td>\n<td align=\"left\" valign=\"middle\" width=\"74\" height=\"13\"><i>contorta<\/i><\/td>\n<td align=\"left\" valign=\"middle\" width=\"86\" height=\"13\">(Brook\u00a01889)<\/td>\n<td align=\"left\" valign=\"middle\" width=\"101\" height=\"13\">Continental<\/td>\n<td align=\"left\" valign=\"middle\" width=\"79\" height=\"13\"><a href=\"#moyano95\">Moyano, 1995<\/a><\/td>\n<\/tr>\n<tr>\n<td align=\"left\" valign=\"middle\" width=\"94\" height=\"13\">Myriopathidae<\/td>\n<td align=\"left\" valign=\"middle\" width=\"65\" height=\"13\"><i>Antipathes<\/i><\/td>\n<td align=\"left\" valign=\"middle\" width=\"74\" height=\"13\"><i>minor<\/i><\/td>\n<td align=\"left\" valign=\"middle\" width=\"86\" height=\"13\">(Brook\u00a01889)<\/td>\n<td align=\"left\" valign=\"middle\" width=\"101\" height=\"13\">Continental<\/td>\n<td align=\"left\" valign=\"middle\" width=\"79\" height=\"13\"><a href=\"#moyano95\">Moyano, 1995<\/a><\/td>\n<\/tr>\n<tr>\n<td align=\"left\" valign=\"middle\" width=\"94\" height=\"13\">Myriopathidae<\/td>\n<td align=\"left\" valign=\"middle\" width=\"65\" height=\"13\"><i>Antipathes<\/i><\/td>\n<td align=\"left\" valign=\"middle\" width=\"74\" height=\"13\">sp.<\/td>\n<td align=\"left\" valign=\"middle\" width=\"86\" height=\"13\"><\/td>\n<td align=\"left\" valign=\"middle\" width=\"101\" height=\"13\">Pacific\u00a0Islands<\/td>\n<td align=\"left\" valign=\"middle\" width=\"79\" height=\"13\"><a href=\"#moyano95\">Moyano, 1995<\/a><\/td>\n<\/tr>\n<tr>\n<td align=\"left\" valign=\"middle\" width=\"94\" height=\"13\">Myriopathidae<\/td>\n<td align=\"left\" valign=\"middle\" width=\"65\" height=\"13\"><i>Antipathes<\/i><\/td>\n<td align=\"left\" valign=\"middle\" width=\"74\" height=\"13\">sp.<\/td>\n<td align=\"left\" valign=\"middle\" width=\"86\" height=\"13\"><\/td>\n<td align=\"left\" valign=\"middle\" width=\"101\" height=\"13\">Pacific\u00a0Islands<\/td>\n<td align=\"left\" valign=\"middle\" width=\"79\" height=\"13\"><a href=\"#moyano95\">Moyano, 1995<\/a><\/td>\n<\/tr>\n<tr>\n<td align=\"left\" valign=\"middle\" width=\"94\" height=\"13\">Myriopathidae<\/td>\n<td align=\"left\" valign=\"middle\" width=\"65\" height=\"13\"><i>Antipathes<\/i><\/td>\n<td align=\"left\" valign=\"middle\" width=\"74\" height=\"13\"><i>speciosa<\/i><\/td>\n<td align=\"left\" valign=\"middle\" width=\"86\" height=\"13\">Brook\u00a01889<\/td>\n<td align=\"left\" valign=\"middle\" width=\"101\" height=\"13\">Continental<\/td>\n<td align=\"left\" valign=\"middle\" width=\"79\" height=\"13\"><a href=\"#moyano95\">Moyano, 1995<\/a><\/td>\n<\/tr>\n<tr>\n<td align=\"left\" valign=\"middle\" width=\"94\" height=\"13\">Myriopathidae<\/td>\n<td align=\"left\" valign=\"middle\" width=\"65\" height=\"13\"><i>Plumapathes<\/i><\/td>\n<td align=\"left\" valign=\"middle\" width=\"74\" height=\"13\"><i>aff.\u00a0fernandezi<\/i><\/td>\n<td align=\"left\" valign=\"middle\" width=\"86\" height=\"13\">(Pourtal\u00e8s\u00a01874)<\/td>\n<td align=\"left\" valign=\"middle\" width=\"101\" height=\"13\">Pacific\u00a0Islands<\/td>\n<td align=\"left\" valign=\"middle\" width=\"79\" height=\"13\"><a href=\"#moyano95\">Moyano, 1995<\/a><\/td>\n<\/tr>\n<tr>\n<td align=\"left\" valign=\"middle\" width=\"94\" height=\"13\">Schizopathidae<\/td>\n<td align=\"left\" valign=\"middle\" width=\"65\" height=\"13\"><i>Bathypathes<\/i><\/td>\n<td align=\"left\" valign=\"middle\" width=\"74\" height=\"13\"><i>patula<\/i><\/td>\n<td align=\"left\" valign=\"middle\" width=\"86\" height=\"13\">Brook\u00a01889<\/td>\n<td align=\"left\" valign=\"middle\" width=\"101\" height=\"13\">Continental<\/td>\n<td align=\"left\" valign=\"middle\" width=\"79\" height=\"13\"><a href=\"#bravo05\">Bravo et al., 2005<\/a><\/td>\n<\/tr>\n<tr>\n<td align=\"left\" valign=\"middle\" width=\"94\" height=\"13\">Schizopathidae<\/td>\n<td align=\"left\" valign=\"middle\" width=\"65\" height=\"13\"><i>Lillipathes<\/i><\/td>\n<td align=\"left\" valign=\"middle\" width=\"74\" height=\"13\">sp.<\/td>\n<td align=\"left\" valign=\"middle\" width=\"86\" height=\"13\"><\/td>\n<td align=\"left\" valign=\"middle\" width=\"101\" height=\"13\">Continental<\/td>\n<td align=\"left\" valign=\"middle\" width=\"79\" height=\"13\"><a href=\"#bravo05\">Bravo et al., 2005<\/a><\/td>\n<\/tr>\n<\/tbody>\n<\/table>\n<p>&nbsp;<\/p>\n<h2 style=\"text-align: left;\" align=\"center\"><strong>References<\/strong><\/h2>\n<p><a name=\"bravo05\"><\/a><\/p>\n<div align=\"justify\">Bravo, A., F\u00f6rsterra, G. &amp; H\u00e4ussermann, V. (2005) Fishing in troubled waters &#8211; Evidence for higher diversity and high abundance of cold-water corals along the Chilean coast.3rd International Symposium on Deep Sea Corals ISDSC 3, November 28th &#8211; December 2nd; Miami, Florida, USA, p. 234.<\/div>\n<p><a name=\"moyano95\"><\/a><\/p>\n<div align=\"justify\">Moyano, G.H.I. (1995) Cnidaria. In: Simonetti JA, MTK Arroyo, AE Spotorno &amp; E Lozada (eds) Diversidad Biol\u00f3gica de Chile: 100-116. Comit\u00e9 Nacional de Diversidad Biol\u00f3gica. Comisi\u00f3n Nacional de Investigaci\u00f3n Cient\u00edfica y Tecnol\u00f3gica, Santiago, Chile.<\/div>\n","protected":false},"excerpt":{"rendered":"<p>Family Genus Species Authority Distribution References Antipathidae Tylopathes crispa Brook\u00a01889 Continental Moyano, 1995 Cladopathidae Chrysopathes sp. Continental Bravo et al., 2005 Cladopathidae Cladopathes cf.\u00a0plumosa Continental Bravo et al., 2005 Leiopathidae Leiopathes sp. Continental Bravo et al., 2005 Myriopathidae Antipathes assimilis (Brook\u00a01889) Continental Moyano, 1995 Myriopathidae Antipathes contorta (Brook\u00a01889) Continental Moyano, 1995 Myriopathidae Antipathes minor (Brook\u00a01889) [&hellip;]<\/p>\n","protected":false},"author":1,"featured_media":0,"parent":468,"menu_order":0,"comment_status":"closed","ping_status":"closed","template":"","meta":{"footnotes":""},"class_list":["post-476","page","type-page","status-publish","czr-hentry"],"_links":{"self":[{"href":"https:\/\/meiochile.matthewlee.org\/index.php?rest_route=\/wp\/v2\/pages\/476","targetHints":{"allow":["GET"]}}],"collection":[{"href":"https:\/\/meiochile.matthewlee.org\/index.php?rest_route=\/wp\/v2\/pages"}],"about":[{"href":"https:\/\/meiochile.matthewlee.org\/index.php?rest_route=\/wp\/v2\/types\/page"}],"author":[{"embeddable":true,"href":"https:\/\/meiochile.matthewlee.org\/index.php?rest_route=\/wp\/v2\/users\/1"}],"replies":[{"embeddable":true,"href":"https:\/\/meiochile.matthewlee.org\/index.php?rest_route=%2Fwp%2Fv2%2Fcomments&post=476"}],"version-history":[{"count":1,"href":"https:\/\/meiochile.matthewlee.org\/index.php?rest_route=\/wp\/v2\/pages\/476\/revisions"}],"predecessor-version":[{"id":477,"href":"https:\/\/meiochile.matthewlee.org\/index.php?rest_route=\/wp\/v2\/pages\/476\/revisions\/477"}],"up":[{"embeddable":true,"href":"https:\/\/meiochile.matthewlee.org\/index.php?rest_route=\/wp\/v2\/pages\/468"}],"wp:attachment":[{"href":"https:\/\/meiochile.matthewlee.org\/index.php?rest_route=%2Fwp%2Fv2%2Fmedia&parent=476"}],"curies":[{"name":"wp","href":"https:\/\/api.w.org\/{rel}","templated":true}]}}