{"id":486,"date":"2016-09-03T18:12:00","date_gmt":"2016-09-03T18:12:00","guid":{"rendered":"http:\/\/meiochile.matthewlee.org\/?page_id=486"},"modified":"2016-09-03T18:12:00","modified_gmt":"2016-09-03T18:12:00","slug":"zoanthiniaria","status":"publish","type":"page","link":"https:\/\/meiochile.matthewlee.org\/?page_id=486","title":{"rendered":"Zoanthiniaria"},"content":{"rendered":"<table cellspacing=\"20\" align=\"center\">\n<tbody>\n<tr>\n<td align=\"center\" valign=\"middle\" width=\"94\" height=\"13\"><b>Family<\/b><\/td>\n<td align=\"center\" valign=\"middle\" width=\"92\" height=\"13\"><b>Genus<\/b><\/td>\n<td align=\"center\" valign=\"middle\" width=\"94\" height=\"13\"><b>Species<\/b><\/td>\n<td align=\"center\" valign=\"middle\" width=\"97\" height=\"13\"><b>Authority<\/b><\/td>\n<td align=\"center\" valign=\"middle\" width=\"82\" height=\"13\"><b>Distribution<\/b><\/td>\n<td align=\"center\" valign=\"middle\" width=\"150\" height=\"13\"><b>References<\/b><\/td>\n<\/tr>\n<tr>\n<td align=\"left\" valign=\"middle\" width=\"94\" height=\"13\">Epizoanthidae<\/td>\n<td align=\"left\" valign=\"middle\" width=\"92\" height=\"13\"><i>Epizoanthus<\/i><\/td>\n<td align=\"left\" valign=\"middle\" width=\"94\" height=\"13\"><i>aff.\u00a0patagonichus<\/i><\/td>\n<td align=\"left\" valign=\"middle\" width=\"97\" height=\"13\">Carlgren\u00a01899<\/td>\n<td align=\"left\" valign=\"middle\" width=\"82\" height=\"13\">Continental<\/td>\n<td align=\"left\" valign=\"middle\" width=\"150\" height=\"13\"><a href=\"#haussermann05\">H\u00e4ussermann &amp; F\u00f6rsterra, 2005<\/a><\/td>\n<\/tr>\n<tr>\n<td align=\"left\" valign=\"middle\" width=\"94\" height=\"13\">Parazoanthidae<\/td>\n<td align=\"left\" valign=\"middle\" width=\"92\" height=\"13\"><i>Parazoanthus<\/i><\/td>\n<td align=\"left\" valign=\"middle\" width=\"94\" height=\"13\"><i>juanfernandezi<\/i><\/td>\n<td align=\"left\" valign=\"middle\" width=\"97\" height=\"13\">Carlgren\u00a01922<\/td>\n<td align=\"left\" valign=\"middle\" width=\"82\" height=\"13\">Pacific\u00a0Islands<\/td>\n<td align=\"left\" valign=\"middle\" width=\"150\" height=\"13\"><a href=\"#rozbaczylo87\">Rozbaczylo\u00a0&amp;\u00a0Castilla,\u00a01987<\/a><\/td>\n<\/tr>\n<tr>\n<td align=\"left\" valign=\"middle\" width=\"94\" height=\"13\">Parazoanthidae<\/td>\n<td align=\"left\" valign=\"middle\" width=\"92\" height=\"13\"><i>Parazoanthus<\/i><\/td>\n<td align=\"left\" valign=\"middle\" width=\"94\" height=\"13\">sp.<\/td>\n<td align=\"left\" valign=\"middle\" width=\"97\" height=\"13\"><\/td>\n<td align=\"left\" valign=\"middle\" width=\"82\" height=\"13\">Continental<\/td>\n<td align=\"left\" valign=\"middle\" width=\"150\" height=\"13\"><a href=\"#haussermann05\">H\u00e4ussermann &amp; F\u00f6rsterra, 2005<\/a><\/td>\n<\/tr>\n<tr>\n<td align=\"left\" valign=\"middle\" width=\"94\" height=\"13\">Parazoanthidae<\/td>\n<td align=\"left\" valign=\"middle\" width=\"92\" height=\"13\"><i>Parazoanthus<\/i><\/td>\n<td align=\"left\" valign=\"middle\" width=\"94\" height=\"13\"><i>aff.\u00a0elongatus<\/i><\/td>\n<td align=\"left\" valign=\"middle\" width=\"97\" height=\"13\">McMurrich\u00a01904<\/td>\n<td align=\"left\" valign=\"middle\" width=\"82\" height=\"13\">Continental<\/td>\n<td align=\"left\" valign=\"middle\" width=\"150\" height=\"13\"><a href=\"#haussermann05\">H\u00e4ussermann &amp; F\u00f6rsterra, 2005<\/a><\/td>\n<\/tr>\n<tr>\n<td align=\"left\" valign=\"middle\" width=\"94\" height=\"13\">Sphenopidae<\/td>\n<td align=\"left\" valign=\"middle\" width=\"92\" height=\"13\"><i>Palythoa<\/i><\/td>\n<td align=\"left\" valign=\"middle\" width=\"94\" height=\"13\"><i>dura<\/i><\/td>\n<td align=\"left\" valign=\"middle\" width=\"97\" height=\"13\">Carlgren\u00a01922<\/td>\n<td align=\"left\" valign=\"middle\" width=\"82\" height=\"13\">Pacific\u00a0Islands<\/td>\n<td align=\"left\" valign=\"middle\" width=\"150\" height=\"13\"><a href=\"#calgren22\">Calgren,\u00a01922<\/a><\/td>\n<\/tr>\n<tr>\n<td align=\"left\" valign=\"middle\" width=\"94\" height=\"13\">Sphenopidae<\/td>\n<td align=\"left\" valign=\"middle\" width=\"92\" height=\"13\"><i>Palythoa<\/i><\/td>\n<td align=\"left\" valign=\"middle\" width=\"94\" height=\"13\"><i>skottsbergii<\/i><\/td>\n<td align=\"left\" valign=\"middle\" width=\"97\" height=\"13\">Carlgren\u00a01922<\/td>\n<td align=\"left\" valign=\"middle\" width=\"82\" height=\"13\">Pacific\u00a0Islands<\/td>\n<td align=\"left\" valign=\"middle\" width=\"150\" height=\"13\"><a href=\"#calgren22\">Calgren,\u00a01922<\/a><\/td>\n<\/tr>\n<tr>\n<td align=\"left\" valign=\"middle\" width=\"94\" height=\"13\">Zoanthidae<\/td>\n<td align=\"left\" valign=\"middle\" width=\"92\" height=\"13\"><i>Zoanthus<\/i><\/td>\n<td align=\"left\" valign=\"middle\" width=\"94\" height=\"13\"><i>rapanuiensis<\/i><\/td>\n<td align=\"left\" valign=\"middle\" width=\"97\" height=\"13\">Carlgren\u00a01922<\/td>\n<td align=\"left\" valign=\"middle\" width=\"82\" height=\"13\">Pacific\u00a0Islands<\/td>\n<td align=\"left\" valign=\"middle\" width=\"150\" height=\"13\"><a href=\"#moyano95\">Moyano,\u00a01995<\/a><\/td>\n<\/tr>\n<\/tbody>\n<\/table>\n<p>&nbsp;<\/p>\n<h2 style=\"text-align: left;\" align=\"center\"><strong>References<\/strong><\/h2>\n<p><a name=\"calgren22\"><\/a><\/p>\n<div align=\"justify\">Carlgren, O. (1922) Actiniaria und Zoantharia von Juan Fernandez und der Osterinsel. In: Skottsberg C (ed) The Natural History of Juan Fernandez and Easter Island. Almquist &amp; Wiksells Boktryckeri-A.-B., Uppsala, p 145-160.<\/div>\n<p><a name=\"haussermann05\"><\/a><\/p>\n<div align=\"justify\">H\u00e4ussermann, V. &amp; F\u00f6rsterra, G. (2005) Distribution patterns of Chilean shallow-water sea anemones (Cnidaria: Anthozoa: Actiniaria, Corallimorphia), with a discussion of the taxonomic and zoogeographic relationships between the actinofauna of the South East Pacific, the South West Atlantic and the Antarctic. <em>Scientia Marina<\/em>, <strong>69<\/strong>: 91-102.<\/div>\n<p><a name=\"moyano95\"><\/a><\/p>\n<div align=\"justify\">Moyano, G.H.I. (1995) Cnidaria. In: Simonetti JA, MTK Arroyo, AE Spotorno &amp; E Lozada (eds) Diversidad Biol\u00f3gica de Chile: 100-116. Comit\u00e9 Nacional de Diversidad Biol\u00f3gica. Comisi\u00f3n Nacional de Investigaci\u00f3n Cient\u00edfica y Tecnol\u00f3gica, Santiago, Chile.<\/div>\n<p><a name=\"rozbaczylo87\"><\/a><\/p>\n<div align=\"justify\">Rozbaczylo, N. Castilla, J.C. (1987) Marine invertebrates from Juan Fern\u00e1ndez Archipelago. In: Castilla, J.C. (ed) Islas oce\u00e1nicas chilenas: conocimiento cient\u00edfico y necesidades de investigaciones. 167-190. Ediciones Universidad Cat\u00f3lica de Chile, Santiago, Chile.<\/div>\n","protected":false},"excerpt":{"rendered":"<p>Family Genus Species Authority Distribution References Epizoanthidae Epizoanthus aff.\u00a0patagonichus Carlgren\u00a01899 Continental H\u00e4ussermann &amp; F\u00f6rsterra, 2005 Parazoanthidae Parazoanthus juanfernandezi Carlgren\u00a01922 Pacific\u00a0Islands Rozbaczylo\u00a0&amp;\u00a0Castilla,\u00a01987 Parazoanthidae Parazoanthus sp. Continental H\u00e4ussermann &amp; F\u00f6rsterra, 2005 Parazoanthidae Parazoanthus aff.\u00a0elongatus McMurrich\u00a01904 Continental H\u00e4ussermann &amp; F\u00f6rsterra, 2005 Sphenopidae Palythoa dura Carlgren\u00a01922 Pacific\u00a0Islands Calgren,\u00a01922 Sphenopidae Palythoa skottsbergii Carlgren\u00a01922 Pacific\u00a0Islands Calgren,\u00a01922 Zoanthidae Zoanthus rapanuiensis Carlgren\u00a01922 Pacific\u00a0Islands [&hellip;]<\/p>\n","protected":false},"author":1,"featured_media":0,"parent":468,"menu_order":0,"comment_status":"closed","ping_status":"closed","template":"","meta":{"footnotes":""},"class_list":["post-486","page","type-page","status-publish","czr-hentry"],"_links":{"self":[{"href":"https:\/\/meiochile.matthewlee.org\/index.php?rest_route=\/wp\/v2\/pages\/486","targetHints":{"allow":["GET"]}}],"collection":[{"href":"https:\/\/meiochile.matthewlee.org\/index.php?rest_route=\/wp\/v2\/pages"}],"about":[{"href":"https:\/\/meiochile.matthewlee.org\/index.php?rest_route=\/wp\/v2\/types\/page"}],"author":[{"embeddable":true,"href":"https:\/\/meiochile.matthewlee.org\/index.php?rest_route=\/wp\/v2\/users\/1"}],"replies":[{"embeddable":true,"href":"https:\/\/meiochile.matthewlee.org\/index.php?rest_route=%2Fwp%2Fv2%2Fcomments&post=486"}],"version-history":[{"count":1,"href":"https:\/\/meiochile.matthewlee.org\/index.php?rest_route=\/wp\/v2\/pages\/486\/revisions"}],"predecessor-version":[{"id":487,"href":"https:\/\/meiochile.matthewlee.org\/index.php?rest_route=\/wp\/v2\/pages\/486\/revisions\/487"}],"up":[{"embeddable":true,"href":"https:\/\/meiochile.matthewlee.org\/index.php?rest_route=\/wp\/v2\/pages\/468"}],"wp:attachment":[{"href":"https:\/\/meiochile.matthewlee.org\/index.php?rest_route=%2Fwp%2Fv2%2Fmedia&parent=486"}],"curies":[{"name":"wp","href":"https:\/\/api.w.org\/{rel}","templated":true}]}}