{"id":489,"date":"2016-09-03T18:13:43","date_gmt":"2016-09-03T18:13:43","guid":{"rendered":"http:\/\/meiochile.matthewlee.org\/?page_id=489"},"modified":"2016-09-03T18:13:43","modified_gmt":"2016-09-03T18:13:43","slug":"alcyonaceae","status":"publish","type":"page","link":"https:\/\/meiochile.matthewlee.org\/?page_id=489","title":{"rendered":"Alcyonaceae"},"content":{"rendered":"<table cellspacing=\"20\" align=\"center\">\n<tbody>\n<tr>\n<td align=\"center\" valign=\"middle\" width=\"93\" height=\"13\"><b>Family<\/b><\/td>\n<td align=\"center\" valign=\"middle\" width=\"89\" height=\"13\"><b>Genus<\/b><\/td>\n<td align=\"center\" valign=\"middle\" width=\"77\" height=\"13\"><b>Species<\/b><\/td>\n<td align=\"center\" valign=\"middle\" width=\"113\" height=\"13\"><b>Authority<\/b><\/td>\n<td align=\"center\" valign=\"middle\" width=\"94\" height=\"13\"><b>Distribution<\/b><\/td>\n<td align=\"center\" valign=\"middle\" width=\"152\" height=\"13\"><b>References<\/b><\/td>\n<\/tr>\n<tr>\n<td align=\"left\" valign=\"middle\" width=\"93\" height=\"13\">Acanthogorgiidae<\/td>\n<td align=\"left\" valign=\"middle\" width=\"89\" height=\"13\"><i>Acanthogorgia<\/i><\/td>\n<td align=\"left\" valign=\"middle\" width=\"77\" height=\"13\"><i>laxa<\/i><\/td>\n<td align=\"left\" valign=\"middle\" width=\"113\" height=\"13\">Wright\u00a0&amp;\u00a0Studer\u00a01889<\/td>\n<td align=\"left\" valign=\"middle\" width=\"94\" height=\"13\">Continental<\/td>\n<td align=\"left\" valign=\"middle\" width=\"152\" height=\"13\"><a href=\"#moyano95\">Moyano,\u00a01995<\/a><\/td>\n<\/tr>\n<tr>\n<td align=\"left\" valign=\"middle\" width=\"93\" height=\"13\">Acanthogorgiidae<\/td>\n<td align=\"left\" valign=\"middle\" width=\"89\" height=\"13\"><i>Acanthogorgia<\/i><\/td>\n<td align=\"left\" valign=\"middle\" width=\"77\" height=\"13\"><i>ridleyi<\/i><\/td>\n<td align=\"left\" valign=\"middle\" width=\"113\" height=\"13\">Wright\u00a0&amp;\u00a0Studer\u00a01889<\/td>\n<td align=\"left\" valign=\"middle\" width=\"94\" height=\"13\">Continental<\/td>\n<td align=\"left\" valign=\"middle\" width=\"152\" height=\"13\"><a href=\"#moyano95\">Moyano,\u00a01995<\/a><\/td>\n<\/tr>\n<tr>\n<td align=\"left\" valign=\"middle\" width=\"93\" height=\"13\">Alcyoniidae<\/td>\n<td align=\"left\" valign=\"middle\" width=\"89\" height=\"13\"><i>Alcyonium<\/i><\/td>\n<td align=\"left\" valign=\"middle\" width=\"77\" height=\"13\"><i>haddoni<\/i><\/td>\n<td align=\"left\" valign=\"middle\" width=\"113\" height=\"13\">Wright\u00a0&amp;\u00a0Studer\u00a01889<\/td>\n<td align=\"left\" valign=\"middle\" width=\"94\" height=\"13\">Continental<\/td>\n<td align=\"left\" valign=\"middle\" width=\"152\" height=\"13\"><a href=\"#moyano95\">Moyano,\u00a01995<\/a><\/td>\n<\/tr>\n<tr>\n<td align=\"left\" valign=\"middle\" width=\"93\" height=\"13\">Alcyoniidae<\/td>\n<td align=\"left\" valign=\"middle\" width=\"89\" height=\"13\"><i>Alcyonium<\/i><\/td>\n<td align=\"left\" valign=\"middle\" width=\"77\" height=\"13\"><i>sollasi<\/i><\/td>\n<td align=\"left\" valign=\"middle\" width=\"113\" height=\"13\">Wright\u00a0&amp;\u00a0Studer\u00a01889<\/td>\n<td align=\"left\" valign=\"middle\" width=\"94\" height=\"13\">Continental<\/td>\n<td align=\"left\" valign=\"middle\" width=\"152\" height=\"13\"><a href=\"#moyano95\">Moyano,\u00a01995<\/a><\/td>\n<\/tr>\n<tr>\n<td align=\"left\" valign=\"middle\" width=\"93\" height=\"13\">Alcyoniidae<\/td>\n<td align=\"left\" valign=\"middle\" width=\"89\" height=\"13\"><i>Alcyonium<\/i><\/td>\n<td align=\"left\" valign=\"middle\" width=\"77\" height=\"13\">sp.<\/td>\n<td align=\"left\" valign=\"middle\" width=\"113\" height=\"13\"><\/td>\n<td align=\"left\" valign=\"middle\" width=\"94\" height=\"13\">Continental<\/td>\n<td align=\"left\" valign=\"middle\" width=\"152\" height=\"13\"><a href=\"#moyano95\">Moyano,\u00a01995<\/a><\/td>\n<\/tr>\n<tr>\n<td align=\"left\" valign=\"middle\" width=\"93\" height=\"13\">Alcyoniidae<\/td>\n<td align=\"left\" valign=\"middle\" width=\"89\" height=\"13\"><i>Alcyonium<\/i><\/td>\n<td align=\"left\" valign=\"middle\" width=\"77\" height=\"13\">sp.<\/td>\n<td align=\"left\" valign=\"middle\" width=\"113\" height=\"13\"><\/td>\n<td align=\"left\" valign=\"middle\" width=\"94\" height=\"13\">Continental<\/td>\n<td align=\"left\" valign=\"middle\" width=\"152\" height=\"13\"><a href=\"#haussermann05\">H\u00e4ussermann &amp; F\u00f6rsterra, 2005<\/a><\/td>\n<\/tr>\n<tr>\n<td align=\"left\" valign=\"middle\" width=\"93\" height=\"13\">Anthothelidae<\/td>\n<td align=\"left\" valign=\"middle\" width=\"89\" height=\"13\"><i>Tripalea<\/i><\/td>\n<td align=\"left\" valign=\"middle\" width=\"77\" height=\"13\"><i>clavaria<\/i><\/td>\n<td align=\"left\" valign=\"middle\" width=\"113\" height=\"13\">(Studer\u00a01878)<\/td>\n<td align=\"left\" valign=\"middle\" width=\"94\" height=\"13\">Continental<\/td>\n<td align=\"left\" valign=\"middle\" width=\"152\" height=\"13\"><a href=\"#excoffon04\">Excoffon\u00a0et\u00a0al.,\u00a02004<\/a><\/td>\n<\/tr>\n<tr>\n<td align=\"left\" valign=\"middle\" width=\"93\" height=\"13\">Chrysogorgiidae<\/td>\n<td align=\"left\" valign=\"middle\" width=\"89\" height=\"13\"><i>Chrysogorgia<\/i><\/td>\n<td align=\"left\" valign=\"middle\" width=\"77\" height=\"13\"><i>flexilis<\/i><\/td>\n<td align=\"left\" valign=\"middle\" width=\"113\" height=\"13\">(Wright\u00a0&amp;\u00a0Studer\u00a01889)<\/td>\n<td align=\"left\" valign=\"middle\" width=\"94\" height=\"13\">Continental<\/td>\n<td align=\"left\" valign=\"middle\" width=\"152\" height=\"13\"><a href=\"#moyano95\">Moyano,\u00a01995<\/a><\/td>\n<\/tr>\n<tr>\n<td align=\"left\" valign=\"middle\" width=\"93\" height=\"13\">Clavulariidae<\/td>\n<td align=\"left\" valign=\"middle\" width=\"89\" height=\"13\"><i>Clavularia<\/i><\/td>\n<td align=\"left\" valign=\"middle\" width=\"77\" height=\"13\">sp.<\/td>\n<td align=\"left\" valign=\"middle\" width=\"113\" height=\"13\"><\/td>\n<td align=\"left\" valign=\"middle\" width=\"94\" height=\"13\">Continental<\/td>\n<td align=\"left\" valign=\"middle\" width=\"152\" height=\"13\"><a href=\"#haussermann05\">H\u00e4ussermann &amp; F\u00f6rsterra, 2005<\/a><\/td>\n<\/tr>\n<tr>\n<td align=\"left\" valign=\"middle\" width=\"93\" height=\"13\">Gorgoniidae<\/td>\n<td align=\"left\" valign=\"middle\" width=\"89\" height=\"13\"><i>Leptogorgia<\/i><\/td>\n<td align=\"left\" valign=\"middle\" width=\"77\" height=\"13\"><i>arbuscula<\/i><\/td>\n<td align=\"left\" valign=\"middle\" width=\"113\" height=\"13\">(Philippi 1866)<\/td>\n<td align=\"left\" valign=\"middle\" width=\"94\" height=\"13\">Continental<\/td>\n<td align=\"left\" valign=\"middle\" width=\"152\" height=\"13\"><a href=\"#moyano95\">Moyano,\u00a01995<\/a><\/td>\n<\/tr>\n<tr>\n<td align=\"left\" valign=\"middle\" width=\"93\" height=\"13\">Gorgoniidae<\/td>\n<td align=\"left\" valign=\"middle\" width=\"89\" height=\"13\"><i>Leptogorgia<\/i><\/td>\n<td align=\"left\" valign=\"middle\" width=\"77\" height=\"13\"><i>densa<\/i><\/td>\n<td align=\"left\" valign=\"middle\" width=\"113\" height=\"13\"><\/td>\n<td align=\"left\" valign=\"middle\" width=\"94\" height=\"13\">Continental<\/td>\n<td align=\"left\" valign=\"middle\" width=\"152\" height=\"13\"><a href=\"#moyano95\">Moyano,\u00a01995<\/a><\/td>\n<\/tr>\n<tr>\n<td align=\"left\" valign=\"middle\" width=\"93\" height=\"13\">Gorgoniidae<\/td>\n<td align=\"left\" valign=\"middle\" width=\"89\" height=\"13\"><i>Leptogorgia<\/i><\/td>\n<td align=\"left\" valign=\"middle\" width=\"77\" height=\"13\"><i>platyclados<\/i><\/td>\n<td align=\"left\" valign=\"middle\" width=\"113\" height=\"13\">(Philippi 1892)<\/td>\n<td align=\"left\" valign=\"middle\" width=\"94\" height=\"13\">Continental<\/td>\n<td align=\"left\" valign=\"middle\" width=\"152\" height=\"13\"><a href=\"#moyano95\">Moyano,\u00a01995<\/a><\/td>\n<\/tr>\n<tr>\n<td align=\"left\" valign=\"middle\" width=\"93\" height=\"13\">Gorgoniidae<\/td>\n<td align=\"left\" valign=\"middle\" width=\"89\" height=\"13\"><i>Leptogorgia<\/i><\/td>\n<td align=\"left\" valign=\"middle\" width=\"77\" height=\"13\"><i>purpurea<\/i><\/td>\n<td align=\"left\" valign=\"middle\" width=\"113\" height=\"13\">Wright &amp; Studer 1889<\/td>\n<td align=\"left\" valign=\"middle\" width=\"94\" height=\"13\">Continental<\/td>\n<td align=\"left\" valign=\"middle\" width=\"152\" height=\"13\"><a href=\"#moyano95\">Moyano,\u00a01995<\/a><\/td>\n<\/tr>\n<tr>\n<td align=\"left\" valign=\"middle\" width=\"93\" height=\"13\">Gorgoniidae<\/td>\n<td align=\"left\" valign=\"middle\" width=\"89\" height=\"13\"><i>Leptogorgia<\/i><\/td>\n<td align=\"left\" valign=\"middle\" width=\"77\" height=\"13\"><i>rosea<\/i><\/td>\n<td align=\"left\" valign=\"middle\" width=\"113\" height=\"13\">(Lamarck 1815)<\/td>\n<td align=\"left\" valign=\"middle\" width=\"94\" height=\"13\">Continental<\/td>\n<td align=\"left\" valign=\"middle\" width=\"152\" height=\"13\"><a href=\"#moyano95\">Moyano,\u00a01995<\/a><\/td>\n<\/tr>\n<tr>\n<td align=\"left\" valign=\"middle\" width=\"93\" height=\"13\">Gorgoniidae<\/td>\n<td align=\"left\" valign=\"middle\" width=\"89\" height=\"13\"><i>Leptogorgia<\/i><\/td>\n<td align=\"left\" valign=\"middle\" width=\"77\" height=\"13\"><i>subcompressa<\/i><\/td>\n<td align=\"left\" valign=\"middle\" width=\"113\" height=\"13\"><\/td>\n<td align=\"left\" valign=\"middle\" width=\"94\" height=\"13\">Continental<\/td>\n<td align=\"left\" valign=\"middle\" width=\"152\" height=\"13\"><a href=\"#moyano95\">Moyano,\u00a01995<\/a><\/td>\n<\/tr>\n<tr>\n<td align=\"left\" valign=\"middle\" width=\"93\" height=\"13\">Isididae<\/td>\n<td align=\"left\" valign=\"middle\" width=\"89\" height=\"13\"><i>Acanella<\/i><\/td>\n<td align=\"left\" valign=\"middle\" width=\"77\" height=\"13\"><i>chiliensis<\/i><\/td>\n<td align=\"left\" valign=\"middle\" width=\"113\" height=\"13\">Wright\u00a0&amp;\u00a0Studer\u00a01889<\/td>\n<td align=\"left\" valign=\"middle\" width=\"94\" height=\"13\">Continental<\/td>\n<td align=\"left\" valign=\"middle\" width=\"152\" height=\"13\"><a href=\"#moyano95\">Moyano,\u00a01995<\/a><\/td>\n<\/tr>\n<tr>\n<td align=\"left\" valign=\"middle\" width=\"93\" height=\"13\">Plexauridae<\/td>\n<td align=\"left\" valign=\"middle\" width=\"89\" height=\"13\"><i>Anthomuricea<\/i><\/td>\n<td align=\"left\" valign=\"middle\" width=\"77\" height=\"13\"><i>argentea<\/i><\/td>\n<td align=\"left\" valign=\"middle\" width=\"113\" height=\"13\">Wright\u00a0&amp;\u00a0Studer\u00a01889<\/td>\n<td align=\"left\" valign=\"middle\" width=\"94\" height=\"13\">Continental<\/td>\n<td align=\"left\" valign=\"middle\" width=\"152\" height=\"13\"><a href=\"#moyano95\">Moyano,\u00a01995<\/a><\/td>\n<\/tr>\n<tr>\n<td align=\"left\" valign=\"middle\" width=\"93\" height=\"13\">Plexauridae<\/td>\n<td align=\"left\" valign=\"middle\" width=\"89\" height=\"13\"><i>Clematissa<\/i><\/td>\n<td align=\"left\" valign=\"middle\" width=\"77\" height=\"13\"><i>obtusa<\/i><\/td>\n<td align=\"left\" valign=\"middle\" width=\"113\" height=\"13\">Wright\u00a0&amp;\u00a0Studer\u00a01889<\/td>\n<td align=\"left\" valign=\"middle\" width=\"94\" height=\"13\">Continental<\/td>\n<td align=\"left\" valign=\"middle\" width=\"152\" height=\"13\"><a href=\"#moyano95\">Moyano,\u00a01995<\/a><\/td>\n<\/tr>\n<tr>\n<td align=\"left\" valign=\"middle\" width=\"93\" height=\"13\">Plexauridae<\/td>\n<td align=\"left\" valign=\"middle\" width=\"89\" height=\"13\"><i>Clematissa<\/i><\/td>\n<td align=\"left\" valign=\"middle\" width=\"77\" height=\"13\"><i>robusta<\/i><\/td>\n<td align=\"left\" valign=\"middle\" width=\"113\" height=\"13\">Wright\u00a0&amp;\u00a0Studer\u00a01889<\/td>\n<td align=\"left\" valign=\"middle\" width=\"94\" height=\"13\">Continental<\/td>\n<td align=\"left\" valign=\"middle\" width=\"152\" height=\"13\"><a href=\"#moyano95\">Moyano,\u00a01995<\/a><\/td>\n<\/tr>\n<tr>\n<td align=\"left\" valign=\"middle\" width=\"93\" height=\"13\">Plexauridae<\/td>\n<td align=\"left\" valign=\"middle\" width=\"89\" height=\"13\"><i>Eunicea<\/i><\/td>\n<td align=\"left\" valign=\"middle\" width=\"77\" height=\"13\"><i>palmata<\/i><\/td>\n<td align=\"left\" valign=\"middle\" width=\"113\" height=\"13\"><\/td>\n<td align=\"left\" valign=\"middle\" width=\"94\" height=\"13\">Continental<\/td>\n<td align=\"left\" valign=\"middle\" width=\"152\" height=\"13\"><a href=\"#moyano95\">Moyano,\u00a01995<\/a><\/td>\n<\/tr>\n<tr>\n<td align=\"left\" valign=\"middle\" width=\"93\" height=\"13\">Plexauridae<\/td>\n<td align=\"left\" valign=\"middle\" width=\"89\" height=\"13\"><i>Paramuricea<\/i><\/td>\n<td align=\"left\" valign=\"middle\" width=\"77\" height=\"13\"><i>laxa<\/i><\/td>\n<td align=\"left\" valign=\"middle\" width=\"113\" height=\"13\">Wright &amp; Studer, 1889<\/td>\n<td align=\"left\" valign=\"middle\" width=\"94\" height=\"13\">Continental<\/td>\n<td align=\"left\" valign=\"middle\" width=\"152\" height=\"13\"><\/td>\n<\/tr>\n<tr>\n<td align=\"left\" valign=\"middle\" width=\"93\" height=\"13\">Plexauridae<\/td>\n<td align=\"left\" valign=\"middle\" width=\"89\" height=\"13\"><i>Paramuricea<\/i><\/td>\n<td align=\"left\" valign=\"middle\" width=\"77\" height=\"13\"><i>ramosa<\/i><\/td>\n<td align=\"left\" valign=\"middle\" width=\"113\" height=\"13\"><\/td>\n<td align=\"left\" valign=\"middle\" width=\"94\" height=\"13\">Continental<\/td>\n<td align=\"left\" valign=\"middle\" width=\"152\" height=\"13\"><a href=\"#moyano95\">Moyano,\u00a01995<\/a><\/td>\n<\/tr>\n<tr>\n<td align=\"left\" valign=\"middle\" width=\"93\" height=\"13\">Primnoidae<\/td>\n<td align=\"left\" valign=\"middle\" width=\"89\" height=\"13\"><i>Convexella<\/i><\/td>\n<td align=\"left\" valign=\"middle\" width=\"77\" height=\"13\"><i>magelhaenica<\/i><\/td>\n<td align=\"left\" valign=\"middle\" width=\"113\" height=\"13\">(Studer\u00a01879)<\/td>\n<td align=\"left\" valign=\"middle\" width=\"94\" height=\"13\">Continental<\/td>\n<td align=\"left\" valign=\"middle\" width=\"152\" height=\"13\"><a href=\"#moyano95\">Moyano,\u00a01995<\/a><\/td>\n<\/tr>\n<tr>\n<td align=\"left\" valign=\"middle\" width=\"93\" height=\"13\">Primnoidae<\/td>\n<td align=\"left\" valign=\"middle\" width=\"89\" height=\"13\"><i>Primnoella<\/i><\/td>\n<td align=\"left\" valign=\"middle\" width=\"77\" height=\"13\"><i>biserialis<\/i><\/td>\n<td align=\"left\" valign=\"middle\" width=\"113\" height=\"13\">Wright &amp; Studer 1889<\/td>\n<td align=\"left\" valign=\"middle\" width=\"94\" height=\"13\">Continental<\/td>\n<td align=\"left\" valign=\"middle\" width=\"152\" height=\"13\"><a href=\"#bravo05\">Bravo\u00a0et\u00a0al.,\u00a02005<\/a><\/td>\n<\/tr>\n<tr>\n<td align=\"left\" valign=\"middle\" width=\"93\" height=\"13\">Primnoidae<\/td>\n<td align=\"left\" valign=\"middle\" width=\"89\" height=\"13\"><i>Primnoella<\/i><\/td>\n<td align=\"left\" valign=\"middle\" width=\"77\" height=\"13\"><i>compressa<\/i><\/td>\n<td align=\"left\" valign=\"middle\" width=\"113\" height=\"13\">K\u00fckenthal 1908<\/td>\n<td align=\"left\" valign=\"middle\" width=\"94\" height=\"13\">Continental<\/td>\n<td align=\"left\" valign=\"middle\" width=\"152\" height=\"13\"><a href=\"#haussermann06\">H\u00e4ussermann\u00a0et\u00a0al\u00a02006<\/a><\/td>\n<\/tr>\n<tr>\n<td align=\"left\" valign=\"middle\" width=\"93\" height=\"13\">Primnoidae<\/td>\n<td align=\"left\" valign=\"middle\" width=\"89\" height=\"13\"><i>Primnoella<\/i><\/td>\n<td align=\"left\" valign=\"middle\" width=\"77\" height=\"13\"><i>flagellum<\/i><\/td>\n<td align=\"left\" valign=\"middle\" width=\"113\" height=\"13\">(Studer 1879)<\/td>\n<td align=\"left\" valign=\"middle\" width=\"94\" height=\"13\">Continental<\/td>\n<td align=\"left\" valign=\"middle\" width=\"152\" height=\"13\"><a href=\"#moyano95\">Moyano,\u00a01995<\/a><\/td>\n<\/tr>\n<tr>\n<td align=\"left\" valign=\"middle\" width=\"93\" height=\"13\">Primnoidae<\/td>\n<td align=\"left\" valign=\"middle\" width=\"89\" height=\"13\"><i>Plumarella<\/i><\/td>\n<td align=\"left\" valign=\"middle\" width=\"77\" height=\"13\"><i>dellicatissima<\/i><\/td>\n<td align=\"left\" valign=\"middle\" width=\"113\" height=\"13\">Wright &amp; Studer 1889<\/td>\n<td align=\"left\" valign=\"middle\" width=\"94\" height=\"13\">Continental<\/td>\n<td align=\"left\" valign=\"middle\" width=\"152\" height=\"13\"><a href=\"#moyano95\">Moyano,\u00a01995<\/a><\/td>\n<\/tr>\n<tr>\n<td align=\"left\" valign=\"middle\" width=\"93\" height=\"13\">Primnoidae<\/td>\n<td align=\"left\" valign=\"middle\" width=\"89\" height=\"13\"><i>Thouarella<\/i><\/td>\n<td align=\"left\" valign=\"middle\" width=\"77\" height=\"13\"><i>k\u00f6llikeri<\/i><\/td>\n<td align=\"left\" valign=\"middle\" width=\"113\" height=\"13\">Wright &amp; Studer 1889<\/td>\n<td align=\"left\" valign=\"middle\" width=\"94\" height=\"13\">Continental<\/td>\n<td align=\"left\" valign=\"middle\" width=\"152\" height=\"13\"><a href=\"#moyano95\">Moyano,\u00a01995<\/a><\/td>\n<\/tr>\n<tr>\n<td align=\"left\" valign=\"middle\" width=\"93\" height=\"13\">Primnoidae<\/td>\n<td align=\"left\" valign=\"middle\" width=\"89\" height=\"13\"><i>Thouarella<\/i><\/td>\n<td align=\"left\" valign=\"middle\" width=\"77\" height=\"13\">aff.\u00a0chilensis<\/td>\n<td align=\"left\" valign=\"middle\" width=\"113\" height=\"13\">K\u00fckenthal 1912<\/td>\n<td align=\"left\" valign=\"middle\" width=\"94\" height=\"13\">Continental<\/td>\n<td align=\"left\" valign=\"middle\" width=\"152\" height=\"13\"><a href=\"#bravo05\">Bravo\u00a0et\u00a0al.,\u00a02005<\/a><\/td>\n<\/tr>\n<\/tbody>\n<\/table>\n<p>&nbsp;<\/p>\n<h2 style=\"text-align: left;\" align=\"center\"><strong>References<\/strong><\/h2>\n<p><a name=\"bravo05\"><\/a><\/p>\n<div align=\"justify\">Bravo, A., F\u00f6rsterra, G. &amp; H\u00e4ussermann, V. (2005) Fishing in troubled waters &#8211; Evidence for higher diversity and high abundance of cold-water corals along the Chilean coast.3rd International Symposium on Deep Sea Corals ISDSC 3, November 28th &#8211; December 2nd; Miami, Florida, USA, p. 234.<\/div>\n<p><a name=\"excoffon04\"><\/a><\/p>\n<div align=\"justify\">Excoffon, A.C., Acu\u00f1a, F.H., Zamponi, M.O. &amp; Genzano, G.N. (2004) Reproduction of the temperate octocoral <em>Tripalea clavaria<\/em> (Octocorallia: Anthothelidae) from sublittoral outcrops off Mar del Plata, Argentina.<em> Journal of the Marine Biological Association of the United Kingdom<\/em>, <strong>84<\/strong>:695-699.<\/div>\n<p><a name=\"haussermann05\"><\/a><\/p>\n<div align=\"justify\">H\u00e4ussermann, V. &amp; F\u00f6rsterra, G. (2005) Distribution patterns of Chilean shallow-water sea anemones (Cnidaria: Anthozoa: Actiniaria, Corallimorphia), with a discussion of the taxonomic and zoogeographic relationships between the actinofauna of the South East Pacific, the South West Atlantic and the Antarctic. <em>Scientia Marina<\/em>, <strong>69<\/strong>:91-102.<\/div>\n<p><a name=\"haussermann06\"><\/a><\/p>\n<div align=\"justify\">H\u00e4ussermann, V., F\u00f6rsterra, G., Fitzek, R. &amp; Yany, G (2006) Antecedentes para el establecimiento de un \u00e1rea marina de alta protecci\u00f3n en los fiordos Comau y Re\u00f1ihue (incluyendo Quintupeu, Cahuelmo y la Isla Lilihuapi) como \u00e1rea de referencia cient\u00c3\u00adfica. Fundaci\u00f3n Huinay pp. 88.<\/div>\n<p><a name=\"moyano95\"><\/a><\/p>\n<div align=\"justify\">Moyano, G.H.I. (1995) Cnidaria. In: Simonetti JA, MTK Arroyo, AE Spotorno &amp; E Lozada (eds) Diversidad Biol\u00f3gica de Chile: 100-116. Comit\u00e9 Nacional de Diversidad Biol\u00f3gica. Comisi\u00f3n Nacional de Investigaci\u00f3n Cient\u00edfica y Tecnol\u00f3gica, Santiago, Chile.<\/div>\n","protected":false},"excerpt":{"rendered":"<p>Family Genus Species Authority Distribution References Acanthogorgiidae Acanthogorgia laxa Wright\u00a0&amp;\u00a0Studer\u00a01889 Continental Moyano,\u00a01995 Acanthogorgiidae Acanthogorgia ridleyi Wright\u00a0&amp;\u00a0Studer\u00a01889 Continental Moyano,\u00a01995 Alcyoniidae Alcyonium haddoni Wright\u00a0&amp;\u00a0Studer\u00a01889 Continental Moyano,\u00a01995 Alcyoniidae Alcyonium sollasi Wright\u00a0&amp;\u00a0Studer\u00a01889 Continental Moyano,\u00a01995 Alcyoniidae Alcyonium sp. Continental Moyano,\u00a01995 Alcyoniidae Alcyonium sp. Continental H\u00e4ussermann &amp; F\u00f6rsterra, 2005 Anthothelidae Tripalea clavaria (Studer\u00a01878) Continental Excoffon\u00a0et\u00a0al.,\u00a02004 Chrysogorgiidae Chrysogorgia flexilis (Wright\u00a0&amp;\u00a0Studer\u00a01889) Continental Moyano,\u00a01995 [&hellip;]<\/p>\n","protected":false},"author":1,"featured_media":0,"parent":468,"menu_order":0,"comment_status":"closed","ping_status":"closed","template":"","meta":{"footnotes":""},"class_list":["post-489","page","type-page","status-publish","czr-hentry"],"_links":{"self":[{"href":"https:\/\/meiochile.matthewlee.org\/index.php?rest_route=\/wp\/v2\/pages\/489","targetHints":{"allow":["GET"]}}],"collection":[{"href":"https:\/\/meiochile.matthewlee.org\/index.php?rest_route=\/wp\/v2\/pages"}],"about":[{"href":"https:\/\/meiochile.matthewlee.org\/index.php?rest_route=\/wp\/v2\/types\/page"}],"author":[{"embeddable":true,"href":"https:\/\/meiochile.matthewlee.org\/index.php?rest_route=\/wp\/v2\/users\/1"}],"replies":[{"embeddable":true,"href":"https:\/\/meiochile.matthewlee.org\/index.php?rest_route=%2Fwp%2Fv2%2Fcomments&post=489"}],"version-history":[{"count":1,"href":"https:\/\/meiochile.matthewlee.org\/index.php?rest_route=\/wp\/v2\/pages\/489\/revisions"}],"predecessor-version":[{"id":490,"href":"https:\/\/meiochile.matthewlee.org\/index.php?rest_route=\/wp\/v2\/pages\/489\/revisions\/490"}],"up":[{"embeddable":true,"href":"https:\/\/meiochile.matthewlee.org\/index.php?rest_route=\/wp\/v2\/pages\/468"}],"wp:attachment":[{"href":"https:\/\/meiochile.matthewlee.org\/index.php?rest_route=%2Fwp%2Fv2%2Fmedia&parent=489"}],"curies":[{"name":"wp","href":"https:\/\/api.w.org\/{rel}","templated":true}]}}