{"id":492,"date":"2016-09-03T18:15:09","date_gmt":"2016-09-03T18:15:09","guid":{"rendered":"http:\/\/meiochile.matthewlee.org\/?page_id=492"},"modified":"2016-09-03T18:15:09","modified_gmt":"2016-09-03T18:15:09","slug":"pennatulacea","status":"publish","type":"page","link":"https:\/\/meiochile.matthewlee.org\/?page_id=492","title":{"rendered":"Pennatulacea"},"content":{"rendered":"<table cellspacing=\"20\" align=\"center\">\n<tbody>\n<tr>\n<td align=\"center\" valign=\"middle\" width=\"65\" height=\"13\"><b>Family<\/b><\/td>\n<td align=\"center\" valign=\"middle\" width=\"65\" height=\"13\"><b>Genus<\/b><\/td>\n<td align=\"center\" valign=\"middle\" width=\"65\" height=\"13\"><b>Species<\/b><\/td>\n<td align=\"center\" valign=\"middle\" width=\"118\" height=\"13\"><b>Authority<\/b><\/td>\n<td align=\"center\" valign=\"middle\" width=\"65\" height=\"13\"><b>Distribution<\/b><\/td>\n<td align=\"center\" valign=\"middle\" width=\"65\" height=\"13\"><b>References<\/b><\/td>\n<\/tr>\n<tr>\n<td align=\"left\" valign=\"middle\" width=\"65\" height=\"13\">Renillidae<\/td>\n<td align=\"left\" valign=\"middle\" width=\"65\" height=\"13\"><i>Renilla<\/i><\/td>\n<td align=\"left\" valign=\"middle\" width=\"65\" height=\"13\"><i>chilensis<\/i><\/td>\n<td align=\"left\" valign=\"middle\" width=\"118\" height=\"13\">Philippi\u00a01892<\/td>\n<td align=\"left\" valign=\"middle\" width=\"65\" height=\"13\">Continental<\/td>\n<td align=\"left\" valign=\"middle\" width=\"65\" height=\"13\"><a href=\"#moyano95\">Moyano,\u00a01995<\/a><\/td>\n<\/tr>\n<tr>\n<td align=\"left\" valign=\"middle\" width=\"65\" height=\"13\">Renillidae<\/td>\n<td align=\"left\" valign=\"middle\" width=\"65\" height=\"13\"><i>Renilla<\/i><\/td>\n<td align=\"left\" valign=\"middle\" width=\"65\" height=\"13\"><i>octodentata<\/i><\/td>\n<td align=\"left\" valign=\"middle\" width=\"118\" height=\"13\">Zamponi\u00a0&amp;\u00a0P\u00e9rez\u00a01995<\/td>\n<td align=\"left\" valign=\"middle\" width=\"65\" height=\"13\">Continental<\/td>\n<td align=\"left\" valign=\"middle\" width=\"65\" height=\"13\"><a href=\"#perez96\">P\u00e9rez,\u00a01996<\/a><\/td>\n<\/tr>\n<\/tbody>\n<\/table>\n<p>&nbsp;<\/p>\n<h2 style=\"text-align: left;\" align=\"center\"><strong>References<\/strong><\/h2>\n<p><a name=\"moyano95\"><\/a><\/p>\n<div align=\"justify\">Moyano, G.H.I. (1995) Cnidaria. In: Simonetti JA, MTK Arroyo, AE Spotorno &amp; E Lozada (eds) Diversidad Biol\u00f3gica de Chile: 100-116. Comit\u00e9 Nacional de Diversidad Biol\u00f3gica. Comisi\u00f3n Nacional de Investigaci\u00f3n Cient\u00edfica y Tecnol\u00f3gica, Santiago, Chile.<\/div>\n<p><a name=\"perez96\"><\/a><\/p>\n<div align=\"justify\">P\u00e9rez, C.D. (1996) Presencia de <em>Renilla octodentata<\/em> Zamponi y P\u00e9rez, 1995 (Cnidaria, Pennatulacea, Renillidae) en la Bah\u00eda de Valpara\u00edso (33\u00baS-72\u00baW). <em>Investigaciones marinas, Chile<\/em> <strong>24<\/strong>:145-147.<\/div>\n","protected":false},"excerpt":{"rendered":"<p>Family Genus Species Authority Distribution References Renillidae Renilla chilensis Philippi\u00a01892 Continental Moyano,\u00a01995 Renillidae Renilla octodentata Zamponi\u00a0&amp;\u00a0P\u00e9rez\u00a01995 Continental P\u00e9rez,\u00a01996 &nbsp; References Moyano, G.H.I. (1995) Cnidaria. In: Simonetti JA, MTK Arroyo, AE Spotorno &amp; E Lozada (eds) Diversidad Biol\u00f3gica de Chile: 100-116. Comit\u00e9 Nacional de Diversidad Biol\u00f3gica. Comisi\u00f3n Nacional de Investigaci\u00f3n Cient\u00edfica y Tecnol\u00f3gica, Santiago, Chile. P\u00e9rez, [&hellip;]<\/p>\n","protected":false},"author":1,"featured_media":0,"parent":468,"menu_order":0,"comment_status":"closed","ping_status":"closed","template":"","meta":{"footnotes":""},"class_list":["post-492","page","type-page","status-publish","czr-hentry"],"_links":{"self":[{"href":"https:\/\/meiochile.matthewlee.org\/index.php?rest_route=\/wp\/v2\/pages\/492","targetHints":{"allow":["GET"]}}],"collection":[{"href":"https:\/\/meiochile.matthewlee.org\/index.php?rest_route=\/wp\/v2\/pages"}],"about":[{"href":"https:\/\/meiochile.matthewlee.org\/index.php?rest_route=\/wp\/v2\/types\/page"}],"author":[{"embeddable":true,"href":"https:\/\/meiochile.matthewlee.org\/index.php?rest_route=\/wp\/v2\/users\/1"}],"replies":[{"embeddable":true,"href":"https:\/\/meiochile.matthewlee.org\/index.php?rest_route=%2Fwp%2Fv2%2Fcomments&post=492"}],"version-history":[{"count":1,"href":"https:\/\/meiochile.matthewlee.org\/index.php?rest_route=\/wp\/v2\/pages\/492\/revisions"}],"predecessor-version":[{"id":493,"href":"https:\/\/meiochile.matthewlee.org\/index.php?rest_route=\/wp\/v2\/pages\/492\/revisions\/493"}],"up":[{"embeddable":true,"href":"https:\/\/meiochile.matthewlee.org\/index.php?rest_route=\/wp\/v2\/pages\/468"}],"wp:attachment":[{"href":"https:\/\/meiochile.matthewlee.org\/index.php?rest_route=%2Fwp%2Fv2%2Fmedia&parent=492"}],"curies":[{"name":"wp","href":"https:\/\/api.w.org\/{rel}","templated":true}]}}