{"id":518,"date":"2016-09-03T18:27:39","date_gmt":"2016-09-03T18:27:39","guid":{"rendered":"http:\/\/meiochile.matthewlee.org\/?page_id=518"},"modified":"2016-09-03T18:27:39","modified_gmt":"2016-09-03T18:27:39","slug":"calcarea","status":"publish","type":"page","link":"https:\/\/meiochile.matthewlee.org\/?page_id=518","title":{"rendered":"Calcarea"},"content":{"rendered":"<table cellspacing=\"20\" align=\"center\">\n<tbody>\n<tr>\n<td align=\"center\" valign=\"middle\" width=\"81\" height=\"13\"><b>Family<\/b><\/td>\n<td align=\"center\" valign=\"middle\" width=\"65\" height=\"13\"><b>Genus<\/b><\/td>\n<td align=\"center\" valign=\"middle\" width=\"81\" height=\"13\"><b>Species<\/b><\/td>\n<td align=\"center\" valign=\"middle\" width=\"83\" height=\"13\"><b>Authority<\/b><\/td>\n<td align=\"center\" valign=\"middle\" width=\"75\" height=\"13\"><b>Distribution<\/b><\/td>\n<td align=\"center\" valign=\"middle\" width=\"131\" height=\"13\"><b>References<\/b><\/td>\n<\/tr>\n<tr>\n<td align=\"left\" valign=\"middle\" width=\"81\" height=\"13\">Grantiidae<\/td>\n<td align=\"left\" valign=\"middle\" width=\"65\" height=\"13\"><i>Leucandra<\/i><\/td>\n<td align=\"left\" valign=\"middle\" width=\"81\" height=\"13\"><i>masatierrae<\/i><\/td>\n<td align=\"left\" valign=\"middle\" width=\"83\" height=\"13\">(Breitfuss\u00a01898)<\/td>\n<td align=\"left\" valign=\"middle\" width=\"75\" height=\"13\">Pacific\u00a0Islands<\/td>\n<td align=\"left\" valign=\"middle\" width=\"131\" height=\"13\"><a href=\"#rozbaczylo87\">Rozbaczylo\u00a0&amp;\u00a0Castilla,\u00a01987<\/a><\/td>\n<\/tr>\n<tr>\n<td align=\"left\" valign=\"middle\" width=\"81\" height=\"13\">Grantiidae<\/td>\n<td align=\"left\" valign=\"middle\" width=\"65\" height=\"13\"><i>Leucandra<\/i><\/td>\n<td align=\"left\" valign=\"middle\" width=\"81\" height=\"13\"><i>reniformis<\/i><\/td>\n<td align=\"left\" valign=\"middle\" width=\"83\" height=\"13\">Tanita\u00a01943<\/td>\n<td align=\"left\" valign=\"middle\" width=\"75\" height=\"13\">Continental<\/td>\n<td align=\"left\" valign=\"middle\" width=\"131\" height=\"13\"><a href=\"#soest05\">Van\u00a0Soest,\u00a0et\u00a0al.,\u00a02005<\/a><\/td>\n<\/tr>\n<tr>\n<td align=\"left\" valign=\"middle\" width=\"81\" height=\"13\">Grantiidae<\/td>\n<td align=\"left\" valign=\"middle\" width=\"65\" height=\"13\"><i>Leucandra<\/i><\/td>\n<td align=\"left\" valign=\"middle\" width=\"81\" height=\"13\"><i>uschuariensis<\/i><\/td>\n<td align=\"left\" valign=\"middle\" width=\"83\" height=\"13\">Tanita\u00a01942<\/td>\n<td align=\"left\" valign=\"middle\" width=\"75\" height=\"13\">Continental<\/td>\n<td align=\"left\" valign=\"middle\" width=\"131\" height=\"13\"><a href=\"#soest05\">Van\u00a0Soest,\u00a0et\u00a0al.,\u00a02005<\/a><\/td>\n<\/tr>\n<tr>\n<td align=\"left\" valign=\"middle\" width=\"81\" height=\"13\">Leucosoleniidae<\/td>\n<td align=\"left\" valign=\"middle\" width=\"65\" height=\"13\"><i>Leucosolenia<\/i><\/td>\n<td align=\"left\" valign=\"middle\" width=\"81\" height=\"13\"><i>dyctyoides<\/i><\/td>\n<td align=\"left\" valign=\"middle\" width=\"83\" height=\"13\">Breitfuss\u00a01898<\/td>\n<td align=\"left\" valign=\"middle\" width=\"75\" height=\"13\">Pacific\u00a0Islands<\/td>\n<td align=\"left\" valign=\"middle\" width=\"131\" height=\"13\"><a href=\"#rozbaczylo87\">Rozbaczylo\u00a0&amp;\u00a0Castilla,\u00a01987<\/a><\/td>\n<\/tr>\n<tr>\n<td align=\"left\" valign=\"middle\" width=\"81\" height=\"13\">Sycettidae<\/td>\n<td align=\"left\" valign=\"middle\" width=\"65\" height=\"13\"><i>Sycon<\/i><\/td>\n<td align=\"left\" valign=\"middle\" width=\"81\" height=\"13\"><i>incrustans<\/i><\/td>\n<td align=\"left\" valign=\"middle\" width=\"83\" height=\"13\">Breitfuss\u00a01898<\/td>\n<td align=\"left\" valign=\"middle\" width=\"75\" height=\"13\">Continental<\/td>\n<td align=\"left\" valign=\"middle\" width=\"131\" height=\"13\"><a href=\"#soest05\">Van\u00a0Soest,\u00a0et\u00a0al.,\u00a02005<\/a><\/td>\n<\/tr>\n<tr>\n<td align=\"left\" valign=\"middle\" width=\"81\" height=\"13\">Sycettidae<\/td>\n<td align=\"left\" valign=\"middle\" width=\"65\" height=\"13\"><i>Sycon<\/i><\/td>\n<td align=\"left\" valign=\"middle\" width=\"81\" height=\"13\"><i>proboscideum<\/i><\/td>\n<td align=\"left\" valign=\"middle\" width=\"83\" height=\"13\">Breitfuss\u00a01898<\/td>\n<td align=\"left\" valign=\"middle\" width=\"75\" height=\"13\">Continental<\/td>\n<td align=\"left\" valign=\"middle\" width=\"131\" height=\"13\"><a href=\"#soest05\">Van\u00a0Soest,\u00a0et\u00a0al.,\u00a02005<\/a><\/td>\n<\/tr>\n<tr>\n<td align=\"left\" valign=\"middle\" width=\"81\" height=\"13\">Clathrinidae<\/td>\n<td align=\"left\" valign=\"middle\" width=\"65\" height=\"13\"><i>Axociella<\/i><\/td>\n<td align=\"left\" valign=\"middle\" width=\"81\" height=\"13\"><i>nidificata<\/i><\/td>\n<td align=\"left\" valign=\"middle\" width=\"83\" height=\"13\">Kirkpatrick<\/td>\n<td align=\"left\" valign=\"middle\" width=\"75\" height=\"13\">Continental<\/td>\n<td align=\"left\" valign=\"middle\" width=\"131\" height=\"13\"><a href=\"#pansini99\">Pansini\u00a0&amp;\u00a0Sar\u00e1,\u00a01999<\/a><\/td>\n<\/tr>\n<\/tbody>\n<\/table>\n<p>&nbsp;<\/p>\n<h2 style=\"text-align: left;\" align=\"center\"><strong>References<\/strong><\/h2>\n<p><a name=\"pansini99\"><\/a><\/p>\n<div align=\"justify\">Pansini, M. &amp; Sar\u00e0, M. (1999) Taxonomical and biogeographical notes on the sponges of the Straits of Magellan. <em>Scientia Marina<\/em>, <strong>63<\/strong>:203-208.<\/div>\n<p><a name=\"rozbaczylo87\"><\/a><\/p>\n<div align=\"justify\">Rozbaczylo, N. Castilla, J.C. (1987) Marine invertebrates from Juan Fern\u00e1ndez Archipelago. In: Castilla, J.C. (ed) Islas oce\u00e1nicas chilenas: conocimiento cient\u00edfico y necesidades de investigaciones. 167-190. Ediciones Universidad Cat\u00f3lica de Chile, Santiago, Chile.<\/div>\n<p><a name=\"soest05\"><\/a><\/p>\n<div align=\"justify\">Van Soest, R., Boury-Esnault, N., Janussen, D. &amp; Hooper, J. (2005) World Porifera database. [<a href=\"http:\/\/www.vliz.be\/vmdcdata\/porifera\">http:\/\/www.vliz.be\/vmdcdata\/porifera<\/a>]. (Consulted January 2008)<\/div>\n","protected":false},"excerpt":{"rendered":"<p>Family Genus Species Authority Distribution References Grantiidae Leucandra masatierrae (Breitfuss\u00a01898) Pacific\u00a0Islands Rozbaczylo\u00a0&amp;\u00a0Castilla,\u00a01987 Grantiidae Leucandra reniformis Tanita\u00a01943 Continental Van\u00a0Soest,\u00a0et\u00a0al.,\u00a02005 Grantiidae Leucandra uschuariensis Tanita\u00a01942 Continental Van\u00a0Soest,\u00a0et\u00a0al.,\u00a02005 Leucosoleniidae Leucosolenia dyctyoides Breitfuss\u00a01898 Pacific\u00a0Islands Rozbaczylo\u00a0&amp;\u00a0Castilla,\u00a01987 Sycettidae Sycon incrustans Breitfuss\u00a01898 Continental Van\u00a0Soest,\u00a0et\u00a0al.,\u00a02005 Sycettidae Sycon proboscideum Breitfuss\u00a01898 Continental Van\u00a0Soest,\u00a0et\u00a0al.,\u00a02005 Clathrinidae Axociella nidificata Kirkpatrick Continental Pansini\u00a0&amp;\u00a0Sar\u00e1,\u00a01999 &nbsp; References Pansini, M. &amp; Sar\u00e0, M. [&hellip;]<\/p>\n","protected":false},"author":1,"featured_media":0,"parent":514,"menu_order":0,"comment_status":"closed","ping_status":"closed","template":"","meta":{"footnotes":""},"class_list":["post-518","page","type-page","status-publish","czr-hentry"],"_links":{"self":[{"href":"https:\/\/meiochile.matthewlee.org\/index.php?rest_route=\/wp\/v2\/pages\/518","targetHints":{"allow":["GET"]}}],"collection":[{"href":"https:\/\/meiochile.matthewlee.org\/index.php?rest_route=\/wp\/v2\/pages"}],"about":[{"href":"https:\/\/meiochile.matthewlee.org\/index.php?rest_route=\/wp\/v2\/types\/page"}],"author":[{"embeddable":true,"href":"https:\/\/meiochile.matthewlee.org\/index.php?rest_route=\/wp\/v2\/users\/1"}],"replies":[{"embeddable":true,"href":"https:\/\/meiochile.matthewlee.org\/index.php?rest_route=%2Fwp%2Fv2%2Fcomments&post=518"}],"version-history":[{"count":1,"href":"https:\/\/meiochile.matthewlee.org\/index.php?rest_route=\/wp\/v2\/pages\/518\/revisions"}],"predecessor-version":[{"id":519,"href":"https:\/\/meiochile.matthewlee.org\/index.php?rest_route=\/wp\/v2\/pages\/518\/revisions\/519"}],"up":[{"embeddable":true,"href":"https:\/\/meiochile.matthewlee.org\/index.php?rest_route=\/wp\/v2\/pages\/514"}],"wp:attachment":[{"href":"https:\/\/meiochile.matthewlee.org\/index.php?rest_route=%2Fwp%2Fv2%2Fmedia&parent=518"}],"curies":[{"name":"wp","href":"https:\/\/api.w.org\/{rel}","templated":true}]}}