{"id":561,"date":"2016-09-03T19:29:54","date_gmt":"2016-09-03T19:29:54","guid":{"rendered":"http:\/\/meiochile.matthewlee.org\/?page_id=561"},"modified":"2016-09-03T19:29:54","modified_gmt":"2016-09-03T19:29:54","slug":"ctenostomida","status":"publish","type":"page","link":"https:\/\/meiochile.matthewlee.org\/?page_id=561","title":{"rendered":"Ctenostomida"},"content":{"rendered":"<table cellspacing=\"20\" align=\"center\">\n<tbody>\n<tr>\n<td align=\"center\" valign=\"middle\" width=\"91\" height=\"13\"><b>Family<\/b><\/td>\n<td align=\"center\" valign=\"middle\" width=\"65\" height=\"13\"><b>Genus<\/b><\/td>\n<td align=\"center\" valign=\"middle\" width=\"65\" height=\"13\"><b>Species<\/b><\/td>\n<td align=\"center\" valign=\"middle\" width=\"97\" height=\"13\"><b>Authority<\/b><\/td>\n<td align=\"center\" valign=\"middle\" width=\"65\" height=\"13\"><b>Distribution<\/b><\/td>\n<td align=\"center\" valign=\"middle\" width=\"105\" height=\"13\"><b>References<\/b><\/td>\n<\/tr>\n<tr>\n<td align=\"left\" valign=\"middle\" width=\"91\" height=\"13\">Alcyonidiidae<\/td>\n<td align=\"left\" valign=\"middle\" width=\"65\" height=\"13\"><i>Alcyonidium<\/i><\/td>\n<td align=\"left\" valign=\"middle\" width=\"65\" height=\"13\"><i>australe<\/i><\/td>\n<td align=\"left\" valign=\"middle\" width=\"97\" height=\"13\">D&#8217;Hondt\u00a0y\u00a0Moyano 1979<\/td>\n<td align=\"left\" valign=\"middle\" width=\"65\" height=\"13\">Continental<\/td>\n<td align=\"left\" valign=\"middle\" width=\"105\" height=\"13\"><a href=\"#moyano91\">Moyano,\u00a01991<\/a><\/td>\n<\/tr>\n<tr>\n<td align=\"left\" valign=\"middle\" width=\"91\" height=\"13\">Alcyonidiidae<\/td>\n<td align=\"left\" valign=\"middle\" width=\"65\" height=\"13\"><i>Alcyonidium<\/i><\/td>\n<td align=\"left\" valign=\"middle\" width=\"65\" height=\"13\"><i>cellarioides<\/i><\/td>\n<td align=\"left\" valign=\"middle\" width=\"97\" height=\"13\">Calvet 1900<\/td>\n<td align=\"left\" valign=\"middle\" width=\"65\" height=\"13\">Continental<\/td>\n<td align=\"left\" valign=\"middle\" width=\"105\" height=\"13\"><a href=\"#moyano91\">Moyano,\u00a01991<\/a><\/td>\n<\/tr>\n<tr>\n<td align=\"left\" valign=\"middle\" width=\"91\" height=\"13\">Alcyonidiidae<\/td>\n<td align=\"left\" valign=\"middle\" width=\"65\" height=\"13\"><i>Alcyonidium<\/i><\/td>\n<td align=\"left\" valign=\"middle\" width=\"65\" height=\"13\"><i>mamillatum<\/i><\/td>\n<td align=\"left\" valign=\"middle\" width=\"97\" height=\"13\">Alder 1857<\/td>\n<td align=\"left\" valign=\"middle\" width=\"65\" height=\"13\">Continental<\/td>\n<td align=\"left\" valign=\"middle\" width=\"105\" height=\"13\"><a href=\"#moyano91\">Moyano,\u00a01991<\/a><\/td>\n<\/tr>\n<tr>\n<td align=\"left\" valign=\"middle\" width=\"91\" height=\"13\">Alcyonidiidae<\/td>\n<td align=\"left\" valign=\"middle\" width=\"65\" height=\"13\"><i>Alcyonidium<\/i><\/td>\n<td align=\"left\" valign=\"middle\" width=\"65\" height=\"13\"><i>mytili<\/i><\/td>\n<td align=\"left\" valign=\"middle\" width=\"97\" height=\"13\">Dalyell 1847<\/td>\n<td align=\"left\" valign=\"middle\" width=\"65\" height=\"13\">Continental<\/td>\n<td align=\"left\" valign=\"middle\" width=\"105\" height=\"13\"><a href=\"#moyano99\">Moyano,\u00a01999<\/a><\/td>\n<\/tr>\n<tr>\n<td align=\"left\" valign=\"middle\" width=\"91\" height=\"13\">Alcyonidiidae<\/td>\n<td align=\"left\" valign=\"middle\" width=\"65\" height=\"13\"><i>Alcyonidium<\/i><\/td>\n<td align=\"left\" valign=\"middle\" width=\"65\" height=\"13\"><i>nodosum<\/i><\/td>\n<td align=\"left\" valign=\"middle\" width=\"97\" height=\"13\">O&#8217;Donoghue\u00a0y\u00a0de Watteville 1944<\/td>\n<td align=\"left\" valign=\"middle\" width=\"65\" height=\"13\">Continental<\/td>\n<td align=\"left\" valign=\"middle\" width=\"105\" height=\"13\"><a href=\"#moyano91\">Moyano,\u00a01991<\/a><\/td>\n<\/tr>\n<tr>\n<td align=\"left\" valign=\"middle\" width=\"91\" height=\"13\">Alcyonidiidae<\/td>\n<td align=\"left\" valign=\"middle\" width=\"65\" height=\"13\"><i>Alcyonidium<\/i><\/td>\n<td align=\"left\" valign=\"middle\" width=\"65\" height=\"13\"><i>polyoum<\/i><\/td>\n<td align=\"left\" valign=\"middle\" width=\"97\" height=\"13\">(Hassall 1841)<\/td>\n<td align=\"left\" valign=\"middle\" width=\"65\" height=\"13\">Continental<\/td>\n<td align=\"left\" valign=\"middle\" width=\"105\" height=\"13\"><a href=\"#moyano91\">Moyano,\u00a01991<\/a><\/td>\n<\/tr>\n<tr>\n<td align=\"left\" valign=\"middle\" width=\"91\" height=\"13\">Alcyonidiidae<\/td>\n<td align=\"left\" valign=\"middle\" width=\"65\" height=\"13\"><i>Alcyonidium<\/i><\/td>\n<td align=\"left\" valign=\"middle\" width=\"65\" height=\"13\">sp<\/td>\n<td align=\"left\" valign=\"middle\" width=\"97\" height=\"13\"><\/td>\n<td align=\"left\" valign=\"middle\" width=\"65\" height=\"13\">Continental<\/td>\n<td align=\"left\" valign=\"middle\" width=\"105\" height=\"13\"><a href=\"#moyano91\">Moyano,\u00a01991<\/a><\/td>\n<\/tr>\n<tr>\n<td align=\"left\" valign=\"middle\" width=\"91\" height=\"13\">Buskiidae<\/td>\n<td align=\"left\" valign=\"middle\" width=\"65\" height=\"13\"><i>Buskia<\/i><\/td>\n<td align=\"left\" valign=\"middle\" width=\"65\" height=\"13\"><i>australis<\/i><\/td>\n<td align=\"left\" valign=\"middle\" width=\"97\" height=\"13\">Jullien<\/td>\n<td align=\"left\" valign=\"middle\" width=\"65\" height=\"13\">Continental<\/td>\n<td align=\"left\" valign=\"middle\" width=\"105\" height=\"13\"><a href=\"#moyano91\">Moyano,\u00a01991<\/a><\/td>\n<\/tr>\n<tr>\n<td align=\"left\" valign=\"middle\" width=\"91\" height=\"13\">Buskiidae<\/td>\n<td align=\"left\" valign=\"middle\" width=\"65\" height=\"13\"><i>Buskia<\/i><\/td>\n<td align=\"left\" valign=\"middle\" width=\"65\" height=\"13\"><i>setigera<\/i><\/td>\n<td align=\"left\" valign=\"middle\" width=\"97\" height=\"13\">Hincks 1887<\/td>\n<td align=\"left\" valign=\"middle\" width=\"65\" height=\"13\">Continental<\/td>\n<td align=\"left\" valign=\"middle\" width=\"105\" height=\"13\"><a href=\"#moyano91\">Moyano,\u00a01991<\/a><\/td>\n<\/tr>\n<tr>\n<td align=\"left\" valign=\"middle\" width=\"91\" height=\"13\">Nolellidae<\/td>\n<td align=\"left\" valign=\"middle\" width=\"65\" height=\"13\"><i>Nolella<\/i><\/td>\n<td align=\"left\" valign=\"middle\" width=\"65\" height=\"13\"><i>gigantea<\/i><\/td>\n<td align=\"left\" valign=\"middle\" width=\"97\" height=\"13\">(Busk 1856)<\/td>\n<td align=\"left\" valign=\"middle\" width=\"65\" height=\"13\">Continental<\/td>\n<td align=\"left\" valign=\"middle\" width=\"105\" height=\"13\"><a href=\"#moyano91\">Moyano,\u00a01991<\/a><\/td>\n<\/tr>\n<tr>\n<td align=\"left\" valign=\"middle\" width=\"91\" height=\"13\">Terebriporidae<\/td>\n<td align=\"left\" valign=\"middle\" width=\"65\" height=\"13\"><i>Spathipora<\/i><\/td>\n<td align=\"left\" valign=\"middle\" width=\"65\" height=\"13\"><i>elegans<\/i><\/td>\n<td align=\"left\" valign=\"middle\" width=\"97\" height=\"13\">Fischer\u00a01866<\/td>\n<td align=\"left\" valign=\"middle\" width=\"65\" height=\"13\">Continental<\/td>\n<td align=\"left\" valign=\"middle\" width=\"105\" height=\"13\"><a href=\"#forsterra05\">F\u00f6rsterra\u00a0et\u00a0al.,\u00a02005<\/a><\/td>\n<\/tr>\n<tr>\n<td align=\"left\" valign=\"middle\" width=\"91\" height=\"13\">Terebriporidae<\/td>\n<td align=\"left\" valign=\"middle\" width=\"65\" height=\"13\"><i>Terebripora<\/i><\/td>\n<td align=\"left\" valign=\"middle\" width=\"65\" height=\"13\"><i>comma<\/i><\/td>\n<td align=\"left\" valign=\"middle\" width=\"97\" height=\"13\">Soule 1950<\/td>\n<td align=\"left\" valign=\"middle\" width=\"65\" height=\"13\">Continental<\/td>\n<td align=\"left\" valign=\"middle\" width=\"105\" height=\"13\"><a href=\"#moyano91\">Moyano,\u00a01991<\/a><\/td>\n<\/tr>\n<tr>\n<td align=\"left\" valign=\"middle\" width=\"91\" height=\"13\">Terebriporidae<\/td>\n<td align=\"left\" valign=\"middle\" width=\"65\" height=\"13\"><i>Terebripora<\/i><\/td>\n<td align=\"left\" valign=\"middle\" width=\"65\" height=\"13\"><i>ramosa<\/i><\/td>\n<td align=\"left\" valign=\"middle\" width=\"97\" height=\"13\">d&#8217;Orbigny 1842<\/td>\n<td align=\"left\" valign=\"middle\" width=\"65\" height=\"13\">Continental<\/td>\n<td align=\"left\" valign=\"middle\" width=\"105\" height=\"13\"><a href=\"#moyano91\">Moyano,\u00a01991<\/a><\/td>\n<\/tr>\n<tr>\n<td align=\"left\" valign=\"middle\" width=\"91\" height=\"13\">Triticellidae<\/td>\n<td align=\"left\" valign=\"middle\" width=\"65\" height=\"13\"><i>Triticella<\/i><\/td>\n<td align=\"left\" valign=\"middle\" width=\"65\" height=\"13\"><i>pedicellata<\/i><\/td>\n<td align=\"left\" valign=\"middle\" width=\"97\" height=\"13\">(Alder 1857)<\/td>\n<td align=\"left\" valign=\"middle\" width=\"65\" height=\"13\">Continental<\/td>\n<td align=\"left\" valign=\"middle\" width=\"105\" height=\"13\"><a href=\"#moyano91\">Moyano,\u00a01991<\/a><\/td>\n<\/tr>\n<tr>\n<td align=\"left\" valign=\"middle\" width=\"91\" height=\"13\">Vesicullaridae<\/td>\n<td align=\"left\" valign=\"middle\" width=\"65\" height=\"13\"><i>Bowerbankia<\/i><\/td>\n<td align=\"left\" valign=\"middle\" width=\"65\" height=\"13\"><i>francoforum<\/i><\/td>\n<td align=\"left\" valign=\"middle\" width=\"97\" height=\"13\">Jullien 1888<\/td>\n<td align=\"left\" valign=\"middle\" width=\"65\" height=\"13\">Continental<\/td>\n<td align=\"left\" valign=\"middle\" width=\"105\" height=\"13\"><a href=\"#moyano91\">Moyano,\u00a01991<\/a><\/td>\n<\/tr>\n<tr>\n<td align=\"left\" valign=\"middle\" width=\"91\" height=\"13\">Vesicullaridae<\/td>\n<td align=\"left\" valign=\"middle\" width=\"65\" height=\"13\"><i>Bowerbankia<\/i><\/td>\n<td align=\"left\" valign=\"middle\" width=\"65\" height=\"13\"><i>gracilis<\/i><\/td>\n<td align=\"left\" valign=\"middle\" width=\"97\" height=\"13\">Leidy 1855<\/td>\n<td align=\"left\" valign=\"middle\" width=\"65\" height=\"13\">Continental<\/td>\n<td align=\"left\" valign=\"middle\" width=\"105\" height=\"13\"><a href=\"#moyano91\">Moyano,\u00a01991<\/a><\/td>\n<\/tr>\n<tr>\n<td align=\"left\" valign=\"middle\" width=\"91\" height=\"13\">Vesicullaridae<\/td>\n<td align=\"left\" valign=\"middle\" width=\"65\" height=\"13\"><i>Bowerbankia<\/i><\/td>\n<td align=\"left\" valign=\"middle\" width=\"65\" height=\"13\"><i>hanni<\/i><\/td>\n<td align=\"left\" valign=\"middle\" width=\"97\" height=\"13\">Jullien 1888<\/td>\n<td align=\"left\" valign=\"middle\" width=\"65\" height=\"13\">Continental<\/td>\n<td align=\"left\" valign=\"middle\" width=\"105\" height=\"13\"><a href=\"#moyano91\">Moyano,\u00a01991<\/a><\/td>\n<\/tr>\n<tr>\n<td align=\"left\" valign=\"middle\" width=\"91\" height=\"13\">Vesicullaridae<\/td>\n<td align=\"left\" valign=\"middle\" width=\"65\" height=\"13\"><i>Bowerbankia<\/i><\/td>\n<td align=\"left\" valign=\"middle\" width=\"65\" height=\"13\"><i>imbricata<\/i><\/td>\n<td align=\"left\" valign=\"middle\" width=\"97\" height=\"13\">Adams\u00a01800<\/td>\n<td align=\"left\" valign=\"middle\" width=\"65\" height=\"13\">Continental<\/td>\n<td align=\"left\" valign=\"middle\" width=\"105\" height=\"13\"><a href=\"#moyano99\">Moyano,\u00a01999<\/a><\/td>\n<\/tr>\n<tr>\n<td align=\"left\" valign=\"middle\" width=\"91\" height=\"13\">Vesicullaridae<\/td>\n<td align=\"left\" valign=\"middle\" width=\"65\" height=\"13\"><i>Bowerbankia<\/i><\/td>\n<td align=\"left\" valign=\"middle\" width=\"65\" height=\"13\"><i>minutissima<\/i><\/td>\n<td align=\"left\" valign=\"middle\" width=\"97\" height=\"13\">Jullien 1888<\/td>\n<td align=\"left\" valign=\"middle\" width=\"65\" height=\"13\">Continental<\/td>\n<td align=\"left\" valign=\"middle\" width=\"105\" height=\"13\"><a href=\"#moyano91\">Moyano,\u00a01991<\/a><\/td>\n<\/tr>\n<\/tbody>\n<\/table>\n<p>&nbsp;<\/p>\n<h2 style=\"text-align: left;\" align=\"center\"><strong>References<\/strong><\/h2>\n<p><a name=\"forsterra05\"><\/a><\/p>\n<div align=\"justify\">F\u00f6rsterra, G., Beuck, L., H\u00e4ussermann, V. &amp; Freiwald, A. (2005) Shallow-water <i>Desmophyllum dianthus<\/i> (Scleractinia) from Chile: characteristics of the biocoenoses, the bioeroding community, heterotrophic interactions and (paleo)-bathymetric implications. In: Freiwald A, Roberts JM (eds), Cold-water Corals and Ecosystems pp. 937-977. Springer-Verlag Berlin Heidelberg.<\/div>\n<p><a name=\"moyano91\"><\/a><\/p>\n<div align=\"justify\">Moyano, G.H.I. (1991) Bryozoa marinos chilenos VIII: Una s\u00edntesis zoogeogr\u00e1fica con consideraciones sistem\u00e1ticas y la descripci\u00f3n de diez especies y dos g\u00e9neros nuevos. <em>Gayana Zoologia, Chile<\/em>, <strong>55<\/strong>:305-389.<\/div>\n<p><a name=\"moyano99\"><\/a><\/p>\n<div align=\"justify\">Moyano, G.H.I. (1999) Magellan Bryozoa: a review of the diversity and of the Subantarctic and Antarctic zoogeographical links. <em>Scientia Marina<\/em>, <strong>63<\/strong>:219-226.<\/div>\n","protected":false},"excerpt":{"rendered":"<p>Family Genus Species Authority Distribution References Alcyonidiidae Alcyonidium australe D&#8217;Hondt\u00a0y\u00a0Moyano 1979 Continental Moyano,\u00a01991 Alcyonidiidae Alcyonidium cellarioides Calvet 1900 Continental Moyano,\u00a01991 Alcyonidiidae Alcyonidium mamillatum Alder 1857 Continental Moyano,\u00a01991 Alcyonidiidae Alcyonidium mytili Dalyell 1847 Continental Moyano,\u00a01999 Alcyonidiidae Alcyonidium nodosum O&#8217;Donoghue\u00a0y\u00a0de Watteville 1944 Continental Moyano,\u00a01991 Alcyonidiidae Alcyonidium polyoum (Hassall 1841) Continental Moyano,\u00a01991 Alcyonidiidae Alcyonidium sp Continental Moyano,\u00a01991 Buskiidae [&hellip;]<\/p>\n","protected":false},"author":1,"featured_media":0,"parent":554,"menu_order":0,"comment_status":"closed","ping_status":"closed","template":"","meta":{"footnotes":""},"class_list":["post-561","page","type-page","status-publish","czr-hentry"],"_links":{"self":[{"href":"https:\/\/meiochile.matthewlee.org\/index.php?rest_route=\/wp\/v2\/pages\/561","targetHints":{"allow":["GET"]}}],"collection":[{"href":"https:\/\/meiochile.matthewlee.org\/index.php?rest_route=\/wp\/v2\/pages"}],"about":[{"href":"https:\/\/meiochile.matthewlee.org\/index.php?rest_route=\/wp\/v2\/types\/page"}],"author":[{"embeddable":true,"href":"https:\/\/meiochile.matthewlee.org\/index.php?rest_route=\/wp\/v2\/users\/1"}],"replies":[{"embeddable":true,"href":"https:\/\/meiochile.matthewlee.org\/index.php?rest_route=%2Fwp%2Fv2%2Fcomments&post=561"}],"version-history":[{"count":1,"href":"https:\/\/meiochile.matthewlee.org\/index.php?rest_route=\/wp\/v2\/pages\/561\/revisions"}],"predecessor-version":[{"id":562,"href":"https:\/\/meiochile.matthewlee.org\/index.php?rest_route=\/wp\/v2\/pages\/561\/revisions\/562"}],"up":[{"embeddable":true,"href":"https:\/\/meiochile.matthewlee.org\/index.php?rest_route=\/wp\/v2\/pages\/554"}],"wp:attachment":[{"href":"https:\/\/meiochile.matthewlee.org\/index.php?rest_route=%2Fwp%2Fv2%2Fmedia&parent=561"}],"curies":[{"name":"wp","href":"https:\/\/api.w.org\/{rel}","templated":true}]}}