{"id":611,"date":"2016-09-03T19:54:17","date_gmt":"2016-09-03T19:54:17","guid":{"rendered":"http:\/\/meiochile.matthewlee.org\/?page_id=611"},"modified":"2016-09-03T19:54:17","modified_gmt":"2016-09-03T19:54:17","slug":"anaspidea","status":"publish","type":"page","link":"https:\/\/meiochile.matthewlee.org\/?page_id=611","title":{"rendered":"Anaspidea"},"content":{"rendered":"<table cellspacing=\"20\" align=\"center\">\n<tbody>\n<tr>\n<td align=\"center\" valign=\"middle\" width=\"65\" height=\"13\"><b>Family<\/b><\/td>\n<td align=\"center\" valign=\"middle\" width=\"65\" height=\"13\"><b>Genus<\/b><\/td>\n<td align=\"center\" valign=\"middle\" width=\"65\" height=\"13\"><b>Speceis<\/b><\/td>\n<td align=\"center\" valign=\"middle\" width=\"78\" height=\"13\"><b>Authority<\/b><\/td>\n<td align=\"center\" valign=\"middle\" width=\"77\" height=\"13\"><b>Distribution<\/b><\/td>\n<td align=\"center\" valign=\"middle\" width=\"128\" height=\"13\"><b>References<\/b><\/td>\n<\/tr>\n<tr>\n<td align=\"left\" valign=\"middle\" width=\"65\" height=\"13\">Aplysiidae<\/td>\n<td align=\"left\" valign=\"middle\" width=\"65\" height=\"13\"><i>Aplysia<\/i><\/td>\n<td align=\"left\" valign=\"middle\" width=\"65\" height=\"13\"><i>parvula<\/i><\/td>\n<td align=\"left\" valign=\"middle\" width=\"78\" height=\"13\">(Bergh\u00a01898)<\/td>\n<td align=\"left\" valign=\"middle\" width=\"77\" height=\"13\">Pacific\u00a0Islands<\/td>\n<td align=\"left\" valign=\"middle\" width=\"128\" height=\"13\"><a href=\"#rozbaczylo87\">Rozbaczylo\u00a0&amp;\u00a0Castilla,\u00a01987<\/a><\/td>\n<\/tr>\n<tr>\n<td align=\"left\" valign=\"middle\" width=\"65\" height=\"13\">Aplysiidae<\/td>\n<td align=\"left\" valign=\"middle\" width=\"65\" height=\"13\"><i>Aplysia<\/i><\/td>\n<td align=\"left\" valign=\"middle\" width=\"65\" height=\"13\">sp.<\/td>\n<td align=\"left\" valign=\"middle\" width=\"78\" height=\"13\"><\/td>\n<td align=\"left\" valign=\"middle\" width=\"77\" height=\"13\">Pacific\u00a0Islands<\/td>\n<td align=\"left\" valign=\"middle\" width=\"128\" height=\"13\"><a href=\"#osorio89\">Osorio\u00a0&amp;\u00a0Cantuarias\u00a01989<\/a><\/td>\n<\/tr>\n<tr>\n<td align=\"left\" valign=\"middle\" width=\"65\" height=\"13\">Aplysiidae<\/td>\n<td align=\"left\" valign=\"middle\" width=\"65\" height=\"13\"><i>Dolabella<\/i><\/td>\n<td align=\"left\" valign=\"middle\" width=\"65\" height=\"13\"><i>auricularia<\/i><\/td>\n<td align=\"left\" valign=\"middle\" width=\"78\" height=\"13\">(Lightfoot\u00a01784)<\/td>\n<td align=\"left\" valign=\"middle\" width=\"77\" height=\"13\">Pacific\u00a0Islands<\/td>\n<td align=\"left\" valign=\"middle\" width=\"128\" height=\"13\"><a href=\"#rozbaczylo87\">Rozbaczylo\u00a0&amp;\u00a0Castilla,\u00a01987<\/a><\/td>\n<\/tr>\n<tr>\n<td align=\"left\" valign=\"middle\" width=\"65\" height=\"13\">Aplysiidae<\/td>\n<td align=\"left\" valign=\"middle\" width=\"65\" height=\"13\"><i>Dolabrifera<\/i><\/td>\n<td align=\"left\" valign=\"middle\" width=\"65\" height=\"13\"><i>dolabrifera<\/i><\/td>\n<td align=\"left\" valign=\"middle\" width=\"78\" height=\"13\">(Rang\u00a01828)<\/td>\n<td align=\"left\" valign=\"middle\" width=\"77\" height=\"13\">Continental<\/td>\n<td align=\"left\" valign=\"middle\" width=\"128\" height=\"13\"><a href=\"#valdovinos99\">Valdovinos,\u00a01999<\/a><\/td>\n<\/tr>\n<\/tbody>\n<\/table>\n<p>&nbsp;<\/p>\n<h2 style=\"text-align: left;\" align=\"center\"><strong>References<\/strong><\/h2>\n<p><a name=\"osorio89\"><\/a><\/p>\n<div align=\"justify\">Osorio, C. &amp; Cantuarias, V. (1989) Vertical distribution of Mollusks on the rocky intertidal of Easter Island.<em> Pacific Science<\/em>, <strong>43<\/strong>:302-315.<\/div>\n<p><a name=\"rozbaczylo87\"><\/a><\/p>\n<div align=\"justify\">Rozbaczylo, N. Castilla, J.C. (1987) Marine invertebrates from Juan Fern\u00e1ndez Archipelago. In: Castilla, J.C. (ed) Islas oce\u00e1nicas chilenas: conocimiento cient\u00edfico y necesidades de investigaciones. 167-190. Ediciones Universidad Cat\u00f3lica de Chile, Santiago, Chile.<\/div>\n<p><a name=\"valdovinos99\"><\/a><\/p>\n<div align=\"justify\">Valdovinos, C. (1999) Biodiviersidad de moluscos chilenos: base de datos taxonomica y distribucional. <em>Gayana Zoologica<\/em>, <strong>63<\/strong>:111-164.<\/div>\n","protected":false},"excerpt":{"rendered":"<p>Family Genus Speceis Authority Distribution References Aplysiidae Aplysia parvula (Bergh\u00a01898) Pacific\u00a0Islands Rozbaczylo\u00a0&amp;\u00a0Castilla,\u00a01987 Aplysiidae Aplysia sp. Pacific\u00a0Islands Osorio\u00a0&amp;\u00a0Cantuarias\u00a01989 Aplysiidae Dolabella auricularia (Lightfoot\u00a01784) Pacific\u00a0Islands Rozbaczylo\u00a0&amp;\u00a0Castilla,\u00a01987 Aplysiidae Dolabrifera dolabrifera (Rang\u00a01828) Continental Valdovinos,\u00a01999 &nbsp; References Osorio, C. &amp; Cantuarias, V. (1989) Vertical distribution of Mollusks on the rocky intertidal of Easter Island. Pacific Science, 43:302-315. Rozbaczylo, N. Castilla, J.C. [&hellip;]<\/p>\n","protected":false},"author":1,"featured_media":0,"parent":608,"menu_order":0,"comment_status":"closed","ping_status":"closed","template":"","meta":{"footnotes":""},"class_list":["post-611","page","type-page","status-publish","czr-hentry"],"_links":{"self":[{"href":"https:\/\/meiochile.matthewlee.org\/index.php?rest_route=\/wp\/v2\/pages\/611","targetHints":{"allow":["GET"]}}],"collection":[{"href":"https:\/\/meiochile.matthewlee.org\/index.php?rest_route=\/wp\/v2\/pages"}],"about":[{"href":"https:\/\/meiochile.matthewlee.org\/index.php?rest_route=\/wp\/v2\/types\/page"}],"author":[{"embeddable":true,"href":"https:\/\/meiochile.matthewlee.org\/index.php?rest_route=\/wp\/v2\/users\/1"}],"replies":[{"embeddable":true,"href":"https:\/\/meiochile.matthewlee.org\/index.php?rest_route=%2Fwp%2Fv2%2Fcomments&post=611"}],"version-history":[{"count":1,"href":"https:\/\/meiochile.matthewlee.org\/index.php?rest_route=\/wp\/v2\/pages\/611\/revisions"}],"predecessor-version":[{"id":612,"href":"https:\/\/meiochile.matthewlee.org\/index.php?rest_route=\/wp\/v2\/pages\/611\/revisions\/612"}],"up":[{"embeddable":true,"href":"https:\/\/meiochile.matthewlee.org\/index.php?rest_route=\/wp\/v2\/pages\/608"}],"wp:attachment":[{"href":"https:\/\/meiochile.matthewlee.org\/index.php?rest_route=%2Fwp%2Fv2%2Fmedia&parent=611"}],"curies":[{"name":"wp","href":"https:\/\/api.w.org\/{rel}","templated":true}]}}