{"id":614,"date":"2016-09-03T19:55:36","date_gmt":"2016-09-03T19:55:36","guid":{"rendered":"http:\/\/meiochile.matthewlee.org\/?page_id=614"},"modified":"2016-09-03T19:55:36","modified_gmt":"2016-09-03T19:55:36","slug":"basommatophora","status":"publish","type":"page","link":"https:\/\/meiochile.matthewlee.org\/?page_id=614","title":{"rendered":"Basommatophora"},"content":{"rendered":"<div id=\"content\">\n<table cellspacing=\"20\" align=\"center\">\n<tbody>\n<tr>\n<td align=\"center\" valign=\"middle\" width=\"80\" height=\"13\"><b>Family<\/b><\/td>\n<td align=\"center\" valign=\"middle\" width=\"84\" height=\"13\"><b>Genus<\/b><\/td>\n<td align=\"center\" valign=\"middle\" width=\"65\" height=\"13\"><b>Species<\/b><\/td>\n<td align=\"center\" valign=\"middle\" width=\"74\" height=\"13\"><b>Authority<\/b><\/td>\n<td align=\"center\" valign=\"middle\" width=\"77\" height=\"13\"><b>Distribution<\/b><\/td>\n<td align=\"center\" valign=\"middle\" width=\"128\" height=\"13\"><b>References<\/b><\/td>\n<\/tr>\n<tr>\n<td align=\"left\" valign=\"middle\" width=\"80\" height=\"13\">Ellobiidae<\/td>\n<td align=\"left\" valign=\"middle\" width=\"84\" height=\"13\"><i>Leuconopsis<\/i><\/td>\n<td align=\"left\" valign=\"middle\" width=\"65\" height=\"13\"><i>rapanuiensis<\/i><\/td>\n<td align=\"left\" valign=\"middle\" width=\"74\" height=\"13\">Rehder\u00a01980<\/td>\n<td align=\"left\" valign=\"middle\" width=\"77\" height=\"13\">Pacific\u00a0Islands<\/td>\n<td align=\"left\" valign=\"middle\" width=\"128\" height=\"13\"><a href=\"#valdovinos99\">Valdovinos,\u00a01999<\/a><\/td>\n<\/tr>\n<tr>\n<td align=\"left\" valign=\"middle\" width=\"80\" height=\"13\">Ellobiidae<\/td>\n<td align=\"left\" valign=\"middle\" width=\"84\" height=\"13\"><i>Marinula<\/i><\/td>\n<td align=\"left\" valign=\"middle\" width=\"65\" height=\"13\"><i>juanensi<\/i><\/td>\n<td align=\"left\" valign=\"middle\" width=\"74\" height=\"13\"><\/td>\n<td align=\"left\" valign=\"middle\" width=\"77\" height=\"13\">Pacific\u00a0Islands<\/td>\n<td align=\"left\" valign=\"middle\" width=\"128\" height=\"13\"><a href=\"#rozbaczylo87\">Rozbaczylo\u00a0&amp;\u00a0Castilla,\u00a01987<\/a><\/td>\n<\/tr>\n<tr>\n<td align=\"left\" valign=\"middle\" width=\"80\" height=\"13\">Ellobiidae<\/td>\n<td align=\"left\" valign=\"middle\" width=\"84\" height=\"13\"><i>Marinula<\/i><\/td>\n<td align=\"left\" valign=\"middle\" width=\"65\" height=\"13\"><i>marinella<\/i><\/td>\n<td align=\"left\" valign=\"middle\" width=\"74\" height=\"13\">(Kuster\u00a01844)<\/td>\n<td align=\"left\" valign=\"middle\" width=\"77\" height=\"13\">Continental<\/td>\n<td align=\"left\" valign=\"middle\" width=\"128\" height=\"13\"><a href=\"#valdovinos99\">Valdovinos,\u00a01999<\/a><\/td>\n<\/tr>\n<tr>\n<td align=\"left\" valign=\"middle\" width=\"80\" height=\"13\">Ellobiidae<\/td>\n<td align=\"left\" valign=\"middle\" width=\"84\" height=\"13\"><i>Marinula<\/i><\/td>\n<td align=\"left\" valign=\"middle\" width=\"65\" height=\"13\"><i>pepita<\/i><\/td>\n<td align=\"left\" valign=\"middle\" width=\"74\" height=\"13\">King\u00a01831<\/td>\n<td align=\"left\" valign=\"middle\" width=\"77\" height=\"13\">Continental<\/td>\n<td align=\"left\" valign=\"middle\" width=\"128\" height=\"13\"><a href=\"#valdovinos99\">Valdovinos,\u00a01999<\/a><\/td>\n<\/tr>\n<tr>\n<td align=\"left\" valign=\"middle\" width=\"80\" height=\"13\">Ellobiidae<\/td>\n<td align=\"left\" valign=\"middle\" width=\"84\" height=\"13\"><i>Melampus<\/i><\/td>\n<td align=\"left\" valign=\"middle\" width=\"65\" height=\"13\"><i>pascus<\/i><\/td>\n<td align=\"left\" valign=\"middle\" width=\"74\" height=\"13\">Odhner\u00a01922<\/td>\n<td align=\"left\" valign=\"middle\" width=\"77\" height=\"13\">Pacific\u00a0Islands<\/td>\n<td align=\"left\" valign=\"middle\" width=\"128\" height=\"13\"><a href=\"#valdovinos99\">Valdovinos,\u00a01999<\/a><\/td>\n<\/tr>\n<tr>\n<td align=\"left\" valign=\"middle\" width=\"80\" height=\"13\">Ellobiidae<\/td>\n<td align=\"left\" valign=\"middle\" width=\"84\" height=\"13\"><i>Rangitotoa<\/i><\/td>\n<td align=\"left\" valign=\"middle\" width=\"65\" height=\"13\">sp.<\/td>\n<td align=\"left\" valign=\"middle\" width=\"74\" height=\"13\"><\/td>\n<td align=\"left\" valign=\"middle\" width=\"77\" height=\"13\">Pacific\u00a0Islands<\/td>\n<td align=\"left\" valign=\"middle\" width=\"128\" height=\"13\"><a href=\"#valdovinos99\">Valdovinos,\u00a01999<\/a><\/td>\n<\/tr>\n<tr>\n<td align=\"left\" valign=\"middle\" width=\"80\" height=\"13\">Siphonariidae<\/td>\n<td align=\"left\" valign=\"middle\" width=\"84\" height=\"13\"><i>Pachysiphonaria<\/i><\/td>\n<td align=\"left\" valign=\"middle\" width=\"65\" height=\"13\"><i>Lessoni<\/i><\/td>\n<td align=\"left\" valign=\"middle\" width=\"74\" height=\"13\">Blainville\u00a01824<\/td>\n<td align=\"left\" valign=\"middle\" width=\"77\" height=\"13\">Continental<\/td>\n<td align=\"left\" valign=\"middle\" width=\"128\" height=\"13\"><a href=\"#linse99\">Linse,\u00a01999<\/a><\/td>\n<\/tr>\n<\/tbody>\n<\/table>\n<h2 style=\"text-align: left;\" align=\"center\"><strong>References<\/strong><\/h2>\n<p><a name=\"linse99\"><\/a><\/p>\n<div align=\"justify\">Linse, (1999) Abundante and diversity of Mollusks in the Beagle Channel. <em>Scientia Marina<\/em>, <strong>63<\/strong>:391-397.<\/div>\n<p><a name=\"rozbaczylo87\"><\/a><\/p>\n<div align=\"justify\">Rozbaczylo, N. &amp; Castilla, J.C. (1987) Marine invertebrates from Juan Fern\u00e1ndez Archipelago. In: Castilla, J.C. (ed) Islas oce\u00e1nicas chilenas: conocimiento cient\u00edfico y necesidades de investigaciones. 167-190. Ediciones Universidad Cat\u00f3lica de Chile, Santiago, Chile.<\/div>\n<p><a name=\"valdovinos99\"><\/a><\/p>\n<div align=\"justify\">Valdovinos, C. (1999) Biodiviersidad de moluscos chilenos: base de datos taxonomica y distribucional. <em>Gayana Zoologica<\/em>, <strong>63<\/strong>:111-164.<\/div>\n<\/div>\n","protected":false},"excerpt":{"rendered":"<p>Family Genus Species Authority Distribution References Ellobiidae Leuconopsis rapanuiensis Rehder\u00a01980 Pacific\u00a0Islands Valdovinos,\u00a01999 Ellobiidae Marinula juanensi Pacific\u00a0Islands Rozbaczylo\u00a0&amp;\u00a0Castilla,\u00a01987 Ellobiidae Marinula marinella (Kuster\u00a01844) Continental Valdovinos,\u00a01999 Ellobiidae Marinula pepita King\u00a01831 Continental Valdovinos,\u00a01999 Ellobiidae Melampus pascus Odhner\u00a01922 Pacific\u00a0Islands Valdovinos,\u00a01999 Ellobiidae Rangitotoa sp. Pacific\u00a0Islands Valdovinos,\u00a01999 Siphonariidae Pachysiphonaria Lessoni Blainville\u00a01824 Continental Linse,\u00a01999 References Linse, (1999) Abundante and diversity of Mollusks in [&hellip;]<\/p>\n","protected":false},"author":1,"featured_media":0,"parent":608,"menu_order":0,"comment_status":"closed","ping_status":"closed","template":"","meta":{"footnotes":""},"class_list":["post-614","page","type-page","status-publish","czr-hentry"],"_links":{"self":[{"href":"https:\/\/meiochile.matthewlee.org\/index.php?rest_route=\/wp\/v2\/pages\/614","targetHints":{"allow":["GET"]}}],"collection":[{"href":"https:\/\/meiochile.matthewlee.org\/index.php?rest_route=\/wp\/v2\/pages"}],"about":[{"href":"https:\/\/meiochile.matthewlee.org\/index.php?rest_route=\/wp\/v2\/types\/page"}],"author":[{"embeddable":true,"href":"https:\/\/meiochile.matthewlee.org\/index.php?rest_route=\/wp\/v2\/users\/1"}],"replies":[{"embeddable":true,"href":"https:\/\/meiochile.matthewlee.org\/index.php?rest_route=%2Fwp%2Fv2%2Fcomments&post=614"}],"version-history":[{"count":1,"href":"https:\/\/meiochile.matthewlee.org\/index.php?rest_route=\/wp\/v2\/pages\/614\/revisions"}],"predecessor-version":[{"id":615,"href":"https:\/\/meiochile.matthewlee.org\/index.php?rest_route=\/wp\/v2\/pages\/614\/revisions\/615"}],"up":[{"embeddable":true,"href":"https:\/\/meiochile.matthewlee.org\/index.php?rest_route=\/wp\/v2\/pages\/608"}],"wp:attachment":[{"href":"https:\/\/meiochile.matthewlee.org\/index.php?rest_route=%2Fwp%2Fv2%2Fmedia&parent=614"}],"curies":[{"name":"wp","href":"https:\/\/api.w.org\/{rel}","templated":true}]}}