{"id":617,"date":"2016-09-03T19:57:03","date_gmt":"2016-09-03T19:57:03","guid":{"rendered":"http:\/\/meiochile.matthewlee.org\/?page_id=617"},"modified":"2016-09-03T19:57:03","modified_gmt":"2016-09-03T19:57:03","slug":"nudipleura","status":"publish","type":"page","link":"https:\/\/meiochile.matthewlee.org\/?page_id=617","title":{"rendered":"Nudipleura"},"content":{"rendered":"<table cellspacing=\"20\" align=\"center\">\n<tbody>\n<tr>\n<td align=\"center\" valign=\"middle\" width=\"90\" height=\"13\"><b>Family<\/b><\/td>\n<td align=\"center\" valign=\"middle\" width=\"86\" height=\"13\"><b>Genus<\/b><\/td>\n<td align=\"center\" valign=\"middle\" width=\"89\" height=\"13\"><b>Species<\/b><\/td>\n<td align=\"center\" valign=\"middle\" width=\"115\" height=\"13\"><b>Authority<\/b><\/td>\n<td align=\"center\" valign=\"middle\" width=\"81\" height=\"13\"><b>Distribution<\/b><\/td>\n<td align=\"center\" valign=\"middle\" width=\"135\" height=\"13\"><b>References<\/b><\/td>\n<\/tr>\n<tr>\n<td align=\"left\" valign=\"middle\" width=\"90\" height=\"13\">Aeolidiidae<\/td>\n<td align=\"left\" valign=\"middle\" width=\"86\" height=\"13\"><i>Aeolidia<\/i><\/td>\n<td align=\"left\" valign=\"middle\" width=\"89\" height=\"13\"><i>collaris<\/i><\/td>\n<td align=\"left\" valign=\"middle\" width=\"115\" height=\"13\">Odhner\u00a01921<\/td>\n<td align=\"left\" valign=\"middle\" width=\"81\" height=\"13\">Pacific\u00a0Islands<\/td>\n<td align=\"left\" valign=\"middle\" width=\"135\" height=\"13\"><a href=\"#rozbaczylo87\">Rozbaczylo\u00a0&amp;\u00a0Castilla,\u00a01987<\/a><\/td>\n<\/tr>\n<tr>\n<td align=\"left\" valign=\"middle\" width=\"90\" height=\"13\">Aeolidiidae<\/td>\n<td align=\"left\" valign=\"middle\" width=\"86\" height=\"13\"><i>Aeolidia<\/i><\/td>\n<td align=\"left\" valign=\"middle\" width=\"89\" height=\"13\"><i>papillosa<\/i><\/td>\n<td align=\"left\" valign=\"middle\" width=\"115\" height=\"13\">(Linnaeus\u00a01761)<\/td>\n<td align=\"left\" valign=\"middle\" width=\"81\" height=\"13\">Continental<\/td>\n<td align=\"left\" valign=\"middle\" width=\"135\" height=\"13\"><a href=\"#schrodl03\">Schr\u00f6dl,\u00a02003<\/a><\/td>\n<\/tr>\n<tr>\n<td align=\"left\" valign=\"middle\" width=\"90\" height=\"13\">Dotidae<\/td>\n<td align=\"left\" valign=\"middle\" width=\"86\" height=\"13\"><i>Doto<\/i><\/td>\n<td align=\"left\" valign=\"middle\" width=\"89\" height=\"13\"><i>uva<\/i><\/td>\n<td align=\"left\" valign=\"middle\" width=\"115\" height=\"13\">Marcus\u00a01955<\/td>\n<td align=\"left\" valign=\"middle\" width=\"81\" height=\"13\">Continental<\/td>\n<td align=\"left\" valign=\"middle\" width=\"135\" height=\"13\"><a href=\"#schrodl03\">Schr\u00f6dl,\u00a02003<\/a><\/td>\n<\/tr>\n<tr>\n<td align=\"left\" valign=\"middle\" width=\"90\" height=\"13\">Tritoniidae<\/td>\n<td align=\"left\" valign=\"middle\" width=\"86\" height=\"13\"><i>Dendronotus<\/i><\/td>\n<td align=\"left\" valign=\"middle\" width=\"89\" height=\"13\">sp.<\/td>\n<td align=\"left\" valign=\"middle\" width=\"115\" height=\"13\"><\/td>\n<td align=\"left\" valign=\"middle\" width=\"81\" height=\"13\">Continental<\/td>\n<td align=\"left\" valign=\"middle\" width=\"135\" height=\"13\"><a href=\"#schrodl03\">Schr\u00f6dl,\u00a02003<\/a><\/td>\n<\/tr>\n<tr>\n<td align=\"left\" valign=\"middle\" width=\"90\" height=\"13\">Tritoniidae<\/td>\n<td align=\"left\" valign=\"middle\" width=\"86\" height=\"13\"><i>Tritonia<\/i><\/td>\n<td align=\"left\" valign=\"middle\" width=\"89\" height=\"13\"><i>australis<\/i><\/td>\n<td align=\"left\" valign=\"middle\" width=\"115\" height=\"13\">(Bergh\u00a01898)<\/td>\n<td align=\"left\" valign=\"middle\" width=\"81\" height=\"13\">Pacific\u00a0Islands<\/td>\n<td align=\"left\" valign=\"middle\" width=\"135\" height=\"13\"><a href=\"#rozbaczylo87\">Rozbaczylo\u00a0&amp;\u00a0Castilla,\u00a01987<\/a><\/td>\n<\/tr>\n<tr>\n<td align=\"left\" valign=\"middle\" width=\"90\" height=\"13\">Tritoniidae<\/td>\n<td align=\"left\" valign=\"middle\" width=\"86\" height=\"13\"><i>Tritonia<\/i><\/td>\n<td align=\"left\" valign=\"middle\" width=\"89\" height=\"13\"><i>challengeriana<\/i><\/td>\n<td align=\"left\" valign=\"middle\" width=\"115\" height=\"13\">Bergh\u00a01884<\/td>\n<td align=\"left\" valign=\"middle\" width=\"81\" height=\"13\">Continental<\/td>\n<td align=\"left\" valign=\"middle\" width=\"135\" height=\"13\"><a href=\"#schrodl03\">Schr\u00f6dl,\u00a02003<\/a><\/td>\n<\/tr>\n<tr>\n<td align=\"left\" valign=\"middle\" width=\"90\" height=\"13\">Tritoniidae<\/td>\n<td align=\"left\" valign=\"middle\" width=\"86\" height=\"13\"><i>Tritonia<\/i><\/td>\n<td align=\"left\" valign=\"middle\" width=\"89\" height=\"13\"><i>odhneri<\/i><\/td>\n<td align=\"left\" valign=\"middle\" width=\"115\" height=\"13\">Marcus\u00a01959<\/td>\n<td align=\"left\" valign=\"middle\" width=\"81\" height=\"13\">Continental<\/td>\n<td align=\"left\" valign=\"middle\" width=\"135\" height=\"13\"><a href=\"#schrodl03\">Schr\u00f6dl,\u00a02003<\/a><\/td>\n<\/tr>\n<tr>\n<td align=\"left\" valign=\"middle\" width=\"90\" height=\"13\">Tritoniidae<\/td>\n<td align=\"left\" valign=\"middle\" width=\"86\" height=\"13\"><i>Tritonia<\/i><\/td>\n<td align=\"left\" valign=\"middle\" width=\"89\" height=\"13\">sp.<\/td>\n<td align=\"left\" valign=\"middle\" width=\"115\" height=\"13\"><\/td>\n<td align=\"left\" valign=\"middle\" width=\"81\" height=\"13\">Continental<\/td>\n<td align=\"left\" valign=\"middle\" width=\"135\" height=\"13\"><a href=\"#schrodl03\">Schr\u00f6dl,\u00a02003<\/a><\/td>\n<\/tr>\n<tr>\n<td align=\"left\" valign=\"middle\" width=\"90\" height=\"13\">Tritoniidae<\/td>\n<td align=\"left\" valign=\"middle\" width=\"86\" height=\"13\"><i>Tritonia<\/i><\/td>\n<td align=\"left\" valign=\"middle\" width=\"89\" height=\"13\"><i>vorax<\/i><\/td>\n<td align=\"left\" valign=\"middle\" width=\"115\" height=\"13\">(Odhner\u00a01926)<\/td>\n<td align=\"left\" valign=\"middle\" width=\"81\" height=\"13\">Continental<\/td>\n<td align=\"left\" valign=\"middle\" width=\"135\" height=\"13\"><a href=\"#schrodl03\">Schr\u00f6dl,\u00a02003<\/a><\/td>\n<\/tr>\n<tr>\n<td align=\"left\" valign=\"middle\" width=\"90\" height=\"13\">Chromodorididae<\/td>\n<td align=\"left\" valign=\"middle\" width=\"86\" height=\"13\"><i>Cadlina<\/i><\/td>\n<td align=\"left\" valign=\"middle\" width=\"89\" height=\"13\"><i>magellanica<\/i><\/td>\n<td align=\"left\" valign=\"middle\" width=\"115\" height=\"13\">Odhner\u00a01926<\/td>\n<td align=\"left\" valign=\"middle\" width=\"81\" height=\"13\">Continental<\/td>\n<td align=\"left\" valign=\"middle\" width=\"135\" height=\"13\"><a href=\"#schrodl03\">Schr\u00f6dl,\u00a02003<\/a><\/td>\n<\/tr>\n<tr>\n<td align=\"left\" valign=\"middle\" width=\"90\" height=\"13\">Chromodorididae<\/td>\n<td align=\"left\" valign=\"middle\" width=\"86\" height=\"13\"><i>Cadlina<\/i><\/td>\n<td align=\"left\" valign=\"middle\" width=\"89\" height=\"13\"><i>sparsa<\/i><\/td>\n<td align=\"left\" valign=\"middle\" width=\"115\" height=\"13\">(Odhner\u00a01921)<\/td>\n<td align=\"left\" valign=\"middle\" width=\"81\" height=\"13\">Continental<\/td>\n<td align=\"left\" valign=\"middle\" width=\"135\" height=\"13\"><a href=\"#rozbaczylo87\">Rozbaczylo\u00a0&amp;\u00a0Castilla,\u00a01987<\/a><\/td>\n<\/tr>\n<tr>\n<td align=\"left\" valign=\"middle\" width=\"90\" height=\"13\">Chromodorididae<\/td>\n<td align=\"left\" valign=\"middle\" width=\"86\" height=\"13\"><i>Tyrinna<\/i><\/td>\n<td align=\"left\" valign=\"middle\" width=\"89\" height=\"13\"><i>nobilis<\/i><\/td>\n<td align=\"left\" valign=\"middle\" width=\"115\" height=\"13\">Bergh\u00a01898<\/td>\n<td align=\"left\" valign=\"middle\" width=\"81\" height=\"13\">Continental<\/td>\n<td align=\"left\" valign=\"middle\" width=\"135\" height=\"13\"><a href=\"#schrodl03\">Schr\u00f6dl,\u00a02003<\/a><\/td>\n<\/tr>\n<tr>\n<td align=\"left\" valign=\"middle\" width=\"90\" height=\"13\">Fionidae<\/td>\n<td align=\"left\" valign=\"middle\" width=\"86\" height=\"13\"><i>Fiona<\/i><\/td>\n<td align=\"left\" valign=\"middle\" width=\"89\" height=\"13\"><i>marina<\/i><\/td>\n<td align=\"left\" valign=\"middle\" width=\"115\" height=\"13\"><\/td>\n<td align=\"left\" valign=\"middle\" width=\"81\" height=\"13\">Pacific\u00a0Islands<\/td>\n<td align=\"left\" valign=\"middle\" width=\"135\" height=\"13\"><a href=\"#rozbaczylo87\">Rozbaczylo\u00a0&amp;\u00a0Castilla,\u00a01987<\/a><\/td>\n<\/tr>\n<tr>\n<td align=\"left\" valign=\"middle\" width=\"90\" height=\"13\">Aeolidiidae<\/td>\n<td align=\"left\" valign=\"middle\" width=\"86\" height=\"13\"><i>Facelina<\/i><\/td>\n<td align=\"left\" valign=\"middle\" width=\"89\" height=\"13\"><i>cyanella<\/i><\/td>\n<td align=\"left\" valign=\"middle\" width=\"115\" height=\"13\">Couthouy\u00a01852<\/td>\n<td align=\"left\" valign=\"middle\" width=\"81\" height=\"13\">Continental<\/td>\n<td align=\"left\" valign=\"middle\" width=\"135\" height=\"13\"><a href=\"#schrodl03\">Schr\u00f6dl,\u00a02003<\/a><\/td>\n<\/tr>\n<tr>\n<td align=\"left\" valign=\"middle\" width=\"90\" height=\"13\">Facelinidae<\/td>\n<td align=\"left\" valign=\"middle\" width=\"86\" height=\"13\"><i>Phidiana<\/i><\/td>\n<td align=\"left\" valign=\"middle\" width=\"89\" height=\"13\"><i>lottini<\/i><\/td>\n<td align=\"left\" valign=\"middle\" width=\"115\" height=\"13\">(Lesson\u00a01831)<\/td>\n<td align=\"left\" valign=\"middle\" width=\"81\" height=\"13\">Continental<\/td>\n<td align=\"left\" valign=\"middle\" width=\"135\" height=\"13\"><a href=\"#schrodl03\">Schr\u00f6dl,\u00a02003<\/a><\/td>\n<\/tr>\n<tr>\n<td align=\"left\" valign=\"middle\" width=\"90\" height=\"13\">Facelinidae<\/td>\n<td align=\"left\" valign=\"middle\" width=\"86\" height=\"13\"><i>Phidiana<\/i><\/td>\n<td align=\"left\" valign=\"middle\" width=\"89\" height=\"13\"><i>patagonica<\/i><\/td>\n<td align=\"left\" valign=\"middle\" width=\"115\" height=\"13\">(d&#8217;Orbigny\u00a01837)<\/td>\n<td align=\"left\" valign=\"middle\" width=\"81\" height=\"13\">Continental<\/td>\n<td align=\"left\" valign=\"middle\" width=\"135\" height=\"13\"><a href=\"#schrodl03\">Schr\u00f6dl,\u00a02003<\/a><\/td>\n<\/tr>\n<tr>\n<td align=\"left\" valign=\"middle\" width=\"90\" height=\"13\">Glaucidae<\/td>\n<td align=\"left\" valign=\"middle\" width=\"86\" height=\"13\"><i>Glaucus<\/i><\/td>\n<td align=\"left\" valign=\"middle\" width=\"89\" height=\"13\"><i>atlanticus<\/i><\/td>\n<td align=\"left\" valign=\"middle\" width=\"115\" height=\"13\">Forster\u00a01777<\/td>\n<td align=\"left\" valign=\"middle\" width=\"81\" height=\"13\">Continental<\/td>\n<td align=\"left\" valign=\"middle\" width=\"135\" height=\"13\"><a href=\"#schrodl03\">Schr\u00f6dl,\u00a02003<\/a><\/td>\n<\/tr>\n<tr>\n<td align=\"left\" valign=\"middle\" width=\"90\" height=\"13\">Arminidae<\/td>\n<td align=\"left\" valign=\"middle\" width=\"86\" height=\"13\"><i>Armina<\/i><\/td>\n<td align=\"left\" valign=\"middle\" width=\"89\" height=\"13\"><i>cuvieri<\/i><\/td>\n<td align=\"left\" valign=\"middle\" width=\"115\" height=\"13\">(d&#8217;Orbigny\u00a01837)<\/td>\n<td align=\"left\" valign=\"middle\" width=\"81\" height=\"13\">Continental<\/td>\n<td align=\"left\" valign=\"middle\" width=\"135\" height=\"13\"><a href=\"#schrodl03\">Schr\u00f6dl,\u00a02003<\/a><\/td>\n<\/tr>\n<tr>\n<td align=\"left\" valign=\"middle\" width=\"90\" height=\"13\">Corambidae<\/td>\n<td align=\"left\" valign=\"middle\" width=\"86\" height=\"13\"><i>Corambe<\/i><\/td>\n<td align=\"left\" valign=\"middle\" width=\"89\" height=\"13\"><i>lucea<\/i><\/td>\n<td align=\"left\" valign=\"middle\" width=\"115\" height=\"13\">Marcus\u00a01959<\/td>\n<td align=\"left\" valign=\"middle\" width=\"81\" height=\"13\">Continental<\/td>\n<td align=\"left\" valign=\"middle\" width=\"135\" height=\"13\"><a href=\"#schrodl03\">Schr\u00f6dl,\u00a02003<\/a><\/td>\n<\/tr>\n<tr>\n<td align=\"left\" valign=\"middle\" width=\"90\" height=\"13\">Goniodorididae<\/td>\n<td align=\"left\" valign=\"middle\" width=\"86\" height=\"13\"><i>Ancula<\/i><\/td>\n<td align=\"left\" valign=\"middle\" width=\"89\" height=\"13\"><i>fuegiensis<\/i><\/td>\n<td align=\"left\" valign=\"middle\" width=\"115\" height=\"13\">Odhner\u00a01926<\/td>\n<td align=\"left\" valign=\"middle\" width=\"81\" height=\"13\">Continental<\/td>\n<td align=\"left\" valign=\"middle\" width=\"135\" height=\"13\"><a href=\"#schrodl03\">Schr\u00f6dl,\u00a02003<\/a><\/td>\n<\/tr>\n<tr>\n<td align=\"left\" valign=\"middle\" width=\"90\" height=\"13\">Goniodorididae<\/td>\n<td align=\"left\" valign=\"middle\" width=\"86\" height=\"13\"><i>Okenia<\/i><\/td>\n<td align=\"left\" valign=\"middle\" width=\"89\" height=\"13\"><i>angelensis<\/i><\/td>\n<td align=\"left\" valign=\"middle\" width=\"115\" height=\"13\">Lance\u00a01966<\/td>\n<td align=\"left\" valign=\"middle\" width=\"81\" height=\"13\">Continental<\/td>\n<td align=\"left\" valign=\"middle\" width=\"135\" height=\"13\"><a href=\"#schrodl03\">Schr\u00f6dl,\u00a02003<\/a><\/td>\n<\/tr>\n<tr>\n<td align=\"left\" valign=\"middle\" width=\"90\" height=\"13\">Goniodorididae<\/td>\n<td align=\"left\" valign=\"middle\" width=\"86\" height=\"13\"><i>Okenia<\/i><\/td>\n<td align=\"left\" valign=\"middle\" width=\"89\" height=\"13\"><i>luna<\/i><\/td>\n<td align=\"left\" valign=\"middle\" width=\"115\" height=\"13\">Millen\u00a0et\u00a0al\u00a01994<\/td>\n<td align=\"left\" valign=\"middle\" width=\"81\" height=\"13\">Continental<\/td>\n<td align=\"left\" valign=\"middle\" width=\"135\" height=\"13\"><a href=\"#schrodl03\">Schr\u00f6dl,\u00a02003<\/a><\/td>\n<\/tr>\n<tr>\n<td align=\"left\" valign=\"middle\" width=\"90\" height=\"13\">Onchidorididae<\/td>\n<td align=\"left\" valign=\"middle\" width=\"86\" height=\"13\"><i>Acanthodoris<\/i><\/td>\n<td align=\"left\" valign=\"middle\" width=\"89\" height=\"13\"><i>falklandica<\/i><\/td>\n<td align=\"left\" valign=\"middle\" width=\"115\" height=\"13\">Eliot\u00a01907<\/td>\n<td align=\"left\" valign=\"middle\" width=\"81\" height=\"13\">Continental<\/td>\n<td align=\"left\" valign=\"middle\" width=\"135\" height=\"13\"><a href=\"#schrodl03\">Schr\u00f6dl,\u00a02003<\/a><\/td>\n<\/tr>\n<tr>\n<td align=\"left\" valign=\"middle\" width=\"90\" height=\"13\">Polyceridae<\/td>\n<td align=\"left\" valign=\"middle\" width=\"86\" height=\"13\"><i>Polycera<\/i><\/td>\n<td align=\"left\" valign=\"middle\" width=\"89\" height=\"13\"><i>alabe<\/i><\/td>\n<td align=\"left\" valign=\"middle\" width=\"115\" height=\"13\">Collier\u00a0&amp;\u00a0Farmer\u00a01964<\/td>\n<td align=\"left\" valign=\"middle\" width=\"81\" height=\"13\">Continental<\/td>\n<td align=\"left\" valign=\"middle\" width=\"135\" height=\"13\"><a href=\"#schrodl03\">Schr\u00f6dl,\u00a02003<\/a><\/td>\n<\/tr>\n<tr>\n<td align=\"left\" valign=\"middle\" width=\"90\" height=\"13\">Polyceridae<\/td>\n<td align=\"left\" valign=\"middle\" width=\"86\" height=\"13\"><i>Polycera<\/i><\/td>\n<td align=\"left\" valign=\"middle\" width=\"89\" height=\"13\"><i>priva<\/i><\/td>\n<td align=\"left\" valign=\"middle\" width=\"115\" height=\"13\">Marcus\u00a01959<\/td>\n<td align=\"left\" valign=\"middle\" width=\"81\" height=\"13\">Continental<\/td>\n<td align=\"left\" valign=\"middle\" width=\"135\" height=\"13\"><a href=\"#schrodl03\">Schr\u00f6dl,\u00a02003<\/a><\/td>\n<\/tr>\n<tr>\n<td align=\"left\" valign=\"middle\" width=\"90\" height=\"13\">Polyceridae<\/td>\n<td align=\"left\" valign=\"middle\" width=\"86\" height=\"13\"><i>Thecacera<\/i><\/td>\n<td align=\"left\" valign=\"middle\" width=\"89\" height=\"13\"><i>darwini<\/i><\/td>\n<td align=\"left\" valign=\"middle\" width=\"115\" height=\"13\">Pruvot-Fol\u00a01950<\/td>\n<td align=\"left\" valign=\"middle\" width=\"81\" height=\"13\">Continental<\/td>\n<td align=\"left\" valign=\"middle\" width=\"135\" height=\"13\"><a href=\"#schrodl03\">Schr\u00f6dl,\u00a02003<\/a><\/td>\n<\/tr>\n<tr>\n<td align=\"left\" valign=\"middle\" width=\"90\" height=\"13\">Triophidae<\/td>\n<td align=\"left\" valign=\"middle\" width=\"86\" height=\"13\"><i>Kaloplocamus<\/i><\/td>\n<td align=\"left\" valign=\"middle\" width=\"89\" height=\"13\"><i>maculatus<\/i><\/td>\n<td align=\"left\" valign=\"middle\" width=\"115\" height=\"13\">(Bergh\u00a01898)<\/td>\n<td align=\"left\" valign=\"middle\" width=\"81\" height=\"13\">Pacific\u00a0Islands<\/td>\n<td align=\"left\" valign=\"middle\" width=\"135\" height=\"13\"><a href=\"#rozbaczylo87\">Rozbaczylo\u00a0&amp;\u00a0Castilla,\u00a01987<\/a><\/td>\n<\/tr>\n<tr>\n<td align=\"left\" valign=\"middle\" width=\"90\" height=\"13\">Pleurobranchidae<\/td>\n<td align=\"left\" valign=\"middle\" width=\"86\" height=\"13\"><i>Berthella<\/i><\/td>\n<td align=\"left\" valign=\"middle\" width=\"89\" height=\"13\"><i>brocki<\/i><\/td>\n<td align=\"left\" valign=\"middle\" width=\"115\" height=\"13\">(Vayssiere\u00a01896)<\/td>\n<td align=\"left\" valign=\"middle\" width=\"81\" height=\"13\">Pacific\u00a0Islands<\/td>\n<td align=\"left\" valign=\"middle\" width=\"135\" height=\"13\"><a href=\"#valdovinos99\">Valdovinos,\u00a01999<\/a><\/td>\n<\/tr>\n<tr>\n<td align=\"left\" valign=\"middle\" width=\"90\" height=\"13\">Pleurobranchidae<\/td>\n<td align=\"left\" valign=\"middle\" width=\"86\" height=\"13\"><i>Berthella<\/i><\/td>\n<td align=\"left\" valign=\"middle\" width=\"89\" height=\"13\"><i>patagonica<\/i><\/td>\n<td align=\"left\" valign=\"middle\" width=\"115\" height=\"13\">(d&#8217;Orbigny\u00a01837)<\/td>\n<td align=\"left\" valign=\"middle\" width=\"81\" height=\"13\">Continental<\/td>\n<td align=\"left\" valign=\"middle\" width=\"135\" height=\"13\"><a href=\"#valdovinos99\">Valdovinos,\u00a01999<\/a><\/td>\n<\/tr>\n<tr>\n<td align=\"left\" valign=\"middle\" width=\"90\" height=\"13\">Pleurobranchidae<\/td>\n<td align=\"left\" valign=\"middle\" width=\"86\" height=\"13\"><i>Berthella<\/i><\/td>\n<td align=\"left\" valign=\"middle\" width=\"89\" height=\"13\"><i>platei<\/i><\/td>\n<td align=\"left\" valign=\"middle\" width=\"115\" height=\"13\">(Bergh\u00a01898)<\/td>\n<td align=\"left\" valign=\"middle\" width=\"81\" height=\"13\">Continental<\/td>\n<td align=\"left\" valign=\"middle\" width=\"135\" height=\"13\"><a href=\"#schrodl03\">Schr\u00f6dl,\u00a02003<\/a><\/td>\n<\/tr>\n<tr>\n<td align=\"left\" valign=\"middle\" width=\"90\" height=\"13\">Pleurobranchidae<\/td>\n<td align=\"left\" valign=\"middle\" width=\"86\" height=\"13\"><i>Pleurobranchaea<\/i><\/td>\n<td align=\"left\" valign=\"middle\" width=\"89\" height=\"13\"><i>maculata<\/i><\/td>\n<td align=\"left\" valign=\"middle\" width=\"115\" height=\"13\">(Quoy\u00a0&amp;\u00a0Gaimard\u00a01832)<\/td>\n<td align=\"left\" valign=\"middle\" width=\"81\" height=\"13\">Pacific\u00a0Islands<\/td>\n<td align=\"left\" valign=\"middle\" width=\"135\" height=\"13\"><a href=\"#valdovinos99\">Valdovinos,\u00a01999<\/a><\/td>\n<\/tr>\n<tr>\n<td align=\"left\" valign=\"middle\" width=\"90\" height=\"13\">Pleurobranchidae<\/td>\n<td align=\"left\" valign=\"middle\" width=\"86\" height=\"13\"><i>Pleurobranchaea<\/i><\/td>\n<td align=\"left\" valign=\"middle\" width=\"89\" height=\"13\">sp.<\/td>\n<td align=\"left\" valign=\"middle\" width=\"115\" height=\"13\"><\/td>\n<td align=\"left\" valign=\"middle\" width=\"81\" height=\"13\">Pacific\u00a0Islands<\/td>\n<td align=\"left\" valign=\"middle\" width=\"135\" height=\"13\"><a href=\"#rozbaczylo87\">Rozbaczylo\u00a0&amp;\u00a0Castilla,\u00a01987<\/a><\/td>\n<\/tr>\n<\/tbody>\n<\/table>\n<p>&nbsp;<\/p>\n<h2 style=\"text-align: left;\" align=\"center\"><strong>References<\/strong><\/h2>\n<p><a name=\"rozbaczylo87\"><\/a><\/p>\n<div align=\"justify\">Rozbaczylo, N. &amp; Castilla, J.C. (1987) Marine invertebrates from Juan Fern\u00e1ndez Archipelago. In: Castilla, J.C. (ed) Islas oce\u00e1nicas chilenas: conocimiento cient\u00edfico y necesidades de investigaciones. 167-190. Ediciones Universidad Cat\u00f3lica de Chile, Santiago, Chile.<\/div>\n<p><a name=\"schrodl03\"><\/a><\/p>\n<div align=\"justify\">Schr\u00f6dl, M. (2003) Sea slugs of southern South America. ConchBooks, Hackenheim, Germany. pp.<\/div>\n<p><a name=\"valdovinos99\"><\/a><\/p>\n<div align=\"justify\">Valdovinos, C. (1999) Biodiviersidad de moluscos chilenos: base de datos taxonomica y distribucional. <em>Gayana Zoologica<\/em>, <strong>63<\/strong>:111-164.<\/div>\n","protected":false},"excerpt":{"rendered":"<p>Family Genus Species Authority Distribution References Aeolidiidae Aeolidia collaris Odhner\u00a01921 Pacific\u00a0Islands Rozbaczylo\u00a0&amp;\u00a0Castilla,\u00a01987 Aeolidiidae Aeolidia papillosa (Linnaeus\u00a01761) Continental Schr\u00f6dl,\u00a02003 Dotidae Doto uva Marcus\u00a01955 Continental Schr\u00f6dl,\u00a02003 Tritoniidae Dendronotus sp. Continental Schr\u00f6dl,\u00a02003 Tritoniidae Tritonia australis (Bergh\u00a01898) Pacific\u00a0Islands Rozbaczylo\u00a0&amp;\u00a0Castilla,\u00a01987 Tritoniidae Tritonia challengeriana Bergh\u00a01884 Continental Schr\u00f6dl,\u00a02003 Tritoniidae Tritonia odhneri Marcus\u00a01959 Continental Schr\u00f6dl,\u00a02003 Tritoniidae Tritonia sp. Continental Schr\u00f6dl,\u00a02003 Tritoniidae Tritonia vorax [&hellip;]<\/p>\n","protected":false},"author":1,"featured_media":0,"parent":608,"menu_order":0,"comment_status":"closed","ping_status":"closed","template":"","meta":{"footnotes":""},"class_list":["post-617","page","type-page","status-publish","czr-hentry"],"_links":{"self":[{"href":"https:\/\/meiochile.matthewlee.org\/index.php?rest_route=\/wp\/v2\/pages\/617","targetHints":{"allow":["GET"]}}],"collection":[{"href":"https:\/\/meiochile.matthewlee.org\/index.php?rest_route=\/wp\/v2\/pages"}],"about":[{"href":"https:\/\/meiochile.matthewlee.org\/index.php?rest_route=\/wp\/v2\/types\/page"}],"author":[{"embeddable":true,"href":"https:\/\/meiochile.matthewlee.org\/index.php?rest_route=\/wp\/v2\/users\/1"}],"replies":[{"embeddable":true,"href":"https:\/\/meiochile.matthewlee.org\/index.php?rest_route=%2Fwp%2Fv2%2Fcomments&post=617"}],"version-history":[{"count":1,"href":"https:\/\/meiochile.matthewlee.org\/index.php?rest_route=\/wp\/v2\/pages\/617\/revisions"}],"predecessor-version":[{"id":618,"href":"https:\/\/meiochile.matthewlee.org\/index.php?rest_route=\/wp\/v2\/pages\/617\/revisions\/618"}],"up":[{"embeddable":true,"href":"https:\/\/meiochile.matthewlee.org\/index.php?rest_route=\/wp\/v2\/pages\/608"}],"wp:attachment":[{"href":"https:\/\/meiochile.matthewlee.org\/index.php?rest_route=%2Fwp%2Fv2%2Fmedia&parent=617"}],"curies":[{"name":"wp","href":"https:\/\/api.w.org\/{rel}","templated":true}]}}