{"id":619,"date":"2016-09-03T19:58:00","date_gmt":"2016-09-03T19:58:00","guid":{"rendered":"http:\/\/meiochile.matthewlee.org\/?page_id=619"},"modified":"2016-09-03T19:58:00","modified_gmt":"2016-09-03T19:58:00","slug":"hypsogastropoda","status":"publish","type":"page","link":"https:\/\/meiochile.matthewlee.org\/?page_id=619","title":{"rendered":"Hypsogastropoda"},"content":{"rendered":"<table cellspacing=\"20\" align=\"center\">\n<tbody>\n<tr>\n<td align=\"center\" valign=\"middle\" width=\"65\" height=\"13\"><b>Family<\/b><\/td>\n<td align=\"center\" valign=\"middle\" width=\"77\" height=\"13\"><b>Genus<\/b><\/td>\n<td align=\"center\" valign=\"middle\" width=\"79\" height=\"13\"><b>Species<\/b><\/td>\n<td align=\"center\" valign=\"middle\" width=\"132\" height=\"13\"><b>Authority<\/b><\/td>\n<td align=\"center\" valign=\"middle\" width=\"89\" height=\"13\"><b>Distribution<\/b><\/td>\n<td align=\"center\" valign=\"middle\" width=\"131\" height=\"13\"><b>References<\/b><\/td>\n<\/tr>\n<tr>\n<td align=\"left\" valign=\"middle\" width=\"65\" height=\"13\">Eulimidae<\/td>\n<td align=\"left\" valign=\"middle\" width=\"77\" height=\"13\"><i>Balcis<\/i><\/td>\n<td align=\"left\" valign=\"middle\" width=\"79\" height=\"13\"><i>aciculata<\/i><\/td>\n<td align=\"left\" valign=\"middle\" width=\"132\" height=\"13\">(Pease\u00a01860)<\/td>\n<td align=\"left\" valign=\"middle\" width=\"89\" height=\"13\">Pacific\u00a0Islands<\/td>\n<td align=\"left\" valign=\"middle\" width=\"131\" height=\"13\"><a href=\"#valdovinos99\">Valdovinos,\u00a01999<\/a><\/td>\n<\/tr>\n<tr>\n<td align=\"left\" valign=\"middle\" width=\"65\" height=\"13\">Eulimidae<\/td>\n<td align=\"left\" valign=\"middle\" width=\"77\" height=\"13\"><i>Balcis<\/i><\/td>\n<td align=\"left\" valign=\"middle\" width=\"79\" height=\"13\"><i>carforti<\/i><\/td>\n<td align=\"left\" valign=\"middle\" width=\"132\" height=\"13\">(Rochebrune\u00a0&amp;\u00a0Mabille\u00a01891)<\/td>\n<td align=\"left\" valign=\"middle\" width=\"89\" height=\"13\">Continental<\/td>\n<td align=\"left\" valign=\"middle\" width=\"131\" height=\"13\"><a href=\"#valdovinos99\">Valdovinos,\u00a01999<\/a><\/td>\n<\/tr>\n<tr>\n<td align=\"left\" valign=\"middle\" width=\"65\" height=\"13\">Eulimidae<\/td>\n<td align=\"left\" valign=\"middle\" width=\"77\" height=\"13\"><i>Balcis<\/i><\/td>\n<td align=\"left\" valign=\"middle\" width=\"79\" height=\"13\"><i>subantarcticus<\/i><\/td>\n<td align=\"left\" valign=\"middle\" width=\"132\" height=\"13\">(Strebel\u00a01908)<\/td>\n<td align=\"left\" valign=\"middle\" width=\"89\" height=\"13\">Continental<\/td>\n<td align=\"left\" valign=\"middle\" width=\"131\" height=\"13\"><a href=\"#valdovinos99\">Valdovinos,\u00a01999<\/a><\/td>\n<\/tr>\n<tr>\n<td align=\"left\" valign=\"middle\" width=\"65\" height=\"13\">Eulimidae<\/td>\n<td align=\"left\" valign=\"middle\" width=\"77\" height=\"13\"><i>Hemiliostraca<\/i><\/td>\n<td align=\"left\" valign=\"middle\" width=\"79\" height=\"13\"><i>bahamondei<\/i><\/td>\n<td align=\"left\" valign=\"middle\" width=\"132\" height=\"13\">Rehder\u00a01980<\/td>\n<td align=\"left\" valign=\"middle\" width=\"89\" height=\"13\">Pacific\u00a0Islands<\/td>\n<td align=\"left\" valign=\"middle\" width=\"131\" height=\"13\"><a href=\"#valdovinos99\">Valdovinos,\u00a01999<\/a><\/td>\n<\/tr>\n<tr>\n<td align=\"left\" valign=\"middle\" width=\"65\" height=\"13\">Eulimidae<\/td>\n<td align=\"left\" valign=\"middle\" width=\"77\" height=\"13\"><i>Hemiliostraca<\/i><\/td>\n<td align=\"left\" valign=\"middle\" width=\"79\" height=\"13\">sp.<\/td>\n<td align=\"left\" valign=\"middle\" width=\"132\" height=\"13\"><\/td>\n<td align=\"left\" valign=\"middle\" width=\"89\" height=\"13\">Pacific\u00a0Islands<\/td>\n<td align=\"left\" valign=\"middle\" width=\"131\" height=\"13\"><a href=\"#valdovinos99\">Valdovinos,\u00a01999<\/a><\/td>\n<\/tr>\n<tr>\n<td align=\"left\" valign=\"middle\" width=\"65\" height=\"13\">Eulimidae<\/td>\n<td align=\"left\" valign=\"middle\" width=\"77\" height=\"13\"><i>Melanella<\/i><\/td>\n<td align=\"left\" valign=\"middle\" width=\"79\" height=\"13\"><i>cumingii<\/i><\/td>\n<td align=\"left\" valign=\"middle\" width=\"132\" height=\"13\">(Adams\u00a01854)<\/td>\n<td align=\"left\" valign=\"middle\" width=\"89\" height=\"13\">Pacific\u00a0Islands<\/td>\n<td align=\"left\" valign=\"middle\" width=\"131\" height=\"13\"><a href=\"#valdovinos99\">Valdovinos,\u00a01999<\/a><\/td>\n<\/tr>\n<tr>\n<td align=\"left\" valign=\"middle\" width=\"65\" height=\"13\">Eulimidae<\/td>\n<td align=\"left\" valign=\"middle\" width=\"77\" height=\"13\"><i>Melanella<\/i><\/td>\n<td align=\"left\" valign=\"middle\" width=\"79\" height=\"13\"><i>pisinna<\/i><\/td>\n<td align=\"left\" valign=\"middle\" width=\"132\" height=\"13\">Rehder\u00a01980<\/td>\n<td align=\"left\" valign=\"middle\" width=\"89\" height=\"13\">Easter\u00a0Island<\/td>\n<td align=\"left\" valign=\"middle\" width=\"131\" height=\"13\"><a href=\"#valdovinos99\">Valdovinos,\u00a01999<\/a><\/td>\n<\/tr>\n<tr>\n<td align=\"left\" valign=\"middle\" width=\"65\" height=\"13\">Eulimidae<\/td>\n<td align=\"left\" valign=\"middle\" width=\"77\" height=\"13\"><i>Vitreolina<\/i><\/td>\n<td align=\"left\" valign=\"middle\" width=\"79\" height=\"13\"><i>wareni<\/i><\/td>\n<td align=\"left\" valign=\"middle\" width=\"132\" height=\"13\">Rehder\u00a01980<\/td>\n<td align=\"left\" valign=\"middle\" width=\"89\" height=\"13\">Pacific\u00a0Islands<\/td>\n<td align=\"left\" valign=\"middle\" width=\"131\" height=\"13\"><a href=\"#valdovinos99\">Valdovinos,\u00a01999<\/a><\/td>\n<\/tr>\n<tr>\n<td align=\"left\" valign=\"middle\" width=\"65\" height=\"13\">Triforidae<\/td>\n<td align=\"left\" valign=\"middle\" width=\"77\" height=\"13\"><i>Trifora<\/i><\/td>\n<td align=\"left\" valign=\"middle\" width=\"79\" height=\"13\"><i>basalis<\/i><\/td>\n<td align=\"left\" valign=\"middle\" width=\"132\" height=\"13\"><\/td>\n<td align=\"left\" valign=\"middle\" width=\"89\" height=\"13\">Pacific\u00a0Islands<\/td>\n<td align=\"left\" valign=\"middle\" width=\"131\" height=\"13\"><a href=\"#rozbaczylo87\">Rozbaczylo\u00a0&amp;\u00a0Castilla,\u00a01987<\/a><\/td>\n<\/tr>\n<\/tbody>\n<\/table>\n<p>&nbsp;<\/p>\n<h2 style=\"text-align: left;\" align=\"center\"><strong>References<\/strong><\/h2>\n<p><a name=\"rozbaczylo87\"><\/a><\/p>\n<div align=\"justify\">Rozbaczylo, N. &amp; Castilla, J.C. (1987) Marine invertebrates from Juan Fern\u00e1ndez Archipelago. In: Castilla, J.C. (ed) Islas oce\u00e1nicas chilenas: conocimiento cient\u00edfico y necesidades de investigaciones. 167-190. Ediciones Universidad Cat\u00f3lica de Chile, Santiago, Chile.<\/div>\n<p><a name=\"valdovinos99\"><\/a><\/p>\n<div align=\"justify\">Valdovinos, C. (1999) Biodiviersidad de moluscos chilenos: base de datos taxonomica y distribucional. <em>Gayana Zoologica<\/em>, <strong>63<\/strong>:111-164.<\/div>\n","protected":false},"excerpt":{"rendered":"<p>Family Genus Species Authority Distribution References Eulimidae Balcis aciculata (Pease\u00a01860) Pacific\u00a0Islands Valdovinos,\u00a01999 Eulimidae Balcis carforti (Rochebrune\u00a0&amp;\u00a0Mabille\u00a01891) Continental Valdovinos,\u00a01999 Eulimidae Balcis subantarcticus (Strebel\u00a01908) Continental Valdovinos,\u00a01999 Eulimidae Hemiliostraca bahamondei Rehder\u00a01980 Pacific\u00a0Islands Valdovinos,\u00a01999 Eulimidae Hemiliostraca sp. Pacific\u00a0Islands Valdovinos,\u00a01999 Eulimidae Melanella cumingii (Adams\u00a01854) Pacific\u00a0Islands Valdovinos,\u00a01999 Eulimidae Melanella pisinna Rehder\u00a01980 Easter\u00a0Island Valdovinos,\u00a01999 Eulimidae Vitreolina wareni Rehder\u00a01980 Pacific\u00a0Islands Valdovinos,\u00a01999 Triforidae Trifora [&hellip;]<\/p>\n","protected":false},"author":1,"featured_media":0,"parent":608,"menu_order":0,"comment_status":"closed","ping_status":"closed","template":"","meta":{"footnotes":""},"class_list":["post-619","page","type-page","status-publish","czr-hentry"],"_links":{"self":[{"href":"https:\/\/meiochile.matthewlee.org\/index.php?rest_route=\/wp\/v2\/pages\/619","targetHints":{"allow":["GET"]}}],"collection":[{"href":"https:\/\/meiochile.matthewlee.org\/index.php?rest_route=\/wp\/v2\/pages"}],"about":[{"href":"https:\/\/meiochile.matthewlee.org\/index.php?rest_route=\/wp\/v2\/types\/page"}],"author":[{"embeddable":true,"href":"https:\/\/meiochile.matthewlee.org\/index.php?rest_route=\/wp\/v2\/users\/1"}],"replies":[{"embeddable":true,"href":"https:\/\/meiochile.matthewlee.org\/index.php?rest_route=%2Fwp%2Fv2%2Fcomments&post=619"}],"version-history":[{"count":1,"href":"https:\/\/meiochile.matthewlee.org\/index.php?rest_route=\/wp\/v2\/pages\/619\/revisions"}],"predecessor-version":[{"id":620,"href":"https:\/\/meiochile.matthewlee.org\/index.php?rest_route=\/wp\/v2\/pages\/619\/revisions\/620"}],"up":[{"embeddable":true,"href":"https:\/\/meiochile.matthewlee.org\/index.php?rest_route=\/wp\/v2\/pages\/608"}],"wp:attachment":[{"href":"https:\/\/meiochile.matthewlee.org\/index.php?rest_route=%2Fwp%2Fv2%2Fmedia&parent=619"}],"curies":[{"name":"wp","href":"https:\/\/api.w.org\/{rel}","templated":true}]}}