{"id":635,"date":"2016-09-03T20:08:56","date_gmt":"2016-09-03T20:08:56","guid":{"rendered":"http:\/\/meiochile.matthewlee.org\/?page_id=635"},"modified":"2016-09-03T20:08:56","modified_gmt":"2016-09-03T20:08:56","slug":"calyptraeidae","status":"publish","type":"page","link":"https:\/\/meiochile.matthewlee.org\/?page_id=635","title":{"rendered":"Calyptraeidae"},"content":{"rendered":"<table cellspacing=\"20\" align=\"center\">\n<tbody>\n<tr>\n<td align=\"center\" valign=\"middle\" width=\"80\" height=\"13\"><b>Genus<\/b><\/td>\n<td align=\"center\" valign=\"middle\" width=\"89\" height=\"13\"><b>Species<\/b><\/td>\n<td align=\"center\" valign=\"middle\" width=\"128\" height=\"13\"><b>Authority<\/b><\/td>\n<td align=\"center\" valign=\"middle\" width=\"65\" height=\"13\"><b>Distribution<\/b><\/td>\n<td align=\"center\" valign=\"middle\" width=\"93\" height=\"13\"><b>References<\/b><\/td>\n<\/tr>\n<tr>\n<td align=\"left\" valign=\"middle\" width=\"80\" height=\"13\"><i>Calyptraea<\/i><\/td>\n<td align=\"left\" valign=\"middle\" width=\"89\" height=\"13\"><i>decipiens<\/i><\/td>\n<td align=\"left\" valign=\"middle\" width=\"128\" height=\"13\">(Philippi\u00a01845)<\/td>\n<td align=\"left\" valign=\"middle\" width=\"65\" height=\"13\">Continental<\/td>\n<td align=\"left\" valign=\"middle\" width=\"93\" height=\"13\"><a href=\"#valdovinos99\">Valdovinos,\u00a01999<\/a><\/td>\n<\/tr>\n<tr>\n<td align=\"left\" valign=\"middle\" width=\"80\" height=\"13\"><i>Calyptraea<\/i><\/td>\n<td align=\"left\" valign=\"middle\" width=\"89\" height=\"13\"><i>pileous<\/i><\/td>\n<td align=\"left\" valign=\"middle\" width=\"128\" height=\"13\">d&#8217;Orbigny\u00a01841<\/td>\n<td align=\"left\" valign=\"middle\" width=\"65\" height=\"13\">Continental<\/td>\n<td align=\"left\" valign=\"middle\" width=\"93\" height=\"13\"><a href=\"#valdovinos99\">Valdovinos,\u00a01999<\/a><\/td>\n<\/tr>\n<tr>\n<td align=\"left\" valign=\"middle\" width=\"80\" height=\"13\"><i>Calyptraea<\/i><\/td>\n<td align=\"left\" valign=\"middle\" width=\"89\" height=\"13\"><i>radians<\/i><\/td>\n<td align=\"left\" valign=\"middle\" width=\"128\" height=\"13\">(Lamarck\u00a01822)<\/td>\n<td align=\"left\" valign=\"middle\" width=\"65\" height=\"13\">Continental<\/td>\n<td align=\"left\" valign=\"middle\" width=\"93\" height=\"13\"><a href=\"#valdovinos99\">Valdovinos,\u00a01999<\/a><\/td>\n<\/tr>\n<tr>\n<td align=\"left\" valign=\"middle\" width=\"80\" height=\"13\"><i>Calyptraea<\/i><\/td>\n<td align=\"left\" valign=\"middle\" width=\"89\" height=\"13\"><i>costellata<\/i><\/td>\n<td align=\"left\" valign=\"middle\" width=\"128\" height=\"13\">Philippi\u00a01845<\/td>\n<td align=\"left\" valign=\"middle\" width=\"65\" height=\"13\">Continental<\/td>\n<td align=\"left\" valign=\"middle\" width=\"93\" height=\"13\"><a href=\"#valdovinos99\">Valdovinos,\u00a01999<\/a><\/td>\n<\/tr>\n<tr>\n<td align=\"left\" valign=\"middle\" width=\"80\" height=\"13\"><i>Cheilea<\/i><\/td>\n<td align=\"left\" valign=\"middle\" width=\"89\" height=\"13\"><i>cepacea<\/i><\/td>\n<td align=\"left\" valign=\"middle\" width=\"128\" height=\"13\">(Broderip\u00a01832)<\/td>\n<td align=\"left\" valign=\"middle\" width=\"65\" height=\"13\">Continental<\/td>\n<td align=\"left\" valign=\"middle\" width=\"93\" height=\"13\"><a href=\"#valdovinos99\">Valdovinos,\u00a01999<\/a><\/td>\n<\/tr>\n<tr>\n<td align=\"left\" valign=\"middle\" width=\"80\" height=\"13\"><i>Crepidula<\/i><\/td>\n<td align=\"left\" valign=\"middle\" width=\"89\" height=\"13\"><i>aculeata<\/i><\/td>\n<td align=\"left\" valign=\"middle\" width=\"128\" height=\"13\">(Gmelin\u00a01790)<\/td>\n<td align=\"left\" valign=\"middle\" width=\"65\" height=\"13\">Continental<\/td>\n<td align=\"left\" valign=\"middle\" width=\"93\" height=\"13\"><a href=\"#valdovinos99\">Valdovinos,\u00a01999<\/a><\/td>\n<\/tr>\n<tr>\n<td align=\"left\" valign=\"middle\" width=\"80\" height=\"13\"><i>Crepidula<\/i><\/td>\n<td align=\"left\" valign=\"middle\" width=\"89\" height=\"13\"><i>arenata<\/i><\/td>\n<td align=\"left\" valign=\"middle\" width=\"128\" height=\"13\">Broderip\u00a01834<\/td>\n<td align=\"left\" valign=\"middle\" width=\"65\" height=\"13\">Continental<\/td>\n<td align=\"left\" valign=\"middle\" width=\"93\" height=\"13\"><a href=\"#valdovinos99\">Valdovinos,\u00a01999<\/a><\/td>\n<\/tr>\n<tr>\n<td align=\"left\" valign=\"middle\" width=\"80\" height=\"13\"><i>Crepidula<\/i><\/td>\n<td align=\"left\" valign=\"middle\" width=\"89\" height=\"13\"><i>coquimbensis<\/i><\/td>\n<td align=\"left\" valign=\"middle\" width=\"128\" height=\"13\">Brown\u00a0&amp;\u00a0Olivares\u00a01996<\/td>\n<td align=\"left\" valign=\"middle\" width=\"65\" height=\"13\">Continental<\/td>\n<td align=\"left\" valign=\"middle\" width=\"93\" height=\"13\"><a href=\"#valdovinos99\">Valdovinos,\u00a01999<\/a><\/td>\n<\/tr>\n<tr>\n<td align=\"left\" valign=\"middle\" width=\"80\" height=\"13\"><i>Crepidula<\/i><\/td>\n<td align=\"left\" valign=\"middle\" width=\"89\" height=\"13\"><i>onyx<\/i><\/td>\n<td align=\"left\" valign=\"middle\" width=\"128\" height=\"13\">Sowerby\u00a01824<\/td>\n<td align=\"left\" valign=\"middle\" width=\"65\" height=\"13\">Continental<\/td>\n<td align=\"left\" valign=\"middle\" width=\"93\" height=\"13\"><a href=\"#valdovinos99\">Valdovinos,\u00a01999<\/a><\/td>\n<\/tr>\n<tr>\n<td align=\"left\" valign=\"middle\" width=\"80\" height=\"13\"><i>Crepidula<\/i><\/td>\n<td align=\"left\" valign=\"middle\" width=\"89\" height=\"13\"><i>philippiana<\/i><\/td>\n<td align=\"left\" valign=\"middle\" width=\"128\" height=\"13\">Gallardo\u00a01977<\/td>\n<td align=\"left\" valign=\"middle\" width=\"65\" height=\"13\">Continental<\/td>\n<td align=\"left\" valign=\"middle\" width=\"93\" height=\"13\"><a href=\"#valdovinos99\">Valdovinos,\u00a01999<\/a><\/td>\n<\/tr>\n<tr>\n<td align=\"left\" valign=\"middle\" width=\"80\" height=\"13\"><i>Crepidula<\/i><\/td>\n<td align=\"left\" valign=\"middle\" width=\"89\" height=\"13\"><i>protea<\/i><\/td>\n<td align=\"left\" valign=\"middle\" width=\"128\" height=\"13\">d&#8217;Orbigny\u00a01835<\/td>\n<td align=\"left\" valign=\"middle\" width=\"65\" height=\"13\">Continental<\/td>\n<td align=\"left\" valign=\"middle\" width=\"93\" height=\"13\"><a href=\"#valdovinos99\">Valdovinos,\u00a01999<\/a><\/td>\n<\/tr>\n<tr>\n<td align=\"left\" valign=\"middle\" width=\"80\" height=\"13\"><i>Crepidula<\/i><\/td>\n<td align=\"left\" valign=\"middle\" width=\"89\" height=\"13\"><i>unguiformis<\/i><\/td>\n<td align=\"left\" valign=\"middle\" width=\"128\" height=\"13\">Lamarck\u00a01822<\/td>\n<td align=\"left\" valign=\"middle\" width=\"65\" height=\"13\">Continental<\/td>\n<td align=\"left\" valign=\"middle\" width=\"93\" height=\"13\"><a href=\"#valdovinos99\">Valdovinos,\u00a01999<\/a><\/td>\n<\/tr>\n<tr>\n<td align=\"left\" valign=\"middle\" width=\"80\" height=\"13\"><i>Crepipatella<\/i><\/td>\n<td align=\"left\" valign=\"middle\" width=\"89\" height=\"13\"><i>dilatata<\/i><\/td>\n<td align=\"left\" valign=\"middle\" width=\"128\" height=\"13\">Lamarck\u00a01822<\/td>\n<td align=\"left\" valign=\"middle\" width=\"65\" height=\"13\">Continental<\/td>\n<td align=\"left\" valign=\"middle\" width=\"93\" height=\"13\"><a href=\"#valdovinos99\">Valdovinos,\u00a01999<\/a><\/td>\n<\/tr>\n<tr>\n<td align=\"left\" valign=\"middle\" width=\"80\" height=\"13\"><i>Crepipatella<\/i><\/td>\n<td align=\"left\" valign=\"middle\" width=\"89\" height=\"13\"><i>dorsata<\/i><\/td>\n<td align=\"left\" valign=\"middle\" width=\"128\" height=\"13\">(Broderip\u00a01834)<\/td>\n<td align=\"left\" valign=\"middle\" width=\"65\" height=\"13\">Continental<\/td>\n<td align=\"left\" valign=\"middle\" width=\"93\" height=\"13\"><a href=\"#guzman98\">Guzm\u00e1n et al.,\u00a01998<\/a><\/td>\n<\/tr>\n<tr>\n<td align=\"left\" valign=\"middle\" width=\"80\" height=\"13\"><i>Crepipatella<\/i><\/td>\n<td align=\"left\" valign=\"middle\" width=\"89\" height=\"13\"><i>fecunda<\/i><\/td>\n<td align=\"left\" valign=\"middle\" width=\"128\" height=\"13\">Gallardo\u00a01979<\/td>\n<td align=\"left\" valign=\"middle\" width=\"65\" height=\"13\">Continental<\/td>\n<td align=\"left\" valign=\"middle\" width=\"93\" height=\"13\"><a href=\"#valdovinos99\">Valdovinos,\u00a01999<\/a><\/td>\n<\/tr>\n<tr>\n<td align=\"left\" valign=\"middle\" width=\"80\" height=\"13\"><i>Crepipatella<\/i><\/td>\n<td align=\"left\" valign=\"middle\" width=\"89\" height=\"13\">sp.<\/td>\n<td align=\"left\" valign=\"middle\" width=\"128\" height=\"13\"><\/td>\n<td align=\"left\" valign=\"middle\" width=\"65\" height=\"13\">Continental<\/td>\n<td align=\"left\" valign=\"middle\" width=\"93\" height=\"13\"><a href=\"#colin03\">Collin,\u00a02003<\/a><\/td>\n<\/tr>\n<tr>\n<td align=\"left\" valign=\"middle\" width=\"80\" height=\"13\"><i>Crucibulum<\/i><\/td>\n<td align=\"left\" valign=\"middle\" width=\"89\" height=\"13\"><i>lignarium<\/i><\/td>\n<td align=\"left\" valign=\"middle\" width=\"128\" height=\"13\">(Broderip\u00a01828)<\/td>\n<td align=\"left\" valign=\"middle\" width=\"65\" height=\"13\">Continental<\/td>\n<td align=\"left\" valign=\"middle\" width=\"93\" height=\"13\"><a href=\"#valdovinos99\">Valdovinos,\u00a01999<\/a><\/td>\n<\/tr>\n<tr>\n<td align=\"left\" valign=\"middle\" width=\"80\" height=\"13\"><i>Crucibulum<\/i><\/td>\n<td align=\"left\" valign=\"middle\" width=\"89\" height=\"13\"><i>quiriquinae<\/i><\/td>\n<td align=\"left\" valign=\"middle\" width=\"128\" height=\"13\">(Lesson\u00a01834)<\/td>\n<td align=\"left\" valign=\"middle\" width=\"65\" height=\"13\">Continental<\/td>\n<td align=\"left\" valign=\"middle\" width=\"93\" height=\"13\"><a href=\"#valdovinos99\">Valdovinos,\u00a01999<\/a><\/td>\n<\/tr>\n<tr>\n<td align=\"left\" valign=\"middle\" width=\"80\" height=\"13\"><i>Crucibulum<\/i><\/td>\n<td align=\"left\" valign=\"middle\" width=\"89\" height=\"13\"><i>scutellatum<\/i><\/td>\n<td align=\"left\" valign=\"middle\" width=\"128\" height=\"13\">(Wood\u00a01979)<\/td>\n<td align=\"left\" valign=\"middle\" width=\"65\" height=\"13\">Continental<\/td>\n<td align=\"left\" valign=\"middle\" width=\"93\" height=\"13\"><a href=\"#valdovinos99\">Valdovinos,\u00a01999<\/a><\/td>\n<\/tr>\n<tr>\n<td align=\"left\" valign=\"middle\" width=\"80\" height=\"13\"><i>Crucibulum<\/i><\/td>\n<td align=\"left\" valign=\"middle\" width=\"89\" height=\"13\"><i>spinosum<\/i><\/td>\n<td align=\"left\" valign=\"middle\" width=\"128\" height=\"13\">(Sowerby\u00a01824)<\/td>\n<td align=\"left\" valign=\"middle\" width=\"65\" height=\"13\">Continental<\/td>\n<td align=\"left\" valign=\"middle\" width=\"93\" height=\"13\"><a href=\"#valdovinos99\">Valdovinos,\u00a01999<\/a><\/td>\n<\/tr>\n<tr>\n<td align=\"left\" valign=\"middle\" width=\"80\" height=\"13\"><i>Trochita<\/i><\/td>\n<td align=\"left\" valign=\"middle\" width=\"89\" height=\"13\"><i>calyptraeformis<\/i><\/td>\n<td align=\"left\" valign=\"middle\" width=\"128\" height=\"13\">Born\u00a01778<\/td>\n<td align=\"left\" valign=\"middle\" width=\"65\" height=\"13\">Continental<\/td>\n<td align=\"left\" valign=\"middle\" width=\"93\" height=\"13\"><a href=\"#colin03\">Collin,\u00a02003<\/a><\/td>\n<\/tr>\n<tr>\n<td align=\"left\" valign=\"middle\" width=\"80\" height=\"13\"><i>Trochita<\/i><\/td>\n<td align=\"left\" valign=\"middle\" width=\"89\" height=\"13\"><i>pileus<\/i><\/td>\n<td align=\"left\" valign=\"middle\" width=\"128\" height=\"13\">Lamarck\u00a01822<\/td>\n<td align=\"left\" valign=\"middle\" width=\"65\" height=\"13\">Continental<\/td>\n<td align=\"left\" valign=\"middle\" width=\"93\" height=\"13\"><a href=\"#linse99\">Linse,\u00a01999<\/a><\/td>\n<\/tr>\n<tr>\n<td align=\"left\" valign=\"middle\" width=\"80\" height=\"13\"><i>Trochita<\/i><\/td>\n<td align=\"left\" valign=\"middle\" width=\"89\" height=\"13\"><i>trochiformis<\/i><\/td>\n<td align=\"left\" valign=\"middle\" width=\"128\" height=\"13\">(Born\u00a01778)<\/td>\n<td align=\"left\" valign=\"middle\" width=\"65\" height=\"13\">Continental<\/td>\n<td align=\"left\" valign=\"middle\" width=\"93\" height=\"13\"><a href=\"#reid00\">Reid\u00a0&amp;\u00a0Osorio,\u00a02000<\/a><\/td>\n<\/tr>\n<\/tbody>\n<\/table>\n<p>&nbsp;<\/p>\n<h2 style=\"text-align: left;\" align=\"center\"><strong>References<\/strong><\/h2>\n<p><a name=\"colin03\"><\/a><\/p>\n<div align=\"justify\">Collin, R. (2003) Phylogenetic relationships among Calyptraeid gastropods and their implications for the biogeography of marine speciation. <em>Systematic Biology<\/em>, <strong>52<\/strong>:618-640.<\/div>\n<p><a name=\"guzman98\"><\/a><\/p>\n<div align=\"justify\">Guzm\u00e1n, N., Sa\u00e1, S. &amp; Ortlieb, L. (1998) Cat\u00e1logo descriptivo de los Moluscos Litorales (Gastropoda y Pelecypoda) de la zona de Antofagasta, 23\u00b0S (Chile)<\/div>\n<p><a name=\"linse99\"><\/a><\/p>\n<div align=\"justify\">Linse, K. (1999) Abundante and diversity of Mollusks in the Beagle Channel. <em>Scientia Marina<\/em>, <strong>63<\/strong>:391-397.<\/div>\n<p><a name=\"reid00\"><\/a><\/p>\n<div align=\"justify\">Reid, D.G. &amp; Osorio, C. (2000) The shallow-water marine Mollusca of the Estero Elefantes and Laguna San Rafael, Southern Chile. Zoology (Series) <em>Bulletin of the Natural History Museum London<\/em>, <strong>66<\/strong>:109-146.<\/div>\n<p><a name=\"valdovinos99\"><\/a><\/p>\n<div align=\"justify\">Valdovinos, C. (1999) Biodiviersidad de moluscos chilenos: base de datos taxonomica y distribucional. <em>Gayana Zoologica<\/em>, <strong>63<\/strong>:111-164.<\/div>\n","protected":false},"excerpt":{"rendered":"<p>Genus Species Authority Distribution References Calyptraea decipiens (Philippi\u00a01845) Continental Valdovinos,\u00a01999 Calyptraea pileous d&#8217;Orbigny\u00a01841 Continental Valdovinos,\u00a01999 Calyptraea radians (Lamarck\u00a01822) Continental Valdovinos,\u00a01999 Calyptraea costellata Philippi\u00a01845 Continental Valdovinos,\u00a01999 Cheilea cepacea (Broderip\u00a01832) Continental Valdovinos,\u00a01999 Crepidula aculeata (Gmelin\u00a01790) Continental Valdovinos,\u00a01999 Crepidula arenata Broderip\u00a01834 Continental Valdovinos,\u00a01999 Crepidula coquimbensis Brown\u00a0&amp;\u00a0Olivares\u00a01996 Continental Valdovinos,\u00a01999 Crepidula onyx Sowerby\u00a01824 Continental Valdovinos,\u00a01999 Crepidula philippiana Gallardo\u00a01977 Continental Valdovinos,\u00a01999 [&hellip;]<\/p>\n","protected":false},"author":1,"featured_media":0,"parent":623,"menu_order":0,"comment_status":"closed","ping_status":"closed","template":"","meta":{"footnotes":""},"class_list":["post-635","page","type-page","status-publish","czr-hentry"],"_links":{"self":[{"href":"https:\/\/meiochile.matthewlee.org\/index.php?rest_route=\/wp\/v2\/pages\/635","targetHints":{"allow":["GET"]}}],"collection":[{"href":"https:\/\/meiochile.matthewlee.org\/index.php?rest_route=\/wp\/v2\/pages"}],"about":[{"href":"https:\/\/meiochile.matthewlee.org\/index.php?rest_route=\/wp\/v2\/types\/page"}],"author":[{"embeddable":true,"href":"https:\/\/meiochile.matthewlee.org\/index.php?rest_route=\/wp\/v2\/users\/1"}],"replies":[{"embeddable":true,"href":"https:\/\/meiochile.matthewlee.org\/index.php?rest_route=%2Fwp%2Fv2%2Fcomments&post=635"}],"version-history":[{"count":1,"href":"https:\/\/meiochile.matthewlee.org\/index.php?rest_route=\/wp\/v2\/pages\/635\/revisions"}],"predecessor-version":[{"id":636,"href":"https:\/\/meiochile.matthewlee.org\/index.php?rest_route=\/wp\/v2\/pages\/635\/revisions\/636"}],"up":[{"embeddable":true,"href":"https:\/\/meiochile.matthewlee.org\/index.php?rest_route=\/wp\/v2\/pages\/623"}],"wp:attachment":[{"href":"https:\/\/meiochile.matthewlee.org\/index.php?rest_route=%2Fwp%2Fv2%2Fmedia&parent=635"}],"curies":[{"name":"wp","href":"https:\/\/api.w.org\/{rel}","templated":true}]}}