{"id":671,"date":"2016-09-03T20:22:46","date_gmt":"2016-09-03T20:22:46","guid":{"rendered":"http:\/\/meiochile.matthewlee.org\/?page_id=671"},"modified":"2016-09-03T20:22:46","modified_gmt":"2016-09-03T20:22:46","slug":"mitridae","status":"publish","type":"page","link":"https:\/\/meiochile.matthewlee.org\/?page_id=671","title":{"rendered":"Mitridae"},"content":{"rendered":"<div id=\"content\">\n<table cellspacing=\"20\" align=\"center\">\n<tbody>\n<tr>\n<td align=\"center\" valign=\"middle\" width=\"65\" height=\"13\"><b>Genus<\/b><\/td>\n<td align=\"center\" valign=\"middle\" width=\"75\" height=\"13\"><b>Species<\/b><\/td>\n<td align=\"center\" valign=\"middle\" width=\"116\" height=\"13\"><b>Authority<\/b><\/td>\n<td align=\"center\" valign=\"middle\" width=\"80\" height=\"13\"><b>Distribution<\/b><\/td>\n<td align=\"center\" valign=\"middle\" width=\"91\" height=\"13\"><b>References<\/b><\/td>\n<\/tr>\n<tr>\n<td align=\"left\" valign=\"middle\" width=\"65\" height=\"13\"><i>Imbricaria<\/i><\/td>\n<td align=\"left\" valign=\"middle\" width=\"75\" height=\"13\"><i>punctata<\/i><\/td>\n<td align=\"left\" valign=\"middle\" width=\"116\" height=\"13\">(Swainson\u00a01821)<\/td>\n<td align=\"left\" valign=\"middle\" width=\"80\" height=\"13\">Pacific\u00a0Islands<\/td>\n<td align=\"left\" valign=\"middle\" width=\"91\" height=\"13\"><a href=\"#valdovinos99\">Valdovinos,\u00a01999<\/a><\/td>\n<\/tr>\n<tr>\n<td align=\"left\" valign=\"middle\" width=\"65\" height=\"13\"><i>Mitra<\/i><\/td>\n<td align=\"left\" valign=\"middle\" width=\"75\" height=\"13\"><i>orientalis<\/i><\/td>\n<td align=\"left\" valign=\"middle\" width=\"116\" height=\"13\">Griffith\u00a0&amp;\u00a0Pidgeon\u00a01834<\/td>\n<td align=\"left\" valign=\"middle\" width=\"80\" height=\"13\">Continental<\/td>\n<td align=\"left\" valign=\"middle\" width=\"91\" height=\"13\"><a href=\"#valdovinos99\">Valdovinos,\u00a01999<\/a><\/td>\n<\/tr>\n<tr>\n<td align=\"left\" valign=\"middle\" width=\"65\" height=\"13\"><i>Mitra<\/i><\/td>\n<td align=\"left\" valign=\"middle\" width=\"75\" height=\"13\"><i>flavocingulata<\/i><\/td>\n<td align=\"left\" valign=\"middle\" width=\"116\" height=\"13\">Lamy\u00a01938<\/td>\n<td align=\"left\" valign=\"middle\" width=\"80\" height=\"13\">Pacific\u00a0Islands<\/td>\n<td align=\"left\" valign=\"middle\" width=\"91\" height=\"13\"><a href=\"#valdovinos99\">Valdovinos,\u00a01999<\/a><\/td>\n<\/tr>\n<tr>\n<td align=\"left\" valign=\"middle\" width=\"65\" height=\"13\"><i>Mitra<\/i><\/td>\n<td align=\"left\" valign=\"middle\" width=\"75\" height=\"13\"><i>semigranosa<\/i><\/td>\n<td align=\"left\" valign=\"middle\" width=\"116\" height=\"13\">(Martens\u00a01897)<\/td>\n<td align=\"left\" valign=\"middle\" width=\"80\" height=\"13\">Continental<\/td>\n<td align=\"left\" valign=\"middle\" width=\"91\" height=\"13\"><a href=\"#valdovinos99\">Valdovinos,\u00a01999<\/a><\/td>\n<\/tr>\n<tr>\n<td align=\"left\" valign=\"middle\" width=\"65\" height=\"13\"><i>Mitra<\/i><\/td>\n<td align=\"left\" valign=\"middle\" width=\"75\" height=\"13\">sp.<\/td>\n<td align=\"left\" valign=\"middle\" width=\"116\" height=\"13\">(Lamarck\u00a01798)<\/td>\n<td align=\"left\" valign=\"middle\" width=\"80\" height=\"13\">Pacific\u00a0Islands<\/td>\n<td align=\"left\" valign=\"middle\" width=\"91\" height=\"13\"><a href=\"#coloma04\">Coloma\u00a0et\u00a0al.,\u00a02004<\/a><\/td>\n<\/tr>\n<\/tbody>\n<\/table>\n<h2 style=\"text-align: left;\" align=\"center\"><strong>References<\/strong><\/h2>\n<p><a name=\"coloma04\"><\/a><\/p>\n<div align=\"justify\">Coloma, L., Ron, S. &amp; Y\u00e1\u00f1ez-Mu\u00f1oz. M. (2004) <i>Colostethus delatorreae<\/i>. In: IUCN 2004. 2004 IUCN Red list of Threatened Species. www.redlist.org.<\/div>\n<p><a name=\"valdovinos99\"><\/a><\/p>\n<div align=\"justify\">Valdovinos, C. (1999) Biodiviersidad de moluscos chilenos: base de datos taxonomica y distribucional. <em>Gayana Zoologica<\/em>, <strong>63<\/strong>:111-164.<\/div>\n<\/div>\n","protected":false},"excerpt":{"rendered":"<p>Genus Species Authority Distribution References Imbricaria punctata (Swainson\u00a01821) Pacific\u00a0Islands Valdovinos,\u00a01999 Mitra orientalis Griffith\u00a0&amp;\u00a0Pidgeon\u00a01834 Continental Valdovinos,\u00a01999 Mitra flavocingulata Lamy\u00a01938 Pacific\u00a0Islands Valdovinos,\u00a01999 Mitra semigranosa (Martens\u00a01897) Continental Valdovinos,\u00a01999 Mitra sp. (Lamarck\u00a01798) Pacific\u00a0Islands Coloma\u00a0et\u00a0al.,\u00a02004 References Coloma, L., Ron, S. &amp; Y\u00e1\u00f1ez-Mu\u00f1oz. M. (2004) Colostethus delatorreae. In: IUCN 2004. 2004 IUCN Red list of Threatened Species. www.redlist.org. Valdovinos, C. (1999) [&hellip;]<\/p>\n","protected":false},"author":1,"featured_media":0,"parent":623,"menu_order":0,"comment_status":"closed","ping_status":"closed","template":"","meta":{"footnotes":""},"class_list":["post-671","page","type-page","status-publish","czr-hentry"],"_links":{"self":[{"href":"https:\/\/meiochile.matthewlee.org\/index.php?rest_route=\/wp\/v2\/pages\/671","targetHints":{"allow":["GET"]}}],"collection":[{"href":"https:\/\/meiochile.matthewlee.org\/index.php?rest_route=\/wp\/v2\/pages"}],"about":[{"href":"https:\/\/meiochile.matthewlee.org\/index.php?rest_route=\/wp\/v2\/types\/page"}],"author":[{"embeddable":true,"href":"https:\/\/meiochile.matthewlee.org\/index.php?rest_route=\/wp\/v2\/users\/1"}],"replies":[{"embeddable":true,"href":"https:\/\/meiochile.matthewlee.org\/index.php?rest_route=%2Fwp%2Fv2%2Fcomments&post=671"}],"version-history":[{"count":1,"href":"https:\/\/meiochile.matthewlee.org\/index.php?rest_route=\/wp\/v2\/pages\/671\/revisions"}],"predecessor-version":[{"id":672,"href":"https:\/\/meiochile.matthewlee.org\/index.php?rest_route=\/wp\/v2\/pages\/671\/revisions\/672"}],"up":[{"embeddable":true,"href":"https:\/\/meiochile.matthewlee.org\/index.php?rest_route=\/wp\/v2\/pages\/623"}],"wp:attachment":[{"href":"https:\/\/meiochile.matthewlee.org\/index.php?rest_route=%2Fwp%2Fv2%2Fmedia&parent=671"}],"curies":[{"name":"wp","href":"https:\/\/api.w.org\/{rel}","templated":true}]}}