{"id":707,"date":"2016-09-03T20:37:18","date_gmt":"2016-09-03T20:37:18","guid":{"rendered":"http:\/\/meiochile.matthewlee.org\/?page_id=707"},"modified":"2016-09-03T20:37:18","modified_gmt":"2016-09-03T20:37:18","slug":"hipponicidae","status":"publish","type":"page","link":"https:\/\/meiochile.matthewlee.org\/?page_id=707","title":{"rendered":"Hipponicidae"},"content":{"rendered":"<table cellspacing=\"20\" align=\"center\">\n<tbody>\n<tr>\n<td align=\"center\" valign=\"middle\" width=\"65\" height=\"13\"><b>Genus<\/b><\/td>\n<td align=\"center\" valign=\"middle\" width=\"65\" height=\"13\"><b>Species<\/b><\/td>\n<td align=\"center\" valign=\"middle\" width=\"110\" height=\"13\"><b>Authority<\/b><\/td>\n<td align=\"center\" valign=\"middle\" width=\"80\" height=\"13\"><b>Distribution<\/b><\/td>\n<td align=\"center\" valign=\"middle\" width=\"108\" height=\"13\"><b>References<\/b><\/td>\n<\/tr>\n<tr>\n<td align=\"left\" valign=\"middle\" width=\"65\" height=\"13\"><i>Antisabia<\/i><\/td>\n<td align=\"left\" valign=\"middle\" width=\"65\" height=\"13\"><i>foliacea<\/i><\/td>\n<td align=\"left\" valign=\"middle\" width=\"110\" height=\"13\">(Quoy\u00a0&amp;\u00a0Gaimard\u00a01835)<\/td>\n<td align=\"left\" valign=\"middle\" width=\"80\" height=\"13\">Pacific\u00a0Islands<\/td>\n<td align=\"left\" valign=\"middle\" width=\"108\" height=\"13\"><a href=\"#valdovinos99\">Valdovinos,\u00a01999<\/a><\/td>\n<\/tr>\n<tr>\n<td align=\"left\" valign=\"middle\" width=\"65\" height=\"13\"><i>Antisabia<\/i><\/td>\n<td align=\"left\" valign=\"middle\" width=\"65\" height=\"13\"><i>imbricata<\/i><\/td>\n<td align=\"left\" valign=\"middle\" width=\"110\" height=\"13\">(Gould\u00a01846)<\/td>\n<td align=\"left\" valign=\"middle\" width=\"80\" height=\"13\">Pacific\u00a0Islands<\/td>\n<td align=\"left\" valign=\"middle\" width=\"108\" height=\"13\"><a href=\"#valdovinos99\">Valdovinos,\u00a01999<\/a><\/td>\n<\/tr>\n<tr>\n<td align=\"left\" valign=\"middle\" width=\"65\" height=\"13\"><i>Hipponix<\/i><\/td>\n<td align=\"left\" valign=\"middle\" width=\"65\" height=\"13\"><i>antiquatus<\/i><\/td>\n<td align=\"left\" valign=\"middle\" width=\"110\" height=\"13\">(Linnaeus\u00a01758)<\/td>\n<td align=\"left\" valign=\"middle\" width=\"80\" height=\"13\">Pacific\u00a0Islands<\/td>\n<td align=\"left\" valign=\"middle\" width=\"108\" height=\"13\"><a href=\"#coloma04\">Coloma\u00a0et\u00a0al.,\u00a02004<\/a><\/td>\n<\/tr>\n<tr>\n<td align=\"left\" valign=\"middle\" width=\"65\" height=\"13\"><i>Pilosabia<\/i><\/td>\n<td align=\"left\" valign=\"middle\" width=\"65\" height=\"13\"><i>trigona<\/i><\/td>\n<td align=\"left\" valign=\"middle\" width=\"110\" height=\"13\">(Gmelin\u00a01791)<\/td>\n<td align=\"left\" valign=\"middle\" width=\"80\" height=\"13\">Pacific\u00a0Islands<\/td>\n<td align=\"left\" valign=\"middle\" width=\"108\" height=\"13\"><a href=\"#valdovinos99\">Valdovinos,\u00a01999<\/a><\/td>\n<\/tr>\n<\/tbody>\n<\/table>\n<p>&nbsp;<\/p>\n<h2 style=\"text-align: left;\" align=\"center\"><strong>References<\/strong><\/h2>\n<p><a name=\"coloma04\"><\/a><\/p>\n<div align=\"justify\">Coloma, L., Ron, S. &amp; Y\u00e1\u00f1ez-Mu\u00f1oz. M. (2004) <i>Colostethus delatorreae<\/i>. In: IUCN 2004. 2004 IUCN Red list of Threatened Species. www.redlist.org.<\/div>\n<p><a name=\"valdovinos99\"><\/a><\/p>\n<div align=\"justify\">Valdovinos, C. (1999) Biodiviersidad de moluscos chilenos: base de datos taxonomica y distribucional. <em>Gayana Zoologica<\/em>, <strong>63<\/strong>:111-164.<\/div>\n","protected":false},"excerpt":{"rendered":"<p>Genus Species Authority Distribution References Antisabia foliacea (Quoy\u00a0&amp;\u00a0Gaimard\u00a01835) Pacific\u00a0Islands Valdovinos,\u00a01999 Antisabia imbricata (Gould\u00a01846) Pacific\u00a0Islands Valdovinos,\u00a01999 Hipponix antiquatus (Linnaeus\u00a01758) Pacific\u00a0Islands Coloma\u00a0et\u00a0al.,\u00a02004 Pilosabia trigona (Gmelin\u00a01791) Pacific\u00a0Islands Valdovinos,\u00a01999 &nbsp; References Coloma, L., Ron, S. &amp; Y\u00e1\u00f1ez-Mu\u00f1oz. M. (2004) Colostethus delatorreae. In: IUCN 2004. 2004 IUCN Red list of Threatened Species. www.redlist.org. Valdovinos, C. (1999) Biodiviersidad de moluscos chilenos: [&hellip;]<\/p>\n","protected":false},"author":1,"featured_media":0,"parent":623,"menu_order":0,"comment_status":"closed","ping_status":"closed","template":"","meta":{"footnotes":""},"class_list":["post-707","page","type-page","status-publish","czr-hentry"],"_links":{"self":[{"href":"https:\/\/meiochile.matthewlee.org\/index.php?rest_route=\/wp\/v2\/pages\/707","targetHints":{"allow":["GET"]}}],"collection":[{"href":"https:\/\/meiochile.matthewlee.org\/index.php?rest_route=\/wp\/v2\/pages"}],"about":[{"href":"https:\/\/meiochile.matthewlee.org\/index.php?rest_route=\/wp\/v2\/types\/page"}],"author":[{"embeddable":true,"href":"https:\/\/meiochile.matthewlee.org\/index.php?rest_route=\/wp\/v2\/users\/1"}],"replies":[{"embeddable":true,"href":"https:\/\/meiochile.matthewlee.org\/index.php?rest_route=%2Fwp%2Fv2%2Fcomments&post=707"}],"version-history":[{"count":1,"href":"https:\/\/meiochile.matthewlee.org\/index.php?rest_route=\/wp\/v2\/pages\/707\/revisions"}],"predecessor-version":[{"id":708,"href":"https:\/\/meiochile.matthewlee.org\/index.php?rest_route=\/wp\/v2\/pages\/707\/revisions\/708"}],"up":[{"embeddable":true,"href":"https:\/\/meiochile.matthewlee.org\/index.php?rest_route=\/wp\/v2\/pages\/623"}],"wp:attachment":[{"href":"https:\/\/meiochile.matthewlee.org\/index.php?rest_route=%2Fwp%2Fv2%2Fmedia&parent=707"}],"curies":[{"name":"wp","href":"https:\/\/api.w.org\/{rel}","templated":true}]}}