{"id":735,"date":"2016-09-03T21:27:53","date_gmt":"2016-09-03T21:27:53","guid":{"rendered":"http:\/\/meiochile.matthewlee.org\/?page_id=735"},"modified":"2016-09-03T21:27:53","modified_gmt":"2016-09-03T21:27:53","slug":"mesogastropoda","status":"publish","type":"page","link":"https:\/\/meiochile.matthewlee.org\/?page_id=735","title":{"rendered":"Mesogastropoda"},"content":{"rendered":"<div id=\"content\">\n<table cellspacing=\"20\" align=\"center\">\n<tbody>\n<tr>\n<td align=\"center\" valign=\"middle\" width=\"81\" height=\"13\"><b>Family<\/b><\/td>\n<td align=\"center\" valign=\"middle\" width=\"79\" height=\"13\"><b>Genus<\/b><\/td>\n<td align=\"center\" valign=\"middle\" width=\"84\" height=\"13\"><b>Species<\/b><\/td>\n<td align=\"center\" valign=\"middle\" width=\"106\" height=\"13\"><b>Authority<\/b><\/td>\n<td align=\"center\" valign=\"middle\" width=\"81\" height=\"13\"><b>Distribution<\/b><\/td>\n<td align=\"center\" valign=\"middle\" width=\"130\" height=\"13\"><b>References<\/b><\/td>\n<\/tr>\n<tr>\n<td align=\"left\" valign=\"middle\" width=\"81\" height=\"13\">Cyclophoridae<\/td>\n<td align=\"left\" valign=\"middle\" width=\"79\" height=\"13\"><i>Mareleptopoma<\/i><\/td>\n<td align=\"left\" valign=\"middle\" width=\"84\" height=\"13\"><i>circumserrata<\/i><\/td>\n<td align=\"left\" valign=\"middle\" width=\"106\" height=\"13\">Raines\u00a02004<\/td>\n<td align=\"left\" valign=\"middle\" width=\"81\" height=\"13\">Pacific\u00a0Islands<\/td>\n<td align=\"left\" valign=\"middle\" width=\"130\" height=\"13\"><a href=\"#raines02\">Raines,\u00a02002<\/a><\/td>\n<\/tr>\n<tr>\n<td align=\"left\" valign=\"middle\" width=\"81\" height=\"13\">Rissoidea<\/td>\n<td align=\"left\" valign=\"middle\" width=\"79\" height=\"13\"><i>Orbitestella<\/i><\/td>\n<td align=\"left\" valign=\"middle\" width=\"84\" height=\"13\"><i>aequicostata<\/i><\/td>\n<td align=\"left\" valign=\"middle\" width=\"106\" height=\"13\">Raines\u00a02004<\/td>\n<td align=\"left\" valign=\"middle\" width=\"81\" height=\"13\">Pacific\u00a0Islands<\/td>\n<td align=\"left\" valign=\"middle\" width=\"130\" height=\"13\"><a href=\"#raines02\">Raines,\u00a02002<\/a><\/td>\n<\/tr>\n<tr>\n<td align=\"left\" valign=\"middle\" width=\"81\" height=\"13\">Rissoidea<\/td>\n<td align=\"left\" valign=\"middle\" width=\"79\" height=\"13\"><i>Rissoina<\/i><\/td>\n<td align=\"left\" valign=\"middle\" width=\"84\" height=\"13\"><i>delicatissima<\/i><\/td>\n<td align=\"left\" valign=\"middle\" width=\"106\" height=\"13\">Raines\u00a02004<\/td>\n<td align=\"left\" valign=\"middle\" width=\"81\" height=\"13\">Pacific\u00a0Islands<\/td>\n<td align=\"left\" valign=\"middle\" width=\"130\" height=\"13\"><a href=\"#raines02\">Raines,\u00a02002<\/a><\/td>\n<\/tr>\n<tr>\n<td align=\"left\" valign=\"middle\" width=\"81\" height=\"13\">Stiligeridae<\/td>\n<td align=\"left\" valign=\"middle\" width=\"79\" height=\"13\"><i>Aplysiopsis<\/i><\/td>\n<td align=\"left\" valign=\"middle\" width=\"84\" height=\"13\"><i>brattstromi<\/i><\/td>\n<td align=\"left\" valign=\"middle\" width=\"106\" height=\"13\">(Marcus\u00a01959)<\/td>\n<td align=\"left\" valign=\"middle\" width=\"81\" height=\"13\">Continental<\/td>\n<td align=\"left\" valign=\"middle\" width=\"130\" height=\"13\"><a href=\"#valdovinos99\">Valdovinos,\u00a01999<\/a><\/td>\n<\/tr>\n<tr>\n<td align=\"left\" valign=\"middle\" width=\"81\" height=\"13\">Stiligeridae<\/td>\n<td align=\"left\" valign=\"middle\" width=\"79\" height=\"13\"><i>Ercolania<\/i><\/td>\n<td align=\"left\" valign=\"middle\" width=\"84\" height=\"13\"><i>evelinae<\/i><\/td>\n<td align=\"left\" valign=\"middle\" width=\"106\" height=\"13\">(Marcus\u00a01959)<\/td>\n<td align=\"left\" valign=\"middle\" width=\"81\" height=\"13\">Continental<\/td>\n<td align=\"left\" valign=\"middle\" width=\"130\" height=\"13\"><a href=\"#valdovinos99\">Valdovinos,\u00a01999<\/a><\/td>\n<\/tr>\n<tr>\n<td align=\"left\" valign=\"middle\" width=\"81\" height=\"13\">Stiliferidae<\/td>\n<td align=\"left\" valign=\"middle\" width=\"79\" height=\"13\"><i>Luetzenia<\/i><\/td>\n<td align=\"left\" valign=\"middle\" width=\"84\" height=\"13\"><i>goodingi<\/i><\/td>\n<td align=\"left\" valign=\"middle\" width=\"106\" height=\"13\">Rehder\u00a01980<\/td>\n<td align=\"left\" valign=\"middle\" width=\"81\" height=\"13\">Pacific\u00a0Islands<\/td>\n<td align=\"left\" valign=\"middle\" width=\"130\" height=\"13\"><a href=\"#valdovinos99\">Valdovinos,\u00a01999<\/a><\/td>\n<\/tr>\n<tr>\n<td align=\"left\" valign=\"middle\" width=\"81\" height=\"13\">Stiliferidae<\/td>\n<td align=\"left\" valign=\"middle\" width=\"79\" height=\"13\"><i>Mucronalia<\/i><\/td>\n<td align=\"left\" valign=\"middle\" width=\"84\" height=\"13\"><i>angulata<\/i><\/td>\n<td align=\"left\" valign=\"middle\" width=\"106\" height=\"13\">Mandahl-Barth\u00a01946<\/td>\n<td align=\"left\" valign=\"middle\" width=\"81\" height=\"13\">Pacific\u00a0Islands<\/td>\n<td align=\"left\" valign=\"middle\" width=\"130\" height=\"13\"><a href=\"#castilla87\">Castilla\u00a0&amp;\u00a0Rozbaczylo,\u00a01987<\/a><\/td>\n<\/tr>\n<\/tbody>\n<\/table>\n<h2 style=\"text-align: left;\" align=\"center\"><strong>References<\/strong><\/h2>\n<p><a name=\"castilla87\"><\/a><\/p>\n<div align=\"justify\">Castilla, J.C. &amp; Rozbaczylo, N. (1987) Marine invertebrates from Easter Island and Sala y Gomez. In: Castilla, J.C. (ed) Islas oce\u00e1nicas chilenas: conocimiento cient\u00edfico y necesidades de investigaciones. 191-216. Ediciones Universidad Cat\u00f3lica de Chile, Santiago, Chile.<\/div>\n<p><a name=\"raines02\"><\/a><\/p>\n<div align=\"justify\">Raines, B.K. (2002) Contributions to the knowledge of Easter Island Mollusca. <em>La Conchiglia<\/em>, <strong>34<\/strong>:11-40.<\/div>\n<p><a name=\"valdovinos99\"><\/a><\/p>\n<div align=\"justify\">Valdovinos, C. (1999) Biodiviersidad de moluscos chilenos: base de datos taxonomica y distribucional. <em>Gayana Zoologica<\/em>, <strong>63<\/strong>:111-164.<\/div>\n<\/div>\n","protected":false},"excerpt":{"rendered":"<p>Family Genus Species Authority Distribution References Cyclophoridae Mareleptopoma circumserrata Raines\u00a02004 Pacific\u00a0Islands Raines,\u00a02002 Rissoidea Orbitestella aequicostata Raines\u00a02004 Pacific\u00a0Islands Raines,\u00a02002 Rissoidea Rissoina delicatissima Raines\u00a02004 Pacific\u00a0Islands Raines,\u00a02002 Stiligeridae Aplysiopsis brattstromi (Marcus\u00a01959) Continental Valdovinos,\u00a01999 Stiligeridae Ercolania evelinae (Marcus\u00a01959) Continental Valdovinos,\u00a01999 Stiliferidae Luetzenia goodingi Rehder\u00a01980 Pacific\u00a0Islands Valdovinos,\u00a01999 Stiliferidae Mucronalia angulata Mandahl-Barth\u00a01946 Pacific\u00a0Islands Castilla\u00a0&amp;\u00a0Rozbaczylo,\u00a01987 References Castilla, J.C. &amp; Rozbaczylo, N. (1987) [&hellip;]<\/p>\n","protected":false},"author":1,"featured_media":0,"parent":608,"menu_order":0,"comment_status":"closed","ping_status":"closed","template":"","meta":{"footnotes":""},"class_list":["post-735","page","type-page","status-publish","czr-hentry"],"_links":{"self":[{"href":"https:\/\/meiochile.matthewlee.org\/index.php?rest_route=\/wp\/v2\/pages\/735","targetHints":{"allow":["GET"]}}],"collection":[{"href":"https:\/\/meiochile.matthewlee.org\/index.php?rest_route=\/wp\/v2\/pages"}],"about":[{"href":"https:\/\/meiochile.matthewlee.org\/index.php?rest_route=\/wp\/v2\/types\/page"}],"author":[{"embeddable":true,"href":"https:\/\/meiochile.matthewlee.org\/index.php?rest_route=\/wp\/v2\/users\/1"}],"replies":[{"embeddable":true,"href":"https:\/\/meiochile.matthewlee.org\/index.php?rest_route=%2Fwp%2Fv2%2Fcomments&post=735"}],"version-history":[{"count":1,"href":"https:\/\/meiochile.matthewlee.org\/index.php?rest_route=\/wp\/v2\/pages\/735\/revisions"}],"predecessor-version":[{"id":736,"href":"https:\/\/meiochile.matthewlee.org\/index.php?rest_route=\/wp\/v2\/pages\/735\/revisions\/736"}],"up":[{"embeddable":true,"href":"https:\/\/meiochile.matthewlee.org\/index.php?rest_route=\/wp\/v2\/pages\/608"}],"wp:attachment":[{"href":"https:\/\/meiochile.matthewlee.org\/index.php?rest_route=%2Fwp%2Fv2%2Fmedia&parent=735"}],"curies":[{"name":"wp","href":"https:\/\/api.w.org\/{rel}","templated":true}]}}