{"id":83,"date":"2015-04-23T13:32:46","date_gmt":"2015-04-23T13:32:46","guid":{"rendered":"http:\/\/newsite.matthewlee.org\/?page_id=83"},"modified":"2017-10-19T14:33:41","modified_gmt":"2017-10-19T14:33:41","slug":"introduccion","status":"publish","type":"page","link":"https:\/\/meiochile.matthewlee.org\/?page_id=83","title":{"rendered":"Introducci\u00f3n"},"content":{"rendered":"<p style=\"text-align: justify;\">Bienvenidos a versi\u00f3n 2.0 de MeioChile. El objetivo de este sitio es proporcionar informaci\u00f3n sobre meiofauna, con un sesgo a Chile, pero mucho de la informaci\u00f3n disponible en este sitio sera de inter\u00e9s a la comunidad mas amplia de meiobentologos. El plan es tener todo de este sito traducido a espa\u00f1ol, sin embargo espa\u00f1ol es mi segundo idioma y por ende algunos de las paginas van ser un poco raro antes que puedo conseguir un amigo Chileno para revisarlos.<\/p>\n<h3>\u00bfQue son la Meiofauna?<\/h3>\n<p style=\"text-align: justify;\">Meiofauna son peque\u00f1os organismos invertebrados que viven en el ambiente bent\u00f3nico. Principalmente, est\u00e1n asociados con sedimentos, pero tambi\u00e9n se pueden encontrar viviendo en sustratos secundarios, como macroalgas (conocido como phytal meiofauna) e invertebrados s\u00e9siles (por ejemplo, el manto de choros). El t\u00e9rmino &#8220;meiofauna&#8221; fue utilizado por primera vez por Molly Mare (1942) para referirse a los peque\u00f1os organismos encontrados en las arenas marinas alrededor de Plymouth (Reino Unido). El meio en meiofauna viene del griego <em>meion<\/em> que significa m\u00e1s peque\u00f1o. Por lo tanto, la meiofauna es m\u00e1s peque\u00f1a que la macrofauna y m\u00e1s grande que la microfauna. La definici\u00f3n exacta de tama\u00f1o de meiofauna var\u00eda un poco de autor a autor, pero una definici\u00f3n de trabajo general, y la que yo uso, son animales menores de 1 mm y mayores de 45 \u03bcm.<\/p>\n<p style=\"text-align: justify;\">La meiofauna incluye una enorme diversidad de organismos, con la mayor\u00eda de los phyla con representantes meiofaunales. Adem\u00e1s, hay varios phyla como el Kinorhyncha, Gastrotricha y Loricifera que son exclusivamente meiobenticos. En t\u00e9rminos de diversidad y abundancia, los grupos m\u00e1s importantes son la Nematoda y la Copepoda Harpacticoide, aunque en algunos sitios puede ser dominante otro grupo. En general, la meiofauna no se ha estudiado intensamente, e incluso en las partes mejor estudiadas del mundo (por ejemplo, en el norte de Europa) a\u00fan quedan muchas especies por describir, y todav\u00eda quedan por descubrir muchos aspectos de la ecolog\u00eda de meiofauna. Para obtener m\u00e1s informaci\u00f3n sobre los grupos meiofaunales individuales, consulte la secci\u00f3n Biodiversidad del sitio web.<\/p>\n<p style=\"text-align: justify;\">La meiofauna tiene una serie de caracter\u00edsticas y adaptaciones a la vida entre los granos de arena. La primera adaptaci\u00f3n es que muchos grupos desarrollan un cuerpo vermiforme&nbsp;<span style=\"font-size: 1rem;\">&nbsp;<\/span><span style=\"font-size: 1rem;\">&#8220;<\/span><span style=\"font-size: 1rem;\">como&nbsp;<\/span><span style=\"font-size: 1rem;\">gusano&#8221;&nbsp;<\/span><span style=\"font-size: 1rem;\">con ap\u00e9ndices reducidos que permiten el movimiento a trav\u00e9s del entorno intersticial. Entonces, en el caso de un grupo como el Amphipoda, los representantes meiofaunales tienen cuerpos alargados y delgados con patas cortas. Otro grupo importante de adaptaciones comunes a la mayor\u00eda de los organismos meiofaunales se encuentra en el ciclo de vida. En primer lugar, debido a su peque\u00f1o tama\u00f1o, no pueden producir un gran n\u00famero de gametos, como resultado, la reproducci\u00f3n se produce de forma continua durante todo el a\u00f1o con una peque\u00f1a cantidad de huevos\/larvas producidos durante cada ciclo reproductivo. Los organismos meiofaunales exhiben un desarrollo directo, esto significa que no hay una fase de dispersi\u00f3n larval pel\u00e1gica, los juveniles reclutan directamente en el mismo h\u00e1bitat que los adultos. Muchos organismos meiofaunales tienen cortos ciclos de vida, en casos extremos tan cortos como una semana. Muchos organismos meiofaunales tambi\u00e9n invierten m\u00e1s energ\u00eda para garantizar el \u00e9xito de los pocos juveniles que producen en cada ciclo reproductivo, por lo que los huevos\/embriones pueden transportarse durante un per\u00edodo prolongado de tiempo, y en algunas especies se presenta viviparidad.<\/span><\/p>\n<h3>Referencias<\/h3>\n<p>Mare, M.F. (1942)&nbsp;A study of a marine benthic community with special reference to the micro-organisms.&nbsp;<em>Journal of the Marine Biological Association of the United Kingdom<\/em>.&nbsp;<strong>25<\/strong>:517-554.<\/p>\n","protected":false},"excerpt":{"rendered":"<p>Bienvenidos a versi\u00f3n 2.0 de MeioChile. El objetivo de este sitio es proporcionar informaci\u00f3n sobre meiofauna, con un sesgo a Chile, pero mucho de la informaci\u00f3n disponible en este sitio sera de inter\u00e9s a la comunidad mas amplia de meiobentologos. El plan es tener todo de este sito traducido a espa\u00f1ol, sin embargo espa\u00f1ol es [&hellip;]<\/p>\n","protected":false},"author":1,"featured_media":0,"parent":0,"menu_order":0,"comment_status":"closed","ping_status":"closed","template":"","meta":{"footnotes":""},"class_list":["post-83","page","type-page","status-publish","czr-hentry"],"_links":{"self":[{"href":"https:\/\/meiochile.matthewlee.org\/index.php?rest_route=\/wp\/v2\/pages\/83","targetHints":{"allow":["GET"]}}],"collection":[{"href":"https:\/\/meiochile.matthewlee.org\/index.php?rest_route=\/wp\/v2\/pages"}],"about":[{"href":"https:\/\/meiochile.matthewlee.org\/index.php?rest_route=\/wp\/v2\/types\/page"}],"author":[{"embeddable":true,"href":"https:\/\/meiochile.matthewlee.org\/index.php?rest_route=\/wp\/v2\/users\/1"}],"replies":[{"embeddable":true,"href":"https:\/\/meiochile.matthewlee.org\/index.php?rest_route=%2Fwp%2Fv2%2Fcomments&post=83"}],"version-history":[{"count":7,"href":"https:\/\/meiochile.matthewlee.org\/index.php?rest_route=\/wp\/v2\/pages\/83\/revisions"}],"predecessor-version":[{"id":1011,"href":"https:\/\/meiochile.matthewlee.org\/index.php?rest_route=\/wp\/v2\/pages\/83\/revisions\/1011"}],"wp:attachment":[{"href":"https:\/\/meiochile.matthewlee.org\/index.php?rest_route=%2Fwp%2Fv2%2Fmedia&parent=83"}],"curies":[{"name":"wp","href":"https:\/\/api.w.org\/{rel}","templated":true}]}}