{"id":839,"date":"2016-09-03T22:20:57","date_gmt":"2016-09-03T22:20:57","guid":{"rendered":"http:\/\/meiochile.matthewlee.org\/?page_id=839"},"modified":"2016-09-03T22:32:57","modified_gmt":"2016-09-03T22:32:57","slug":"tanaidacea","status":"publish","type":"page","link":"https:\/\/meiochile.matthewlee.org\/?page_id=839","title":{"rendered":"Tanaidacea (List)"},"content":{"rendered":"<table cellspacing=\"20\" align=\"center\">\n<tbody>\n<tr>\n<td align=\"center\" valign=\"middle\" width=\"94\" height=\"13\"><b>Family<\/b><\/td>\n<td align=\"center\" valign=\"middle\" width=\"92\" height=\"13\"><b>Genus<\/b><\/td>\n<td align=\"center\" valign=\"middle\" width=\"93\" height=\"13\"><b>Species<\/b><\/td>\n<td align=\"center\" valign=\"middle\" width=\"110\" height=\"13\"><b>Authority<\/b><\/td>\n<td align=\"left\" valign=\"middle\" width=\"149\" height=\"13\"><b>Distribution<\/b><\/td>\n<td align=\"center\" valign=\"middle\" width=\"149\" height=\"13\"><b>References<\/b><\/td>\n<\/tr>\n<tr>\n<td align=\"left\" valign=\"middle\" width=\"94\" height=\"13\">Apseudidae<\/td>\n<td align=\"left\" valign=\"middle\" width=\"92\" height=\"13\"><i>Apseudes<\/i><\/td>\n<td align=\"left\" valign=\"middle\" width=\"93\" height=\"13\"><i>diversus<\/i><\/td>\n<td align=\"left\" valign=\"middle\" width=\"110\" height=\"13\">Lang\u00a01968<\/td>\n<td align=\"left\" valign=\"middle\" width=\"149\" height=\"13\">Deep-sea<\/td>\n<td align=\"left\" valign=\"middle\" width=\"149\" height=\"13\"><a href=\"#kudinova90\">Kudinova-Pasternak,\u00a01990<\/a><\/td>\n<\/tr>\n<tr>\n<td align=\"left\" valign=\"middle\" width=\"94\" height=\"13\">Apseudidae<\/td>\n<td align=\"left\" valign=\"middle\" width=\"92\" height=\"13\"><i>Apseudes<\/i><\/td>\n<td align=\"left\" valign=\"middle\" width=\"93\" height=\"13\"><i>heroae<\/i><\/td>\n<td align=\"left\" valign=\"middle\" width=\"110\" height=\"13\">Sieg\u00a01986<\/td>\n<td align=\"left\" valign=\"middle\" width=\"149\" height=\"13\">Continental<\/td>\n<td align=\"left\" valign=\"middle\" width=\"149\" height=\"13\"><a href=\"#schmidt01\">Schmidt\u00a0&amp;\u00a0Brandt,\u00a02001<\/a><\/td>\n<\/tr>\n<tr>\n<td align=\"left\" valign=\"middle\" width=\"94\" height=\"13\">Apseudidae<\/td>\n<td align=\"left\" valign=\"middle\" width=\"92\" height=\"13\"><i>Apseudes<\/i><\/td>\n<td align=\"left\" valign=\"middle\" width=\"93\" height=\"13\"><i>fagetti<\/i><\/td>\n<td align=\"left\" valign=\"middle\" width=\"110\" height=\"13\">B\u00e1ez\u00a0&amp;\u00a0Magnere\u00a01980<\/td>\n<td align=\"left\" valign=\"middle\" width=\"149\" height=\"13\">Pacific\u00a0Islands<\/td>\n<td align=\"left\" valign=\"middle\" width=\"149\" height=\"13\"><a href=\"#rozbaczylo87\">Rozbaczylo\u00a0&amp;\u00a0Castilla,\u00a01987<\/a><\/td>\n<\/tr>\n<tr>\n<td align=\"left\" valign=\"middle\" width=\"94\" height=\"13\">Metapseudidae<\/td>\n<td align=\"left\" valign=\"middle\" width=\"92\" height=\"13\"><i>Synapseudes<\/i><\/td>\n<td align=\"left\" valign=\"middle\" width=\"93\" height=\"13\"><i>idios<\/i><\/td>\n<td align=\"left\" valign=\"middle\" width=\"110\" height=\"13\">Gardiner\u00a01973<\/td>\n<td align=\"left\" valign=\"middle\" width=\"149\" height=\"13\">Continental<\/td>\n<td align=\"left\" valign=\"middle\" width=\"149\" height=\"13\"><a href=\"#schmidt01\">Schmidt\u00a0&amp;\u00a0Brandt,\u00a02001<\/a><\/td>\n<\/tr>\n<tr>\n<td align=\"left\" valign=\"middle\" width=\"94\" height=\"13\">Anarthruridae<\/td>\n<td align=\"left\" valign=\"middle\" width=\"92\" height=\"13\"><i>Parafilitanais<\/i><\/td>\n<td align=\"left\" valign=\"middle\" width=\"93\" height=\"13\"><i>similis<\/i><\/td>\n<td align=\"left\" valign=\"middle\" width=\"110\" height=\"13\">Kudinova-Pasternak\u00a01990<\/td>\n<td align=\"left\" valign=\"middle\" width=\"149\" height=\"13\">Deep-sea<\/td>\n<td align=\"left\" valign=\"middle\" width=\"149\" height=\"13\"><a href=\"#kudinova90\">Kudinova-Pasternak,\u00a01990<\/a><\/td>\n<\/tr>\n<tr>\n<td align=\"left\" valign=\"middle\" width=\"94\" height=\"13\">Anarthruridae<\/td>\n<td align=\"left\" valign=\"middle\" width=\"92\" height=\"13\"><i>Siphonolabrum<\/i><\/td>\n<td align=\"left\" valign=\"middle\" width=\"93\" height=\"13\"><i>fastigatum<\/i><\/td>\n<td align=\"left\" valign=\"middle\" width=\"110\" height=\"13\">Sieg\u00a01986<\/td>\n<td align=\"left\" valign=\"middle\" width=\"149\" height=\"13\">Continental<\/td>\n<td align=\"left\" valign=\"middle\" width=\"149\" height=\"13\"><a href=\"#schmidt01\">Schmidt\u00a0&amp;\u00a0Brandt,\u00a02001<\/a><\/td>\n<\/tr>\n<tr>\n<td align=\"left\" valign=\"middle\" width=\"94\" height=\"13\">Colletteidae<\/td>\n<td align=\"left\" valign=\"middle\" width=\"92\" height=\"13\"><i>Mirandotanais<\/i><\/td>\n<td align=\"left\" valign=\"middle\" width=\"93\" height=\"13\"><i>vorax<\/i><\/td>\n<td align=\"left\" valign=\"middle\" width=\"110\" height=\"13\">Kussakin\u00a0&amp;\u00a0Tzareva\u00a01974<\/td>\n<td align=\"left\" valign=\"middle\" width=\"149\" height=\"13\">Continental<\/td>\n<td align=\"left\" valign=\"middle\" width=\"149\" height=\"13\"><a href=\"#schmidt01\">Schmidt\u00a0&amp;\u00a0Brandt,\u00a02001<\/a><\/td>\n<\/tr>\n<tr>\n<td align=\"left\" valign=\"middle\" width=\"94\" height=\"13\">Colletteidae<\/td>\n<td align=\"left\" valign=\"middle\" width=\"92\" height=\"13\"><i>Libanius<\/i><\/td>\n<td align=\"left\" valign=\"middle\" width=\"93\" height=\"13\"><i>monacanthus<\/i><\/td>\n<td align=\"left\" valign=\"middle\" width=\"110\" height=\"13\">(Vanh\u00f6ffen\u00a01914)<\/td>\n<td align=\"left\" valign=\"middle\" width=\"149\" height=\"13\">Continental<\/td>\n<td align=\"left\" valign=\"middle\" width=\"149\" height=\"13\"><a href=\"#schmidt01\">Schmidt\u00a0&amp;\u00a0Brandt,\u00a02001<\/a><\/td>\n<\/tr>\n<tr>\n<td align=\"left\" valign=\"middle\" width=\"94\" height=\"13\">Colletteidae<\/td>\n<td align=\"left\" valign=\"middle\" width=\"92\" height=\"13\"><i>Collettea<\/i><\/td>\n<td align=\"left\" valign=\"middle\" width=\"93\" height=\"13\"><i>minima<\/i><\/td>\n<td align=\"left\" valign=\"middle\" width=\"110\" height=\"13\">(Hansen\u00a01913)<\/td>\n<td align=\"left\" valign=\"middle\" width=\"149\" height=\"13\">Deep-sea<\/td>\n<td align=\"left\" valign=\"middle\" width=\"149\" height=\"13\"><a href=\"#kudinova90\">Kudinova-Pasternak,\u00a01990<\/a><\/td>\n<\/tr>\n<tr>\n<td align=\"left\" valign=\"middle\" width=\"94\" height=\"13\"><i>incertae\u00a0sedis<\/i><\/td>\n<td align=\"left\" valign=\"middle\" width=\"92\" height=\"13\"><i>Chauliopleona<\/i><\/td>\n<td align=\"left\" valign=\"middle\" width=\"93\" height=\"13\"><i>armata<\/i><\/td>\n<td align=\"left\" valign=\"middle\" width=\"110\" height=\"13\">(Hansen\u00a01913)<\/td>\n<td align=\"left\" valign=\"middle\" width=\"149\" height=\"13\">Continental<\/td>\n<td align=\"left\" valign=\"middle\" width=\"149\" height=\"13\"><a href=\"#schmidt01\">Schmidt\u00a0&amp;\u00a0Brandt,\u00a02001<\/a>.<\/td>\n<\/tr>\n<tr>\n<td align=\"left\" valign=\"middle\" width=\"94\" height=\"13\"><i>incertae\u00a0sedis<\/i><\/td>\n<td align=\"left\" valign=\"middle\" width=\"92\" height=\"13\"><i>Stenotanais<\/i><\/td>\n<td align=\"left\" valign=\"middle\" width=\"93\" height=\"13\">sp.<\/td>\n<td align=\"left\" valign=\"middle\" width=\"110\" height=\"13\"><\/td>\n<td align=\"left\" valign=\"middle\" width=\"149\" height=\"13\">Continental<\/td>\n<td align=\"left\" valign=\"middle\" width=\"149\" height=\"13\"><a href=\"#schmidt01\">Schmidt\u00a0&amp;\u00a0Brandt,\u00a02001<\/a><\/td>\n<\/tr>\n<tr>\n<td align=\"left\" valign=\"middle\" width=\"94\" height=\"13\"><i>incertae\u00a0sedis<\/i><\/td>\n<td align=\"left\" valign=\"middle\" width=\"92\" height=\"13\"><i>Dimorphognathia<\/i><\/td>\n<td align=\"left\" valign=\"middle\" width=\"93\" height=\"13\"><i>heroae<\/i><\/td>\n<td align=\"left\" valign=\"middle\" width=\"110\" height=\"13\">Sieg\u00a01986<\/td>\n<td align=\"left\" valign=\"middle\" width=\"149\" height=\"13\">Continental<\/td>\n<td align=\"left\" valign=\"middle\" width=\"149\" height=\"13\"><a href=\"#schmidt01\">Schmidt\u00a0&amp;\u00a0Brandt,\u00a02001<\/a><\/td>\n<\/tr>\n<tr>\n<td align=\"left\" valign=\"middle\" width=\"94\" height=\"13\">Leptocheliidae<\/td>\n<td align=\"left\" valign=\"middle\" width=\"92\" height=\"13\"><i>Heterotanoides<\/i><\/td>\n<td align=\"left\" valign=\"middle\" width=\"93\" height=\"13\"><i>meridionalis<\/i><\/td>\n<td align=\"left\" valign=\"middle\" width=\"110\" height=\"13\">Sieg\u00a01986<\/td>\n<td align=\"left\" valign=\"middle\" width=\"149\" height=\"13\">Continental<\/td>\n<td align=\"left\" valign=\"middle\" width=\"149\" height=\"13\"><a href=\"#schmidt01\">Schmidt\u00a0&amp;\u00a0Brandt,\u00a02001<\/a><\/td>\n<\/tr>\n<tr>\n<td align=\"left\" valign=\"middle\" width=\"94\" height=\"13\">Leptocheliidae<\/td>\n<td align=\"left\" valign=\"middle\" width=\"92\" height=\"13\"><i>Pseudonototanais<\/i><\/td>\n<td align=\"left\" valign=\"middle\" width=\"93\" height=\"13\"><i>werthi<\/i><\/td>\n<td align=\"left\" valign=\"middle\" width=\"110\" height=\"13\">(Vanh\u00f6ffen,\u00a01914)<\/td>\n<td align=\"left\" valign=\"middle\" width=\"149\" height=\"13\">Continental<\/td>\n<td align=\"left\" valign=\"middle\" width=\"149\" height=\"13\"><a href=\"#schmidt01\">Schmidt\u00a0&amp;\u00a0Brandt,\u00a02001<\/a><\/td>\n<\/tr>\n<tr>\n<td align=\"left\" valign=\"middle\" width=\"94\" height=\"13\">Leptognathiidae<\/td>\n<td align=\"left\" valign=\"middle\" width=\"92\" height=\"13\"><i>Leptognathia<\/i><\/td>\n<td align=\"left\" valign=\"middle\" width=\"93\" height=\"13\"><i>breviremis<\/i><\/td>\n<td align=\"left\" valign=\"middle\" width=\"110\" height=\"13\">(Lilljeborg\u00a01864)<\/td>\n<td align=\"left\" valign=\"middle\" width=\"149\" height=\"13\">Deep-sea<\/td>\n<td align=\"left\" valign=\"middle\" width=\"149\" height=\"13\"><a href=\"#kudinova90\">Kudinova-Pasternak,\u00a01990<\/a><\/td>\n<\/tr>\n<tr>\n<td align=\"left\" valign=\"middle\" width=\"94\" height=\"13\">Nototanaidae<\/td>\n<td align=\"left\" valign=\"middle\" width=\"92\" height=\"13\"><i>Meromonakantha<\/i><\/td>\n<td align=\"left\" valign=\"middle\" width=\"93\" height=\"13\"><i>macrocephala<\/i><\/td>\n<td align=\"left\" valign=\"middle\" width=\"110\" height=\"13\">(Hansen\u00a01913)<\/td>\n<td align=\"left\" valign=\"middle\" width=\"149\" height=\"13\">Continental<\/td>\n<td align=\"left\" valign=\"middle\" width=\"149\" height=\"13\"><a href=\"#schmidt01\">Schmidt\u00a0&amp;\u00a0Brandt,\u00a02001<\/a><\/td>\n<\/tr>\n<tr>\n<td align=\"left\" valign=\"middle\" width=\"94\" height=\"13\">Nototanaidae<\/td>\n<td align=\"left\" valign=\"middle\" width=\"92\" height=\"13\"><i>Nototanais<\/i><\/td>\n<td align=\"left\" valign=\"middle\" width=\"93\" height=\"13\"><i>dimorphus<\/i><\/td>\n<td align=\"left\" valign=\"middle\" width=\"110\" height=\"13\">(Beddard\u00a01886)<\/td>\n<td align=\"left\" valign=\"middle\" width=\"149\" height=\"13\">Continental<\/td>\n<td align=\"left\" valign=\"middle\" width=\"149\" height=\"13\"><a href=\"#schmidt01\">Schmidt\u00a0&amp;\u00a0Brandt,\u00a02001<\/a><\/td>\n<\/tr>\n<tr>\n<td align=\"left\" valign=\"middle\" width=\"94\" height=\"13\">Nototanaidae<\/td>\n<td align=\"left\" valign=\"middle\" width=\"92\" height=\"13\"><i>Typhlotanais<\/i><\/td>\n<td align=\"left\" valign=\"middle\" width=\"93\" height=\"13\"><i>spinicauda<\/i><\/td>\n<td align=\"left\" valign=\"middle\" width=\"110\" height=\"13\">Hansen\u00a01913<\/td>\n<td align=\"left\" valign=\"middle\" width=\"149\" height=\"13\">Deep-sea<\/td>\n<td align=\"left\" valign=\"middle\" width=\"149\" height=\"13\"><a href=\"#kudinova90\">Kudinova-Pasternak,\u00a01990<\/a><\/td>\n<\/tr>\n<tr>\n<td align=\"left\" valign=\"middle\" width=\"94\" height=\"13\">Nototanaidae<\/td>\n<td align=\"left\" valign=\"middle\" width=\"92\" height=\"13\"><i>Peraeospinosus<\/i><\/td>\n<td align=\"left\" valign=\"middle\" width=\"93\" height=\"13\"><i>adipatus<\/i><\/td>\n<td align=\"left\" valign=\"middle\" width=\"110\" height=\"13\">(Tzareva\u00a01982)<\/td>\n<td align=\"left\" valign=\"middle\" width=\"149\" height=\"13\">Continental<\/td>\n<td align=\"left\" valign=\"middle\" width=\"149\" height=\"13\"><a href=\"#schmidt01\">Schmidt\u00a0&amp;\u00a0Brandt,\u00a02001<\/a><\/td>\n<\/tr>\n<tr>\n<td align=\"left\" valign=\"middle\" width=\"94\" height=\"13\">Nototanaidae<\/td>\n<td align=\"left\" valign=\"middle\" width=\"92\" height=\"13\"><i>Nototanais<\/i><\/td>\n<td align=\"left\" valign=\"middle\" width=\"93\" height=\"13\"><i>antarcticus<\/i><\/td>\n<td align=\"left\" valign=\"middle\" width=\"110\" height=\"13\">(Hodgson\u00a01902)<\/td>\n<td align=\"left\" valign=\"middle\" width=\"149\" height=\"13\">Continental<\/td>\n<td align=\"left\" valign=\"middle\" width=\"149\" height=\"13\"><a href=\"#sieg84\">Sieg,\u00a01984<\/a><\/td>\n<\/tr>\n<tr>\n<td align=\"left\" valign=\"middle\" width=\"94\" height=\"13\">Nototanaidae<\/td>\n<td align=\"left\" valign=\"middle\" width=\"92\" height=\"13\"><i>Typhlotanais<\/i><\/td>\n<td align=\"left\" valign=\"middle\" width=\"93\" height=\"13\"><i>greenwichensis<\/i><\/td>\n<td align=\"left\" valign=\"middle\" width=\"110\" height=\"13\">Shiino\u00a01970<\/td>\n<td align=\"left\" valign=\"middle\" width=\"149\" height=\"13\">Continental<\/td>\n<td align=\"left\" valign=\"middle\" width=\"149\" height=\"13\"><a href=\"#schmidt01\">Schmidt\u00a0&amp;\u00a0Brandt,\u00a02001<\/a>,<\/td>\n<\/tr>\n<tr>\n<td align=\"left\" valign=\"middle\" width=\"94\" height=\"13\">Paratanaidae<\/td>\n<td align=\"left\" valign=\"middle\" width=\"92\" height=\"13\"><i>Paratanais<\/i><\/td>\n<td align=\"left\" valign=\"middle\" width=\"93\" height=\"13\"><i>oculatus<\/i><\/td>\n<td align=\"left\" valign=\"middle\" width=\"110\" height=\"13\">(Vanh\u00f6ffen\u00a01914)<\/td>\n<td align=\"left\" valign=\"middle\" width=\"149\" height=\"13\">Continental<\/td>\n<td align=\"left\" valign=\"middle\" width=\"149\" height=\"13\"><a href=\"#schmidt01\">Schmidt\u00a0&amp;\u00a0Brandt,\u00a02001<\/a><\/td>\n<\/tr>\n<tr>\n<td align=\"left\" valign=\"middle\" width=\"94\" height=\"13\">Paratanaidae<\/td>\n<td align=\"left\" valign=\"middle\" width=\"92\" height=\"13\"><i>Pseudobathytanais<\/i><\/td>\n<td align=\"left\" valign=\"middle\" width=\"93\" height=\"13\"><i>shtokmani<\/i><\/td>\n<td align=\"left\" valign=\"middle\" width=\"110\" height=\"13\">Kudinova-Pasternak\u00a01990<\/td>\n<td align=\"left\" valign=\"middle\" width=\"149\" height=\"13\">Deep-sea<\/td>\n<td align=\"left\" valign=\"middle\" width=\"149\" height=\"13\"><a href=\"#kudinova90\">Kudinova-Pasternak,\u00a01990<\/a><\/td>\n<\/tr>\n<tr>\n<td align=\"left\" valign=\"middle\" width=\"94\" height=\"13\">Pseudotanaidae<\/td>\n<td align=\"left\" valign=\"middle\" width=\"92\" height=\"13\"><i>Pseudotanais<\/i><\/td>\n<td align=\"left\" valign=\"middle\" width=\"93\" height=\"13\">sp.<\/td>\n<td align=\"left\" valign=\"middle\" width=\"110\" height=\"13\"><\/td>\n<td align=\"left\" valign=\"middle\" width=\"149\" height=\"13\">Continental<\/td>\n<td align=\"left\" valign=\"middle\" width=\"149\" height=\"13\"><a href=\"#schmidt01\">Schmidt\u00a0&amp;\u00a0Brandt,\u00a02001<\/a><\/td>\n<\/tr>\n<tr>\n<td align=\"left\" valign=\"middle\" width=\"94\" height=\"13\">Tanaellidae<\/td>\n<td align=\"left\" valign=\"middle\" width=\"92\" height=\"13\"><i>Araphura\u00a0sp.<\/i><\/td>\n<td align=\"left\" valign=\"middle\" width=\"93\" height=\"13\">sp.<\/td>\n<td align=\"left\" valign=\"middle\" width=\"110\" height=\"13\"><\/td>\n<td align=\"left\" valign=\"middle\" width=\"149\" height=\"13\">Continental<\/td>\n<td align=\"left\" valign=\"middle\" width=\"149\" height=\"13\"><a href=\"#schmidt01\">Schmidt\u00a0&amp;\u00a0Brandt,\u00a02001<\/a><\/td>\n<\/tr>\n<tr>\n<td align=\"left\" valign=\"middle\" width=\"94\" height=\"13\">Tanaellidae<\/td>\n<td align=\"left\" valign=\"middle\" width=\"92\" height=\"13\"><i>Tanaella<\/i><\/td>\n<td align=\"left\" valign=\"middle\" width=\"93\" height=\"13\"><i>unisetosa<\/i><\/td>\n<td align=\"left\" valign=\"middle\" width=\"110\" height=\"13\">Sieg\u00a01986<\/td>\n<td align=\"left\" valign=\"middle\" width=\"149\" height=\"13\">Continental<\/td>\n<td align=\"left\" valign=\"middle\" width=\"149\" height=\"13\"><a href=\"#schmidt01\">Schmidt\u00a0&amp;\u00a0Brandt,\u00a02001<\/a><\/td>\n<\/tr>\n<tr>\n<td align=\"left\" valign=\"middle\" width=\"94\" height=\"13\">Tanaidae<\/td>\n<td align=\"left\" valign=\"middle\" width=\"92\" height=\"13\"><i>Anatanais<\/i><\/td>\n<td align=\"left\" valign=\"middle\" width=\"93\" height=\"13\"><i>lineatus<\/i><\/td>\n<td align=\"left\" valign=\"middle\" width=\"110\" height=\"13\">(Nordenstam\u00a01930)<\/td>\n<td align=\"left\" valign=\"middle\" width=\"149\" height=\"13\">Pacific\u00a0Islands<\/td>\n<td align=\"left\" valign=\"middle\" width=\"149\" height=\"13\"><a href=\"#rozbaczylo87\">Rozbaczylo\u00a0&amp;\u00a0Castilla,\u00a01987<\/a><\/td>\n<\/tr>\n<tr>\n<td align=\"left\" valign=\"middle\" width=\"94\" height=\"13\">Tanaidae<\/td>\n<td align=\"left\" valign=\"middle\" width=\"92\" height=\"13\"><i>Zeuxo<\/i><\/td>\n<td align=\"left\" valign=\"middle\" width=\"93\" height=\"13\"><i>marmoratus<\/i><\/td>\n<td align=\"left\" valign=\"middle\" width=\"110\" height=\"13\">(Nordenstam\u00a01930)<\/td>\n<td align=\"left\" valign=\"middle\" width=\"149\" height=\"13\">Continental<\/td>\n<td align=\"left\" valign=\"middle\" width=\"149\" height=\"13\"><a href=\"#rozbaczylo87\">Rozbaczylo\u00a0&amp;\u00a0Castilla,\u00a01987<\/a><\/td>\n<\/tr>\n<tr>\n<td align=\"left\" valign=\"middle\" width=\"94\" height=\"13\">Tanaidae<\/td>\n<td align=\"left\" valign=\"middle\" width=\"92\" height=\"13\"><i>Allotanais<\/i><\/td>\n<td align=\"left\" valign=\"middle\" width=\"93\" height=\"13\"><i>hirsutus<\/i><\/td>\n<td align=\"left\" valign=\"middle\" width=\"110\" height=\"13\">(Beddard\u00a01886)<\/td>\n<td align=\"left\" valign=\"middle\" width=\"149\" height=\"13\">Continental<\/td>\n<td align=\"left\" valign=\"middle\" width=\"149\" height=\"13\"><a href=\"#schmidt01\">Schmidt\u00a0&amp;\u00a0Brandt,\u00a02001<\/a><\/td>\n<\/tr>\n<\/tbody>\n<\/table>\n<p>&nbsp;<\/p>\n<h2 style=\"text-align: left;\" align=\"center\"><strong>References<\/strong><\/h2>\n<p><a name=\"kudinova90\"><\/a><\/p>\n<div align=\"justify\">Kudinova-Pasternak, R.K. (1990) Tanaidacea (Crustacea, Malacostraca) from the Pacific Ocean Nasca Ridge. <em>Zoologiekeshiy zhurnal<\/em>, <strong>69<\/strong>:135-140.<\/div>\n<p><a name=\"rozbaczylo87\"><\/a><\/p>\n<div align=\"justify\">Rozbaczylo, N. Castilla, J.C. (1987) Marine invertebrates from Juan Fern\u00e1ndez Archipelago. In: Castilla, J.C. (ed) Islas oce\u00e1nicas chilenas: conocimiento cient\u00edfico y necesidades de investigaciones. 167-190. Ediciones Universidad Cat\u00f3lica de Chile, Santiago, Chile.<\/div>\n<p><a name=\"schmidt01\"><\/a><\/p>\n<div align=\"justify\">Schmidt, A. &amp; Brandt, A. (2001) The tanaidacean fauna of the Beagle Channel (southern Chile) and its relationship to the fauna of the Antarctic continental shelf. <em>Antarctic Science<\/em>, <strong>13<\/strong>:420-429.<\/div>\n<p><a name=\"sieg84\"><\/a><\/p>\n<div align=\"justify\">Seig, J. (1984) Tanaidacea of the United States Navy&#8217;s 1947-1948 Antarctic Expedition (Crustacea).<em> Journal of Crustacean Biology<\/em>, <strong>4<\/strong>:298-306.<\/div>\n","protected":false},"excerpt":{"rendered":"<p>Family Genus Species Authority Distribution References Apseudidae Apseudes diversus Lang\u00a01968 Deep-sea Kudinova-Pasternak,\u00a01990 Apseudidae Apseudes heroae Sieg\u00a01986 Continental Schmidt\u00a0&amp;\u00a0Brandt,\u00a02001 Apseudidae Apseudes fagetti B\u00e1ez\u00a0&amp;\u00a0Magnere\u00a01980 Pacific\u00a0Islands Rozbaczylo\u00a0&amp;\u00a0Castilla,\u00a01987 Metapseudidae Synapseudes idios Gardiner\u00a01973 Continental Schmidt\u00a0&amp;\u00a0Brandt,\u00a02001 Anarthruridae Parafilitanais similis Kudinova-Pasternak\u00a01990 Deep-sea Kudinova-Pasternak,\u00a01990 Anarthruridae Siphonolabrum fastigatum Sieg\u00a01986 Continental Schmidt\u00a0&amp;\u00a0Brandt,\u00a02001 Colletteidae Mirandotanais vorax Kussakin\u00a0&amp;\u00a0Tzareva\u00a01974 Continental Schmidt\u00a0&amp;\u00a0Brandt,\u00a02001 Colletteidae Libanius monacanthus (Vanh\u00f6ffen\u00a01914) Continental Schmidt\u00a0&amp;\u00a0Brandt,\u00a02001 Colletteidae [&hellip;]<\/p>\n","protected":false},"author":1,"featured_media":0,"parent":789,"menu_order":0,"comment_status":"closed","ping_status":"closed","template":"","meta":{"footnotes":""},"class_list":["post-839","page","type-page","status-publish","czr-hentry"],"_links":{"self":[{"href":"https:\/\/meiochile.matthewlee.org\/index.php?rest_route=\/wp\/v2\/pages\/839","targetHints":{"allow":["GET"]}}],"collection":[{"href":"https:\/\/meiochile.matthewlee.org\/index.php?rest_route=\/wp\/v2\/pages"}],"about":[{"href":"https:\/\/meiochile.matthewlee.org\/index.php?rest_route=\/wp\/v2\/types\/page"}],"author":[{"embeddable":true,"href":"https:\/\/meiochile.matthewlee.org\/index.php?rest_route=\/wp\/v2\/users\/1"}],"replies":[{"embeddable":true,"href":"https:\/\/meiochile.matthewlee.org\/index.php?rest_route=%2Fwp%2Fv2%2Fcomments&post=839"}],"version-history":[{"count":2,"href":"https:\/\/meiochile.matthewlee.org\/index.php?rest_route=\/wp\/v2\/pages\/839\/revisions"}],"predecessor-version":[{"id":866,"href":"https:\/\/meiochile.matthewlee.org\/index.php?rest_route=\/wp\/v2\/pages\/839\/revisions\/866"}],"up":[{"embeddable":true,"href":"https:\/\/meiochile.matthewlee.org\/index.php?rest_route=\/wp\/v2\/pages\/789"}],"wp:attachment":[{"href":"https:\/\/meiochile.matthewlee.org\/index.php?rest_route=%2Fwp%2Fv2%2Fmedia&parent=839"}],"curies":[{"name":"wp","href":"https:\/\/api.w.org\/{rel}","templated":true}]}}