{"id":860,"date":"2016-09-03T22:30:45","date_gmt":"2016-09-03T22:30:45","guid":{"rendered":"http:\/\/meiochile.matthewlee.org\/?page_id=860"},"modified":"2016-09-03T22:30:45","modified_gmt":"2016-09-03T22:30:45","slug":"pedunculata","status":"publish","type":"page","link":"https:\/\/meiochile.matthewlee.org\/?page_id=860","title":{"rendered":"Pedunculata"},"content":{"rendered":"<table cellspacing=\"20\" align=\"center\">\n<tbody>\n<tr>\n<td align=\"center\" valign=\"middle\" width=\"92\" height=\"13\"><b>Family<\/b><\/td>\n<td align=\"center\" valign=\"middle\" width=\"101\" height=\"13\"><b>Genus<\/b><\/td>\n<td align=\"center\" valign=\"middle\" width=\"99\" height=\"13\"><b>Species<\/b><\/td>\n<td align=\"center\" valign=\"middle\" width=\"126\" height=\"13\"><b>Authority<\/b><\/td>\n<td align=\"center\" valign=\"middle\" width=\"82\" height=\"13\"><b>Distribution<\/b><\/td>\n<td align=\"center\" valign=\"middle\" width=\"131\" height=\"13\"><b>References<\/b><\/td>\n<\/tr>\n<tr>\n<td align=\"left\" valign=\"middle\" width=\"92\" height=\"13\">Heteralepadidae<\/td>\n<td align=\"left\" valign=\"middle\" width=\"101\" height=\"13\"><i>Heteralepas<\/i><\/td>\n<td align=\"left\" valign=\"middle\" width=\"99\" height=\"13\"><i>cornuta<\/i><\/td>\n<td align=\"left\" valign=\"middle\" width=\"126\" height=\"13\">(Darwin\u00a01851)<\/td>\n<td align=\"left\" valign=\"middle\" width=\"82\" height=\"13\">Continental<\/td>\n<td align=\"left\" valign=\"middle\" width=\"131\" height=\"13\"><a href=\"#nillson57\">Nillson-Cantell,\u00a01957<\/a><\/td>\n<\/tr>\n<tr>\n<td align=\"left\" valign=\"middle\" width=\"92\" height=\"13\">Heteralepadidae<\/td>\n<td align=\"left\" valign=\"middle\" width=\"101\" height=\"13\"><i>Heteralepas<\/i><\/td>\n<td align=\"left\" valign=\"middle\" width=\"99\" height=\"13\"><i>mysthacophora<\/i><\/td>\n<td align=\"left\" valign=\"middle\" width=\"126\" height=\"13\">Parin et al. 1997<\/td>\n<td align=\"left\" valign=\"middle\" width=\"82\" height=\"13\">Deep-sea<\/td>\n<td align=\"left\" valign=\"middle\" width=\"131\" height=\"13\"><a href=\"#parin97\">Parin et al.,\u00a01997<\/a><\/td>\n<\/tr>\n<tr>\n<td align=\"left\" valign=\"middle\" width=\"92\" height=\"13\">Heteralepadidae<\/td>\n<td align=\"left\" valign=\"middle\" width=\"101\" height=\"13\"><i>Paralepas<\/i><\/td>\n<td align=\"left\" valign=\"middle\" width=\"99\" height=\"13\"><i>ichtiandri<\/i><\/td>\n<td align=\"left\" valign=\"middle\" width=\"126\" height=\"13\">Parin et al. 1997<\/td>\n<td align=\"left\" valign=\"middle\" width=\"82\" height=\"13\">Deep-sea<\/td>\n<td align=\"left\" valign=\"middle\" width=\"131\" height=\"13\"><a href=\"#parin97\">Parin et al.,\u00a01997<\/a><\/td>\n<\/tr>\n<tr>\n<td align=\"left\" valign=\"middle\" width=\"92\" height=\"13\">Heteralepadidae<\/td>\n<td align=\"left\" valign=\"middle\" width=\"101\" height=\"13\"><i>Paralepas<\/i><\/td>\n<td align=\"left\" valign=\"middle\" width=\"99\" height=\"13\"><i>nascai<\/i><\/td>\n<td align=\"left\" valign=\"middle\" width=\"126\" height=\"13\">Parin et al. 1997<\/td>\n<td align=\"left\" valign=\"middle\" width=\"82\" height=\"13\">Deep-sea<\/td>\n<td align=\"left\" valign=\"middle\" width=\"131\" height=\"13\"><a href=\"#parin97\">Parin et al.,\u00a01997<\/a><\/td>\n<\/tr>\n<tr>\n<td align=\"left\" valign=\"middle\" width=\"92\" height=\"13\">Poecilasmatidae<\/td>\n<td align=\"left\" valign=\"middle\" width=\"101\" height=\"13\"><i>Megalasma<\/i><\/td>\n<td align=\"left\" valign=\"middle\" width=\"99\" height=\"13\"><i>caudata<\/i><\/td>\n<td align=\"left\" valign=\"middle\" width=\"126\" height=\"13\">Parin et al. 1997<\/td>\n<td align=\"left\" valign=\"middle\" width=\"82\" height=\"13\">Deep-sea<\/td>\n<td align=\"left\" valign=\"middle\" width=\"131\" height=\"13\"><a href=\"#parin97\">Parin et al.,\u00a01997<\/a><\/td>\n<\/tr>\n<tr>\n<td align=\"left\" valign=\"middle\" width=\"92\" height=\"13\">Poecilasmatidae<\/td>\n<td align=\"left\" valign=\"middle\" width=\"101\" height=\"13\"><i>Megalasma<\/i><\/td>\n<td align=\"left\" valign=\"middle\" width=\"99\" height=\"13\"><i>elegans<\/i><\/td>\n<td align=\"left\" valign=\"middle\" width=\"126\" height=\"13\">Parin et al. 1997<\/td>\n<td align=\"left\" valign=\"middle\" width=\"82\" height=\"13\">Deep-sea<\/td>\n<td align=\"left\" valign=\"middle\" width=\"131\" height=\"13\"><a href=\"#parin97\">Parin et al.,\u00a01997<\/a><\/td>\n<\/tr>\n<tr>\n<td align=\"left\" valign=\"middle\" width=\"92\" height=\"13\">Poecilasmatidae<\/td>\n<td align=\"left\" valign=\"middle\" width=\"101\" height=\"13\"><i>Poecilasma<\/i><\/td>\n<td align=\"left\" valign=\"middle\" width=\"99\" height=\"13\"><i>crassa<\/i><\/td>\n<td align=\"left\" valign=\"middle\" width=\"126\" height=\"13\">(Gray 1848)<\/td>\n<td align=\"left\" valign=\"middle\" width=\"82\" height=\"13\">Deep-sea<\/td>\n<td align=\"left\" valign=\"middle\" width=\"131\" height=\"13\"><a href=\"#parin97\">Parin et al.,\u00a01997<\/a><\/td>\n<\/tr>\n<tr>\n<td align=\"left\" valign=\"middle\" width=\"92\" height=\"13\">Poecilasmatidae<\/td>\n<td align=\"left\" valign=\"middle\" width=\"101\" height=\"13\"><i>Poecilasma<\/i><\/td>\n<td align=\"left\" valign=\"middle\" width=\"99\" height=\"13\"><i>kaempferi<\/i><\/td>\n<td align=\"left\" valign=\"middle\" width=\"126\" height=\"13\">Darwin 1852<\/td>\n<td align=\"left\" valign=\"middle\" width=\"82\" height=\"13\">Deep-sea<\/td>\n<td align=\"left\" valign=\"middle\" width=\"131\" height=\"13\"><a href=\"#parin97\">Parin et al.,\u00a01997<\/a><\/td>\n<\/tr>\n<tr>\n<td align=\"left\" valign=\"middle\" width=\"92\" height=\"13\">Scalpellidae<\/td>\n<td align=\"left\" valign=\"middle\" width=\"101\" height=\"13\"><i>Australscalpellum<\/i><\/td>\n<td align=\"left\" valign=\"middle\" width=\"99\" height=\"13\"><i>schizmatoplacinum<\/i><\/td>\n<td align=\"left\" valign=\"middle\" width=\"126\" height=\"13\">Newman\u00a0&amp;\u00a0Ross\u00a01971<\/td>\n<td align=\"left\" valign=\"middle\" width=\"82\" height=\"13\">Continental<\/td>\n<td align=\"left\" valign=\"middle\" width=\"131\" height=\"13\"><a href=\"#lovell03\">Lovell\u00a0&amp;\u00a0Trego,\u00a02003<\/a><\/td>\n<\/tr>\n<tr>\n<td align=\"left\" valign=\"middle\" width=\"92\" height=\"13\">Scalpellidae<\/td>\n<td align=\"left\" valign=\"middle\" width=\"101\" height=\"13\"><i>Litoscalpellum<\/i><\/td>\n<td align=\"left\" valign=\"middle\" width=\"99\" height=\"13\"><i>piliferum<\/i><\/td>\n<td align=\"left\" valign=\"middle\" width=\"126\" height=\"13\">Parin et al. 1997<\/td>\n<td align=\"left\" valign=\"middle\" width=\"82\" height=\"13\">Deep-sea<\/td>\n<td align=\"left\" valign=\"middle\" width=\"131\" height=\"13\"><a href=\"#parin97\">Parin et al.,\u00a01997<\/a><\/td>\n<\/tr>\n<tr>\n<td align=\"left\" valign=\"middle\" width=\"92\" height=\"13\">Scalpellidae<\/td>\n<td align=\"left\" valign=\"middle\" width=\"101\" height=\"13\"><i>Scalpellum<\/i><\/td>\n<td align=\"left\" valign=\"middle\" width=\"99\" height=\"13\"><i>gibberum<\/i><\/td>\n<td align=\"left\" valign=\"middle\" width=\"126\" height=\"13\">Aurivillius\u00a01892<\/td>\n<td align=\"left\" valign=\"middle\" width=\"82\" height=\"13\">Continental<\/td>\n<td align=\"left\" valign=\"middle\" width=\"131\" height=\"13\"><a href=\"#nillson57\">Nillson-Cantell,\u00a01957<\/a><\/td>\n<\/tr>\n<tr>\n<td align=\"left\" valign=\"middle\" width=\"92\" height=\"13\">Scalpellidae<\/td>\n<td align=\"left\" valign=\"middle\" width=\"101\" height=\"13\"><i>Scalpellum<\/i><\/td>\n<td align=\"left\" valign=\"middle\" width=\"99\" height=\"13\"><i>gruvelianum<\/i><\/td>\n<td align=\"left\" valign=\"middle\" width=\"126\" height=\"13\">Pilsbry\u00a01907<\/td>\n<td align=\"left\" valign=\"middle\" width=\"82\" height=\"13\">Continental<\/td>\n<td align=\"left\" valign=\"middle\" width=\"131\" height=\"13\"><a href=\"#nillson57\">Nillson-Cantell,\u00a01957<\/a><\/td>\n<\/tr>\n<tr>\n<td align=\"left\" valign=\"middle\" width=\"92\" height=\"13\">Scalpellidae<\/td>\n<td align=\"left\" valign=\"middle\" width=\"101\" height=\"13\"><i>Scalpellum<\/i><\/td>\n<td align=\"left\" valign=\"middle\" width=\"99\" height=\"13\"><i>soror<\/i><\/td>\n<td align=\"left\" valign=\"middle\" width=\"126\" height=\"13\">Pilsbry\u00a01907<\/td>\n<td align=\"left\" valign=\"middle\" width=\"82\" height=\"13\">Continental<\/td>\n<td align=\"left\" valign=\"middle\" width=\"131\" height=\"13\"><a href=\"#nillson57\">Nillson-Cantell,\u00a01957<\/a><\/td>\n<\/tr>\n<tr>\n<td align=\"left\" valign=\"middle\" width=\"92\" height=\"13\">Scalpellidae<\/td>\n<td align=\"left\" valign=\"middle\" width=\"101\" height=\"13\"><i>Trianguloscalpellum<\/i><\/td>\n<td align=\"left\" valign=\"middle\" width=\"99\" height=\"13\"><i>darwini<\/i><\/td>\n<td align=\"left\" valign=\"middle\" width=\"126\" height=\"13\">(Hoek\u00a01883)<\/td>\n<td align=\"left\" valign=\"middle\" width=\"82\" height=\"13\">Pacific\u00a0Islands<\/td>\n<td align=\"left\" valign=\"middle\" width=\"131\" height=\"13\"><a href=\"#rozbaczylo87\">Rozbaczylo\u00a0&amp;\u00a0Castilla,\u00a01987<\/a><\/td>\n<\/tr>\n<\/tbody>\n<\/table>\n<p>&nbsp;<\/p>\n<h2 style=\"text-align: left;\" align=\"center\"><strong>References<\/strong><\/h2>\n<p><a name=\"parin97\"><\/a><\/p>\n<div align=\"justify\">Parin, N.V., Mironov, A.N. &amp; Nesis, K.N. (1997) Biology of the Nazca and Sala y Gomez Submarine Ridges, an Outpost of the Indo-West Pacific Fauna in the Eastern Pacific Ocean: Composition and Distribution of the Fauna, Its Communities and History. <em>Advances in Marine Biology<\/em>, <strong>32<\/strong>:145-242.<\/div>\n<p><a name=\"lovell03\"><\/a><\/p>\n<div align=\"justify\">Lovell, L.L. &amp; Trego, K.D. (2003) The epibenthic megafaunal and benthic infaunal invertebrates of Port Foster, Deception Island (South Shetland Islands, Antarctica).<em> Deep-sea Research II<\/em>, <strong>50<\/strong>:1799-1819.<\/div>\n<p><a name=\"nillson57\"><\/a><\/p>\n<div align=\"justify\">Nillson-Cantell, C. (1957) Thoracica cirripeds from Chile. Report N\u00b0 31 of the Lund University. Expedition1948-49. Lunds Univ. Arssk. N.F. 53: 1-25.<\/div>\n<p><a name=\"rozbaczylo87\"><\/a><\/p>\n<div align=\"justify\">Rozbaczylo, N. &amp; Castilla, J.C. (1987) Marine invertebrates from Juan Fern\u00e1ndez Archipelago. In: Castilla, J.C. (ed) Islas oce\u00e1nicas chilenas: conocimiento cient\u00edfico y necesidades de investigaciones. 167-190. Ediciones Universidad Cat\u00f3lica de Chile, Santiago, Chile.<\/div>\n","protected":false},"excerpt":{"rendered":"<p>Family Genus Species Authority Distribution References Heteralepadidae Heteralepas cornuta (Darwin\u00a01851) Continental Nillson-Cantell,\u00a01957 Heteralepadidae Heteralepas mysthacophora Parin et al. 1997 Deep-sea Parin et al.,\u00a01997 Heteralepadidae Paralepas ichtiandri Parin et al. 1997 Deep-sea Parin et al.,\u00a01997 Heteralepadidae Paralepas nascai Parin et al. 1997 Deep-sea Parin et al.,\u00a01997 Poecilasmatidae Megalasma caudata Parin et al. 1997 Deep-sea Parin et [&hellip;]<\/p>\n","protected":false},"author":1,"featured_media":0,"parent":858,"menu_order":0,"comment_status":"closed","ping_status":"closed","template":"","meta":{"footnotes":""},"class_list":["post-860","page","type-page","status-publish","czr-hentry"],"_links":{"self":[{"href":"https:\/\/meiochile.matthewlee.org\/index.php?rest_route=\/wp\/v2\/pages\/860","targetHints":{"allow":["GET"]}}],"collection":[{"href":"https:\/\/meiochile.matthewlee.org\/index.php?rest_route=\/wp\/v2\/pages"}],"about":[{"href":"https:\/\/meiochile.matthewlee.org\/index.php?rest_route=\/wp\/v2\/types\/page"}],"author":[{"embeddable":true,"href":"https:\/\/meiochile.matthewlee.org\/index.php?rest_route=\/wp\/v2\/users\/1"}],"replies":[{"embeddable":true,"href":"https:\/\/meiochile.matthewlee.org\/index.php?rest_route=%2Fwp%2Fv2%2Fcomments&post=860"}],"version-history":[{"count":1,"href":"https:\/\/meiochile.matthewlee.org\/index.php?rest_route=\/wp\/v2\/pages\/860\/revisions"}],"predecessor-version":[{"id":861,"href":"https:\/\/meiochile.matthewlee.org\/index.php?rest_route=\/wp\/v2\/pages\/860\/revisions\/861"}],"up":[{"embeddable":true,"href":"https:\/\/meiochile.matthewlee.org\/index.php?rest_route=\/wp\/v2\/pages\/858"}],"wp:attachment":[{"href":"https:\/\/meiochile.matthewlee.org\/index.php?rest_route=%2Fwp%2Fv2%2Fmedia&parent=860"}],"curies":[{"name":"wp","href":"https:\/\/api.w.org\/{rel}","templated":true}]}}