{"id":91,"date":"2015-04-23T13:45:22","date_gmt":"2015-04-23T13:45:22","guid":{"rendered":"http:\/\/newsite.matthewlee.org\/?page_id=91"},"modified":"2021-02-18T18:20:16","modified_gmt":"2021-02-18T18:20:16","slug":"biodiversidad","status":"publish","type":"page","link":"https:\/\/meiochile.matthewlee.org\/?page_id=91","title":{"rendered":"Biodiversidad"},"content":{"rendered":"<p>En esta secci\u00f3n se incluir\u00e1 informaci\u00f3n general sobre todos los taxones de meiofauna y un museo virtual, con vales de v\u00eddeo y otra informaci\u00f3n sobre las especies meiofauna chilenos<\/p>\n<p><a href=\"http:\/\/meiochile.matthewlee.org\/?page_id=214\">Mystacocarida<\/a><\/p>\n<p>Nematoda<\/p>\n<p><a href=\"http:\/\/meiochile.matthewlee.org\/?page_id=2193\">Entoprocta<\/a><\/p>\n<p><a href=\"http:\/\/meiochile.matthewlee.org\/?page_id=945\">Lista de Fauna Marina Bent\u00f3nica de la vida-libre de Chile<\/a> (compilado en 2008)<\/p>\n","protected":false},"excerpt":{"rendered":"<p>En esta secci\u00f3n se incluir\u00e1 informaci\u00f3n general sobre todos los taxones de meiofauna y un museo virtual, con vales de v\u00eddeo y otra informaci\u00f3n sobre las especies meiofauna chilenos Mystacocarida Nematoda Entoprocta Lista de Fauna Marina Bent\u00f3nica de la vida-libre de Chile (compilado en 2008)<\/p>\n","protected":false},"author":1,"featured_media":0,"parent":0,"menu_order":0,"comment_status":"closed","ping_status":"closed","template":"","meta":{"footnotes":""},"class_list":["post-91","page","type-page","status-publish","czr-hentry"],"_links":{"self":[{"href":"https:\/\/meiochile.matthewlee.org\/index.php?rest_route=\/wp\/v2\/pages\/91","targetHints":{"allow":["GET"]}}],"collection":[{"href":"https:\/\/meiochile.matthewlee.org\/index.php?rest_route=\/wp\/v2\/pages"}],"about":[{"href":"https:\/\/meiochile.matthewlee.org\/index.php?rest_route=\/wp\/v2\/types\/page"}],"author":[{"embeddable":true,"href":"https:\/\/meiochile.matthewlee.org\/index.php?rest_route=\/wp\/v2\/users\/1"}],"replies":[{"embeddable":true,"href":"https:\/\/meiochile.matthewlee.org\/index.php?rest_route=%2Fwp%2Fv2%2Fcomments&post=91"}],"version-history":[{"count":4,"href":"https:\/\/meiochile.matthewlee.org\/index.php?rest_route=\/wp\/v2\/pages\/91\/revisions"}],"predecessor-version":[{"id":2196,"href":"https:\/\/meiochile.matthewlee.org\/index.php?rest_route=\/wp\/v2\/pages\/91\/revisions\/2196"}],"wp:attachment":[{"href":"https:\/\/meiochile.matthewlee.org\/index.php?rest_route=%2Fwp%2Fv2%2Fmedia&parent=91"}],"curies":[{"name":"wp","href":"https:\/\/api.w.org\/{rel}","templated":true}]}}