{"id":923,"date":"2016-09-04T13:55:22","date_gmt":"2016-09-04T13:55:22","guid":{"rendered":"http:\/\/meiochile.matthewlee.org\/?page_id=923"},"modified":"2016-09-04T13:55:22","modified_gmt":"2016-09-04T13:55:22","slug":"ophiuroidea","status":"publish","type":"page","link":"https:\/\/meiochile.matthewlee.org\/?page_id=923","title":{"rendered":"Ophiuroidea"},"content":{"rendered":"<div id=\"content\">\n<table cellspacing=\"20\" align=\"center\">\n<tbody>\n<tr>\n<td align=\"center\" valign=\"middle\" width=\"89\" height=\"13\"><b>Family<\/b><\/td>\n<td align=\"center\" valign=\"middle\" width=\"86\" height=\"13\"><b>Genus<\/b><\/td>\n<td align=\"center\" valign=\"middle\" width=\"65\" height=\"13\"><b>Species<\/b><\/td>\n<td align=\"center\" valign=\"middle\" width=\"129\" height=\"13\"><b>Authority<\/b><\/td>\n<td align=\"center\" valign=\"middle\" width=\"83\" height=\"13\"><b>Distribution<\/b><\/td>\n<td align=\"center\" valign=\"middle\" width=\"147\" height=\"13\"><b>References<\/b><\/td>\n<\/tr>\n<tr>\n<td align=\"left\" valign=\"middle\" width=\"89\" height=\"13\">Amphiuridae<\/td>\n<td align=\"left\" valign=\"middle\" width=\"86\" height=\"13\"><i>Amphioplus<\/i><\/td>\n<td align=\"left\" valign=\"middle\" width=\"65\" height=\"13\"><i>magellanica<\/i><\/td>\n<td align=\"left\" valign=\"middle\" width=\"129\" height=\"13\">(Mortensen\u00a01936)<\/td>\n<td align=\"left\" valign=\"middle\" width=\"83\" height=\"13\">Continental<\/td>\n<td align=\"left\" valign=\"middle\" width=\"147\" height=\"13\"><a href=\"#castillo68\">Castillo-Alarc\u00f3n,\u00a01968<\/a><\/td>\n<\/tr>\n<tr>\n<td align=\"left\" valign=\"middle\" width=\"89\" height=\"13\">Amphiuridae<\/td>\n<td align=\"left\" valign=\"middle\" width=\"86\" height=\"13\"><i>Amphioplus<\/i><\/td>\n<td align=\"left\" valign=\"middle\" width=\"65\" height=\"13\"><i>textilis<\/i><\/td>\n<td align=\"left\" valign=\"middle\" width=\"129\" height=\"13\">(K\u00f6ehler\u00a01907)<\/td>\n<td align=\"left\" valign=\"middle\" width=\"83\" height=\"13\">Continental<\/td>\n<td align=\"left\" valign=\"middle\" width=\"147\" height=\"13\"><a href=\"#castillo68\">Castillo-Alarc\u00f3n,\u00a01968<\/a><\/td>\n<\/tr>\n<tr>\n<td align=\"left\" valign=\"middle\" width=\"89\" height=\"13\">Amphiuridae<\/td>\n<td align=\"left\" valign=\"middle\" width=\"86\" height=\"13\"><i>Amphipholis<\/i><\/td>\n<td align=\"left\" valign=\"middle\" width=\"65\" height=\"13\"><i>laevidisca<\/i><\/td>\n<td align=\"left\" valign=\"middle\" width=\"129\" height=\"13\">Clark\u00a01909<\/td>\n<td align=\"left\" valign=\"middle\" width=\"83\" height=\"13\">Continental<\/td>\n<td align=\"left\" valign=\"middle\" width=\"147\" height=\"13\"><a href=\"#castillo68\">Castillo-Alarc\u00f3n,\u00a01968<\/a><\/td>\n<\/tr>\n<tr>\n<td align=\"left\" valign=\"middle\" width=\"89\" height=\"13\">Amphiuridae<\/td>\n<td align=\"left\" valign=\"middle\" width=\"86\" height=\"13\"><i>Amphipholis<\/i><\/td>\n<td align=\"left\" valign=\"middle\" width=\"65\" height=\"13\"><i>squamata<\/i><\/td>\n<td align=\"left\" valign=\"middle\" width=\"129\" height=\"13\">(Delle\u00a0Chiaje\u00a01829)<\/td>\n<td align=\"left\" valign=\"middle\" width=\"83\" height=\"13\">Continental<\/td>\n<td align=\"left\" valign=\"middle\" width=\"147\" height=\"13\"><a href=\"#yanez73\">Y\u00e1\u00f1ez\u00a0&amp;\u00a0Castillo-Alarc\u00f3n,\u00a01973<\/a><\/td>\n<\/tr>\n<tr>\n<td align=\"left\" valign=\"middle\" width=\"89\" height=\"13\">Amphiuridae<\/td>\n<td align=\"left\" valign=\"middle\" width=\"86\" height=\"13\"><i>Amphiura<\/i><\/td>\n<td align=\"left\" valign=\"middle\" width=\"65\" height=\"13\"><i>anomala<\/i><\/td>\n<td align=\"left\" valign=\"middle\" width=\"129\" height=\"13\">Lyman\u00a01875<\/td>\n<td align=\"left\" valign=\"middle\" width=\"83\" height=\"13\">Pacific\u00a0Islands<\/td>\n<td align=\"left\" valign=\"middle\" width=\"147\" height=\"13\"><a href=\"#rozbaczylo87\">Rozbaczylo\u00a0&amp;\u00a0Castilla,\u00a01987<\/a><\/td>\n<\/tr>\n<tr>\n<td align=\"left\" valign=\"middle\" width=\"89\" height=\"13\">Amphiuridae<\/td>\n<td align=\"left\" valign=\"middle\" width=\"86\" height=\"13\"><i>Amphiura<\/i><\/td>\n<td align=\"left\" valign=\"middle\" width=\"65\" height=\"13\"><i>eugeniae<\/i><\/td>\n<td align=\"left\" valign=\"middle\" width=\"129\" height=\"13\">Ljungman\u00a01867<\/td>\n<td align=\"left\" valign=\"middle\" width=\"83\" height=\"13\">Continental<\/td>\n<td align=\"left\" valign=\"middle\" width=\"147\" height=\"13\"><a href=\"#castillo68\">Castillo-Alarc\u00f3n,\u00a01968<\/a><\/td>\n<\/tr>\n<tr>\n<td align=\"left\" valign=\"middle\" width=\"89\" height=\"13\">Amphiuridae<\/td>\n<td align=\"left\" valign=\"middle\" width=\"86\" height=\"13\"><i>Amphiura<\/i><\/td>\n<td align=\"left\" valign=\"middle\" width=\"65\" height=\"13\"><i>princeps<\/i><\/td>\n<td align=\"left\" valign=\"middle\" width=\"129\" height=\"13\">K\u00f6ehler\u00a01907<\/td>\n<td align=\"left\" valign=\"middle\" width=\"83\" height=\"13\">Continental<\/td>\n<td align=\"left\" valign=\"middle\" width=\"147\" height=\"13\"><a href=\"#castillo68\">Castillo-Alarc\u00f3n,\u00a01968<\/a><\/td>\n<\/tr>\n<tr>\n<td align=\"left\" valign=\"middle\" width=\"89\" height=\"13\">Amphiuridae<\/td>\n<td align=\"left\" valign=\"middle\" width=\"86\" height=\"13\"><i>Monamphiura<\/i><\/td>\n<td align=\"left\" valign=\"middle\" width=\"65\" height=\"13\"><i>calbuca<\/i><\/td>\n<td align=\"left\" valign=\"middle\" width=\"129\" height=\"13\">Mortensen\u00a01952<\/td>\n<td align=\"left\" valign=\"middle\" width=\"83\" height=\"13\">Continental<\/td>\n<td align=\"left\" valign=\"middle\" width=\"147\" height=\"13\"><a href=\"#castillo68\">Castillo-Alarc\u00f3n,\u00a01968<\/a><\/td>\n<\/tr>\n<tr>\n<td align=\"left\" valign=\"middle\" width=\"89\" height=\"13\">Amphiuridae<\/td>\n<td align=\"left\" valign=\"middle\" width=\"86\" height=\"13\"><i>Monamphiura<\/i><\/td>\n<td align=\"left\" valign=\"middle\" width=\"65\" height=\"13\"><i>magellanica<\/i><\/td>\n<td align=\"left\" valign=\"middle\" width=\"129\" height=\"13\">(Ljungman\u00a01866)<\/td>\n<td align=\"left\" valign=\"middle\" width=\"83\" height=\"13\">Continental<\/td>\n<td align=\"left\" valign=\"middle\" width=\"147\" height=\"13\"><a href=\"#castillo68\">Castillo-Alarc\u00f3n,\u00a01968<\/a><\/td>\n<\/tr>\n<tr>\n<td align=\"left\" valign=\"middle\" width=\"89\" height=\"13\">Amphiuridae<\/td>\n<td align=\"left\" valign=\"middle\" width=\"86\" height=\"13\"><i>Ophiophragmus<\/i><\/td>\n<td align=\"left\" valign=\"middle\" width=\"65\" height=\"13\"><i>chilensis<\/i><\/td>\n<td align=\"left\" valign=\"middle\" width=\"129\" height=\"13\">(M\u00fcller\u00a0&amp;\u00a0Troschel\u00a01844)<\/td>\n<td align=\"left\" valign=\"middle\" width=\"83\" height=\"13\">Continental<\/td>\n<td align=\"left\" valign=\"middle\" width=\"147\" height=\"13\"><a href=\"#yanez73\">Y\u00e1\u00f1ez\u00a0&amp;\u00a0Castillo-Alarc\u00f3n,\u00a01973<\/a><\/td>\n<\/tr>\n<tr>\n<td align=\"left\" valign=\"middle\" width=\"89\" height=\"13\">Hemieuryalidae<\/td>\n<td align=\"left\" valign=\"middle\" width=\"86\" height=\"13\"><i>Ophiochondrus<\/i><\/td>\n<td align=\"left\" valign=\"middle\" width=\"65\" height=\"13\"><i>stelliger<\/i><\/td>\n<td align=\"left\" valign=\"middle\" width=\"129\" height=\"13\">Lyman\u00a01879<\/td>\n<td align=\"left\" valign=\"middle\" width=\"83\" height=\"13\">Continental<\/td>\n<td align=\"left\" valign=\"middle\" width=\"147\" height=\"13\"><a href=\"#dahm99\">Dahm,\u00a01999<\/a><\/td>\n<\/tr>\n<tr>\n<td align=\"left\" valign=\"middle\" width=\"89\" height=\"13\">Ophiacanthinae<\/td>\n<td align=\"left\" valign=\"middle\" width=\"86\" height=\"13\"><i>Ophiacantha<\/i><\/td>\n<td align=\"left\" valign=\"middle\" width=\"65\" height=\"13\"><i>antarctica<\/i><\/td>\n<td align=\"left\" valign=\"middle\" width=\"129\" height=\"13\">K\u00f6ehler\u00a01900<\/td>\n<td align=\"left\" valign=\"middle\" width=\"83\" height=\"13\">Continental<\/td>\n<td align=\"left\" valign=\"middle\" width=\"147\" height=\"13\"><a href=\"#dahm99\">Dahm,\u00a01999<\/a><\/td>\n<\/tr>\n<tr>\n<td align=\"left\" valign=\"middle\" width=\"89\" height=\"13\">Ophiacanthinae<\/td>\n<td align=\"left\" valign=\"middle\" width=\"86\" height=\"13\"><i>Ophiacantha<\/i><\/td>\n<td align=\"left\" valign=\"middle\" width=\"65\" height=\"13\"><i>cosmica<\/i><\/td>\n<td align=\"left\" valign=\"middle\" width=\"129\" height=\"13\">Lyman\u00a01878<\/td>\n<td align=\"left\" valign=\"middle\" width=\"83\" height=\"13\">Continental<\/td>\n<td align=\"left\" valign=\"middle\" width=\"147\" height=\"13\"><a href=\"#dahm99\">Dahm,\u00a01999<\/a><\/td>\n<\/tr>\n<tr>\n<td align=\"left\" valign=\"middle\" width=\"89\" height=\"13\">Ophiacanthinae<\/td>\n<td align=\"left\" valign=\"middle\" width=\"86\" height=\"13\"><i>Ophiacantha<\/i><\/td>\n<td align=\"left\" valign=\"middle\" width=\"65\" height=\"13\"><i>deruens<\/i><\/td>\n<td align=\"left\" valign=\"middle\" width=\"129\" height=\"13\">K\u00f6ehler\u00a01899<\/td>\n<td align=\"left\" valign=\"middle\" width=\"83\" height=\"13\">Continental<\/td>\n<td align=\"left\" valign=\"middle\" width=\"147\" height=\"13\"><a href=\"#castillo68\">Castillo-Alarc\u00f3n,\u00a01968<\/a><\/td>\n<\/tr>\n<tr>\n<td align=\"left\" valign=\"middle\" width=\"89\" height=\"13\">Ophiacanthinae<\/td>\n<td align=\"left\" valign=\"middle\" width=\"86\" height=\"13\"><i>Ophiacantha<\/i><\/td>\n<td align=\"left\" valign=\"middle\" width=\"65\" height=\"13\"><i>frigida<\/i><\/td>\n<td align=\"left\" valign=\"middle\" width=\"129\" height=\"13\">K\u00f6ehler\u00a01909<\/td>\n<td align=\"left\" valign=\"middle\" width=\"83\" height=\"13\">Continental<\/td>\n<td align=\"left\" valign=\"middle\" width=\"147\" height=\"13\"><a href=\"#castillo68\">Castillo-Alarc\u00f3n,\u00a01968<\/a><\/td>\n<\/tr>\n<tr>\n<td align=\"left\" valign=\"middle\" width=\"89\" height=\"13\">Ophiacanthinae<\/td>\n<td align=\"left\" valign=\"middle\" width=\"86\" height=\"13\"><i>Ophiacantha<\/i><\/td>\n<td align=\"left\" valign=\"middle\" width=\"65\" height=\"13\"><i>marsupialis<\/i><\/td>\n<td align=\"left\" valign=\"middle\" width=\"129\" height=\"13\">Lyman\u00a01875<\/td>\n<td align=\"left\" valign=\"middle\" width=\"83\" height=\"13\">Pacific\u00a0Islands<\/td>\n<td align=\"left\" valign=\"middle\" width=\"147\" height=\"13\"><a href=\"#rozbaczylo87\">Rozbaczylo\u00a0&amp;\u00a0Castilla,\u00a01987<\/a><\/td>\n<\/tr>\n<tr>\n<td align=\"left\" valign=\"middle\" width=\"89\" height=\"13\">Ophiacanthinae<\/td>\n<td align=\"left\" valign=\"middle\" width=\"86\" height=\"13\"><i>Ophiacantha<\/i><\/td>\n<td align=\"left\" valign=\"middle\" width=\"65\" height=\"13\"><i>rosea<\/i><\/td>\n<td align=\"left\" valign=\"middle\" width=\"129\" height=\"13\">Lyman\u00a01878<\/td>\n<td align=\"left\" valign=\"middle\" width=\"83\" height=\"13\">Continental<\/td>\n<td align=\"left\" valign=\"middle\" width=\"147\" height=\"13\"><a href=\"#castillo68\">Castillo-Alarc\u00f3n,\u00a01968<\/a><\/td>\n<\/tr>\n<tr>\n<td align=\"left\" valign=\"middle\" width=\"89\" height=\"13\">Ophiacanthinae<\/td>\n<td align=\"left\" valign=\"middle\" width=\"86\" height=\"13\"><i>Ophiacantha<\/i><\/td>\n<td align=\"left\" valign=\"middle\" width=\"65\" height=\"13\"><i>sentosa<\/i><\/td>\n<td align=\"left\" valign=\"middle\" width=\"129\" height=\"13\">Lyman\u00a01878<\/td>\n<td align=\"left\" valign=\"middle\" width=\"83\" height=\"13\">Continental<\/td>\n<td align=\"left\" valign=\"middle\" width=\"147\" height=\"13\"><a href=\"#castillo68\">Castillo-Alarc\u00f3n,\u00a01968<\/a><\/td>\n<\/tr>\n<tr>\n<td align=\"left\" valign=\"middle\" width=\"89\" height=\"13\">Ophiacanthinae<\/td>\n<td align=\"left\" valign=\"middle\" width=\"86\" height=\"13\"><i>Ophiacantha<\/i><\/td>\n<td align=\"left\" valign=\"middle\" width=\"65\" height=\"13\"><i>vivipara<\/i><\/td>\n<td align=\"left\" valign=\"middle\" width=\"129\" height=\"13\">Ljungman\u00a01870<\/td>\n<td align=\"left\" valign=\"middle\" width=\"83\" height=\"13\">Continental<\/td>\n<td align=\"left\" valign=\"middle\" width=\"147\" height=\"13\"><a href=\"#dahm99\">Dahm,\u00a01999<\/a><\/td>\n<\/tr>\n<tr>\n<td align=\"left\" valign=\"middle\" width=\"89\" height=\"13\">Ophiacanthinae<\/td>\n<td align=\"left\" valign=\"middle\" width=\"86\" height=\"13\"><i>Ophiomitrella<\/i><\/td>\n<td align=\"left\" valign=\"middle\" width=\"65\" height=\"13\"><i>chilensis<\/i><\/td>\n<td align=\"left\" valign=\"middle\" width=\"129\" height=\"13\">Mortensen\u00a01952<\/td>\n<td align=\"left\" valign=\"middle\" width=\"83\" height=\"13\">Continental<\/td>\n<td align=\"left\" valign=\"middle\" width=\"147\" height=\"13\"><a href=\"#castillo68\">Castillo-Alarc\u00f3n,\u00a01968<\/a><\/td>\n<\/tr>\n<tr>\n<td align=\"left\" valign=\"middle\" width=\"89\" height=\"13\">Ophiactidae<\/td>\n<td align=\"left\" valign=\"middle\" width=\"86\" height=\"13\"><i>Ophiactis<\/i><\/td>\n<td align=\"left\" valign=\"middle\" width=\"65\" height=\"13\"><i>asperula<\/i><\/td>\n<td align=\"left\" valign=\"middle\" width=\"129\" height=\"13\">(Philippi\u00a01858)<\/td>\n<td align=\"left\" valign=\"middle\" width=\"83\" height=\"13\">Continental<\/td>\n<td align=\"left\" valign=\"middle\" width=\"147\" height=\"13\"><a href=\"#dahm99\">Dahm,\u00a01999<\/a><\/td>\n<\/tr>\n<tr>\n<td align=\"left\" valign=\"middle\" width=\"89\" height=\"13\">Ophiactidae<\/td>\n<td align=\"left\" valign=\"middle\" width=\"86\" height=\"13\"><i>Ophiactis<\/i><\/td>\n<td align=\"left\" valign=\"middle\" width=\"65\" height=\"13\"><i>kroyeri<\/i><\/td>\n<td align=\"left\" valign=\"middle\" width=\"129\" height=\"13\">Lutken\u00a01856<\/td>\n<td align=\"left\" valign=\"middle\" width=\"83\" height=\"13\">Continental<\/td>\n<td align=\"left\" valign=\"middle\" width=\"147\" height=\"13\"><a href=\"#yanez73\">Y\u00e1\u00f1ez\u00a0&amp;\u00a0Castillo-Alarc\u00f3n,\u00a01973<\/a><\/td>\n<\/tr>\n<tr>\n<td align=\"left\" valign=\"middle\" width=\"89\" height=\"13\">Ophiodermatidae<\/td>\n<td align=\"left\" valign=\"middle\" width=\"86\" height=\"13\"><i>Toporkovia<\/i><\/td>\n<td align=\"left\" valign=\"middle\" width=\"65\" height=\"13\"><i>antarctica<\/i><\/td>\n<td align=\"left\" valign=\"middle\" width=\"129\" height=\"13\">(Lyman\u00a01882)<\/td>\n<td align=\"left\" valign=\"middle\" width=\"83\" height=\"13\">Continental<\/td>\n<td align=\"left\" valign=\"middle\" width=\"147\" height=\"13\"><a href=\"#dahm99\">Dahm,\u00a01999<\/a><\/td>\n<\/tr>\n<tr>\n<td align=\"left\" valign=\"middle\" width=\"89\" height=\"13\">Ophiothricidae<\/td>\n<td align=\"left\" valign=\"middle\" width=\"86\" height=\"13\"><i>Ophiothrix<\/i><\/td>\n<td align=\"left\" valign=\"middle\" width=\"65\" height=\"13\"><i>spiculata<\/i><\/td>\n<td align=\"left\" valign=\"middle\" width=\"129\" height=\"13\">Leconte\u00a01851<\/td>\n<td align=\"left\" valign=\"middle\" width=\"83\" height=\"13\">Continental<\/td>\n<td align=\"left\" valign=\"middle\" width=\"147\" height=\"13\"><a href=\"#castillo68\">Castillo-Alarc\u00f3n,\u00a01968<\/a><\/td>\n<\/tr>\n<tr>\n<td align=\"left\" valign=\"middle\" width=\"89\" height=\"13\">Ophiuridae<\/td>\n<td align=\"left\" valign=\"middle\" width=\"86\" height=\"13\"><i>Homalophiura<\/i><\/td>\n<td align=\"left\" valign=\"middle\" width=\"65\" height=\"13\"><i>inormata<\/i><\/td>\n<td align=\"left\" valign=\"middle\" width=\"129\" height=\"13\">Lyman\u00a01882<\/td>\n<td align=\"left\" valign=\"middle\" width=\"83\" height=\"13\">Continental<\/td>\n<td align=\"left\" valign=\"middle\" width=\"147\" height=\"13\"><a href=\"#bernasconi73\">Bernasconi,\u00a01973<\/a><\/td>\n<\/tr>\n<tr>\n<td align=\"left\" valign=\"middle\" width=\"89\" height=\"13\">Ophiuridae<\/td>\n<td align=\"left\" valign=\"middle\" width=\"86\" height=\"13\"><i>Ophiocten<\/i><\/td>\n<td align=\"left\" valign=\"middle\" width=\"65\" height=\"13\"><i>amitinum<\/i><\/td>\n<td align=\"left\" valign=\"middle\" width=\"129\" height=\"13\">Lyman\u00a01878<\/td>\n<td align=\"left\" valign=\"middle\" width=\"83\" height=\"13\">Continental<\/td>\n<td align=\"left\" valign=\"middle\" width=\"147\" height=\"13\"><a href=\"#dahm99\">Dahm,\u00a01999<\/a><\/td>\n<\/tr>\n<tr>\n<td align=\"left\" valign=\"middle\" width=\"89\" height=\"13\">Ophiuridae<\/td>\n<td align=\"left\" valign=\"middle\" width=\"86\" height=\"13\"><i>Ophiogona<\/i><\/td>\n<td align=\"left\" valign=\"middle\" width=\"65\" height=\"13\"><i>d\u00f6derleini<\/i><\/td>\n<td align=\"left\" valign=\"middle\" width=\"129\" height=\"13\">(K\u00f6ehler\u00a01901)<\/td>\n<td align=\"left\" valign=\"middle\" width=\"83\" height=\"13\">Continental<\/td>\n<td align=\"left\" valign=\"middle\" width=\"147\" height=\"13\"><a href=\"#dahm99\">Dahm,\u00a01999<\/a><\/td>\n<\/tr>\n<tr>\n<td align=\"left\" valign=\"middle\" width=\"89\" height=\"13\">Ophiuridae<\/td>\n<td align=\"left\" valign=\"middle\" width=\"86\" height=\"13\"><i>Ophiomastus<\/i><\/td>\n<td align=\"left\" valign=\"middle\" width=\"65\" height=\"13\"><i>molinae<\/i><\/td>\n<td align=\"left\" valign=\"middle\" width=\"129\" height=\"13\">Castillo-Alarc\u00f3n\u00a01968<\/td>\n<td align=\"left\" valign=\"middle\" width=\"83\" height=\"13\">Continental<\/td>\n<td align=\"left\" valign=\"middle\" width=\"147\" height=\"13\"><a href=\"#castillo68\">Castillo-Alarc\u00f3n,\u00a01968<\/a><\/td>\n<\/tr>\n<tr>\n<td align=\"left\" valign=\"middle\" width=\"89\" height=\"13\">Ophiuridae<\/td>\n<td align=\"left\" valign=\"middle\" width=\"86\" height=\"13\"><i>Ophionereis<\/i><\/td>\n<td align=\"left\" valign=\"middle\" width=\"65\" height=\"13\"><i>schayeri<\/i><\/td>\n<td align=\"left\" valign=\"middle\" width=\"129\" height=\"13\">(M\u00fcller\u00a0&amp;\u00a0Troschel\u00a01844)<\/td>\n<td align=\"left\" valign=\"middle\" width=\"83\" height=\"13\">Pacific\u00a0Islands<\/td>\n<td align=\"left\" valign=\"middle\" width=\"147\" height=\"13\"><a href=\"#rozbaczylo87\">Rozbaczylo\u00a0&amp;\u00a0Castilla,\u00a01987<\/a><\/td>\n<\/tr>\n<tr>\n<td align=\"left\" valign=\"middle\" width=\"89\" height=\"13\">Ophiuridae<\/td>\n<td align=\"left\" valign=\"middle\" width=\"86\" height=\"13\"><i>Ophionotus<\/i><\/td>\n<td align=\"left\" valign=\"middle\" width=\"65\" height=\"13\"><i>victoriae<\/i><\/td>\n<td align=\"left\" valign=\"middle\" width=\"129\" height=\"13\">Bell\u00a01902<\/td>\n<td align=\"left\" valign=\"middle\" width=\"83\" height=\"13\">Continental<\/td>\n<td align=\"left\" valign=\"middle\" width=\"147\" height=\"13\"><a href=\"#codoceo78\">Codoceo\u00a0&amp;\u00a0Andrade,\u00a01978<\/a><\/td>\n<\/tr>\n<tr>\n<td align=\"left\" valign=\"middle\" width=\"89\" height=\"13\">Ophiuridae<\/td>\n<td align=\"left\" valign=\"middle\" width=\"86\" height=\"13\"><i>Ophiozonella<\/i><\/td>\n<td align=\"left\" valign=\"middle\" width=\"65\" height=\"13\"><i>falklandica<\/i><\/td>\n<td align=\"left\" valign=\"middle\" width=\"129\" height=\"13\">Mortensen\u00a01936<\/td>\n<td align=\"left\" valign=\"middle\" width=\"83\" height=\"13\">Continental<\/td>\n<td align=\"left\" valign=\"middle\" width=\"147\" height=\"13\"><a href=\"#dahm99\">Dahm,\u00a01999<\/a><\/td>\n<\/tr>\n<tr>\n<td align=\"left\" valign=\"middle\" width=\"89\" height=\"13\">Ophiuridae<\/td>\n<td align=\"left\" valign=\"middle\" width=\"86\" height=\"13\"><i>Ophiura<\/i><\/td>\n<td align=\"left\" valign=\"middle\" width=\"65\" height=\"13\"><i>ambigua<\/i><\/td>\n<td align=\"left\" valign=\"middle\" width=\"129\" height=\"13\">(Lyman\u00a01878)<\/td>\n<td align=\"left\" valign=\"middle\" width=\"83\" height=\"13\">Continental<\/td>\n<td align=\"left\" valign=\"middle\" width=\"147\" height=\"13\"><a href=\"#dahm99\">Dahm,\u00a01999<\/a><\/td>\n<\/tr>\n<tr>\n<td align=\"left\" valign=\"middle\" width=\"89\" height=\"13\">Ophiuridae<\/td>\n<td align=\"left\" valign=\"middle\" width=\"86\" height=\"13\"><i>Ophiuroglypha<\/i><\/td>\n<td align=\"left\" valign=\"middle\" width=\"65\" height=\"13\"><i>lymani<\/i><\/td>\n<td align=\"left\" valign=\"middle\" width=\"129\" height=\"13\">(Ljungman\u00a01870)<\/td>\n<td align=\"left\" valign=\"middle\" width=\"83\" height=\"13\">Continental<\/td>\n<td align=\"left\" valign=\"middle\" width=\"147\" height=\"13\"><a href=\"#dahm99\">Dahm,\u00a01999<\/a><\/td>\n<\/tr>\n<tr>\n<td align=\"left\" valign=\"middle\" width=\"89\" height=\"13\">Asteroschematidae<\/td>\n<td align=\"left\" valign=\"middle\" width=\"86\" height=\"13\"><i>Asteroschema<\/i><\/td>\n<td align=\"left\" valign=\"middle\" width=\"65\" height=\"13\"><i>rubrum<\/i><\/td>\n<td align=\"left\" valign=\"middle\" width=\"129\" height=\"13\">(Lyman\u00a01882)<\/td>\n<td align=\"left\" valign=\"middle\" width=\"83\" height=\"13\">Continental<\/td>\n<td align=\"left\" valign=\"middle\" width=\"147\" height=\"13\"><a href=\"#codoceo78\">Codoceo\u00a0&amp;\u00a0Andrade,\u00a01978<\/a><\/td>\n<\/tr>\n<tr>\n<td align=\"left\" valign=\"middle\" width=\"89\" height=\"13\">Gorgonocephalidae<\/td>\n<td align=\"left\" valign=\"middle\" width=\"86\" height=\"13\"><i>Astrotoma<\/i><\/td>\n<td align=\"left\" valign=\"middle\" width=\"65\" height=\"13\"><i>agassizii<\/i><\/td>\n<td align=\"left\" valign=\"middle\" width=\"129\" height=\"13\">Lyman\u00a01875<\/td>\n<td align=\"left\" valign=\"middle\" width=\"83\" height=\"13\">Continental<\/td>\n<td align=\"left\" valign=\"middle\" width=\"147\" height=\"13\"><a href=\"#codoceo78\">Codoceo\u00a0&amp;\u00a0Andrade,\u00a01978<\/a><\/td>\n<\/tr>\n<tr>\n<td align=\"left\" valign=\"middle\" width=\"89\" height=\"13\">Gorgonocephalidae<\/td>\n<td align=\"left\" valign=\"middle\" width=\"86\" height=\"13\"><i>Gorgonocephalus<\/i><\/td>\n<td align=\"left\" valign=\"middle\" width=\"65\" height=\"13\"><i>chilensis<\/i><\/td>\n<td align=\"left\" valign=\"middle\" width=\"129\" height=\"13\">(Philippi\u00a01858)<\/td>\n<td align=\"left\" valign=\"middle\" width=\"83\" height=\"13\">Continental<\/td>\n<td align=\"left\" valign=\"middle\" width=\"147\" height=\"13\"><a href=\"#codoceo78\">Codoceo\u00a0&amp;\u00a0Andrade,\u00a01978<\/a><\/td>\n<\/tr>\n<tr>\n<td align=\"left\" valign=\"middle\" width=\"89\" height=\"13\">Ophiomyxidae<\/td>\n<td align=\"left\" valign=\"middle\" width=\"86\" height=\"13\"><i>Ophiomyxa<\/i><\/td>\n<td align=\"left\" valign=\"middle\" width=\"65\" height=\"13\"><i>vivipara<\/i><\/td>\n<td align=\"left\" valign=\"middle\" width=\"129\" height=\"13\">Studer\u00a01876<\/td>\n<td align=\"left\" valign=\"middle\" width=\"83\" height=\"13\">Continental<\/td>\n<td align=\"left\" valign=\"middle\" width=\"147\" height=\"13\"><a href=\"#dahm99\">Dahm,\u00a01999<\/a><\/td>\n<\/tr>\n<tr>\n<td align=\"left\" valign=\"middle\" width=\"89\" height=\"13\">Ophiomyxidae<\/td>\n<td align=\"left\" valign=\"middle\" width=\"86\" height=\"13\"><i>Ophioscolex<\/i><\/td>\n<td align=\"left\" valign=\"middle\" width=\"65\" height=\"13\"><i>nutrix<\/i><\/td>\n<td align=\"left\" valign=\"middle\" width=\"129\" height=\"13\">Mortensen\u00a01936<\/td>\n<td align=\"left\" valign=\"middle\" width=\"83\" height=\"13\">Continental<\/td>\n<td align=\"left\" valign=\"middle\" width=\"147\" height=\"13\"><a href=\"#dahm99\">Dahm,\u00a01999<\/a><\/td>\n<\/tr>\n<\/tbody>\n<\/table>\n<h2 style=\"text-align: left;\" align=\"center\"><strong>References<\/strong><\/h2>\n<p><a name=\"bernasconi73\"><\/a><\/p>\n<div align=\"justify\">Bernasconi, I. (1973) Asteroideos Argentinos. VI. Family Asterinidae. <em>Revista del Museo Argentino de Ciencias Naturales &#8216;Bernardino Rivadavia&#8217;<\/em>, <strong>3<\/strong>:335-346.<\/div>\n<p><a name=\"castillo68\"><\/a><\/p>\n<div align=\"justify\">Castillo-Alarc\u00f3n, J.G. (1968) Contribucion al conocimiento de los Ofiuroideos Chilenos. <em>Gayana, Zoologia<\/em>, <strong>14<\/strong>:1-76.<\/div>\n<p><a name=\"codoceo78\"><\/a><\/p>\n<div align=\"justify\">Codoceo, M. &amp; Andrade, H. (1978) Asterozoos arquibentonicos de Chile central. <em>Anales del Museo de Historia Natural, Valparaiso<\/em>, <strong>11<\/strong>:153-174.<\/div>\n<p><a name=\"dahm99\"><\/a><\/p>\n<div align=\"justify\">Dahm, C. (1999) Ophiuroids (Echinodermata) of southern Chile and the Antarctic: Taxonomy, biomass, diet and growth of dominant species. <em>Scientia Marina<\/em>, <strong>63<\/strong>:427-432.<\/div>\n<p><a name=\"rozbaczylo87\"><\/a><\/p>\n<div align=\"justify\">Rozbaczylo, N. &amp; Castilla, J.C. (1987) Marine invertebrates from Juan Fern\u00e1ndez Archipelago. In: Castilla, J.C. (ed) Islas oce\u00e1nicas chilenas: conocimiento cient\u00edfico y necesidades de investigaciones. 167-190. Ediciones Universidad Cat\u00f3lica de Chile, Santiago, Chile.<\/div>\n<p><a name=\"yanez73\"><\/a><\/p>\n<div align=\"justify\">Y\u00e1\u00f1ez L.A. &amp; Castillo, J. (1973) Analisis cuali- y cuantitativo de los equinodermos de los fundos sublitorales blandos de la Bahia de Concepcion, Chile. <em>Gayana Zoologia<\/em>, <strong>25<\/strong>:1-24.<\/div>\n<\/div>\n","protected":false},"excerpt":{"rendered":"<p>Family Genus Species Authority Distribution References Amphiuridae Amphioplus magellanica (Mortensen\u00a01936) Continental Castillo-Alarc\u00f3n,\u00a01968 Amphiuridae Amphioplus textilis (K\u00f6ehler\u00a01907) Continental Castillo-Alarc\u00f3n,\u00a01968 Amphiuridae Amphipholis laevidisca Clark\u00a01909 Continental Castillo-Alarc\u00f3n,\u00a01968 Amphiuridae Amphipholis squamata (Delle\u00a0Chiaje\u00a01829) Continental Y\u00e1\u00f1ez\u00a0&amp;\u00a0Castillo-Alarc\u00f3n,\u00a01973 Amphiuridae Amphiura anomala Lyman\u00a01875 Pacific\u00a0Islands Rozbaczylo\u00a0&amp;\u00a0Castilla,\u00a01987 Amphiuridae Amphiura eugeniae Ljungman\u00a01867 Continental Castillo-Alarc\u00f3n,\u00a01968 Amphiuridae Amphiura princeps K\u00f6ehler\u00a01907 Continental Castillo-Alarc\u00f3n,\u00a01968 Amphiuridae Monamphiura calbuca Mortensen\u00a01952 Continental Castillo-Alarc\u00f3n,\u00a01968 Amphiuridae [&hellip;]<\/p>\n","protected":false},"author":1,"featured_media":0,"parent":913,"menu_order":0,"comment_status":"closed","ping_status":"closed","template":"","meta":{"footnotes":""},"class_list":["post-923","page","type-page","status-publish","czr-hentry"],"_links":{"self":[{"href":"https:\/\/meiochile.matthewlee.org\/index.php?rest_route=\/wp\/v2\/pages\/923","targetHints":{"allow":["GET"]}}],"collection":[{"href":"https:\/\/meiochile.matthewlee.org\/index.php?rest_route=\/wp\/v2\/pages"}],"about":[{"href":"https:\/\/meiochile.matthewlee.org\/index.php?rest_route=\/wp\/v2\/types\/page"}],"author":[{"embeddable":true,"href":"https:\/\/meiochile.matthewlee.org\/index.php?rest_route=\/wp\/v2\/users\/1"}],"replies":[{"embeddable":true,"href":"https:\/\/meiochile.matthewlee.org\/index.php?rest_route=%2Fwp%2Fv2%2Fcomments&post=923"}],"version-history":[{"count":1,"href":"https:\/\/meiochile.matthewlee.org\/index.php?rest_route=\/wp\/v2\/pages\/923\/revisions"}],"predecessor-version":[{"id":924,"href":"https:\/\/meiochile.matthewlee.org\/index.php?rest_route=\/wp\/v2\/pages\/923\/revisions\/924"}],"up":[{"embeddable":true,"href":"https:\/\/meiochile.matthewlee.org\/index.php?rest_route=\/wp\/v2\/pages\/913"}],"wp:attachment":[{"href":"https:\/\/meiochile.matthewlee.org\/index.php?rest_route=%2Fwp%2Fv2%2Fmedia&parent=923"}],"curies":[{"name":"wp","href":"https:\/\/api.w.org\/{rel}","templated":true}]}}