{"id":99,"date":"2015-04-23T13:51:14","date_gmt":"2015-04-23T13:51:14","guid":{"rendered":"http:\/\/newsite.matthewlee.org\/?page_id=99"},"modified":"2024-02-24T15:32:51","modified_gmt":"2024-02-24T15:32:51","slug":"proyectos","status":"publish","type":"page","link":"https:\/\/meiochile.matthewlee.org\/?page_id=99","title":{"rendered":"Investigaci\u00f3n"},"content":{"rendered":"<div class=\"entry-content\">\n<p lang=\"es-CL\" align=\"justify\"><a href=\"https:\/\/meiochile.matthewlee.org\/?page_id=2383\">Project Seamounts<\/a> (2023-2024) Part 3: Schmidt Oceanographic Institute &#8220;<a href=\"https:\/\/schmidtocean.org\/cruise\/unexplored-seamounts-of-the-salas-y-gomez-ridge\/\">Unexplored Seamounts of the Salas y G\u00f3mez Ridge<\/a>&#8220;.\u00a0 24 de febrero &#8211; 4 de abril 2024. Expedition Leaders: Dr. Erin Easton (University of Texas, Rio Grande Valley) and Dr. Javier Sellanes (Universidad Cat\u00f3lica del Norte). In collaboration with Dr. Eulogio Soto (Universidad de Valapara\u00edso).<\/p>\n<p lang=\"es-CL\" align=\"justify\"><a href=\"https:\/\/meiochile.matthewlee.org\/?page_id=2383\">Project Seamounts<\/a> (2023-2024) Part 2: Schmidt Oceanographic Institute &#8220;<a href=\"https:\/\/schmidtocean.org\/cruise\/seamounts-of-the-southeast-pacific\/\">Seamounts of the Southeast Pacific<\/a>&#8220;.\u00a0 8 de enero &#8211; 11 de febrero 2024. Lideres de la expedic\u00f3n: Dr. Erin Easton (University of Texas, Rio Grande Valley) and Dr. Javier Sellanes (Universidad Cat\u00f3lica del Norte). In collaboration with Dr. Eulogio Soto (Universidad de Valapara\u00edso).<\/p>\n<p lang=\"es-CL\" align=\"justify\"><a href=\"https:\/\/meiochile.matthewlee.org\/?page_id=2383\">Project Seamounts<\/a> (2023-2024) Proyecto CIMAR 28 Oceanos &#8220;Comunidades bent\u00f3nicas de fondos blandos de Chile Insular y sus montes submarinos: biodiversidad y conectividad ecol\u00f3gica.&#8221; En colaboraci\u00f3n con Dr. Eulogio Soto (Universidad de Valapara\u00edso) and Dr. Americo Montiel (Universidad de Magallanes).<\/p>\n<p lang=\"es-CL\" align=\"justify\">Proyecto Phytal Meiofauna (2018-2020): Proyecto Regular R08\/18 &#8220;Gradientes latitudinales en el meiobentos phytal de la costa de Chile&#8221;. En colaboraci\u00f3n con Dr. Daniel Varela (Centro i~mar, Universidad de Los Lagos)<\/p>\n<p lang=\"es-CL\" align=\"justify\">Proyecto Flamencos II (2018-2020) RTI08\/19 \u201cDeterminaci\u00f3n de los factores que influyen el tama\u00f1o de la poblaci\u00f3n de flamencos (<em>Phoenicopterus chilensis<\/em>) en el Humedal de Lenqui\u201d. En colaboraci\u00f3n con Dr. Edwin Niklitschek (Centro i~mar, Universidad de Los Lagos)<\/p>\n<p lang=\"es-CL\" align=\"justify\">Proyecto Fiordos II (2018-2019): CONA C24F 18-07. \u201cDiversidad y abundancia de quistes de dinoflagelados en la Patagonia Noroccidental; evaluando los efectos de factores f\u00edsico-qu\u00edmicos e interacciones biol\u00f3gicas\u201d En colaboraci\u00f3n con\u00a0 Dr. Patricio D\u00edaz (Centro i~mar, Universidad de Los Lagos), Dra. Miriam Seguel (Universidad Austral de Chile), Dr. Pablo Salgado (Instituto de Formento Pesquero (IFOP)).<\/p>\n<p style=\"text-align: justify;\"><a href=\"http:\/\/meiochile.matthewlee.org\/?page_id=1021\">Proyecto MEC<\/a> (2017): Proyecto Conicyt PAI80160052 &#8220;Meiofauna from Chile: Contrasting patterns between temperate and cold marine ecoregions&#8221;. En colaboraci\u00f3n con Dr. Andreas Schmidt-Rhaesa (University of Hamburg), Dr. Juan Ca\u00f1ete (Universidad de Magallanes), Dr. Javier Sellanes (Universidad Cat\u00f3lica del Norte)<\/p>\n<p style=\"text-align: justify;\">Proyecto\u00a0Acidificiaci\u00f3n (2015 \u2013 2017): Proyecto Regular R09\/15 \u201cEl impacto del Cambio Global a trav\u00e9s de la acidificaci\u00f3n oce\u00e1nica y aumento de la\u00a0temperatura de los oc\u00e9anos sobre los ensambles meiobent\u00f3nicos de agua somera\u201d. En\u00a0colaboraci\u00f3n con\u00a0Dr. Patricio Mar\u00edquez (CEAZA)<\/p>\n<p style=\"text-align: justify;\">Proyecto Rapa Nui (2015 \u2013 2016): \u201cAnal\u00edsis de la meiofauna submareal de Rapa Nui (Isla Pascua)\u201d. En\u00a0colaboraci\u00f3n con\u00a0Dr. Martin\u00a0Thiel (Universidad Catolica del Norte)<\/p>\n<p style=\"text-align: justify;\">Proyecto Relocav\u00ed (2013 \u2013 ongoing): \u201cLa ecolog\u00eda y diversidad de la meiofauna en el Seno Reloncav\u00ed, region de Los Lagos&#8221;<\/p>\n<p style=\"text-align: justify;\"><a href=\"http:\/\/meiochile.matthewlee.org\/?page_id=343\">Proyecto Flamencos<\/a>\u00a0(2013 \u2013 2015): Project FISE 07\/12 \u201cLas interacciones entre el Flamenco Chileno <em>(Phoenicopterus chilensis<\/em>)\u00a0y los ensambles meiobenticos en la planicie marina de Caulin, Isla\u00a0Grande de Chilo\u00e9, Regi\u00f3n de Los Lagos.\u201d<\/p>\n<p style=\"text-align: justify;\"><a href=\"http:\/\/meiochile.matthewlee.org\/?page_id=444\">Proyecto Fiordos<\/a> (2012 \u2013 2013): CONA C19F 13-12 \u201cComposici\u00f3n y abundancia de la meiofauna en\u00a0fiordos del mar interior de Chilo\u00e9 y su relaci\u00f3n con variables ambientales y\u00a0diferentes fuentes de carbono del sedimento\u201d. En\u00a0colaboraci\u00f3n con\u00a0Dr. Robert Stread\u00a0(Universidad de Los Lagos)<\/p>\n<p style=\"text-align: justify;\"><a href=\"http:\/\/meiochile.matthewlee.org\/?page_id=324\">Proyecto Ant\u00e1rtida<\/a> (2011 \u2013 2015): INACh Proyecto T_13-10 \u201cMacroecolog\u00eda y Diversidad de la Meiofauna de Altas Latitudes Utilizando una Aproximaci\u00f3n Morfol\u00f3gica y Molecular\u201d. En\u00a0colaboraci\u00f3n con\u00a0Dr. Antonio\u00a0Brante (Universidad Catolica de la Santisima, Concepci\u00f3n), Dr. Cristian Hernandez (Universidad de Concepci\u00f3n), Dr. Nigel Marley (University of Plymouth)<\/p>\n<p style=\"text-align: justify;\"><a href=\"http:\/\/meiochile.matthewlee.org\/?page_id=275\">Proyecto Macroecolog\u00eda<\/a> (2008 \u2013 2011): Fondecyt Proyecto 1080033 \u201cGradientes latitudinales en la diversidad, tama\u00f1o de rango, y tama\u00f1o corporal de nematodos litorales de la vida libre a lo largo de la costa de Chile\u201d.<\/p>\n<p style=\"text-align: justify;\"><a href=\"http:\/\/meiochile.matthewlee.org\/?page_id=424\">Proyecto Diversidad Bentonica<\/a> (2005 \u2013 2008): \u201cUna revision de la diversidad de invertebrados bentonicos en aguas territoriales Chilenas\u201d. En\u00a0colaboraci\u00f3n con\u00a0Dr. Juan Carlos\u00a0Castilla (Pontificia Universidad Catolica de Chile)<\/p>\n<p style=\"text-align: justify;\"><a href=\"http:\/\/meiochile.matthewlee.org\/?page_id=405\">Proyecto Relaves de Cobre<\/a> (1996 \u2013 2003): \u201cUn estudio del impacto de las relaves mineras de cobre sobre las ecosistemas costeras de la region de Atacama en el norte de Chile\u201d. En\u00a0colaboraci\u00f3n con\u00a0Dr. Juan Correa y\u00a0Dr. Juan Carlos\u00a0Castilla (Pontificia Universidad Catolica de Chile)<\/p>\n<\/div>\n","protected":false},"excerpt":{"rendered":"<p>Project Seamounts (2023-2024) Part 3: Schmidt Oceanographic Institute &#8220;Unexplored Seamounts of the Salas y G\u00f3mez Ridge&#8220;.\u00a0 24 de febrero &#8211; 4 de abril 2024. Expedition Leaders: Dr. Erin Easton (University of Texas, Rio Grande Valley) and Dr. Javier Sellanes (Universidad Cat\u00f3lica del Norte). In collaboration with Dr. Eulogio Soto (Universidad de Valapara\u00edso). Project Seamounts (2023-2024) [&hellip;]<\/p>\n","protected":false},"author":1,"featured_media":0,"parent":0,"menu_order":0,"comment_status":"closed","ping_status":"closed","template":"","meta":{"footnotes":""},"class_list":["post-99","page","type-page","status-publish","czr-hentry"],"_links":{"self":[{"href":"https:\/\/meiochile.matthewlee.org\/index.php?rest_route=\/wp\/v2\/pages\/99","targetHints":{"allow":["GET"]}}],"collection":[{"href":"https:\/\/meiochile.matthewlee.org\/index.php?rest_route=\/wp\/v2\/pages"}],"about":[{"href":"https:\/\/meiochile.matthewlee.org\/index.php?rest_route=\/wp\/v2\/types\/page"}],"author":[{"embeddable":true,"href":"https:\/\/meiochile.matthewlee.org\/index.php?rest_route=\/wp\/v2\/users\/1"}],"replies":[{"embeddable":true,"href":"https:\/\/meiochile.matthewlee.org\/index.php?rest_route=%2Fwp%2Fv2%2Fcomments&post=99"}],"version-history":[{"count":27,"href":"https:\/\/meiochile.matthewlee.org\/index.php?rest_route=\/wp\/v2\/pages\/99\/revisions"}],"predecessor-version":[{"id":2400,"href":"https:\/\/meiochile.matthewlee.org\/index.php?rest_route=\/wp\/v2\/pages\/99\/revisions\/2400"}],"wp:attachment":[{"href":"https:\/\/meiochile.matthewlee.org\/index.php?rest_route=%2Fwp%2Fv2%2Fmedia&parent=99"}],"curies":[{"name":"wp","href":"https:\/\/api.w.org\/{rel}","templated":true}]}}